{"id":171,"date":"2022-01-17T11:28:53","date_gmt":"2022-01-17T14:28:53","guid":{"rendered":"https:\/\/secovipr.com.br\/pontagrossa\/?page_id=171"},"modified":"2022-07-11T16:10:47","modified_gmt":"2022-07-11T19:10:47","slug":"sede-operacional","status":"publish","type":"page","link":"https:\/\/secovipr.com.br\/pontagrossa\/institucional\/sede-operacional\/","title":{"rendered":"Sede Operacional"},"content":{"rendered":"\n<div class=\"wp-block-image\"><figure class=\"alignright size-full is-resized\"><img loading=\"lazy\" src=\"https:\/\/secovipr.com.br\/pontagrossa\/wp-content\/uploads\/sites\/3\/2022\/01\/258_img.jpg\" alt=\"\" class=\"wp-image-172\" width=\"264\" height=\"440\" srcset=\"https:\/\/secovipr.com.br\/pontagrossa\/wp-content\/uploads\/sites\/3\/2022\/01\/258_img.jpg 399w, https:\/\/secovipr.com.br\/pontagrossa\/wp-content\/uploads\/sites\/3\/2022\/01\/258_img-180x300.jpg 180w\" sizes=\"(max-width: 264px) 100vw, 264px\" \/><\/figure><\/div>\n\n\n\n<p>Cidade Sede:<\/p>\n\n\n\n<p>Ponta Grossa &#8211; PR<\/p>\n\n\n\n<hr class=\"wp-block-separator\"\/>\n\n\n\n<p><strong>Regional Campos Gerais<\/strong><\/p>\n\n\n\n<p>Arapoti<br>Carambe\u00ed<br>Castro<br>Ipiranga<br>Jaguaria\u00edva<br>Palmeira<br>Pira\u00ed do Sul<br>Ponta Grossa<br>Seng\u00e9s<br>Curi\u00fava<br>Imba\u00fa<br>Ortigueira<br>Reserva<br>Tel\u00eamaco Borba<br>Ventania<br>Tibagi<br>Irati<br>Mallet<br>Teixeira Soares<\/p>\n\n\n\n<hr class=\"wp-block-separator\"\/>\n\n\n\n<p>(42)3222-8844<\/p>\n\n\n\n<p><a href=\"mailto:curitiba@secovipr.com.br\/pontagrossa\">curitiba@secovipr.com.br\/pontagrossa<\/a><\/p>\n","protected":false},"excerpt":{"rendered":"<p>Cidade Sede: Ponta Grossa &#8211; PR Regional Campos Gerais ArapotiCarambe\u00edCastroIpirangaJaguaria\u00edvaPalmeiraPira\u00ed do SulPonta GrossaSeng\u00e9sCuri\u00favaImba\u00faOrtigueiraReservaTel\u00eamaco BorbaVentaniaTibagiIratiMalletTeixeira Soares (42)3222-8844 curitiba@secovipr.com.br\/pontagrossa<\/p>\n","protected":false},"author":1,"featured_media":0,"parent":38,"menu_order":0,"comment_status":"closed","ping_status":"closed","template":"","meta":[],"acf":[],"yoast_head":"<!-- This site is optimized with the Yoast SEO plugin v18.1 - https:\/\/yoast.com\/wordpress\/plugins\/seo\/ -->\n<title>Sede Operacional - Regional Campos Gerais<\/title>\n<meta name=\"robots\" content=\"noindex, follow, max-snippet:-1, max-image-preview:large, max-video-preview:-1\" \/>\n<meta property=\"og:locale\" content=\"pt_BR\" \/>\n<meta property=\"og:type\" content=\"article\" \/>\n<meta property=\"og:title\" content=\"Sede Operacional - Regional Campos Gerais\" \/>\n<meta property=\"og:description\" content=\"Cidade Sede: Ponta Grossa &#8211; PR Regional Campos Gerais ArapotiCarambe\u00edCastroIpirangaJaguaria\u00edvaPalmeiraPira\u00ed do SulPonta GrossaSeng\u00e9sCuri\u00favaImba\u00faOrtigueiraReservaTel\u00eamaco BorbaVentaniaTibagiIratiMalletTeixeira Soares (42)3222-8844 curitiba@secovipr.com.br\/pontagrossa\" \/>\n<meta property=\"og:url\" content=\"https:\/\/secovipr.com.br\/pontagrossa\/institucional\/sede-operacional\/\" \/>\n<meta property=\"og:site_name\" content=\"Regional Campos Gerais\" \/>\n<meta property=\"article:modified_time\" content=\"2022-07-11T19:10:47+00:00\" \/>\n<meta property=\"og:image\" content=\"https:\/\/secovipr.com.br\/pontagrossa\/wp-content\/uploads\/sites\/3\/2022\/01\/258_img.jpg\" \/>\n<meta name=\"twitter:card\" content=\"summary_large_image\" \/>\n<meta name=\"twitter:label1\" content=\"Est. tempo de leitura\" \/>\n\t<meta name=\"twitter:data1\" content=\"1 minuto\" \/>\n<script type=\"application\/ld+json\" class=\"yoast-schema-graph\">{\"@context\":\"https:\/\/schema.org\",\"@graph\":[{\"@type\":\"WebSite\",\"@id\":\"https:\/\/secovipr.com.br\/pontagrossa\/#website\",\"url\":\"https:\/\/secovipr.com.br\/pontagrossa\/\",\"name\":\"Regional Campos Gerais\",\"description\":\"Sindicato da Habita\u00e7\u00e3o e Condom\u00ednios do Paran\u00e1\",\"potentialAction\":[{\"@type\":\"SearchAction\",\"target\":{\"@type\":\"EntryPoint\",\"urlTemplate\":\"https:\/\/secovipr.com.br\/pontagrossa\/?s={search_term_string}\"},\"query-input\":\"required name=search_term_string\"}],\"inLanguage\":\"pt-BR\"},{\"@type\":\"ImageObject\",\"@id\":\"https:\/\/secovipr.com.br\/pontagrossa\/institucional\/sede-operacional\/#primaryimage\",\"inLanguage\":\"pt-BR\",\"url\":\"https:\/\/secovipr.com.br\/pontagrossa\/wp-content\/uploads\/sites\/3\/2022\/01\/258_img.jpg\",\"contentUrl\":\"https:\/\/secovipr.com.br\/pontagrossa\/wp-content\/uploads\/sites\/3\/2022\/01\/258_img.jpg\",\"width\":399,\"height\":665},{\"@type\":\"WebPage\",\"@id\":\"https:\/\/secovipr.com.br\/pontagrossa\/institucional\/sede-operacional\/#webpage\",\"url\":\"https:\/\/secovipr.com.br\/pontagrossa\/institucional\/sede-operacional\/\",\"name\":\"Sede Operacional - Regional Campos Gerais\",\"isPartOf\":{\"@id\":\"https:\/\/secovipr.com.br\/pontagrossa\/#website\"},\"primaryImageOfPage\":{\"@id\":\"https:\/\/secovipr.com.br\/pontagrossa\/institucional\/sede-operacional\/#primaryimage\"},\"datePublished\":\"2022-01-17T14:28:53+00:00\",\"dateModified\":\"2022-07-11T19:10:47+00:00\",\"breadcrumb\":{\"@id\":\"https:\/\/secovipr.com.br\/pontagrossa\/institucional\/sede-operacional\/#breadcrumb\"},\"inLanguage\":\"pt-BR\",\"potentialAction\":[{\"@type\":\"ReadAction\",\"target\":[\"https:\/\/secovipr.com.br\/pontagrossa\/institucional\/sede-operacional\/\"]}]},{\"@type\":\"BreadcrumbList\",\"@id\":\"https:\/\/secovipr.com.br\/pontagrossa\/institucional\/sede-operacional\/#breadcrumb\",\"itemListElement\":[{\"@type\":\"ListItem\",\"position\":1,\"name\":\"In\u00edcio\",\"item\":\"https:\/\/secovipr.com.br\/pontagrossa\/\"},{\"@type\":\"ListItem\",\"position\":2,\"name\":\"Institucional\",\"item\":\"https:\/\/secovipr.com.br\/pontagrossa\/institucional\/\"},{\"@type\":\"ListItem\",\"position\":3,\"name\":\"Sede Operacional\"}]}]}<\/script>\n<!-- \/ Yoast SEO plugin. -->","yoast_head_json":{"title":"Sede Operacional - Regional Campos Gerais","robots":{"index":"noindex","follow":"follow","max-snippet":"max-snippet:-1","max-image-preview":"max-image-preview:large","max-video-preview":"max-video-preview:-1"},"og_locale":"pt_BR","og_type":"article","og_title":"Sede Operacional - Regional Campos Gerais","og_description":"Cidade Sede: Ponta Grossa &#8211; PR Regional Campos Gerais ArapotiCarambe\u00edCastroIpirangaJaguaria\u00edvaPalmeiraPira\u00ed do SulPonta GrossaSeng\u00e9sCuri\u00favaImba\u00faOrtigueiraReservaTel\u00eamaco BorbaVentaniaTibagiIratiMalletTeixeira Soares (42)3222-8844 curitiba@secovipr.com.br\/pontagrossa","og_url":"https:\/\/secovipr.com.br\/pontagrossa\/institucional\/sede-operacional\/","og_site_name":"Regional Campos Gerais","article_modified_time":"2022-07-11T19:10:47+00:00","og_image":[{"url":"https:\/\/secovipr.com.br\/pontagrossa\/wp-content\/uploads\/sites\/3\/2022\/01\/258_img.jpg"}],"twitter_card":"summary_large_image","twitter_misc":{"Est. tempo de leitura":"1 minuto"},"schema":{"@context":"https:\/\/schema.org","@graph":[{"@type":"WebSite","@id":"https:\/\/secovipr.com.br\/pontagrossa\/#website","url":"https:\/\/secovipr.com.br\/pontagrossa\/","name":"Regional Campos Gerais","description":"Sindicato da Habita\u00e7\u00e3o e Condom\u00ednios do Paran\u00e1","potentialAction":[{"@type":"SearchAction","target":{"@type":"EntryPoint","urlTemplate":"https:\/\/secovipr.com.br\/pontagrossa\/?s={search_term_string}"},"query-input":"required name=search_term_string"}],"inLanguage":"pt-BR"},{"@type":"ImageObject","@id":"https:\/\/secovipr.com.br\/pontagrossa\/institucional\/sede-operacional\/#primaryimage","inLanguage":"pt-BR","url":"https:\/\/secovipr.com.br\/pontagrossa\/wp-content\/uploads\/sites\/3\/2022\/01\/258_img.jpg","contentUrl":"https:\/\/secovipr.com.br\/pontagrossa\/wp-content\/uploads\/sites\/3\/2022\/01\/258_img.jpg","width":399,"height":665},{"@type":"WebPage","@id":"https:\/\/secovipr.com.br\/pontagrossa\/institucional\/sede-operacional\/#webpage","url":"https:\/\/secovipr.com.br\/pontagrossa\/institucional\/sede-operacional\/","name":"Sede Operacional - Regional Campos Gerais","isPartOf":{"@id":"https:\/\/secovipr.com.br\/pontagrossa\/#website"},"primaryImageOfPage":{"@id":"https:\/\/secovipr.com.br\/pontagrossa\/institucional\/sede-operacional\/#primaryimage"},"datePublished":"2022-01-17T14:28:53+00:00","dateModified":"2022-07-11T19:10:47+00:00","breadcrumb":{"@id":"https:\/\/secovipr.com.br\/pontagrossa\/institucional\/sede-operacional\/#breadcrumb"},"inLanguage":"pt-BR","potentialAction":[{"@type":"ReadAction","target":["https:\/\/secovipr.com.br\/pontagrossa\/institucional\/sede-operacional\/"]}]},{"@type":"BreadcrumbList","@id":"https:\/\/secovipr.com.br\/pontagrossa\/institucional\/sede-operacional\/#breadcrumb","itemListElement":[{"@type":"ListItem","position":1,"name":"In\u00edcio","item":"https:\/\/secovipr.com.br\/pontagrossa\/"},{"@type":"ListItem","position":2,"name":"Institucional","item":"https:\/\/secovipr.com.br\/pontagrossa\/institucional\/"},{"@type":"ListItem","position":3,"name":"Sede Operacional"}]}]}},"_links":{"self":[{"href":"https:\/\/secovipr.com.br\/pontagrossa\/wp-json\/wp\/v2\/pages\/171"}],"collection":[{"href":"https:\/\/secovipr.com.br\/pontagrossa\/wp-json\/wp\/v2\/pages"}],"about":[{"href":"https:\/\/secovipr.com.br\/pontagrossa\/wp-json\/wp\/v2\/types\/page"}],"author":[{"embeddable":true,"href":"https:\/\/secovipr.com.br\/pontagrossa\/wp-json\/wp\/v2\/users\/1"}],"replies":[{"embeddable":true,"href":"https:\/\/secovipr.com.br\/pontagrossa\/wp-json\/wp\/v2\/comments?post=171"}],"version-history":[{"count":4,"href":"https:\/\/secovipr.com.br\/pontagrossa\/wp-json\/wp\/v2\/pages\/171\/revisions"}],"predecessor-version":[{"id":360,"href":"https:\/\/secovipr.com.br\/pontagrossa\/wp-json\/wp\/v2\/pages\/171\/revisions\/360"}],"up":[{"embeddable":true,"href":"https:\/\/secovipr.com.br\/pontagrossa\/wp-json\/wp\/v2\/pages\/38"}],"wp:attachment":[{"href":"https:\/\/secovipr.com.br\/pontagrossa\/wp-json\/wp\/v2\/media?parent=171"}],"curies":[{"name":"wp","href":"https:\/\/api.w.org\/{rel}","templated":true}]}}