{"id":163,"date":"2022-01-17T10:54:03","date_gmt":"2022-01-17T13:54:03","guid":{"rendered":"https:\/\/secovipr.com.br\/pontagrossa\/?page_id=163"},"modified":"2022-08-24T15:46:06","modified_gmt":"2022-08-24T18:46:06","slug":"diretoria-da-regional","status":"publish","type":"page","link":"https:\/\/secovipr.com.br\/pontagrossa\/institucional\/diretoria-da-regional\/","title":{"rendered":"Diretoria da regional"},"content":{"rendered":"\n<p class=\"has-text-align-center\"><strong>Diretoria:<\/strong><\/p>\n\n\n\n<p class=\"has-text-align-center\">Vice presidente Carlos Ribas Tavarnaro<\/p>\n\n\n\n<p class=\"has-text-align-center\"><strong>Coordenadora: <\/strong><\/p>\n\n\n\n<p class=\"has-text-align-center\">Clarice Bartel<\/p>\n","protected":false},"excerpt":{"rendered":"<p>Diretoria: Vice presidente Carlos Ribas Tavarnaro Coordenadora: Clarice Bartel<\/p>\n","protected":false},"author":1,"featured_media":0,"parent":38,"menu_order":0,"comment_status":"closed","ping_status":"closed","template":"","meta":[],"acf":[],"yoast_head":"<!-- This site is optimized with the Yoast SEO plugin v18.1 - https:\/\/yoast.com\/wordpress\/plugins\/seo\/ -->\n<title>Diretoria da regional - Regional Campos Gerais<\/title>\n<meta name=\"robots\" content=\"noindex, follow, max-snippet:-1, max-image-preview:large, max-video-preview:-1\" \/>\n<meta property=\"og:locale\" content=\"pt_BR\" \/>\n<meta property=\"og:type\" content=\"article\" \/>\n<meta property=\"og:title\" content=\"Diretoria da regional - Regional Campos Gerais\" \/>\n<meta property=\"og:description\" content=\"Diretoria: Vice presidente Carlos Ribas Tavarnaro Coordenadora: Clarice Bartel\" \/>\n<meta property=\"og:url\" content=\"https:\/\/secovipr.com.br\/pontagrossa\/institucional\/diretoria-da-regional\/\" \/>\n<meta property=\"og:site_name\" content=\"Regional Campos Gerais\" \/>\n<meta property=\"article:modified_time\" content=\"2022-08-24T18:46:06+00:00\" \/>\n<meta name=\"twitter:card\" content=\"summary_large_image\" \/>\n<meta name=\"twitter:label1\" content=\"Est. tempo de leitura\" \/>\n\t<meta name=\"twitter:data1\" content=\"1 minuto\" \/>\n<script type=\"application\/ld+json\" class=\"yoast-schema-graph\">{\"@context\":\"https:\/\/schema.org\",\"@graph\":[{\"@type\":\"WebSite\",\"@id\":\"https:\/\/secovipr.com.br\/pontagrossa\/#website\",\"url\":\"https:\/\/secovipr.com.br\/pontagrossa\/\",\"name\":\"Regional Campos Gerais\",\"description\":\"Sindicato da Habita\u00e7\u00e3o e Condom\u00ednios do Paran\u00e1\",\"potentialAction\":[{\"@type\":\"SearchAction\",\"target\":{\"@type\":\"EntryPoint\",\"urlTemplate\":\"https:\/\/secovipr.com.br\/pontagrossa\/?s={search_term_string}\"},\"query-input\":\"required name=search_term_string\"}],\"inLanguage\":\"pt-BR\"},{\"@type\":\"WebPage\",\"@id\":\"https:\/\/secovipr.com.br\/pontagrossa\/institucional\/diretoria-da-regional\/#webpage\",\"url\":\"https:\/\/secovipr.com.br\/pontagrossa\/institucional\/diretoria-da-regional\/\",\"name\":\"Diretoria da regional - Regional Campos Gerais\",\"isPartOf\":{\"@id\":\"https:\/\/secovipr.com.br\/pontagrossa\/#website\"},\"datePublished\":\"2022-01-17T13:54:03+00:00\",\"dateModified\":\"2022-08-24T18:46:06+00:00\",\"breadcrumb\":{\"@id\":\"https:\/\/secovipr.com.br\/pontagrossa\/institucional\/diretoria-da-regional\/#breadcrumb\"},\"inLanguage\":\"pt-BR\",\"potentialAction\":[{\"@type\":\"ReadAction\",\"target\":[\"https:\/\/secovipr.com.br\/pontagrossa\/institucional\/diretoria-da-regional\/\"]}]},{\"@type\":\"BreadcrumbList\",\"@id\":\"https:\/\/secovipr.com.br\/pontagrossa\/institucional\/diretoria-da-regional\/#breadcrumb\",\"itemListElement\":[{\"@type\":\"ListItem\",\"position\":1,\"name\":\"In\u00edcio\",\"item\":\"https:\/\/secovipr.com.br\/pontagrossa\/\"},{\"@type\":\"ListItem\",\"position\":2,\"name\":\"Institucional\",\"item\":\"https:\/\/secovipr.com.br\/pontagrossa\/institucional\/\"},{\"@type\":\"ListItem\",\"position\":3,\"name\":\"Diretoria da regional\"}]}]}<\/script>\n<!-- \/ Yoast SEO plugin. -->","yoast_head_json":{"title":"Diretoria da regional - Regional Campos Gerais","robots":{"index":"noindex","follow":"follow","max-snippet":"max-snippet:-1","max-image-preview":"max-image-preview:large","max-video-preview":"max-video-preview:-1"},"og_locale":"pt_BR","og_type":"article","og_title":"Diretoria da regional - Regional Campos Gerais","og_description":"Diretoria: Vice presidente Carlos Ribas Tavarnaro Coordenadora: Clarice Bartel","og_url":"https:\/\/secovipr.com.br\/pontagrossa\/institucional\/diretoria-da-regional\/","og_site_name":"Regional Campos Gerais","article_modified_time":"2022-08-24T18:46:06+00:00","twitter_card":"summary_large_image","twitter_misc":{"Est. tempo de leitura":"1 minuto"},"schema":{"@context":"https:\/\/schema.org","@graph":[{"@type":"WebSite","@id":"https:\/\/secovipr.com.br\/pontagrossa\/#website","url":"https:\/\/secovipr.com.br\/pontagrossa\/","name":"Regional Campos Gerais","description":"Sindicato da Habita\u00e7\u00e3o e Condom\u00ednios do Paran\u00e1","potentialAction":[{"@type":"SearchAction","target":{"@type":"EntryPoint","urlTemplate":"https:\/\/secovipr.com.br\/pontagrossa\/?s={search_term_string}"},"query-input":"required name=search_term_string"}],"inLanguage":"pt-BR"},{"@type":"WebPage","@id":"https:\/\/secovipr.com.br\/pontagrossa\/institucional\/diretoria-da-regional\/#webpage","url":"https:\/\/secovipr.com.br\/pontagrossa\/institucional\/diretoria-da-regional\/","name":"Diretoria da regional - Regional Campos Gerais","isPartOf":{"@id":"https:\/\/secovipr.com.br\/pontagrossa\/#website"},"datePublished":"2022-01-17T13:54:03+00:00","dateModified":"2022-08-24T18:46:06+00:00","breadcrumb":{"@id":"https:\/\/secovipr.com.br\/pontagrossa\/institucional\/diretoria-da-regional\/#breadcrumb"},"inLanguage":"pt-BR","potentialAction":[{"@type":"ReadAction","target":["https:\/\/secovipr.com.br\/pontagrossa\/institucional\/diretoria-da-regional\/"]}]},{"@type":"BreadcrumbList","@id":"https:\/\/secovipr.com.br\/pontagrossa\/institucional\/diretoria-da-regional\/#breadcrumb","itemListElement":[{"@type":"ListItem","position":1,"name":"In\u00edcio","item":"https:\/\/secovipr.com.br\/pontagrossa\/"},{"@type":"ListItem","position":2,"name":"Institucional","item":"https:\/\/secovipr.com.br\/pontagrossa\/institucional\/"},{"@type":"ListItem","position":3,"name":"Diretoria da regional"}]}]}},"_links":{"self":[{"href":"https:\/\/secovipr.com.br\/pontagrossa\/wp-json\/wp\/v2\/pages\/163"}],"collection":[{"href":"https:\/\/secovipr.com.br\/pontagrossa\/wp-json\/wp\/v2\/pages"}],"about":[{"href":"https:\/\/secovipr.com.br\/pontagrossa\/wp-json\/wp\/v2\/types\/page"}],"author":[{"embeddable":true,"href":"https:\/\/secovipr.com.br\/pontagrossa\/wp-json\/wp\/v2\/users\/1"}],"replies":[{"embeddable":true,"href":"https:\/\/secovipr.com.br\/pontagrossa\/wp-json\/wp\/v2\/comments?post=163"}],"version-history":[{"count":4,"href":"https:\/\/secovipr.com.br\/pontagrossa\/wp-json\/wp\/v2\/pages\/163\/revisions"}],"predecessor-version":[{"id":419,"href":"https:\/\/secovipr.com.br\/pontagrossa\/wp-json\/wp\/v2\/pages\/163\/revisions\/419"}],"up":[{"embeddable":true,"href":"https:\/\/secovipr.com.br\/pontagrossa\/wp-json\/wp\/v2\/pages\/38"}],"wp:attachment":[{"href":"https:\/\/secovipr.com.br\/pontagrossa\/wp-json\/wp\/v2\/media?parent=163"}],"curies":[{"name":"wp","href":"https:\/\/api.w.org\/{rel}","templated":true}]}}