{"id":52,"date":"2022-01-11T18:06:58","date_gmt":"2022-01-11T21:06:58","guid":{"rendered":"http:\/\/localhost\/secovipr-site\/?page_id=52"},"modified":"2022-01-17T16:37:08","modified_gmt":"2022-01-17T19:37:08","slug":"boletim-informativo","status":"publish","type":"page","link":"https:\/\/secovipr.com.br\/maringa\/boletim-informativo\/","title":{"rendered":"Boletim Informativo"},"content":{"rendered":"\n<p>O Sistema SECOVI-PR traz at\u00e9 voc\u00ea, atrav\u00e9s de seu novo Portal, not\u00edcias sempre atuais, al\u00e9m de estudos, pesquisas, legisla\u00e7\u00f5es e diversos outros temas de suas \u00e1reas de interesse. Al\u00e9m disso, voc\u00ea tamb\u00e9m pode receber diariamente, por e-mail, o Clipping SECOVI-PR, com informa\u00e7\u00f5es do mercado, not\u00edcias diversas de interesse do setor e as mais recentes novidades.<\/p>\n\n\n\n<p>Pensando em facilitar a troca de informa\u00e7\u00e3o entre o SECOVI-PR e os Condom\u00ednios, est\u00e1 dispon\u00edvel no Portal mais um item que ajuda na administra\u00e7\u00e3o do condom\u00ednio: o Informe Condominial com Vers\u00e3o para Impress\u00e3o. Toda semana, o SECOVI-PR traz uma edi\u00e7\u00e3o atualizada do informativo com diferentes dados e dicas para uma conviv\u00eancia harmoniosa nos condom\u00ednios. Acessando o Portal, no menu Condom\u00ednios, \u00e9 poss\u00edvel imprimir a edi\u00e7\u00e3o semanal e disponibilizar para os cond\u00f4minos.<\/p>\n\n\n\n<p><em>Para receber o clipping preencha o formul\u00e1rio e seu pedido ser\u00e1 analisado para inclus\u00e3o na lista de distribui\u00e7\u00e3o do clipping.<\/em><\/p>\n","protected":false},"excerpt":{"rendered":"<p>O Sistema SECOVI-PR traz at\u00e9 voc\u00ea, atrav\u00e9s de seu novo Portal, not\u00edcias sempre atuais, al\u00e9m de estudos, pesquisas, legisla\u00e7\u00f5es e diversos outros temas de suas \u00e1reas de interesse. Al\u00e9m disso, voc\u00ea tamb\u00e9m pode receber diariamente, por e-mail, o Clipping SECOVI-PR, com informa\u00e7\u00f5es do mercado, not\u00edcias diversas de interesse do setor e as mais recentes novidades. [&hellip;]<\/p>\n","protected":false},"author":1,"featured_media":0,"parent":0,"menu_order":0,"comment_status":"closed","ping_status":"closed","template":"template-contato.php","meta":[],"acf":[],"yoast_head":"<!-- This site is optimized with the Yoast SEO plugin v18.1 - https:\/\/yoast.com\/wordpress\/plugins\/seo\/ -->\n<title>Boletim Informativo - Regional Noroeste<\/title>\n<meta name=\"robots\" content=\"noindex, follow, max-snippet:-1, max-image-preview:large, max-video-preview:-1\" \/>\n<meta property=\"og:locale\" content=\"pt_BR\" \/>\n<meta property=\"og:type\" content=\"article\" \/>\n<meta property=\"og:title\" content=\"Boletim Informativo - Regional Noroeste\" \/>\n<meta property=\"og:description\" content=\"O Sistema SECOVI-PR traz at\u00e9 voc\u00ea, atrav\u00e9s de seu novo Portal, not\u00edcias sempre atuais, al\u00e9m de estudos, pesquisas, legisla\u00e7\u00f5es e diversos outros temas de suas \u00e1reas de interesse. Al\u00e9m disso, voc\u00ea tamb\u00e9m pode receber diariamente, por e-mail, o Clipping SECOVI-PR, com informa\u00e7\u00f5es do mercado, not\u00edcias diversas de interesse do setor e as mais recentes novidades. [&hellip;]\" \/>\n<meta property=\"og:url\" content=\"https:\/\/secovipr.com.br\/maringa\/boletim-informativo\/\" \/>\n<meta property=\"og:site_name\" content=\"Regional Noroeste\" \/>\n<meta property=\"article:modified_time\" content=\"2022-01-17T19:37:08+00:00\" \/>\n<meta name=\"twitter:card\" content=\"summary_large_image\" \/>\n<meta name=\"twitter:label1\" content=\"Est. tempo de leitura\" \/>\n\t<meta name=\"twitter:data1\" content=\"1 minuto\" \/>\n<script type=\"application\/ld+json\" class=\"yoast-schema-graph\">{\"@context\":\"https:\/\/schema.org\",\"@graph\":[{\"@type\":\"WebSite\",\"@id\":\"https:\/\/secovipr.com.br\/maringa\/#website\",\"url\":\"https:\/\/secovipr.com.br\/maringa\/\",\"name\":\"Regional Noroeste\",\"description\":\"Sindicato da Habita\u00e7\u00e3o e Condom\u00ednios do Paran\u00e1\",\"potentialAction\":[{\"@type\":\"SearchAction\",\"target\":{\"@type\":\"EntryPoint\",\"urlTemplate\":\"https:\/\/secovipr.com.br\/maringa\/?s={search_term_string}\"},\"query-input\":\"required name=search_term_string\"}],\"inLanguage\":\"pt-BR\"},{\"@type\":\"WebPage\",\"@id\":\"https:\/\/secovipr.com.br\/maringa\/boletim-informativo\/#webpage\",\"url\":\"https:\/\/secovipr.com.br\/maringa\/boletim-informativo\/\",\"name\":\"Boletim Informativo - Regional Noroeste\",\"isPartOf\":{\"@id\":\"https:\/\/secovipr.com.br\/maringa\/#website\"},\"datePublished\":\"2022-01-11T21:06:58+00:00\",\"dateModified\":\"2022-01-17T19:37:08+00:00\",\"breadcrumb\":{\"@id\":\"https:\/\/secovipr.com.br\/maringa\/boletim-informativo\/#breadcrumb\"},\"inLanguage\":\"pt-BR\",\"potentialAction\":[{\"@type\":\"ReadAction\",\"target\":[\"https:\/\/secovipr.com.br\/maringa\/boletim-informativo\/\"]}]},{\"@type\":\"BreadcrumbList\",\"@id\":\"https:\/\/secovipr.com.br\/maringa\/boletim-informativo\/#breadcrumb\",\"itemListElement\":[{\"@type\":\"ListItem\",\"position\":1,\"name\":\"In\u00edcio\",\"item\":\"https:\/\/secovipr.com.br\/maringa\/\"},{\"@type\":\"ListItem\",\"position\":2,\"name\":\"Boletim Informativo\"}]}]}<\/script>\n<!-- \/ Yoast SEO plugin. -->","yoast_head_json":{"title":"Boletim Informativo - Regional Noroeste","robots":{"index":"noindex","follow":"follow","max-snippet":"max-snippet:-1","max-image-preview":"max-image-preview:large","max-video-preview":"max-video-preview:-1"},"og_locale":"pt_BR","og_type":"article","og_title":"Boletim Informativo - Regional Noroeste","og_description":"O Sistema SECOVI-PR traz at\u00e9 voc\u00ea, atrav\u00e9s de seu novo Portal, not\u00edcias sempre atuais, al\u00e9m de estudos, pesquisas, legisla\u00e7\u00f5es e diversos outros temas de suas \u00e1reas de interesse. Al\u00e9m disso, voc\u00ea tamb\u00e9m pode receber diariamente, por e-mail, o Clipping SECOVI-PR, com informa\u00e7\u00f5es do mercado, not\u00edcias diversas de interesse do setor e as mais recentes novidades. [&hellip;]","og_url":"https:\/\/secovipr.com.br\/maringa\/boletim-informativo\/","og_site_name":"Regional Noroeste","article_modified_time":"2022-01-17T19:37:08+00:00","twitter_card":"summary_large_image","twitter_misc":{"Est. tempo de leitura":"1 minuto"},"schema":{"@context":"https:\/\/schema.org","@graph":[{"@type":"WebSite","@id":"https:\/\/secovipr.com.br\/maringa\/#website","url":"https:\/\/secovipr.com.br\/maringa\/","name":"Regional Noroeste","description":"Sindicato da Habita\u00e7\u00e3o e Condom\u00ednios do Paran\u00e1","potentialAction":[{"@type":"SearchAction","target":{"@type":"EntryPoint","urlTemplate":"https:\/\/secovipr.com.br\/maringa\/?s={search_term_string}"},"query-input":"required name=search_term_string"}],"inLanguage":"pt-BR"},{"@type":"WebPage","@id":"https:\/\/secovipr.com.br\/maringa\/boletim-informativo\/#webpage","url":"https:\/\/secovipr.com.br\/maringa\/boletim-informativo\/","name":"Boletim Informativo - Regional Noroeste","isPartOf":{"@id":"https:\/\/secovipr.com.br\/maringa\/#website"},"datePublished":"2022-01-11T21:06:58+00:00","dateModified":"2022-01-17T19:37:08+00:00","breadcrumb":{"@id":"https:\/\/secovipr.com.br\/maringa\/boletim-informativo\/#breadcrumb"},"inLanguage":"pt-BR","potentialAction":[{"@type":"ReadAction","target":["https:\/\/secovipr.com.br\/maringa\/boletim-informativo\/"]}]},{"@type":"BreadcrumbList","@id":"https:\/\/secovipr.com.br\/maringa\/boletim-informativo\/#breadcrumb","itemListElement":[{"@type":"ListItem","position":1,"name":"In\u00edcio","item":"https:\/\/secovipr.com.br\/maringa\/"},{"@type":"ListItem","position":2,"name":"Boletim Informativo"}]}]}},"_links":{"self":[{"href":"https:\/\/secovipr.com.br\/maringa\/wp-json\/wp\/v2\/pages\/52"}],"collection":[{"href":"https:\/\/secovipr.com.br\/maringa\/wp-json\/wp\/v2\/pages"}],"about":[{"href":"https:\/\/secovipr.com.br\/maringa\/wp-json\/wp\/v2\/types\/page"}],"author":[{"embeddable":true,"href":"https:\/\/secovipr.com.br\/maringa\/wp-json\/wp\/v2\/users\/1"}],"replies":[{"embeddable":true,"href":"https:\/\/secovipr.com.br\/maringa\/wp-json\/wp\/v2\/comments?post=52"}],"version-history":[{"count":5,"href":"https:\/\/secovipr.com.br\/maringa\/wp-json\/wp\/v2\/pages\/52\/revisions"}],"predecessor-version":[{"id":257,"href":"https:\/\/secovipr.com.br\/maringa\/wp-json\/wp\/v2\/pages\/52\/revisions\/257"}],"wp:attachment":[{"href":"https:\/\/secovipr.com.br\/maringa\/wp-json\/wp\/v2\/media?parent=52"}],"curies":[{"name":"wp","href":"https:\/\/api.w.org\/{rel}","templated":true}]}}