{"id":38,"date":"2022-01-11T18:05:33","date_gmt":"2022-01-11T21:05:33","guid":{"rendered":"http:\/\/localhost\/secovipr-site\/?page_id=38"},"modified":"2022-01-17T10:45:15","modified_gmt":"2022-01-17T13:45:15","slug":"institucional","status":"publish","type":"page","link":"https:\/\/secovipr.com.br\/maringa\/institucional\/","title":{"rendered":"Institucional"},"content":{"rendered":"\n<h3>MISS\u00c3O&nbsp;DO SECOVI-PR<\/h3>\n\n\n\n<p>\u201cAtuar como representante de classe, integrador de empresas do ramo imobili\u00e1rio e condom\u00ednios, fomentar neg\u00f3cios de interesse de seus representados, oportunizar capacita\u00e7\u00e3o, conhecimentos e agir como f\u00f3rum de discuss\u00f5es e an\u00e1lise junto ao mercado e a sociedade\u201d.<\/p>\n\n\n\n<h3>VIS\u00c3O&nbsp;DO SECOVI-PR<\/h3>\n\n\n\n<p>\u201cSer uma entidade sindical, representativa, necess\u00e1ria e formadora de opini\u00e3o, reconhecida pela excel\u00eancia no atendimento e presta\u00e7\u00e3o de servi\u00e7os, sendo referencia nacional por a\u00e7\u00f5es eficazes e inovadoras\u201d.<\/p>\n\n\n\n<figure class=\"wp-block-embed aligncenter is-type-video is-provider-youtube wp-block-embed-youtube wp-embed-aspect-16-9 wp-has-aspect-ratio\"><div class=\"wp-block-embed__wrapper\">\n<iframe loading=\"lazy\" title=\"SECOVI PARAN\u00c1 INSTITUCIONAL\" width=\"500\" height=\"281\" src=\"https:\/\/www.youtube.com\/embed\/RApJfAYvjqQ?feature=oembed\" frameborder=\"0\" allow=\"accelerometer; autoplay; clipboard-write; encrypted-media; gyroscope; picture-in-picture\" allowfullscreen><\/iframe>\n<\/div><\/figure>\n","protected":false},"excerpt":{"rendered":"<p>MISS\u00c3O&nbsp;DO SECOVI-PR \u201cAtuar como representante de classe, integrador de empresas do ramo imobili\u00e1rio e condom\u00ednios, fomentar neg\u00f3cios de interesse de seus representados, oportunizar capacita\u00e7\u00e3o, conhecimentos e agir como f\u00f3rum de discuss\u00f5es e an\u00e1lise junto ao mercado e a sociedade\u201d. VIS\u00c3O&nbsp;DO SECOVI-PR \u201cSer uma entidade sindical, representativa, necess\u00e1ria e formadora de opini\u00e3o, reconhecida pela excel\u00eancia no [&hellip;]<\/p>\n","protected":false},"author":1,"featured_media":0,"parent":0,"menu_order":0,"comment_status":"closed","ping_status":"closed","template":"","meta":[],"acf":[],"yoast_head":"<!-- This site is optimized with the Yoast SEO plugin v18.1 - https:\/\/yoast.com\/wordpress\/plugins\/seo\/ -->\n<title>Institucional - Regional Noroeste<\/title>\n<meta name=\"robots\" content=\"noindex, follow, max-snippet:-1, max-image-preview:large, max-video-preview:-1\" \/>\n<meta property=\"og:locale\" content=\"pt_BR\" \/>\n<meta property=\"og:type\" content=\"article\" \/>\n<meta property=\"og:title\" content=\"Institucional - Regional Noroeste\" \/>\n<meta property=\"og:description\" content=\"MISS\u00c3O&nbsp;DO SECOVI-PR \u201cAtuar como representante de classe, integrador de empresas do ramo imobili\u00e1rio e condom\u00ednios, fomentar neg\u00f3cios de interesse de seus representados, oportunizar capacita\u00e7\u00e3o, conhecimentos e agir como f\u00f3rum de discuss\u00f5es e an\u00e1lise junto ao mercado e a sociedade\u201d. VIS\u00c3O&nbsp;DO SECOVI-PR \u201cSer uma entidade sindical, representativa, necess\u00e1ria e formadora de opini\u00e3o, reconhecida pela excel\u00eancia no [&hellip;]\" \/>\n<meta property=\"og:url\" content=\"https:\/\/secovipr.com.br\/maringa\/institucional\/\" \/>\n<meta property=\"og:site_name\" content=\"Regional Noroeste\" \/>\n<meta property=\"article:modified_time\" content=\"2022-01-17T13:45:15+00:00\" \/>\n<meta name=\"twitter:card\" content=\"summary_large_image\" \/>\n<meta name=\"twitter:label1\" content=\"Est. tempo de leitura\" \/>\n\t<meta name=\"twitter:data1\" content=\"1 minuto\" \/>\n<script type=\"application\/ld+json\" class=\"yoast-schema-graph\">{\"@context\":\"https:\/\/schema.org\",\"@graph\":[{\"@type\":\"WebSite\",\"@id\":\"https:\/\/secovipr.com.br\/maringa\/#website\",\"url\":\"https:\/\/secovipr.com.br\/maringa\/\",\"name\":\"Regional Noroeste\",\"description\":\"Sindicato da Habita\u00e7\u00e3o e Condom\u00ednios do Paran\u00e1\",\"potentialAction\":[{\"@type\":\"SearchAction\",\"target\":{\"@type\":\"EntryPoint\",\"urlTemplate\":\"https:\/\/secovipr.com.br\/maringa\/?s={search_term_string}\"},\"query-input\":\"required name=search_term_string\"}],\"inLanguage\":\"pt-BR\"},{\"@type\":\"WebPage\",\"@id\":\"https:\/\/secovipr.com.br\/maringa\/institucional\/#webpage\",\"url\":\"https:\/\/secovipr.com.br\/maringa\/institucional\/\",\"name\":\"Institucional - Regional Noroeste\",\"isPartOf\":{\"@id\":\"https:\/\/secovipr.com.br\/maringa\/#website\"},\"datePublished\":\"2022-01-11T21:05:33+00:00\",\"dateModified\":\"2022-01-17T13:45:15+00:00\",\"breadcrumb\":{\"@id\":\"https:\/\/secovipr.com.br\/maringa\/institucional\/#breadcrumb\"},\"inLanguage\":\"pt-BR\",\"potentialAction\":[{\"@type\":\"ReadAction\",\"target\":[\"https:\/\/secovipr.com.br\/maringa\/institucional\/\"]}]},{\"@type\":\"BreadcrumbList\",\"@id\":\"https:\/\/secovipr.com.br\/maringa\/institucional\/#breadcrumb\",\"itemListElement\":[{\"@type\":\"ListItem\",\"position\":1,\"name\":\"In\u00edcio\",\"item\":\"https:\/\/secovipr.com.br\/maringa\/\"},{\"@type\":\"ListItem\",\"position\":2,\"name\":\"Institucional\"}]}]}<\/script>\n<!-- \/ Yoast SEO plugin. -->","yoast_head_json":{"title":"Institucional - Regional Noroeste","robots":{"index":"noindex","follow":"follow","max-snippet":"max-snippet:-1","max-image-preview":"max-image-preview:large","max-video-preview":"max-video-preview:-1"},"og_locale":"pt_BR","og_type":"article","og_title":"Institucional - Regional Noroeste","og_description":"MISS\u00c3O&nbsp;DO SECOVI-PR \u201cAtuar como representante de classe, integrador de empresas do ramo imobili\u00e1rio e condom\u00ednios, fomentar neg\u00f3cios de interesse de seus representados, oportunizar capacita\u00e7\u00e3o, conhecimentos e agir como f\u00f3rum de discuss\u00f5es e an\u00e1lise junto ao mercado e a sociedade\u201d. VIS\u00c3O&nbsp;DO SECOVI-PR \u201cSer uma entidade sindical, representativa, necess\u00e1ria e formadora de opini\u00e3o, reconhecida pela excel\u00eancia no [&hellip;]","og_url":"https:\/\/secovipr.com.br\/maringa\/institucional\/","og_site_name":"Regional Noroeste","article_modified_time":"2022-01-17T13:45:15+00:00","twitter_card":"summary_large_image","twitter_misc":{"Est. tempo de leitura":"1 minuto"},"schema":{"@context":"https:\/\/schema.org","@graph":[{"@type":"WebSite","@id":"https:\/\/secovipr.com.br\/maringa\/#website","url":"https:\/\/secovipr.com.br\/maringa\/","name":"Regional Noroeste","description":"Sindicato da Habita\u00e7\u00e3o e Condom\u00ednios do Paran\u00e1","potentialAction":[{"@type":"SearchAction","target":{"@type":"EntryPoint","urlTemplate":"https:\/\/secovipr.com.br\/maringa\/?s={search_term_string}"},"query-input":"required name=search_term_string"}],"inLanguage":"pt-BR"},{"@type":"WebPage","@id":"https:\/\/secovipr.com.br\/maringa\/institucional\/#webpage","url":"https:\/\/secovipr.com.br\/maringa\/institucional\/","name":"Institucional - Regional Noroeste","isPartOf":{"@id":"https:\/\/secovipr.com.br\/maringa\/#website"},"datePublished":"2022-01-11T21:05:33+00:00","dateModified":"2022-01-17T13:45:15+00:00","breadcrumb":{"@id":"https:\/\/secovipr.com.br\/maringa\/institucional\/#breadcrumb"},"inLanguage":"pt-BR","potentialAction":[{"@type":"ReadAction","target":["https:\/\/secovipr.com.br\/maringa\/institucional\/"]}]},{"@type":"BreadcrumbList","@id":"https:\/\/secovipr.com.br\/maringa\/institucional\/#breadcrumb","itemListElement":[{"@type":"ListItem","position":1,"name":"In\u00edcio","item":"https:\/\/secovipr.com.br\/maringa\/"},{"@type":"ListItem","position":2,"name":"Institucional"}]}]}},"_links":{"self":[{"href":"https:\/\/secovipr.com.br\/maringa\/wp-json\/wp\/v2\/pages\/38"}],"collection":[{"href":"https:\/\/secovipr.com.br\/maringa\/wp-json\/wp\/v2\/pages"}],"about":[{"href":"https:\/\/secovipr.com.br\/maringa\/wp-json\/wp\/v2\/types\/page"}],"author":[{"embeddable":true,"href":"https:\/\/secovipr.com.br\/maringa\/wp-json\/wp\/v2\/users\/1"}],"replies":[{"embeddable":true,"href":"https:\/\/secovipr.com.br\/maringa\/wp-json\/wp\/v2\/comments?post=38"}],"version-history":[{"count":6,"href":"https:\/\/secovipr.com.br\/maringa\/wp-json\/wp\/v2\/pages\/38\/revisions"}],"predecessor-version":[{"id":155,"href":"https:\/\/secovipr.com.br\/maringa\/wp-json\/wp\/v2\/pages\/38\/revisions\/155"}],"wp:attachment":[{"href":"https:\/\/secovipr.com.br\/maringa\/wp-json\/wp\/v2\/media?parent=38"}],"curies":[{"name":"wp","href":"https:\/\/api.w.org\/{rel}","templated":true}]}}