{"id":36,"date":"2022-01-11T18:04:55","date_gmt":"2022-01-11T21:04:55","guid":{"rendered":"http:\/\/localhost\/secovipr-site\/?page_id=36"},"modified":"2022-07-19T14:47:02","modified_gmt":"2022-07-19T17:47:02","slug":"contato","status":"publish","type":"page","link":"https:\/\/secovipr.com.br\/maringa\/contato\/","title":{"rendered":"Fale Conosco"},"content":{"rendered":"\n<h3 class=\"has-text-align-left\">Fale com a regional SECOVI-PR mais pr\u00f3xima de voc\u00ea:<\/h3>\n\n\n\n<p class=\"has-text-align-left\"><strong>REGIONAL METROPOLITANA | SEDE CURITIBA<\/strong><br>Endere\u00e7o: Rua Doutor Pedrosa, 475 &#8211; Centro<br>CEP: 80420-120<br>(41) 3259-6000<br>comercial1@secovipr.com.br<\/p>\n\n\n\n<p class=\"has-text-align-left\"><strong>REGIONAL CAMPOS GERAIS | SEDE PONTA-GROSSA<\/strong><br>Endere\u00e7o: R.XV de Novembro, n\u00ba512 Sala-03 &#8211; Centro<br>CEP: 84010-020<br>(42) 3222-8844<br>pg@secovipr.com.br<\/p>\n\n\n\n<p class=\"has-text-align-left\"><strong>REGIONAL CATARATAS | SEDE FOZ DO IGUA\u00c7U<\/strong><br>Endere\u00e7o: R. Benjamin Constant, n\u00ba314-Sl-303 Edif\u00edcio Montreal<br>CEP: 85851-380<br>(45) 3523-7711<br>foz@secovipr.com.br<\/p>\n\n\n\n<p class=\"has-text-align-left\"><strong>REGIONAL OESTE | SEDE CASCAVEL<\/strong><br>Endere\u00e7o: R. Paran\u00e1, n\u00ba2709, Conjuntos 105\/111, Edif\u00edcio Dom Pedro<br>CEP: 85812-011<br>(45) 3225-2560<br>cascavel@secovipr.com.br<\/p>\n\n\n\n<p class=\"has-text-align-left\"><strong>REGIONAL NOROESTE | SEDE MARING\u00c1<\/strong><br>Endere\u00e7o: Av.CerroAzul, 2531 &#8211; ZonaSul<br>CEP: 87010-000<br>(44) 3262-2433<br>maringa@secovipr.com.br<\/p>\n\n\n\n<p class=\"has-text-align-left\"><strong>REGIONAL NORTE | SEDE LONDRINA<\/strong><br>Endere\u00e7o: Rua Rol\u00e2ndia, 295 &#8211; Jardim Dom Bosco<br>CEP: 86060430<br>(43) 3356-2703<br>londrina@secovipr.com.br<\/p>\n\n\n\n<div style=\"height:15px\" aria-hidden=\"true\" class=\"wp-block-spacer\"><\/div>\n","protected":false},"excerpt":{"rendered":"<p>Fale com a regional SECOVI-PR mais pr\u00f3xima de voc\u00ea: REGIONAL METROPOLITANA | SEDE CURITIBAEndere\u00e7o: Rua Doutor Pedrosa, 475 &#8211; CentroCEP: 80420-120(41) 3259-6000comercial1@secovipr.com.br REGIONAL CAMPOS GERAIS | SEDE PONTA-GROSSAEndere\u00e7o: R.XV de Novembro, n\u00ba512 Sala-03 &#8211; CentroCEP: 84010-020(42) 3222-8844pg@secovipr.com.br REGIONAL CATARATAS | SEDE FOZ DO IGUA\u00c7UEndere\u00e7o: R. Benjamin Constant, n\u00ba314-Sl-303 Edif\u00edcio MontrealCEP: 85851-380(45) 3523-7711foz@secovipr.com.br REGIONAL OESTE | [&hellip;]<\/p>\n","protected":false},"author":1,"featured_media":0,"parent":0,"menu_order":0,"comment_status":"closed","ping_status":"closed","template":"template-contato.php","meta":[],"acf":[],"yoast_head":"<!-- This site is optimized with the Yoast SEO plugin v18.1 - https:\/\/yoast.com\/wordpress\/plugins\/seo\/ -->\n<title>Fale Conosco - Regional Noroeste<\/title>\n<meta name=\"robots\" content=\"noindex, follow, max-snippet:-1, max-image-preview:large, max-video-preview:-1\" \/>\n<meta property=\"og:locale\" content=\"pt_BR\" \/>\n<meta property=\"og:type\" content=\"article\" \/>\n<meta property=\"og:title\" content=\"Fale Conosco - Regional Noroeste\" \/>\n<meta property=\"og:description\" content=\"Fale com a regional SECOVI-PR mais pr\u00f3xima de voc\u00ea: REGIONAL METROPOLITANA | SEDE CURITIBAEndere\u00e7o: Rua Doutor Pedrosa, 475 &#8211; CentroCEP: 80420-120(41) 3259-6000comercial1@secovipr.com.br REGIONAL CAMPOS GERAIS | SEDE PONTA-GROSSAEndere\u00e7o: R.XV de Novembro, n\u00ba512 Sala-03 &#8211; CentroCEP: 84010-020(42) 3222-8844pg@secovipr.com.br REGIONAL CATARATAS | SEDE FOZ DO IGUA\u00c7UEndere\u00e7o: R. Benjamin Constant, n\u00ba314-Sl-303 Edif\u00edcio MontrealCEP: 85851-380(45) 3523-7711foz@secovipr.com.br REGIONAL OESTE | [&hellip;]\" \/>\n<meta property=\"og:url\" content=\"https:\/\/secovipr.com.br\/maringa\/contato\/\" \/>\n<meta property=\"og:site_name\" content=\"Regional Noroeste\" \/>\n<meta property=\"article:modified_time\" content=\"2022-07-19T17:47:02+00:00\" \/>\n<meta name=\"twitter:card\" content=\"summary_large_image\" \/>\n<meta name=\"twitter:label1\" content=\"Est. tempo de leitura\" \/>\n\t<meta name=\"twitter:data1\" content=\"1 minuto\" \/>\n<script type=\"application\/ld+json\" class=\"yoast-schema-graph\">{\"@context\":\"https:\/\/schema.org\",\"@graph\":[{\"@type\":\"WebSite\",\"@id\":\"https:\/\/secovipr.com.br\/maringa\/#website\",\"url\":\"https:\/\/secovipr.com.br\/maringa\/\",\"name\":\"Regional Noroeste\",\"description\":\"Sindicato da Habita\u00e7\u00e3o e Condom\u00ednios do Paran\u00e1\",\"potentialAction\":[{\"@type\":\"SearchAction\",\"target\":{\"@type\":\"EntryPoint\",\"urlTemplate\":\"https:\/\/secovipr.com.br\/maringa\/?s={search_term_string}\"},\"query-input\":\"required name=search_term_string\"}],\"inLanguage\":\"pt-BR\"},{\"@type\":\"WebPage\",\"@id\":\"https:\/\/secovipr.com.br\/maringa\/contato\/#webpage\",\"url\":\"https:\/\/secovipr.com.br\/maringa\/contato\/\",\"name\":\"Fale Conosco - Regional Noroeste\",\"isPartOf\":{\"@id\":\"https:\/\/secovipr.com.br\/maringa\/#website\"},\"datePublished\":\"2022-01-11T21:04:55+00:00\",\"dateModified\":\"2022-07-19T17:47:02+00:00\",\"breadcrumb\":{\"@id\":\"https:\/\/secovipr.com.br\/maringa\/contato\/#breadcrumb\"},\"inLanguage\":\"pt-BR\",\"potentialAction\":[{\"@type\":\"ReadAction\",\"target\":[\"https:\/\/secovipr.com.br\/maringa\/contato\/\"]}]},{\"@type\":\"BreadcrumbList\",\"@id\":\"https:\/\/secovipr.com.br\/maringa\/contato\/#breadcrumb\",\"itemListElement\":[{\"@type\":\"ListItem\",\"position\":1,\"name\":\"In\u00edcio\",\"item\":\"https:\/\/secovipr.com.br\/maringa\/\"},{\"@type\":\"ListItem\",\"position\":2,\"name\":\"Fale Conosco\"}]}]}<\/script>\n<!-- \/ Yoast SEO plugin. -->","yoast_head_json":{"title":"Fale Conosco - Regional Noroeste","robots":{"index":"noindex","follow":"follow","max-snippet":"max-snippet:-1","max-image-preview":"max-image-preview:large","max-video-preview":"max-video-preview:-1"},"og_locale":"pt_BR","og_type":"article","og_title":"Fale Conosco - Regional Noroeste","og_description":"Fale com a regional SECOVI-PR mais pr\u00f3xima de voc\u00ea: REGIONAL METROPOLITANA | SEDE CURITIBAEndere\u00e7o: Rua Doutor Pedrosa, 475 &#8211; CentroCEP: 80420-120(41) 3259-6000comercial1@secovipr.com.br REGIONAL CAMPOS GERAIS | SEDE PONTA-GROSSAEndere\u00e7o: R.XV de Novembro, n\u00ba512 Sala-03 &#8211; CentroCEP: 84010-020(42) 3222-8844pg@secovipr.com.br REGIONAL CATARATAS | SEDE FOZ DO IGUA\u00c7UEndere\u00e7o: R. Benjamin Constant, n\u00ba314-Sl-303 Edif\u00edcio MontrealCEP: 85851-380(45) 3523-7711foz@secovipr.com.br REGIONAL OESTE | [&hellip;]","og_url":"https:\/\/secovipr.com.br\/maringa\/contato\/","og_site_name":"Regional Noroeste","article_modified_time":"2022-07-19T17:47:02+00:00","twitter_card":"summary_large_image","twitter_misc":{"Est. tempo de leitura":"1 minuto"},"schema":{"@context":"https:\/\/schema.org","@graph":[{"@type":"WebSite","@id":"https:\/\/secovipr.com.br\/maringa\/#website","url":"https:\/\/secovipr.com.br\/maringa\/","name":"Regional Noroeste","description":"Sindicato da Habita\u00e7\u00e3o e Condom\u00ednios do Paran\u00e1","potentialAction":[{"@type":"SearchAction","target":{"@type":"EntryPoint","urlTemplate":"https:\/\/secovipr.com.br\/maringa\/?s={search_term_string}"},"query-input":"required name=search_term_string"}],"inLanguage":"pt-BR"},{"@type":"WebPage","@id":"https:\/\/secovipr.com.br\/maringa\/contato\/#webpage","url":"https:\/\/secovipr.com.br\/maringa\/contato\/","name":"Fale Conosco - Regional Noroeste","isPartOf":{"@id":"https:\/\/secovipr.com.br\/maringa\/#website"},"datePublished":"2022-01-11T21:04:55+00:00","dateModified":"2022-07-19T17:47:02+00:00","breadcrumb":{"@id":"https:\/\/secovipr.com.br\/maringa\/contato\/#breadcrumb"},"inLanguage":"pt-BR","potentialAction":[{"@type":"ReadAction","target":["https:\/\/secovipr.com.br\/maringa\/contato\/"]}]},{"@type":"BreadcrumbList","@id":"https:\/\/secovipr.com.br\/maringa\/contato\/#breadcrumb","itemListElement":[{"@type":"ListItem","position":1,"name":"In\u00edcio","item":"https:\/\/secovipr.com.br\/maringa\/"},{"@type":"ListItem","position":2,"name":"Fale Conosco"}]}]}},"_links":{"self":[{"href":"https:\/\/secovipr.com.br\/maringa\/wp-json\/wp\/v2\/pages\/36"}],"collection":[{"href":"https:\/\/secovipr.com.br\/maringa\/wp-json\/wp\/v2\/pages"}],"about":[{"href":"https:\/\/secovipr.com.br\/maringa\/wp-json\/wp\/v2\/types\/page"}],"author":[{"embeddable":true,"href":"https:\/\/secovipr.com.br\/maringa\/wp-json\/wp\/v2\/users\/1"}],"replies":[{"embeddable":true,"href":"https:\/\/secovipr.com.br\/maringa\/wp-json\/wp\/v2\/comments?post=36"}],"version-history":[{"count":9,"href":"https:\/\/secovipr.com.br\/maringa\/wp-json\/wp\/v2\/pages\/36\/revisions"}],"predecessor-version":[{"id":391,"href":"https:\/\/secovipr.com.br\/maringa\/wp-json\/wp\/v2\/pages\/36\/revisions\/391"}],"wp:attachment":[{"href":"https:\/\/secovipr.com.br\/maringa\/wp-json\/wp\/v2\/media?parent=36"}],"curies":[{"name":"wp","href":"https:\/\/api.w.org\/{rel}","templated":true}]}}