{"id":233,"date":"2022-01-17T15:29:38","date_gmt":"2022-01-17T18:29:38","guid":{"rendered":"https:\/\/secovipr.com.br\/maringa\/?page_id=233"},"modified":"2022-01-17T15:29:39","modified_gmt":"2022-01-17T18:29:39","slug":"informe-condominial","status":"publish","type":"page","link":"https:\/\/secovipr.com.br\/maringa\/condominios\/informe-condominial\/","title":{"rendered":"Informe Condominial"},"content":{"rendered":"\n<div class=\"wp-block-image\"><figure class=\"aligncenter size-large\"><img loading=\"lazy\" width=\"739\" height=\"1024\" src=\"https:\/\/secovipr.com.br\/maringa\/wp-content\/uploads\/sites\/4\/2022\/01\/informe-condominial-739x1024.jpg\" alt=\"\" class=\"wp-image-234\" srcset=\"https:\/\/secovipr.com.br\/maringa\/wp-content\/uploads\/sites\/4\/2022\/01\/informe-condominial-739x1024.jpg 739w, https:\/\/secovipr.com.br\/maringa\/wp-content\/uploads\/sites\/4\/2022\/01\/informe-condominial-217x300.jpg 217w, https:\/\/secovipr.com.br\/maringa\/wp-content\/uploads\/sites\/4\/2022\/01\/informe-condominial-768x1064.jpg 768w, https:\/\/secovipr.com.br\/maringa\/wp-content\/uploads\/sites\/4\/2022\/01\/informe-condominial.jpg 1109w\" sizes=\"(max-width: 739px) 100vw, 739px\" \/><\/figure><\/div>\n","protected":false},"excerpt":{"rendered":"","protected":false},"author":1,"featured_media":0,"parent":42,"menu_order":0,"comment_status":"closed","ping_status":"closed","template":"","meta":[],"acf":[],"yoast_head":"<!-- This site is optimized with the Yoast SEO plugin v18.1 - https:\/\/yoast.com\/wordpress\/plugins\/seo\/ -->\n<title>Informe Condominial - Regional Noroeste<\/title>\n<meta name=\"robots\" content=\"noindex, follow, max-snippet:-1, max-image-preview:large, max-video-preview:-1\" \/>\n<meta property=\"og:locale\" content=\"pt_BR\" \/>\n<meta property=\"og:type\" content=\"article\" \/>\n<meta property=\"og:title\" content=\"Informe Condominial - Regional Noroeste\" \/>\n<meta property=\"og:url\" content=\"https:\/\/secovipr.com.br\/maringa\/condominios\/informe-condominial\/\" \/>\n<meta property=\"og:site_name\" content=\"Regional Noroeste\" \/>\n<meta property=\"article:modified_time\" content=\"2022-01-17T18:29:39+00:00\" \/>\n<meta property=\"og:image\" content=\"https:\/\/secovipr.com.br\/maringa\/wp-content\/uploads\/sites\/4\/2022\/01\/informe-condominial-739x1024.jpg\" \/>\n<meta name=\"twitter:card\" content=\"summary_large_image\" \/>\n<meta name=\"twitter:label1\" content=\"Est. tempo de leitura\" \/>\n\t<meta name=\"twitter:data1\" content=\"1 minuto\" \/>\n<script type=\"application\/ld+json\" class=\"yoast-schema-graph\">{\"@context\":\"https:\/\/schema.org\",\"@graph\":[{\"@type\":\"WebSite\",\"@id\":\"https:\/\/secovipr.com.br\/maringa\/#website\",\"url\":\"https:\/\/secovipr.com.br\/maringa\/\",\"name\":\"Regional Noroeste\",\"description\":\"Sindicato da Habita\u00e7\u00e3o e Condom\u00ednios do Paran\u00e1\",\"potentialAction\":[{\"@type\":\"SearchAction\",\"target\":{\"@type\":\"EntryPoint\",\"urlTemplate\":\"https:\/\/secovipr.com.br\/maringa\/?s={search_term_string}\"},\"query-input\":\"required name=search_term_string\"}],\"inLanguage\":\"pt-BR\"},{\"@type\":\"ImageObject\",\"@id\":\"https:\/\/secovipr.com.br\/maringa\/condominios\/informe-condominial\/#primaryimage\",\"inLanguage\":\"pt-BR\",\"url\":\"https:\/\/secovipr.com.br\/maringa\/wp-content\/uploads\/sites\/4\/2022\/01\/informe-condominial.jpg\",\"contentUrl\":\"https:\/\/secovipr.com.br\/maringa\/wp-content\/uploads\/sites\/4\/2022\/01\/informe-condominial.jpg\",\"width\":1109,\"height\":1536},{\"@type\":\"WebPage\",\"@id\":\"https:\/\/secovipr.com.br\/maringa\/condominios\/informe-condominial\/#webpage\",\"url\":\"https:\/\/secovipr.com.br\/maringa\/condominios\/informe-condominial\/\",\"name\":\"Informe Condominial - Regional Noroeste\",\"isPartOf\":{\"@id\":\"https:\/\/secovipr.com.br\/maringa\/#website\"},\"primaryImageOfPage\":{\"@id\":\"https:\/\/secovipr.com.br\/maringa\/condominios\/informe-condominial\/#primaryimage\"},\"datePublished\":\"2022-01-17T18:29:38+00:00\",\"dateModified\":\"2022-01-17T18:29:39+00:00\",\"breadcrumb\":{\"@id\":\"https:\/\/secovipr.com.br\/maringa\/condominios\/informe-condominial\/#breadcrumb\"},\"inLanguage\":\"pt-BR\",\"potentialAction\":[{\"@type\":\"ReadAction\",\"target\":[\"https:\/\/secovipr.com.br\/maringa\/condominios\/informe-condominial\/\"]}]},{\"@type\":\"BreadcrumbList\",\"@id\":\"https:\/\/secovipr.com.br\/maringa\/condominios\/informe-condominial\/#breadcrumb\",\"itemListElement\":[{\"@type\":\"ListItem\",\"position\":1,\"name\":\"In\u00edcio\",\"item\":\"https:\/\/secovipr.com.br\/maringa\/\"},{\"@type\":\"ListItem\",\"position\":2,\"name\":\"Condom\u00ednios\",\"item\":\"https:\/\/secovipr.com.br\/maringa\/condominios\/\"},{\"@type\":\"ListItem\",\"position\":3,\"name\":\"Informe Condominial\"}]}]}<\/script>\n<!-- \/ Yoast SEO plugin. -->","yoast_head_json":{"title":"Informe Condominial - Regional Noroeste","robots":{"index":"noindex","follow":"follow","max-snippet":"max-snippet:-1","max-image-preview":"max-image-preview:large","max-video-preview":"max-video-preview:-1"},"og_locale":"pt_BR","og_type":"article","og_title":"Informe Condominial - Regional Noroeste","og_url":"https:\/\/secovipr.com.br\/maringa\/condominios\/informe-condominial\/","og_site_name":"Regional Noroeste","article_modified_time":"2022-01-17T18:29:39+00:00","og_image":[{"url":"https:\/\/secovipr.com.br\/maringa\/wp-content\/uploads\/sites\/4\/2022\/01\/informe-condominial-739x1024.jpg"}],"twitter_card":"summary_large_image","twitter_misc":{"Est. tempo de leitura":"1 minuto"},"schema":{"@context":"https:\/\/schema.org","@graph":[{"@type":"WebSite","@id":"https:\/\/secovipr.com.br\/maringa\/#website","url":"https:\/\/secovipr.com.br\/maringa\/","name":"Regional Noroeste","description":"Sindicato da Habita\u00e7\u00e3o e Condom\u00ednios do Paran\u00e1","potentialAction":[{"@type":"SearchAction","target":{"@type":"EntryPoint","urlTemplate":"https:\/\/secovipr.com.br\/maringa\/?s={search_term_string}"},"query-input":"required name=search_term_string"}],"inLanguage":"pt-BR"},{"@type":"ImageObject","@id":"https:\/\/secovipr.com.br\/maringa\/condominios\/informe-condominial\/#primaryimage","inLanguage":"pt-BR","url":"https:\/\/secovipr.com.br\/maringa\/wp-content\/uploads\/sites\/4\/2022\/01\/informe-condominial.jpg","contentUrl":"https:\/\/secovipr.com.br\/maringa\/wp-content\/uploads\/sites\/4\/2022\/01\/informe-condominial.jpg","width":1109,"height":1536},{"@type":"WebPage","@id":"https:\/\/secovipr.com.br\/maringa\/condominios\/informe-condominial\/#webpage","url":"https:\/\/secovipr.com.br\/maringa\/condominios\/informe-condominial\/","name":"Informe Condominial - Regional Noroeste","isPartOf":{"@id":"https:\/\/secovipr.com.br\/maringa\/#website"},"primaryImageOfPage":{"@id":"https:\/\/secovipr.com.br\/maringa\/condominios\/informe-condominial\/#primaryimage"},"datePublished":"2022-01-17T18:29:38+00:00","dateModified":"2022-01-17T18:29:39+00:00","breadcrumb":{"@id":"https:\/\/secovipr.com.br\/maringa\/condominios\/informe-condominial\/#breadcrumb"},"inLanguage":"pt-BR","potentialAction":[{"@type":"ReadAction","target":["https:\/\/secovipr.com.br\/maringa\/condominios\/informe-condominial\/"]}]},{"@type":"BreadcrumbList","@id":"https:\/\/secovipr.com.br\/maringa\/condominios\/informe-condominial\/#breadcrumb","itemListElement":[{"@type":"ListItem","position":1,"name":"In\u00edcio","item":"https:\/\/secovipr.com.br\/maringa\/"},{"@type":"ListItem","position":2,"name":"Condom\u00ednios","item":"https:\/\/secovipr.com.br\/maringa\/condominios\/"},{"@type":"ListItem","position":3,"name":"Informe Condominial"}]}]}},"_links":{"self":[{"href":"https:\/\/secovipr.com.br\/maringa\/wp-json\/wp\/v2\/pages\/233"}],"collection":[{"href":"https:\/\/secovipr.com.br\/maringa\/wp-json\/wp\/v2\/pages"}],"about":[{"href":"https:\/\/secovipr.com.br\/maringa\/wp-json\/wp\/v2\/types\/page"}],"author":[{"embeddable":true,"href":"https:\/\/secovipr.com.br\/maringa\/wp-json\/wp\/v2\/users\/1"}],"replies":[{"embeddable":true,"href":"https:\/\/secovipr.com.br\/maringa\/wp-json\/wp\/v2\/comments?post=233"}],"version-history":[{"count":1,"href":"https:\/\/secovipr.com.br\/maringa\/wp-json\/wp\/v2\/pages\/233\/revisions"}],"predecessor-version":[{"id":235,"href":"https:\/\/secovipr.com.br\/maringa\/wp-json\/wp\/v2\/pages\/233\/revisions\/235"}],"up":[{"embeddable":true,"href":"https:\/\/secovipr.com.br\/maringa\/wp-json\/wp\/v2\/pages\/42"}],"wp:attachment":[{"href":"https:\/\/secovipr.com.br\/maringa\/wp-json\/wp\/v2\/media?parent=233"}],"curies":[{"name":"wp","href":"https:\/\/api.w.org\/{rel}","templated":true}]}}