{"id":227,"date":"2022-01-17T15:25:45","date_gmt":"2022-01-17T18:25:45","guid":{"rendered":"https:\/\/secovipr.com.br\/maringa\/?page_id=227"},"modified":"2022-01-17T15:25:53","modified_gmt":"2022-01-17T18:25:53","slug":"campanha-do-agasalho","status":"publish","type":"page","link":"https:\/\/secovipr.com.br\/maringa\/condominios\/covid-19\/campanha-do-agasalho\/","title":{"rendered":"Campanha do Agasalho"},"content":{"rendered":"\n<h3>CAMPANHA DO AGASALHO 2020 &#8211; SESC E SECOVI-PR 2020<\/h3>\n\n\n\n<p>Mais de uma d\u00e9cada nos movendo para aquecer vidas!!<\/p>\n\n\n\n<p>Desde 2009 j\u00e1 arrecadamos mais de 2 milh\u00f5es de pe\u00e7as de roupas gra\u00e7as a sua ajuda, somos muito gratos pela parceria !!!<\/p>\n\n\n\n<p>O Secovi faz tudo para voc\u00ea!!!<\/p>\n\n\n\n<p>Tendo interesse em participar entre em contato com a gente \u2013 3259-6000 e solicite sua caixa de doa\u00e7\u00f5es!!!!<\/p>\n\n\n\n<p>Realizamos a entrega da caixa no condom\u00ednio e realizamos a coleta quando a caixa estiver cheia.<\/p>\n\n\n\n<p>A caixa poder\u00e1 permanecer no condom\u00ednio at\u00e9 o final da campanha e sempre que houver necessidade realizaremos novas coletas.<\/p>\n\n\n\n<p>E tem mais\u2026\u2026.<\/p>\n\n\n\n<p>No final da campanha ser\u00e1 emitido um certificado para cada condom\u00ednio pela participa\u00e7\u00e3.<\/p>\n\n\n\n<p>O mesmo ser\u00e1 encaminhado via correio e via e-mail do condom\u00ednio\/sindico.<\/p>\n\n\n\n<h3>DOA\u00c7\u00d5ES AT\u00c9 DIA 31 DE AGOSTO!!!!<\/h3>\n\n\n\n<div class=\"wp-block-image\"><figure class=\"aligncenter size-full\"><img loading=\"lazy\" width=\"526\" height=\"739\" src=\"https:\/\/secovipr.com.br\/maringa\/wp-content\/uploads\/sites\/4\/2022\/01\/campanha-agasalho-full.jpg\" alt=\"\" class=\"wp-image-229\" srcset=\"https:\/\/secovipr.com.br\/maringa\/wp-content\/uploads\/sites\/4\/2022\/01\/campanha-agasalho-full.jpg 526w, https:\/\/secovipr.com.br\/maringa\/wp-content\/uploads\/sites\/4\/2022\/01\/campanha-agasalho-full-214x300.jpg 214w\" sizes=\"(max-width: 526px) 100vw, 526px\" \/><\/figure><\/div>\n","protected":false},"excerpt":{"rendered":"<p>CAMPANHA DO AGASALHO 2020 &#8211; SESC E SECOVI-PR 2020 Mais de uma d\u00e9cada nos movendo para aquecer vidas!! Desde 2009 j\u00e1 arrecadamos mais de 2 milh\u00f5es de pe\u00e7as de roupas gra\u00e7as a sua ajuda, somos muito gratos pela parceria !!! O Secovi faz tudo para voc\u00ea!!! Tendo interesse em participar entre em contato com a [&hellip;]<\/p>\n","protected":false},"author":1,"featured_media":0,"parent":212,"menu_order":0,"comment_status":"closed","ping_status":"closed","template":"","meta":[],"acf":[],"yoast_head":"<!-- This site is optimized with the Yoast SEO plugin v18.1 - https:\/\/yoast.com\/wordpress\/plugins\/seo\/ -->\n<title>Campanha do Agasalho - Regional Noroeste<\/title>\n<meta name=\"robots\" content=\"noindex, follow, max-snippet:-1, max-image-preview:large, max-video-preview:-1\" \/>\n<meta property=\"og:locale\" content=\"pt_BR\" \/>\n<meta property=\"og:type\" content=\"article\" \/>\n<meta property=\"og:title\" content=\"Campanha do Agasalho - Regional Noroeste\" \/>\n<meta property=\"og:description\" content=\"CAMPANHA DO AGASALHO 2020 &#8211; SESC E SECOVI-PR 2020 Mais de uma d\u00e9cada nos movendo para aquecer vidas!! Desde 2009 j\u00e1 arrecadamos mais de 2 milh\u00f5es de pe\u00e7as de roupas gra\u00e7as a sua ajuda, somos muito gratos pela parceria !!! O Secovi faz tudo para voc\u00ea!!! Tendo interesse em participar entre em contato com a [&hellip;]\" \/>\n<meta property=\"og:url\" content=\"https:\/\/secovipr.com.br\/maringa\/condominios\/covid-19\/campanha-do-agasalho\/\" \/>\n<meta property=\"og:site_name\" content=\"Regional Noroeste\" \/>\n<meta property=\"article:modified_time\" content=\"2022-01-17T18:25:53+00:00\" \/>\n<meta property=\"og:image\" content=\"https:\/\/secovipr.com.br\/maringa\/wp-content\/uploads\/sites\/4\/2022\/01\/campanha-agasalho-full.jpg\" \/>\n<meta name=\"twitter:card\" content=\"summary_large_image\" \/>\n<meta name=\"twitter:label1\" content=\"Est. tempo de leitura\" \/>\n\t<meta name=\"twitter:data1\" content=\"1 minuto\" \/>\n<script type=\"application\/ld+json\" class=\"yoast-schema-graph\">{\"@context\":\"https:\/\/schema.org\",\"@graph\":[{\"@type\":\"WebSite\",\"@id\":\"https:\/\/secovipr.com.br\/maringa\/#website\",\"url\":\"https:\/\/secovipr.com.br\/maringa\/\",\"name\":\"Regional Noroeste\",\"description\":\"Sindicato da Habita\u00e7\u00e3o e Condom\u00ednios do Paran\u00e1\",\"potentialAction\":[{\"@type\":\"SearchAction\",\"target\":{\"@type\":\"EntryPoint\",\"urlTemplate\":\"https:\/\/secovipr.com.br\/maringa\/?s={search_term_string}\"},\"query-input\":\"required name=search_term_string\"}],\"inLanguage\":\"pt-BR\"},{\"@type\":\"ImageObject\",\"@id\":\"https:\/\/secovipr.com.br\/maringa\/condominios\/covid-19\/campanha-do-agasalho\/#primaryimage\",\"inLanguage\":\"pt-BR\",\"url\":\"https:\/\/secovipr.com.br\/maringa\/wp-content\/uploads\/sites\/4\/2022\/01\/campanha-agasalho-full.jpg\",\"contentUrl\":\"https:\/\/secovipr.com.br\/maringa\/wp-content\/uploads\/sites\/4\/2022\/01\/campanha-agasalho-full.jpg\",\"width\":526,\"height\":739},{\"@type\":\"WebPage\",\"@id\":\"https:\/\/secovipr.com.br\/maringa\/condominios\/covid-19\/campanha-do-agasalho\/#webpage\",\"url\":\"https:\/\/secovipr.com.br\/maringa\/condominios\/covid-19\/campanha-do-agasalho\/\",\"name\":\"Campanha do Agasalho - Regional Noroeste\",\"isPartOf\":{\"@id\":\"https:\/\/secovipr.com.br\/maringa\/#website\"},\"primaryImageOfPage\":{\"@id\":\"https:\/\/secovipr.com.br\/maringa\/condominios\/covid-19\/campanha-do-agasalho\/#primaryimage\"},\"datePublished\":\"2022-01-17T18:25:45+00:00\",\"dateModified\":\"2022-01-17T18:25:53+00:00\",\"breadcrumb\":{\"@id\":\"https:\/\/secovipr.com.br\/maringa\/condominios\/covid-19\/campanha-do-agasalho\/#breadcrumb\"},\"inLanguage\":\"pt-BR\",\"potentialAction\":[{\"@type\":\"ReadAction\",\"target\":[\"https:\/\/secovipr.com.br\/maringa\/condominios\/covid-19\/campanha-do-agasalho\/\"]}]},{\"@type\":\"BreadcrumbList\",\"@id\":\"https:\/\/secovipr.com.br\/maringa\/condominios\/covid-19\/campanha-do-agasalho\/#breadcrumb\",\"itemListElement\":[{\"@type\":\"ListItem\",\"position\":1,\"name\":\"In\u00edcio\",\"item\":\"https:\/\/secovipr.com.br\/maringa\/\"},{\"@type\":\"ListItem\",\"position\":2,\"name\":\"Condom\u00ednios\",\"item\":\"https:\/\/secovipr.com.br\/maringa\/condominios\/\"},{\"@type\":\"ListItem\",\"position\":3,\"name\":\"Covid-19\",\"item\":\"https:\/\/secovipr.com.br\/maringa\/condominios\/covid-19\/\"},{\"@type\":\"ListItem\",\"position\":4,\"name\":\"Campanha do Agasalho\"}]}]}<\/script>\n<!-- \/ Yoast SEO plugin. -->","yoast_head_json":{"title":"Campanha do Agasalho - Regional Noroeste","robots":{"index":"noindex","follow":"follow","max-snippet":"max-snippet:-1","max-image-preview":"max-image-preview:large","max-video-preview":"max-video-preview:-1"},"og_locale":"pt_BR","og_type":"article","og_title":"Campanha do Agasalho - Regional Noroeste","og_description":"CAMPANHA DO AGASALHO 2020 &#8211; SESC E SECOVI-PR 2020 Mais de uma d\u00e9cada nos movendo para aquecer vidas!! Desde 2009 j\u00e1 arrecadamos mais de 2 milh\u00f5es de pe\u00e7as de roupas gra\u00e7as a sua ajuda, somos muito gratos pela parceria !!! O Secovi faz tudo para voc\u00ea!!! Tendo interesse em participar entre em contato com a [&hellip;]","og_url":"https:\/\/secovipr.com.br\/maringa\/condominios\/covid-19\/campanha-do-agasalho\/","og_site_name":"Regional Noroeste","article_modified_time":"2022-01-17T18:25:53+00:00","og_image":[{"url":"https:\/\/secovipr.com.br\/maringa\/wp-content\/uploads\/sites\/4\/2022\/01\/campanha-agasalho-full.jpg"}],"twitter_card":"summary_large_image","twitter_misc":{"Est. tempo de leitura":"1 minuto"},"schema":{"@context":"https:\/\/schema.org","@graph":[{"@type":"WebSite","@id":"https:\/\/secovipr.com.br\/maringa\/#website","url":"https:\/\/secovipr.com.br\/maringa\/","name":"Regional Noroeste","description":"Sindicato da Habita\u00e7\u00e3o e Condom\u00ednios do Paran\u00e1","potentialAction":[{"@type":"SearchAction","target":{"@type":"EntryPoint","urlTemplate":"https:\/\/secovipr.com.br\/maringa\/?s={search_term_string}"},"query-input":"required name=search_term_string"}],"inLanguage":"pt-BR"},{"@type":"ImageObject","@id":"https:\/\/secovipr.com.br\/maringa\/condominios\/covid-19\/campanha-do-agasalho\/#primaryimage","inLanguage":"pt-BR","url":"https:\/\/secovipr.com.br\/maringa\/wp-content\/uploads\/sites\/4\/2022\/01\/campanha-agasalho-full.jpg","contentUrl":"https:\/\/secovipr.com.br\/maringa\/wp-content\/uploads\/sites\/4\/2022\/01\/campanha-agasalho-full.jpg","width":526,"height":739},{"@type":"WebPage","@id":"https:\/\/secovipr.com.br\/maringa\/condominios\/covid-19\/campanha-do-agasalho\/#webpage","url":"https:\/\/secovipr.com.br\/maringa\/condominios\/covid-19\/campanha-do-agasalho\/","name":"Campanha do Agasalho - Regional Noroeste","isPartOf":{"@id":"https:\/\/secovipr.com.br\/maringa\/#website"},"primaryImageOfPage":{"@id":"https:\/\/secovipr.com.br\/maringa\/condominios\/covid-19\/campanha-do-agasalho\/#primaryimage"},"datePublished":"2022-01-17T18:25:45+00:00","dateModified":"2022-01-17T18:25:53+00:00","breadcrumb":{"@id":"https:\/\/secovipr.com.br\/maringa\/condominios\/covid-19\/campanha-do-agasalho\/#breadcrumb"},"inLanguage":"pt-BR","potentialAction":[{"@type":"ReadAction","target":["https:\/\/secovipr.com.br\/maringa\/condominios\/covid-19\/campanha-do-agasalho\/"]}]},{"@type":"BreadcrumbList","@id":"https:\/\/secovipr.com.br\/maringa\/condominios\/covid-19\/campanha-do-agasalho\/#breadcrumb","itemListElement":[{"@type":"ListItem","position":1,"name":"In\u00edcio","item":"https:\/\/secovipr.com.br\/maringa\/"},{"@type":"ListItem","position":2,"name":"Condom\u00ednios","item":"https:\/\/secovipr.com.br\/maringa\/condominios\/"},{"@type":"ListItem","position":3,"name":"Covid-19","item":"https:\/\/secovipr.com.br\/maringa\/condominios\/covid-19\/"},{"@type":"ListItem","position":4,"name":"Campanha do Agasalho"}]}]}},"_links":{"self":[{"href":"https:\/\/secovipr.com.br\/maringa\/wp-json\/wp\/v2\/pages\/227"}],"collection":[{"href":"https:\/\/secovipr.com.br\/maringa\/wp-json\/wp\/v2\/pages"}],"about":[{"href":"https:\/\/secovipr.com.br\/maringa\/wp-json\/wp\/v2\/types\/page"}],"author":[{"embeddable":true,"href":"https:\/\/secovipr.com.br\/maringa\/wp-json\/wp\/v2\/users\/1"}],"replies":[{"embeddable":true,"href":"https:\/\/secovipr.com.br\/maringa\/wp-json\/wp\/v2\/comments?post=227"}],"version-history":[{"count":1,"href":"https:\/\/secovipr.com.br\/maringa\/wp-json\/wp\/v2\/pages\/227\/revisions"}],"predecessor-version":[{"id":230,"href":"https:\/\/secovipr.com.br\/maringa\/wp-json\/wp\/v2\/pages\/227\/revisions\/230"}],"up":[{"embeddable":true,"href":"https:\/\/secovipr.com.br\/maringa\/wp-json\/wp\/v2\/pages\/212"}],"wp:attachment":[{"href":"https:\/\/secovipr.com.br\/maringa\/wp-json\/wp\/v2\/media?parent=227"}],"curies":[{"name":"wp","href":"https:\/\/api.w.org\/{rel}","templated":true}]}}