{"id":220,"date":"2022-01-17T15:15:58","date_gmt":"2022-01-17T18:15:58","guid":{"rendered":"https:\/\/secovipr.com.br\/maringa\/?page_id=220"},"modified":"2022-01-17T15:15:59","modified_gmt":"2022-01-17T18:15:59","slug":"cartilha-condominio-sem-violencia","status":"publish","type":"page","link":"https:\/\/secovipr.com.br\/maringa\/condominios\/covid-19\/cartilha-condominio-sem-violencia\/","title":{"rendered":"Cartilha &#8211; Condom\u00ednio sem viol\u00eancia"},"content":{"rendered":"\n<div class=\"wp-block-file\"><object class=\"wp-block-file__embed\" data=\"https:\/\/secovipr.com.br\/maringa\/wp-content\/uploads\/sites\/4\/2022\/01\/AF_CARTILHA_violencia_condominios_2406_VF983.pdf\" type=\"application\/pdf\" style=\"width:100%;height:600px\" aria-label=\"Incorporado de AF_CARTILHA_violencia_condominios_2406_VF983.\"><\/object><a href=\"https:\/\/secovipr.com.br\/maringa\/wp-content\/uploads\/sites\/4\/2022\/01\/AF_CARTILHA_violencia_condominios_2406_VF983.pdf\">AF_CARTILHA_violencia_condominios_2406_VF983<\/a><a href=\"https:\/\/secovipr.com.br\/maringa\/wp-content\/uploads\/sites\/4\/2022\/01\/AF_CARTILHA_violencia_condominios_2406_VF983.pdf\" class=\"wp-block-file__button\" download>Baixar<\/a><\/div>\n","protected":false},"excerpt":{"rendered":"","protected":false},"author":1,"featured_media":0,"parent":212,"menu_order":0,"comment_status":"closed","ping_status":"closed","template":"","meta":[],"acf":[],"yoast_head":"<!-- This site is optimized with the Yoast SEO plugin v18.1 - https:\/\/yoast.com\/wordpress\/plugins\/seo\/ -->\n<title>Cartilha - Condom\u00ednio sem viol\u00eancia - Regional Noroeste<\/title>\n<meta name=\"robots\" content=\"noindex, follow, max-snippet:-1, max-image-preview:large, max-video-preview:-1\" \/>\n<meta property=\"og:locale\" content=\"pt_BR\" \/>\n<meta property=\"og:type\" content=\"article\" \/>\n<meta property=\"og:title\" content=\"Cartilha - Condom\u00ednio sem viol\u00eancia - Regional Noroeste\" \/>\n<meta property=\"og:url\" content=\"https:\/\/secovipr.com.br\/maringa\/condominios\/covid-19\/cartilha-condominio-sem-violencia\/\" \/>\n<meta property=\"og:site_name\" content=\"Regional Noroeste\" \/>\n<meta property=\"article:modified_time\" content=\"2022-01-17T18:15:59+00:00\" \/>\n<meta name=\"twitter:card\" content=\"summary_large_image\" \/>\n<meta name=\"twitter:label1\" content=\"Est. tempo de leitura\" \/>\n\t<meta name=\"twitter:data1\" content=\"1 minuto\" \/>\n<script type=\"application\/ld+json\" class=\"yoast-schema-graph\">{\"@context\":\"https:\/\/schema.org\",\"@graph\":[{\"@type\":\"WebSite\",\"@id\":\"https:\/\/secovipr.com.br\/maringa\/#website\",\"url\":\"https:\/\/secovipr.com.br\/maringa\/\",\"name\":\"Regional Noroeste\",\"description\":\"Sindicato da Habita\u00e7\u00e3o e Condom\u00ednios do Paran\u00e1\",\"potentialAction\":[{\"@type\":\"SearchAction\",\"target\":{\"@type\":\"EntryPoint\",\"urlTemplate\":\"https:\/\/secovipr.com.br\/maringa\/?s={search_term_string}\"},\"query-input\":\"required name=search_term_string\"}],\"inLanguage\":\"pt-BR\"},{\"@type\":\"WebPage\",\"@id\":\"https:\/\/secovipr.com.br\/maringa\/condominios\/covid-19\/cartilha-condominio-sem-violencia\/#webpage\",\"url\":\"https:\/\/secovipr.com.br\/maringa\/condominios\/covid-19\/cartilha-condominio-sem-violencia\/\",\"name\":\"Cartilha - Condom\u00ednio sem viol\u00eancia - Regional Noroeste\",\"isPartOf\":{\"@id\":\"https:\/\/secovipr.com.br\/maringa\/#website\"},\"datePublished\":\"2022-01-17T18:15:58+00:00\",\"dateModified\":\"2022-01-17T18:15:59+00:00\",\"breadcrumb\":{\"@id\":\"https:\/\/secovipr.com.br\/maringa\/condominios\/covid-19\/cartilha-condominio-sem-violencia\/#breadcrumb\"},\"inLanguage\":\"pt-BR\",\"potentialAction\":[{\"@type\":\"ReadAction\",\"target\":[\"https:\/\/secovipr.com.br\/maringa\/condominios\/covid-19\/cartilha-condominio-sem-violencia\/\"]}]},{\"@type\":\"BreadcrumbList\",\"@id\":\"https:\/\/secovipr.com.br\/maringa\/condominios\/covid-19\/cartilha-condominio-sem-violencia\/#breadcrumb\",\"itemListElement\":[{\"@type\":\"ListItem\",\"position\":1,\"name\":\"In\u00edcio\",\"item\":\"https:\/\/secovipr.com.br\/maringa\/\"},{\"@type\":\"ListItem\",\"position\":2,\"name\":\"Condom\u00ednios\",\"item\":\"https:\/\/secovipr.com.br\/maringa\/condominios\/\"},{\"@type\":\"ListItem\",\"position\":3,\"name\":\"Covid-19\",\"item\":\"https:\/\/secovipr.com.br\/maringa\/condominios\/covid-19\/\"},{\"@type\":\"ListItem\",\"position\":4,\"name\":\"Cartilha &#8211; Condom\u00ednio sem viol\u00eancia\"}]}]}<\/script>\n<!-- \/ Yoast SEO plugin. -->","yoast_head_json":{"title":"Cartilha - Condom\u00ednio sem viol\u00eancia - Regional Noroeste","robots":{"index":"noindex","follow":"follow","max-snippet":"max-snippet:-1","max-image-preview":"max-image-preview:large","max-video-preview":"max-video-preview:-1"},"og_locale":"pt_BR","og_type":"article","og_title":"Cartilha - Condom\u00ednio sem viol\u00eancia - Regional Noroeste","og_url":"https:\/\/secovipr.com.br\/maringa\/condominios\/covid-19\/cartilha-condominio-sem-violencia\/","og_site_name":"Regional Noroeste","article_modified_time":"2022-01-17T18:15:59+00:00","twitter_card":"summary_large_image","twitter_misc":{"Est. tempo de leitura":"1 minuto"},"schema":{"@context":"https:\/\/schema.org","@graph":[{"@type":"WebSite","@id":"https:\/\/secovipr.com.br\/maringa\/#website","url":"https:\/\/secovipr.com.br\/maringa\/","name":"Regional Noroeste","description":"Sindicato da Habita\u00e7\u00e3o e Condom\u00ednios do Paran\u00e1","potentialAction":[{"@type":"SearchAction","target":{"@type":"EntryPoint","urlTemplate":"https:\/\/secovipr.com.br\/maringa\/?s={search_term_string}"},"query-input":"required name=search_term_string"}],"inLanguage":"pt-BR"},{"@type":"WebPage","@id":"https:\/\/secovipr.com.br\/maringa\/condominios\/covid-19\/cartilha-condominio-sem-violencia\/#webpage","url":"https:\/\/secovipr.com.br\/maringa\/condominios\/covid-19\/cartilha-condominio-sem-violencia\/","name":"Cartilha - Condom\u00ednio sem viol\u00eancia - Regional Noroeste","isPartOf":{"@id":"https:\/\/secovipr.com.br\/maringa\/#website"},"datePublished":"2022-01-17T18:15:58+00:00","dateModified":"2022-01-17T18:15:59+00:00","breadcrumb":{"@id":"https:\/\/secovipr.com.br\/maringa\/condominios\/covid-19\/cartilha-condominio-sem-violencia\/#breadcrumb"},"inLanguage":"pt-BR","potentialAction":[{"@type":"ReadAction","target":["https:\/\/secovipr.com.br\/maringa\/condominios\/covid-19\/cartilha-condominio-sem-violencia\/"]}]},{"@type":"BreadcrumbList","@id":"https:\/\/secovipr.com.br\/maringa\/condominios\/covid-19\/cartilha-condominio-sem-violencia\/#breadcrumb","itemListElement":[{"@type":"ListItem","position":1,"name":"In\u00edcio","item":"https:\/\/secovipr.com.br\/maringa\/"},{"@type":"ListItem","position":2,"name":"Condom\u00ednios","item":"https:\/\/secovipr.com.br\/maringa\/condominios\/"},{"@type":"ListItem","position":3,"name":"Covid-19","item":"https:\/\/secovipr.com.br\/maringa\/condominios\/covid-19\/"},{"@type":"ListItem","position":4,"name":"Cartilha &#8211; Condom\u00ednio sem viol\u00eancia"}]}]}},"_links":{"self":[{"href":"https:\/\/secovipr.com.br\/maringa\/wp-json\/wp\/v2\/pages\/220"}],"collection":[{"href":"https:\/\/secovipr.com.br\/maringa\/wp-json\/wp\/v2\/pages"}],"about":[{"href":"https:\/\/secovipr.com.br\/maringa\/wp-json\/wp\/v2\/types\/page"}],"author":[{"embeddable":true,"href":"https:\/\/secovipr.com.br\/maringa\/wp-json\/wp\/v2\/users\/1"}],"replies":[{"embeddable":true,"href":"https:\/\/secovipr.com.br\/maringa\/wp-json\/wp\/v2\/comments?post=220"}],"version-history":[{"count":1,"href":"https:\/\/secovipr.com.br\/maringa\/wp-json\/wp\/v2\/pages\/220\/revisions"}],"predecessor-version":[{"id":224,"href":"https:\/\/secovipr.com.br\/maringa\/wp-json\/wp\/v2\/pages\/220\/revisions\/224"}],"up":[{"embeddable":true,"href":"https:\/\/secovipr.com.br\/maringa\/wp-json\/wp\/v2\/pages\/212"}],"wp:attachment":[{"href":"https:\/\/secovipr.com.br\/maringa\/wp-json\/wp\/v2\/media?parent=220"}],"curies":[{"name":"wp","href":"https:\/\/api.w.org\/{rel}","templated":true}]}}