{"id":212,"date":"2022-01-17T14:57:11","date_gmt":"2022-01-17T17:57:11","guid":{"rendered":"https:\/\/secovipr.com.br\/maringa\/?page_id=212"},"modified":"2022-01-17T15:26:46","modified_gmt":"2022-01-17T18:26:46","slug":"covid-19","status":"publish","type":"page","link":"https:\/\/secovipr.com.br\/maringa\/condominios\/covid-19\/","title":{"rendered":"Covid-19"},"content":{"rendered":"\n<h3>Comunicado Coronav\u00edrus<\/h3>\n\n\n\n<div class=\"wp-block-columns\">\n<div class=\"wp-block-column\">\n<figure class=\"wp-block-image size-large\"><a href=\"https:\/\/secovipr.com.br\/maringa\/arquivos\/SECOVI-PR_-_COVID-19_-_Perguntas_e_respostas_para_a_vida_em_condominio_compactado_(1)[953].pdf\" target=\"_blank\" rel=\"noopener\"><img loading=\"lazy\" width=\"1024\" height=\"410\" src=\"https:\/\/secovipr.com.br\/maringa\/wp-content\/uploads\/sites\/4\/2022\/01\/condominios-e-o-covid-19-1024x410.jpg\" alt=\"\" class=\"wp-image-213\" srcset=\"https:\/\/secovipr.com.br\/maringa\/wp-content\/uploads\/sites\/4\/2022\/01\/condominios-e-o-covid-19-1024x410.jpg 1024w, https:\/\/secovipr.com.br\/maringa\/wp-content\/uploads\/sites\/4\/2022\/01\/condominios-e-o-covid-19-300x120.jpg 300w, https:\/\/secovipr.com.br\/maringa\/wp-content\/uploads\/sites\/4\/2022\/01\/condominios-e-o-covid-19-768x307.jpg 768w, https:\/\/secovipr.com.br\/maringa\/wp-content\/uploads\/sites\/4\/2022\/01\/condominios-e-o-covid-19.jpg 1250w\" sizes=\"(max-width: 1024px) 100vw, 1024px\" \/><\/a><\/figure>\n<\/div>\n\n\n\n<div class=\"wp-block-column\">\n<figure class=\"wp-block-image size-large\"><a href=\"https:\/\/secovipr.com.br\/maringa\/condominios\/covid-19\/cartilha-condominio-sem-violencia\/\"><img loading=\"lazy\" width=\"1024\" height=\"466\" src=\"https:\/\/secovipr.com.br\/maringa\/wp-content\/uploads\/sites\/4\/2022\/01\/condominio-sem-violencia-1024x466.png\" alt=\"\" class=\"wp-image-214\" srcset=\"https:\/\/secovipr.com.br\/maringa\/wp-content\/uploads\/sites\/4\/2022\/01\/condominio-sem-violencia-1024x466.png 1024w, https:\/\/secovipr.com.br\/maringa\/wp-content\/uploads\/sites\/4\/2022\/01\/condominio-sem-violencia-300x136.png 300w, https:\/\/secovipr.com.br\/maringa\/wp-content\/uploads\/sites\/4\/2022\/01\/condominio-sem-violencia-768x349.png 768w, https:\/\/secovipr.com.br\/maringa\/wp-content\/uploads\/sites\/4\/2022\/01\/condominio-sem-violencia-1536x698.png 1536w, https:\/\/secovipr.com.br\/maringa\/wp-content\/uploads\/sites\/4\/2022\/01\/condominio-sem-violencia.png 1711w\" sizes=\"(max-width: 1024px) 100vw, 1024px\" \/><\/a><\/figure>\n<\/div>\n<\/div>\n\n\n\n<div class=\"wp-block-columns\">\n<div class=\"wp-block-column\">\n<figure class=\"wp-block-image size-full\"><a href=\"https:\/\/secovipr.com.br\/maringa\/condominios\/covid-19\/campanha-do-agasalho\/\"><img loading=\"lazy\" width=\"526\" height=\"210\" src=\"https:\/\/secovipr.com.br\/maringa\/wp-content\/uploads\/sites\/4\/2022\/01\/campanha-agasalho.jpg\" alt=\"\" class=\"wp-image-218\" srcset=\"https:\/\/secovipr.com.br\/maringa\/wp-content\/uploads\/sites\/4\/2022\/01\/campanha-agasalho.jpg 526w, https:\/\/secovipr.com.br\/maringa\/wp-content\/uploads\/sites\/4\/2022\/01\/campanha-agasalho-300x120.jpg 300w\" sizes=\"(max-width: 526px) 100vw, 526px\" \/><\/a><\/figure>\n<\/div>\n\n\n\n<div class=\"wp-block-column\"><\/div>\n<\/div>\n","protected":false},"excerpt":{"rendered":"<p>Comunicado Coronav\u00edrus<\/p>\n","protected":false},"author":1,"featured_media":0,"parent":42,"menu_order":0,"comment_status":"closed","ping_status":"closed","template":"","meta":[],"acf":[],"yoast_head":"<!-- This site is optimized with the Yoast SEO plugin v18.1 - https:\/\/yoast.com\/wordpress\/plugins\/seo\/ -->\n<title>Covid-19 - Regional Noroeste<\/title>\n<meta name=\"robots\" content=\"noindex, follow, max-snippet:-1, max-image-preview:large, max-video-preview:-1\" \/>\n<meta property=\"og:locale\" content=\"pt_BR\" \/>\n<meta property=\"og:type\" content=\"article\" \/>\n<meta property=\"og:title\" content=\"Covid-19 - Regional Noroeste\" \/>\n<meta property=\"og:description\" content=\"Comunicado Coronav\u00edrus\" \/>\n<meta property=\"og:url\" content=\"https:\/\/secovipr.com.br\/maringa\/condominios\/covid-19\/\" \/>\n<meta property=\"og:site_name\" content=\"Regional Noroeste\" \/>\n<meta property=\"article:modified_time\" content=\"2022-01-17T18:26:46+00:00\" \/>\n<meta property=\"og:image\" content=\"https:\/\/secovipr.com.br\/maringa\/wp-content\/uploads\/sites\/4\/2022\/01\/condominios-e-o-covid-19-1024x410.jpg\" \/>\n<meta name=\"twitter:card\" content=\"summary_large_image\" \/>\n<meta name=\"twitter:label1\" content=\"Est. tempo de leitura\" \/>\n\t<meta name=\"twitter:data1\" content=\"1 minuto\" \/>\n<script type=\"application\/ld+json\" class=\"yoast-schema-graph\">{\"@context\":\"https:\/\/schema.org\",\"@graph\":[{\"@type\":\"WebSite\",\"@id\":\"https:\/\/secovipr.com.br\/maringa\/#website\",\"url\":\"https:\/\/secovipr.com.br\/maringa\/\",\"name\":\"Regional Noroeste\",\"description\":\"Sindicato da Habita\u00e7\u00e3o e Condom\u00ednios do Paran\u00e1\",\"potentialAction\":[{\"@type\":\"SearchAction\",\"target\":{\"@type\":\"EntryPoint\",\"urlTemplate\":\"https:\/\/secovipr.com.br\/maringa\/?s={search_term_string}\"},\"query-input\":\"required name=search_term_string\"}],\"inLanguage\":\"pt-BR\"},{\"@type\":\"ImageObject\",\"@id\":\"https:\/\/secovipr.com.br\/maringa\/condominios\/covid-19\/#primaryimage\",\"inLanguage\":\"pt-BR\",\"url\":\"https:\/\/secovipr.com.br\/maringa\/wp-content\/uploads\/sites\/4\/2022\/01\/condominios-e-o-covid-19.jpg\",\"contentUrl\":\"https:\/\/secovipr.com.br\/maringa\/wp-content\/uploads\/sites\/4\/2022\/01\/condominios-e-o-covid-19.jpg\",\"width\":1250,\"height\":500},{\"@type\":\"WebPage\",\"@id\":\"https:\/\/secovipr.com.br\/maringa\/condominios\/covid-19\/#webpage\",\"url\":\"https:\/\/secovipr.com.br\/maringa\/condominios\/covid-19\/\",\"name\":\"Covid-19 - Regional Noroeste\",\"isPartOf\":{\"@id\":\"https:\/\/secovipr.com.br\/maringa\/#website\"},\"primaryImageOfPage\":{\"@id\":\"https:\/\/secovipr.com.br\/maringa\/condominios\/covid-19\/#primaryimage\"},\"datePublished\":\"2022-01-17T17:57:11+00:00\",\"dateModified\":\"2022-01-17T18:26:46+00:00\",\"breadcrumb\":{\"@id\":\"https:\/\/secovipr.com.br\/maringa\/condominios\/covid-19\/#breadcrumb\"},\"inLanguage\":\"pt-BR\",\"potentialAction\":[{\"@type\":\"ReadAction\",\"target\":[\"https:\/\/secovipr.com.br\/maringa\/condominios\/covid-19\/\"]}]},{\"@type\":\"BreadcrumbList\",\"@id\":\"https:\/\/secovipr.com.br\/maringa\/condominios\/covid-19\/#breadcrumb\",\"itemListElement\":[{\"@type\":\"ListItem\",\"position\":1,\"name\":\"In\u00edcio\",\"item\":\"https:\/\/secovipr.com.br\/maringa\/\"},{\"@type\":\"ListItem\",\"position\":2,\"name\":\"Condom\u00ednios\",\"item\":\"https:\/\/secovipr.com.br\/maringa\/condominios\/\"},{\"@type\":\"ListItem\",\"position\":3,\"name\":\"Covid-19\"}]}]}<\/script>\n<!-- \/ Yoast SEO plugin. -->","yoast_head_json":{"title":"Covid-19 - Regional Noroeste","robots":{"index":"noindex","follow":"follow","max-snippet":"max-snippet:-1","max-image-preview":"max-image-preview:large","max-video-preview":"max-video-preview:-1"},"og_locale":"pt_BR","og_type":"article","og_title":"Covid-19 - Regional Noroeste","og_description":"Comunicado Coronav\u00edrus","og_url":"https:\/\/secovipr.com.br\/maringa\/condominios\/covid-19\/","og_site_name":"Regional Noroeste","article_modified_time":"2022-01-17T18:26:46+00:00","og_image":[{"url":"https:\/\/secovipr.com.br\/maringa\/wp-content\/uploads\/sites\/4\/2022\/01\/condominios-e-o-covid-19-1024x410.jpg"}],"twitter_card":"summary_large_image","twitter_misc":{"Est. tempo de leitura":"1 minuto"},"schema":{"@context":"https:\/\/schema.org","@graph":[{"@type":"WebSite","@id":"https:\/\/secovipr.com.br\/maringa\/#website","url":"https:\/\/secovipr.com.br\/maringa\/","name":"Regional Noroeste","description":"Sindicato da Habita\u00e7\u00e3o e Condom\u00ednios do Paran\u00e1","potentialAction":[{"@type":"SearchAction","target":{"@type":"EntryPoint","urlTemplate":"https:\/\/secovipr.com.br\/maringa\/?s={search_term_string}"},"query-input":"required name=search_term_string"}],"inLanguage":"pt-BR"},{"@type":"ImageObject","@id":"https:\/\/secovipr.com.br\/maringa\/condominios\/covid-19\/#primaryimage","inLanguage":"pt-BR","url":"https:\/\/secovipr.com.br\/maringa\/wp-content\/uploads\/sites\/4\/2022\/01\/condominios-e-o-covid-19.jpg","contentUrl":"https:\/\/secovipr.com.br\/maringa\/wp-content\/uploads\/sites\/4\/2022\/01\/condominios-e-o-covid-19.jpg","width":1250,"height":500},{"@type":"WebPage","@id":"https:\/\/secovipr.com.br\/maringa\/condominios\/covid-19\/#webpage","url":"https:\/\/secovipr.com.br\/maringa\/condominios\/covid-19\/","name":"Covid-19 - Regional Noroeste","isPartOf":{"@id":"https:\/\/secovipr.com.br\/maringa\/#website"},"primaryImageOfPage":{"@id":"https:\/\/secovipr.com.br\/maringa\/condominios\/covid-19\/#primaryimage"},"datePublished":"2022-01-17T17:57:11+00:00","dateModified":"2022-01-17T18:26:46+00:00","breadcrumb":{"@id":"https:\/\/secovipr.com.br\/maringa\/condominios\/covid-19\/#breadcrumb"},"inLanguage":"pt-BR","potentialAction":[{"@type":"ReadAction","target":["https:\/\/secovipr.com.br\/maringa\/condominios\/covid-19\/"]}]},{"@type":"BreadcrumbList","@id":"https:\/\/secovipr.com.br\/maringa\/condominios\/covid-19\/#breadcrumb","itemListElement":[{"@type":"ListItem","position":1,"name":"In\u00edcio","item":"https:\/\/secovipr.com.br\/maringa\/"},{"@type":"ListItem","position":2,"name":"Condom\u00ednios","item":"https:\/\/secovipr.com.br\/maringa\/condominios\/"},{"@type":"ListItem","position":3,"name":"Covid-19"}]}]}},"_links":{"self":[{"href":"https:\/\/secovipr.com.br\/maringa\/wp-json\/wp\/v2\/pages\/212"}],"collection":[{"href":"https:\/\/secovipr.com.br\/maringa\/wp-json\/wp\/v2\/pages"}],"about":[{"href":"https:\/\/secovipr.com.br\/maringa\/wp-json\/wp\/v2\/types\/page"}],"author":[{"embeddable":true,"href":"https:\/\/secovipr.com.br\/maringa\/wp-json\/wp\/v2\/users\/1"}],"replies":[{"embeddable":true,"href":"https:\/\/secovipr.com.br\/maringa\/wp-json\/wp\/v2\/comments?post=212"}],"version-history":[{"count":5,"href":"https:\/\/secovipr.com.br\/maringa\/wp-json\/wp\/v2\/pages\/212\/revisions"}],"predecessor-version":[{"id":231,"href":"https:\/\/secovipr.com.br\/maringa\/wp-json\/wp\/v2\/pages\/212\/revisions\/231"}],"up":[{"embeddable":true,"href":"https:\/\/secovipr.com.br\/maringa\/wp-json\/wp\/v2\/pages\/42"}],"wp:attachment":[{"href":"https:\/\/secovipr.com.br\/maringa\/wp-json\/wp\/v2\/media?parent=212"}],"curies":[{"name":"wp","href":"https:\/\/api.w.org\/{rel}","templated":true}]}}