{"id":205,"date":"2022-01-17T13:46:43","date_gmt":"2022-01-17T16:46:43","guid":{"rendered":"https:\/\/secovipr.com.br\/maringa\/?page_id=205"},"modified":"2022-01-17T13:47:04","modified_gmt":"2022-01-17T16:47:04","slug":"lei-contrato-de-locacao","status":"publish","type":"page","link":"https:\/\/secovipr.com.br\/maringa\/empresas\/lei-contrato-de-locacao\/","title":{"rendered":"Lei &#8211; Contrato de Loca\u00e7\u00e3o"},"content":{"rendered":"\n<h4>Titulo I &#8211; Da loca\u00e7\u00e3o<\/h4>\n\n\n\n<p>CAP\u00cdTULO I<br>DISPOSI\u00c7\u00d5ES GERAIS<br>SE\u00c7\u00c3O I &#8211; DA LOCA\u00c7\u00c3O<br>EM GERAL<\/p>\n\n\n\n<ol><li>Abrang\u00eancia da presente lei.<\/li><\/ol>\n\n\n\n<p>Artigo 1\u00ba &#8211; A loca\u00e7\u00e3o de im\u00f3vel urbano regula-se pelo disposto nesta Lei.<br>Par\u00e1grafo \u00danico &#8211; Continuam reguladas pelo C\u00f3digo Civil e pelas leis especiais:<\/p>\n\n\n\n<p>a) as loca\u00e7\u00f5es:<\/p>\n\n\n\n<ol><li>de im\u00f3veis de propriedade da Uni\u00e3o, dos Estados e dos Munic\u00edpios, de suas autarquias e funda\u00e7\u00f5es p\u00fablicas;<\/li><li>de vagas aut\u00f4nomas de garagem ou de espa\u00e7os para estacionamento de ve\u00edculos;<\/li><li>de espa\u00e7os destinados \u00e0 publicidade;<\/li><li>em apart-hot\u00e9is, hot\u00e9is-resid\u00eancias ou equiparados, assim considerados aqueles que prestam servi\u00e7os regulares a seus usu\u00e1rios e como tais sejam autorizados a funcionar;<\/li><\/ol>\n\n\n\n<hr class=\"wp-block-separator\"\/>\n\n\n\n<p>Fa\u00e7a o download do texto na integra:<\/p>\n\n\n\n<div class=\"wp-container-1 wp-block-buttons\">\n<div class=\"wp-block-button\"><a class=\"wp-block-button__link\" href=\"https:\/\/secovipr.com.br\/maringa\/arquivos\/empresas_lei_contrato_de_locacao[25].pdf\">Download<\/a><\/div>\n<\/div>\n","protected":false},"excerpt":{"rendered":"<p>Titulo I &#8211; Da loca\u00e7\u00e3o CAP\u00cdTULO IDISPOSI\u00c7\u00d5ES GERAISSE\u00c7\u00c3O I &#8211; DA LOCA\u00c7\u00c3OEM GERAL Abrang\u00eancia da presente lei. Artigo 1\u00ba &#8211; A loca\u00e7\u00e3o de im\u00f3vel urbano regula-se pelo disposto nesta Lei.Par\u00e1grafo \u00danico &#8211; Continuam reguladas pelo C\u00f3digo Civil e pelas leis especiais: a) as loca\u00e7\u00f5es: de im\u00f3veis de propriedade da Uni\u00e3o, dos Estados e dos Munic\u00edpios, [&hellip;]<\/p>\n","protected":false},"author":1,"featured_media":0,"parent":40,"menu_order":0,"comment_status":"closed","ping_status":"closed","template":"","meta":[],"acf":[],"yoast_head":"<!-- This site is optimized with the Yoast SEO plugin v18.1 - https:\/\/yoast.com\/wordpress\/plugins\/seo\/ -->\n<title>Lei - Contrato de Loca\u00e7\u00e3o - Regional Noroeste<\/title>\n<meta name=\"robots\" content=\"noindex, follow, max-snippet:-1, max-image-preview:large, max-video-preview:-1\" \/>\n<meta property=\"og:locale\" content=\"pt_BR\" \/>\n<meta property=\"og:type\" content=\"article\" \/>\n<meta property=\"og:title\" content=\"Lei - Contrato de Loca\u00e7\u00e3o - Regional Noroeste\" \/>\n<meta property=\"og:description\" content=\"Titulo I &#8211; Da loca\u00e7\u00e3o CAP\u00cdTULO IDISPOSI\u00c7\u00d5ES GERAISSE\u00c7\u00c3O I &#8211; DA LOCA\u00c7\u00c3OEM GERAL Abrang\u00eancia da presente lei. Artigo 1\u00ba &#8211; A loca\u00e7\u00e3o de im\u00f3vel urbano regula-se pelo disposto nesta Lei.Par\u00e1grafo \u00danico &#8211; Continuam reguladas pelo C\u00f3digo Civil e pelas leis especiais: a) as loca\u00e7\u00f5es: de im\u00f3veis de propriedade da Uni\u00e3o, dos Estados e dos Munic\u00edpios, [&hellip;]\" \/>\n<meta property=\"og:url\" content=\"https:\/\/secovipr.com.br\/maringa\/empresas\/lei-contrato-de-locacao\/\" \/>\n<meta property=\"og:site_name\" content=\"Regional Noroeste\" \/>\n<meta property=\"article:modified_time\" content=\"2022-01-17T16:47:04+00:00\" \/>\n<meta name=\"twitter:card\" content=\"summary_large_image\" \/>\n<meta name=\"twitter:label1\" content=\"Est. tempo de leitura\" \/>\n\t<meta name=\"twitter:data1\" content=\"1 minuto\" \/>\n<script type=\"application\/ld+json\" class=\"yoast-schema-graph\">{\"@context\":\"https:\/\/schema.org\",\"@graph\":[{\"@type\":\"WebSite\",\"@id\":\"https:\/\/secovipr.com.br\/maringa\/#website\",\"url\":\"https:\/\/secovipr.com.br\/maringa\/\",\"name\":\"Regional Noroeste\",\"description\":\"Sindicato da Habita\u00e7\u00e3o e Condom\u00ednios do Paran\u00e1\",\"potentialAction\":[{\"@type\":\"SearchAction\",\"target\":{\"@type\":\"EntryPoint\",\"urlTemplate\":\"https:\/\/secovipr.com.br\/maringa\/?s={search_term_string}\"},\"query-input\":\"required name=search_term_string\"}],\"inLanguage\":\"pt-BR\"},{\"@type\":\"WebPage\",\"@id\":\"https:\/\/secovipr.com.br\/maringa\/empresas\/lei-contrato-de-locacao\/#webpage\",\"url\":\"https:\/\/secovipr.com.br\/maringa\/empresas\/lei-contrato-de-locacao\/\",\"name\":\"Lei - Contrato de Loca\u00e7\u00e3o - Regional Noroeste\",\"isPartOf\":{\"@id\":\"https:\/\/secovipr.com.br\/maringa\/#website\"},\"datePublished\":\"2022-01-17T16:46:43+00:00\",\"dateModified\":\"2022-01-17T16:47:04+00:00\",\"breadcrumb\":{\"@id\":\"https:\/\/secovipr.com.br\/maringa\/empresas\/lei-contrato-de-locacao\/#breadcrumb\"},\"inLanguage\":\"pt-BR\",\"potentialAction\":[{\"@type\":\"ReadAction\",\"target\":[\"https:\/\/secovipr.com.br\/maringa\/empresas\/lei-contrato-de-locacao\/\"]}]},{\"@type\":\"BreadcrumbList\",\"@id\":\"https:\/\/secovipr.com.br\/maringa\/empresas\/lei-contrato-de-locacao\/#breadcrumb\",\"itemListElement\":[{\"@type\":\"ListItem\",\"position\":1,\"name\":\"In\u00edcio\",\"item\":\"https:\/\/secovipr.com.br\/maringa\/\"},{\"@type\":\"ListItem\",\"position\":2,\"name\":\"Empresas\",\"item\":\"https:\/\/secovipr.com.br\/maringa\/empresas\/\"},{\"@type\":\"ListItem\",\"position\":3,\"name\":\"Lei &#8211; Contrato de Loca\u00e7\u00e3o\"}]}]}<\/script>\n<!-- \/ Yoast SEO plugin. -->","yoast_head_json":{"title":"Lei - Contrato de Loca\u00e7\u00e3o - Regional Noroeste","robots":{"index":"noindex","follow":"follow","max-snippet":"max-snippet:-1","max-image-preview":"max-image-preview:large","max-video-preview":"max-video-preview:-1"},"og_locale":"pt_BR","og_type":"article","og_title":"Lei - Contrato de Loca\u00e7\u00e3o - Regional Noroeste","og_description":"Titulo I &#8211; Da loca\u00e7\u00e3o CAP\u00cdTULO IDISPOSI\u00c7\u00d5ES GERAISSE\u00c7\u00c3O I &#8211; DA LOCA\u00c7\u00c3OEM GERAL Abrang\u00eancia da presente lei. Artigo 1\u00ba &#8211; A loca\u00e7\u00e3o de im\u00f3vel urbano regula-se pelo disposto nesta Lei.Par\u00e1grafo \u00danico &#8211; Continuam reguladas pelo C\u00f3digo Civil e pelas leis especiais: a) as loca\u00e7\u00f5es: de im\u00f3veis de propriedade da Uni\u00e3o, dos Estados e dos Munic\u00edpios, [&hellip;]","og_url":"https:\/\/secovipr.com.br\/maringa\/empresas\/lei-contrato-de-locacao\/","og_site_name":"Regional Noroeste","article_modified_time":"2022-01-17T16:47:04+00:00","twitter_card":"summary_large_image","twitter_misc":{"Est. tempo de leitura":"1 minuto"},"schema":{"@context":"https:\/\/schema.org","@graph":[{"@type":"WebSite","@id":"https:\/\/secovipr.com.br\/maringa\/#website","url":"https:\/\/secovipr.com.br\/maringa\/","name":"Regional Noroeste","description":"Sindicato da Habita\u00e7\u00e3o e Condom\u00ednios do Paran\u00e1","potentialAction":[{"@type":"SearchAction","target":{"@type":"EntryPoint","urlTemplate":"https:\/\/secovipr.com.br\/maringa\/?s={search_term_string}"},"query-input":"required name=search_term_string"}],"inLanguage":"pt-BR"},{"@type":"WebPage","@id":"https:\/\/secovipr.com.br\/maringa\/empresas\/lei-contrato-de-locacao\/#webpage","url":"https:\/\/secovipr.com.br\/maringa\/empresas\/lei-contrato-de-locacao\/","name":"Lei - Contrato de Loca\u00e7\u00e3o - Regional Noroeste","isPartOf":{"@id":"https:\/\/secovipr.com.br\/maringa\/#website"},"datePublished":"2022-01-17T16:46:43+00:00","dateModified":"2022-01-17T16:47:04+00:00","breadcrumb":{"@id":"https:\/\/secovipr.com.br\/maringa\/empresas\/lei-contrato-de-locacao\/#breadcrumb"},"inLanguage":"pt-BR","potentialAction":[{"@type":"ReadAction","target":["https:\/\/secovipr.com.br\/maringa\/empresas\/lei-contrato-de-locacao\/"]}]},{"@type":"BreadcrumbList","@id":"https:\/\/secovipr.com.br\/maringa\/empresas\/lei-contrato-de-locacao\/#breadcrumb","itemListElement":[{"@type":"ListItem","position":1,"name":"In\u00edcio","item":"https:\/\/secovipr.com.br\/maringa\/"},{"@type":"ListItem","position":2,"name":"Empresas","item":"https:\/\/secovipr.com.br\/maringa\/empresas\/"},{"@type":"ListItem","position":3,"name":"Lei &#8211; Contrato de Loca\u00e7\u00e3o"}]}]}},"_links":{"self":[{"href":"https:\/\/secovipr.com.br\/maringa\/wp-json\/wp\/v2\/pages\/205"}],"collection":[{"href":"https:\/\/secovipr.com.br\/maringa\/wp-json\/wp\/v2\/pages"}],"about":[{"href":"https:\/\/secovipr.com.br\/maringa\/wp-json\/wp\/v2\/types\/page"}],"author":[{"embeddable":true,"href":"https:\/\/secovipr.com.br\/maringa\/wp-json\/wp\/v2\/users\/1"}],"replies":[{"embeddable":true,"href":"https:\/\/secovipr.com.br\/maringa\/wp-json\/wp\/v2\/comments?post=205"}],"version-history":[{"count":2,"href":"https:\/\/secovipr.com.br\/maringa\/wp-json\/wp\/v2\/pages\/205\/revisions"}],"predecessor-version":[{"id":207,"href":"https:\/\/secovipr.com.br\/maringa\/wp-json\/wp\/v2\/pages\/205\/revisions\/207"}],"up":[{"embeddable":true,"href":"https:\/\/secovipr.com.br\/maringa\/wp-json\/wp\/v2\/pages\/40"}],"wp:attachment":[{"href":"https:\/\/secovipr.com.br\/maringa\/wp-json\/wp\/v2\/media?parent=205"}],"curies":[{"name":"wp","href":"https:\/\/api.w.org\/{rel}","templated":true}]}}