{"id":203,"date":"2022-01-17T13:44:33","date_gmt":"2022-01-17T16:44:33","guid":{"rendered":"https:\/\/secovipr.com.br\/maringa\/?page_id=203"},"modified":"2022-01-17T13:47:18","modified_gmt":"2022-01-17T16:47:18","slug":"lei-comercializacao-imobiliaria","status":"publish","type":"page","link":"https:\/\/secovipr.com.br\/maringa\/empresas\/lei-comercializacao-imobiliaria\/","title":{"rendered":"Lei &#8211; Comercializa\u00e7\u00e3o Imobili\u00e1ria"},"content":{"rendered":"\n<h3><strong>C<\/strong>omercializa\u00e7\u00e3o Imobili\u00e1ria<\/h3>\n\n\n\n<p>Principais informa\u00e7\u00f5es que dever\u00e3o ser observadas pelas empresas de compra e venda a partir de 11 de janeiro de 2003<\/p>\n\n\n\n<p>Com a entrada em vigor da Lei 10.406\/2002, Novo C\u00f3digo Civil Brasileiro, algumas altera\u00e7\u00f5es dever\u00e3o ser observadas pelas empresas de compra e venda de im\u00f3veis. Os reflexos da nova legisla\u00e7\u00e3o atingir\u00e3o gradativamente os contratos de compra e venda e o SECOVI-PR estar\u00e1 estudando situa\u00e7\u00f5es concretas, buscando a melhor fundamenta\u00e7\u00e3o jur\u00eddica para prevenir as situa\u00e7\u00f5es contratuais.<\/p>\n\n\n\n<p>Contudo, inicialmente apontamos algumas regras do novo texto legal que dever\u00e3o ser adaptadas aos contratos de compra e venda a partir de 11 de janeiro de 2003:<\/p>\n\n\n\n<hr class=\"wp-block-separator\"\/>\n\n\n\n<p>Fa\u00e7a o download do texto na integra:<\/p>\n\n\n\n<div class=\"wp-container-1 wp-block-buttons\">\n<div class=\"wp-block-button\"><a class=\"wp-block-button__link\" href=\"https:\/\/secovipr.com.br\/maringa\/arquivos\/Empresas_Lei_Comercializacao_Imobiliaria[24].pdf\">Download<\/a><\/div>\n<\/div>\n","protected":false},"excerpt":{"rendered":"<p>Comercializa\u00e7\u00e3o Imobili\u00e1ria Principais informa\u00e7\u00f5es que dever\u00e3o ser observadas pelas empresas de compra e venda a partir de 11 de janeiro de 2003 Com a entrada em vigor da Lei 10.406\/2002, Novo C\u00f3digo Civil Brasileiro, algumas altera\u00e7\u00f5es dever\u00e3o ser observadas pelas empresas de compra e venda de im\u00f3veis. Os reflexos da nova legisla\u00e7\u00e3o atingir\u00e3o gradativamente os [&hellip;]<\/p>\n","protected":false},"author":1,"featured_media":0,"parent":40,"menu_order":0,"comment_status":"closed","ping_status":"closed","template":"","meta":[],"acf":[],"yoast_head":"<!-- This site is optimized with the Yoast SEO plugin v18.1 - https:\/\/yoast.com\/wordpress\/plugins\/seo\/ -->\n<title>Lei - Comercializa\u00e7\u00e3o Imobili\u00e1ria - Regional Noroeste<\/title>\n<meta name=\"robots\" content=\"noindex, follow, max-snippet:-1, max-image-preview:large, max-video-preview:-1\" \/>\n<meta property=\"og:locale\" content=\"pt_BR\" \/>\n<meta property=\"og:type\" content=\"article\" \/>\n<meta property=\"og:title\" content=\"Lei - Comercializa\u00e7\u00e3o Imobili\u00e1ria - Regional Noroeste\" \/>\n<meta property=\"og:description\" content=\"Comercializa\u00e7\u00e3o Imobili\u00e1ria Principais informa\u00e7\u00f5es que dever\u00e3o ser observadas pelas empresas de compra e venda a partir de 11 de janeiro de 2003 Com a entrada em vigor da Lei 10.406\/2002, Novo C\u00f3digo Civil Brasileiro, algumas altera\u00e7\u00f5es dever\u00e3o ser observadas pelas empresas de compra e venda de im\u00f3veis. Os reflexos da nova legisla\u00e7\u00e3o atingir\u00e3o gradativamente os [&hellip;]\" \/>\n<meta property=\"og:url\" content=\"https:\/\/secovipr.com.br\/maringa\/empresas\/lei-comercializacao-imobiliaria\/\" \/>\n<meta property=\"og:site_name\" content=\"Regional Noroeste\" \/>\n<meta property=\"article:modified_time\" content=\"2022-01-17T16:47:18+00:00\" \/>\n<meta name=\"twitter:card\" content=\"summary_large_image\" \/>\n<meta name=\"twitter:label1\" content=\"Est. tempo de leitura\" \/>\n\t<meta name=\"twitter:data1\" content=\"1 minuto\" \/>\n<script type=\"application\/ld+json\" class=\"yoast-schema-graph\">{\"@context\":\"https:\/\/schema.org\",\"@graph\":[{\"@type\":\"WebSite\",\"@id\":\"https:\/\/secovipr.com.br\/maringa\/#website\",\"url\":\"https:\/\/secovipr.com.br\/maringa\/\",\"name\":\"Regional Noroeste\",\"description\":\"Sindicato da Habita\u00e7\u00e3o e Condom\u00ednios do Paran\u00e1\",\"potentialAction\":[{\"@type\":\"SearchAction\",\"target\":{\"@type\":\"EntryPoint\",\"urlTemplate\":\"https:\/\/secovipr.com.br\/maringa\/?s={search_term_string}\"},\"query-input\":\"required name=search_term_string\"}],\"inLanguage\":\"pt-BR\"},{\"@type\":\"WebPage\",\"@id\":\"https:\/\/secovipr.com.br\/maringa\/empresas\/lei-comercializacao-imobiliaria\/#webpage\",\"url\":\"https:\/\/secovipr.com.br\/maringa\/empresas\/lei-comercializacao-imobiliaria\/\",\"name\":\"Lei - Comercializa\u00e7\u00e3o Imobili\u00e1ria - Regional Noroeste\",\"isPartOf\":{\"@id\":\"https:\/\/secovipr.com.br\/maringa\/#website\"},\"datePublished\":\"2022-01-17T16:44:33+00:00\",\"dateModified\":\"2022-01-17T16:47:18+00:00\",\"breadcrumb\":{\"@id\":\"https:\/\/secovipr.com.br\/maringa\/empresas\/lei-comercializacao-imobiliaria\/#breadcrumb\"},\"inLanguage\":\"pt-BR\",\"potentialAction\":[{\"@type\":\"ReadAction\",\"target\":[\"https:\/\/secovipr.com.br\/maringa\/empresas\/lei-comercializacao-imobiliaria\/\"]}]},{\"@type\":\"BreadcrumbList\",\"@id\":\"https:\/\/secovipr.com.br\/maringa\/empresas\/lei-comercializacao-imobiliaria\/#breadcrumb\",\"itemListElement\":[{\"@type\":\"ListItem\",\"position\":1,\"name\":\"In\u00edcio\",\"item\":\"https:\/\/secovipr.com.br\/maringa\/\"},{\"@type\":\"ListItem\",\"position\":2,\"name\":\"Empresas\",\"item\":\"https:\/\/secovipr.com.br\/maringa\/empresas\/\"},{\"@type\":\"ListItem\",\"position\":3,\"name\":\"Lei &#8211; Comercializa\u00e7\u00e3o Imobili\u00e1ria\"}]}]}<\/script>\n<!-- \/ Yoast SEO plugin. -->","yoast_head_json":{"title":"Lei - Comercializa\u00e7\u00e3o Imobili\u00e1ria - Regional Noroeste","robots":{"index":"noindex","follow":"follow","max-snippet":"max-snippet:-1","max-image-preview":"max-image-preview:large","max-video-preview":"max-video-preview:-1"},"og_locale":"pt_BR","og_type":"article","og_title":"Lei - Comercializa\u00e7\u00e3o Imobili\u00e1ria - Regional Noroeste","og_description":"Comercializa\u00e7\u00e3o Imobili\u00e1ria Principais informa\u00e7\u00f5es que dever\u00e3o ser observadas pelas empresas de compra e venda a partir de 11 de janeiro de 2003 Com a entrada em vigor da Lei 10.406\/2002, Novo C\u00f3digo Civil Brasileiro, algumas altera\u00e7\u00f5es dever\u00e3o ser observadas pelas empresas de compra e venda de im\u00f3veis. Os reflexos da nova legisla\u00e7\u00e3o atingir\u00e3o gradativamente os [&hellip;]","og_url":"https:\/\/secovipr.com.br\/maringa\/empresas\/lei-comercializacao-imobiliaria\/","og_site_name":"Regional Noroeste","article_modified_time":"2022-01-17T16:47:18+00:00","twitter_card":"summary_large_image","twitter_misc":{"Est. tempo de leitura":"1 minuto"},"schema":{"@context":"https:\/\/schema.org","@graph":[{"@type":"WebSite","@id":"https:\/\/secovipr.com.br\/maringa\/#website","url":"https:\/\/secovipr.com.br\/maringa\/","name":"Regional Noroeste","description":"Sindicato da Habita\u00e7\u00e3o e Condom\u00ednios do Paran\u00e1","potentialAction":[{"@type":"SearchAction","target":{"@type":"EntryPoint","urlTemplate":"https:\/\/secovipr.com.br\/maringa\/?s={search_term_string}"},"query-input":"required name=search_term_string"}],"inLanguage":"pt-BR"},{"@type":"WebPage","@id":"https:\/\/secovipr.com.br\/maringa\/empresas\/lei-comercializacao-imobiliaria\/#webpage","url":"https:\/\/secovipr.com.br\/maringa\/empresas\/lei-comercializacao-imobiliaria\/","name":"Lei - Comercializa\u00e7\u00e3o Imobili\u00e1ria - Regional Noroeste","isPartOf":{"@id":"https:\/\/secovipr.com.br\/maringa\/#website"},"datePublished":"2022-01-17T16:44:33+00:00","dateModified":"2022-01-17T16:47:18+00:00","breadcrumb":{"@id":"https:\/\/secovipr.com.br\/maringa\/empresas\/lei-comercializacao-imobiliaria\/#breadcrumb"},"inLanguage":"pt-BR","potentialAction":[{"@type":"ReadAction","target":["https:\/\/secovipr.com.br\/maringa\/empresas\/lei-comercializacao-imobiliaria\/"]}]},{"@type":"BreadcrumbList","@id":"https:\/\/secovipr.com.br\/maringa\/empresas\/lei-comercializacao-imobiliaria\/#breadcrumb","itemListElement":[{"@type":"ListItem","position":1,"name":"In\u00edcio","item":"https:\/\/secovipr.com.br\/maringa\/"},{"@type":"ListItem","position":2,"name":"Empresas","item":"https:\/\/secovipr.com.br\/maringa\/empresas\/"},{"@type":"ListItem","position":3,"name":"Lei &#8211; Comercializa\u00e7\u00e3o Imobili\u00e1ria"}]}]}},"_links":{"self":[{"href":"https:\/\/secovipr.com.br\/maringa\/wp-json\/wp\/v2\/pages\/203"}],"collection":[{"href":"https:\/\/secovipr.com.br\/maringa\/wp-json\/wp\/v2\/pages"}],"about":[{"href":"https:\/\/secovipr.com.br\/maringa\/wp-json\/wp\/v2\/types\/page"}],"author":[{"embeddable":true,"href":"https:\/\/secovipr.com.br\/maringa\/wp-json\/wp\/v2\/users\/1"}],"replies":[{"embeddable":true,"href":"https:\/\/secovipr.com.br\/maringa\/wp-json\/wp\/v2\/comments?post=203"}],"version-history":[{"count":2,"href":"https:\/\/secovipr.com.br\/maringa\/wp-json\/wp\/v2\/pages\/203\/revisions"}],"predecessor-version":[{"id":208,"href":"https:\/\/secovipr.com.br\/maringa\/wp-json\/wp\/v2\/pages\/203\/revisions\/208"}],"up":[{"embeddable":true,"href":"https:\/\/secovipr.com.br\/maringa\/wp-json\/wp\/v2\/pages\/40"}],"wp:attachment":[{"href":"https:\/\/secovipr.com.br\/maringa\/wp-json\/wp\/v2\/media?parent=203"}],"curies":[{"name":"wp","href":"https:\/\/api.w.org\/{rel}","templated":true}]}}