{"id":194,"date":"2022-01-17T13:32:16","date_gmt":"2022-01-17T16:32:16","guid":{"rendered":"https:\/\/secovipr.com.br\/maringa\/?page_id=194"},"modified":"2022-01-17T13:35:34","modified_gmt":"2022-01-17T16:35:34","slug":"atuacao","status":"publish","type":"page","link":"https:\/\/secovipr.com.br\/maringa\/empresas\/atuacao\/","title":{"rendered":"Atua\u00e7\u00e3o"},"content":{"rendered":"\n<p>H\u00e1 30 anos o Sistema Secovi-PR existe para voc\u00ea. Existe para lhe proporcionar assessoria, representatividade, vantagens e benef\u00edcios. O Secovi-PR, Sindicato da Habita\u00e7\u00e3o e Condom\u00ednios, \u00e9 uma Entidade Patronal reconhecida atrav\u00e9s de carta sindical expedida pelo Minist\u00e9rio do Trabalho que representa todas as empresas de compra, venda, loca\u00e7\u00e3o, administra\u00e7\u00e3o, incorpora\u00e7\u00e3o e loteamentos de im\u00f3veis, condom\u00ednios residenciais, comerciais e shoppings centers em todo o estado do Paran\u00e1.<\/p>\n\n\n\n<p>Atuamos na defesa dos interesses do mercado imobili\u00e1rio e condominial, garantindo mais seguran\u00e7a e qualidade \u00e0s empresas imobili\u00e1rias, cond\u00f4minos residenciais e comerciais, s\u00edndicos e seus funcion\u00e1rios.<\/p>\n\n\n\n<p>Esta representatividade, presente em v\u00e1rios segmentos das atividades p\u00fablicas, \u00e9 capaz de gerar uma forte rela\u00e7\u00e3o de for\u00e7as, conhecimento e participa\u00e7\u00e3o, capitalizando-a em benef\u00edcio de seus representados e associados.<\/p>\n\n\n\n<ul><li>S\u00e3o nossos representados: toda e qualquer empresa cuja categoria econ\u00f4mica se enquadre a este sindicato, devendo recolher a Contribui\u00e7\u00e3o Assistencial Patronal, a qual est\u00e1 prevista no artigo 513, letra \u201ce\u201d da CLT (duas parcelas) e a Contribui\u00e7\u00e3o Sindical (parcela \u00fanica), prevista na CLT, cap\u00edtulo III, artigos 578 ao 610. Usufruem de alguns servi\u00e7os oferecidos pelo Secovi-PR.<\/li><li>S\u00e3o nossos associados: empresas que al\u00e9m de recolherem as contribui\u00e7\u00f5es acima, desfrutam de v\u00e1rios servi\u00e7os exclusivos ao pagarem mensalidade associativa no valor de R$ 110,00 por m\u00eas. Usufruem de todos os servi\u00e7os oferecidos pelo Secovi-PR.<\/li><\/ul>\n\n\n\n<h3><br>Como se associar:<\/h3>\n\n\n\n<ol><li>Preencha o formul\u00e1rio \u201c<a href=\"https:\/\/secovipr.com.br\/maringa\/institucional\/vantagens-de-associar-se\/\">Pedido de Associa\u00e7\u00e3o ao Secovi-PR<\/a>\u201d dispon\u00edvel no www.secovipr.com.br\/maringa. Este formul\u00e1rio dever\u00e1 ser carimbado e assinado pelo representante legal da empresa &#8211; C\u00f3pia do Contrato Social e \u00daltima altera\u00e7\u00e3o &#8211; C\u00f3pia do Cart\u00e3o CNPJ<\/li><li>Seu executivo de contas recolhe sua documenta\u00e7\u00e3o e d\u00e1 entrada no seu pedido de associa\u00e7\u00e3o ao Secovi-PR.<\/li><li>Assim que sua associa\u00e7\u00e3o passar pela reuni\u00e3o de diretoria, o seu Certificado e n\u00famero de matr\u00edcula ser\u00e3o entregues na sua empresa.<\/li><\/ol>\n\n\n\n<p><strong>Conhe\u00e7a todos os nossos servi\u00e7os voltados \u00e0s empresas:<\/strong><\/p>\n\n\n\n<h4>INPESPAR<\/h4>\n\n\n\n<p>O Instituto Paranaense de Pesquisa e Desenvolvimento do Mercado Imobili\u00e1rio e Condominial \u00e9 o agente de servi\u00e7os respons\u00e1vel pela implementa\u00e7\u00e3o de a\u00e7\u00f5es na \u00e1rea de pesquisa, garantindo o desenvolvimento do mercado imobili\u00e1rio e condominial, melhorando sua capacidade tecnol\u00f3gica e gerencial.<\/p>\n\n\n\n<h4>UNIHAB<\/h4>\n\n\n\n<p>\u00c9 a Universidade Livre que representa o agente de servi\u00e7os educacionais Secovi-PR. Realiza cursos, palestras, workshops e semin\u00e1rios peri\u00f3dicos, difundindo valores imobili\u00e1rios, sociais e econ\u00f4micos, al\u00e9m de criar mecanismos de informa\u00e7\u00e3o que estimulam a realiza\u00e7\u00e3o de estudos sobre o mercado imobili\u00e1rio e condominial. Realiza tamb\u00e9m cursos In Company e oferece, em parceria com a FAE, cursos de Ensino \u00e0 Dist\u00e2ncia, in\u00e9ditos para o mercado imobili\u00e1rio e condominial. Associados Secovi-PR t\u00eam desconto especial nos cursos da Unihab!<\/p>\n\n\n\n<h4>PROGRAMA JOVEM PROFISSIONAL<\/h4>\n\n\n\n<p>\u00c9 resultado da parceria Senac\/PR, Sesc\/PR e Secovi-PR com o objetivo de qualificar profissionalmente por meio te\u00f3rico e pr\u00e1tico, jovens para atender a demanda do setor produtivo do mercado imobili\u00e1rio, criando oportunidades de inser\u00e7\u00e3o no mercado de trabalho.<\/p>\n\n\n\n<h4>PEQI &#8211; Programa Excel\u00eancia da Qualidade Imobili\u00e1ria<\/h4>\n\n\n\n<p>Programa que garante mais excel\u00eancia, credibilidade e capacita\u00e7\u00e3o profissional ao setor imobili\u00e1rio. Permite o conhecimento de novas t\u00e9cnicas e aperfei\u00e7oamento da gest\u00e3o empresarial, melhorando a qualidade dos servi\u00e7os e a satisfa\u00e7\u00e3o dos clientes. Atrav\u00e9s da assiduidade aos eventos e cursos de capacita\u00e7\u00e3o, as empresas podem conquistar o Selo de Qualifica\u00e7\u00e3o PEQI.<\/p>\n\n\n\n<h4>CROQUI<\/h4>\n\n\n\n<p>O Secovi-PR em parceria com a Prefeitura de Curitiba disponibiliza para os seus associados a emiss\u00e3o de croquis de localiza\u00e7\u00e3o de im\u00f3veis, com informa\u00e7\u00f5es referentes \u00e0 localiza\u00e7\u00e3o e ruas transversais.<\/p>\n\n\n\n<h4>ENCONTRO COM AS IMOBILI\u00c1RIAS<\/h4>\n\n\n\n<p>Reuni\u00f5es peri\u00f3dicas promovidas pelo SECOVI-PR para as empresas associadas, tratando de assuntos relevantes do mercado imobili\u00e1rio, al\u00e9m de apresentar dados estat\u00edsticos capazes de orientar os neg\u00f3cios.<\/p>\n\n\n\n<h4>CHAVE F\u00c1CIL &#8211; <a href=\"https:\/\/chavefacil.com.br\">www.chavefacil.com.br<\/a><\/h4>\n\n\n\n<p>Portal Nacional de Im\u00f3veis (Chave F\u00e1cil) \u2013 Ferramenta utilizada pelas principais imobili\u00e1rias do mercado para apresentar seus an\u00fancios de vendas e loca\u00e7\u00e3o. Com mais de 20.000 ofertas on line, o Chave F\u00e1cil \u00e9 um regulador de mercado eficiente e funcional que traz excelentes resultados para a sua empresa. Associado Sevovi-PR tem desconto na contrata\u00e7\u00e3o de servi\u00e7os de divulga\u00e7\u00e3o no Chave F\u00e1cil. Saiba mais: (41) 3154-3838 \/ 3259-6000<\/p>\n\n\n\n<h4>COMIT\u00ca DE LOCA\u00c7\u00c3O DO MERCADO IMOBILI\u00c1RIO (PREG\u00c3O)*<\/h4>\n\n\n\n<p>Reuni\u00e3o mensal que ocorre entre as imobili\u00e1rias para trocar informa\u00e7\u00f5es sobre o mercado e promover a discuss\u00e3o das ofertas de loca\u00e7\u00e3o, avaliado os pre\u00e7os do mercado e permitindo a corre\u00e7\u00e3o de valores acima ou abaixo dos praticados. Para participar do preg\u00e3o a imobili\u00e1ria deve ser assinante do Portal Chave F\u00e1cil.<\/p>\n\n\n\n<h4>PARECER DE IM\u00d3VEIS<\/h4>\n\n\n\n<p>Sistema dispon\u00edvel no portal Secovi-PR que permite \u00e0s imobili\u00e1rias, em poucos segundos, valorar os im\u00f3veis de suas carteiras para venda ou aluguel. Desenvolvido como uma ferramenta referencial de valor referenda a avalia\u00e7\u00e3o imobili\u00e1ria com base em dados do INPESPAR.<\/p>\n\n\n\n<h4>ORIENTA\u00c7\u00c3O JUR\u00cdDICA<\/h4>\n\n\n\n<p>O Secovi-PR conta com uma equipe especializada de profissionais para prestar orienta\u00e7\u00e3o jur\u00eddica, trabalhista e c\u00edvel, para todos os representados e associados. Com o apoio jur\u00eddico, as tomadas de decis\u00f5es, a\u00e7\u00f5es e planejamento s\u00e3o pautadas na legisla\u00e7\u00e3o atual, garantindo seguran\u00e7a e assertividade \u00e0s empresas, s\u00edndicos e cond\u00f4minos.<\/p>\n\n\n\n<h4>CMA \u2013 C\u00e2mara de Media\u00e7\u00e3o e Arbitragem do Paran\u00e1<\/h4>\n\n\n\n<p>Permite que os conflitos sejam resolvidos de forma \u00e1gil, justa e eficiente atrav\u00e9s de media\u00e7\u00f5es e arbitragens em geral, com regulamentos pr\u00f3prios e \u00e1rbitros altamente capacitados na mat\u00e9ria de julgamento, observando os requisitos legais e garantindo efic\u00e1cia \u00e0 senten\u00e7a arbitral.<\/p>\n\n\n\n<h4>CONVEN\u00c7\u00c3O COLETIVA<\/h4>\n\n\n\n<p>A Conven\u00e7\u00e3o Coletiva de Trabalho \u00e9 um instrumento previsto na Consolida\u00e7\u00e3o das Leis do Trabalho, de car\u00e1ter normativo, pelo qual o SECOVI-PR \u00e9 respons\u00e1vel defendendo os interesses de seus representados nos momentos em que o bom senso e a capacidade de negocia\u00e7\u00e3o s\u00e3o exigidos ao m\u00e1ximo, envolvendo sempre os Conselhos de S\u00edndicos, de Administradoras de Condom\u00ednios, Empresas Imobili\u00e1rias e de Administra\u00e7\u00e3o.<\/p>\n\n\n\n<h4>C\u00c2MARAS SETORIAIS<\/h4>\n\n\n\n<p>As C\u00e2maras Setoriais s\u00e3o \u00f3rg\u00e3os consultivos da Diretoria do Secovi-PR que buscam oferecer estudos e sugest\u00f5es para a a\u00e7\u00e3o pol\u00edtica da Entidade em apoio e defesa das categorias econ\u00f4micas representadas: Lan\u00e7amentos e Comercializa\u00e7\u00e3o Imobili\u00e1ria, Loca\u00e7\u00f5es e Administra\u00e7\u00e3o Imobili\u00e1ria, Condom\u00ednios, Administra\u00e7\u00e3o de Condom\u00ednios, Desenvolvimento urbano, Shopping Centers e Jovens Empres\u00e1rios.<\/p>\n\n\n\n<h4>CERTIFICA\u00c7\u00c3O DIGITAL<\/h4>\n\n\n\n<p>Atrav\u00e9s de um conv\u00eanio do Secovi-PR, as imobili\u00e1rias e administradoras de im\u00f3veis associadas podem obter a Certifica\u00e7\u00e3o Digital, para que se possa assinar documentos eletronicamente. A certifica\u00e7\u00e3o digital garante seguran\u00e7a nas transa\u00e7\u00f5es realizadas via internet, integridade de documentos, sigilo e validade jur\u00eddica. Saiba mais acessando www.secovipr.com.br\/maringa.<\/p>\n\n\n\n<h4>SECOVIMED<\/h4>\n\n\n\n<p>Servi\u00e7o Social da Habita\u00e7\u00e3o, disponibilizando aos trabalhadores do segmento imobili\u00e1rio e condominial, consultas de cl\u00ednica geral, cardiologia, ginecologia, ortopedia, dermatologia, oftalmologia e odontologia, al\u00e9m dos exames de an\u00e1lises cl\u00ednicas e medicina ocupacional. Garante aos funcion\u00e1rios dos condom\u00ednios e imobili\u00e1rias, mais sa\u00fade e qualidade de vida, ao mesmo tempo em que reflete em menor grau de absente\u00edsmo e satisfa\u00e7\u00e3o ao trabalhador.<\/p>\n\n\n\n<h4>SICOOB<\/h4>\n\n\n\n<p>O SICOOB \u00e9 o maior Sistema Cooperativista de Cr\u00e9dito do Brasil e oferece aos representados e associados ao Secovi-PR uma gama completa de solu\u00e7\u00f5es banc\u00e1rias por meios eletr\u00f4nicos com as melhores taxas do mercado: conta capital, solu\u00e7\u00f5es em cr\u00e9dito, previd\u00eancia complementar, solu\u00e7\u00f5es em investimentos, seguros, cons\u00f3rcios e cobran\u00e7a. Saiba mais: (41) 3018-7866<\/p>\n\n\n\n<h4>PROGRAMA VIVA MAIS<\/h4>\n\n\n\n<p>Atrav\u00e9s de parceria com o Sesc o Secovi-PR proporciona aos seus representados e associados diversas op\u00e7\u00f5es de turismo, lazer e esporte. O programa inclui desde eventos recreativos nos condom\u00ednios, recrea\u00e7\u00e3o de f\u00e9rias, campeonatos esportivos e muito mais.<\/p>\n\n\n\n<p>O Sistema SECOVI-PR tr\u00e1s para voc\u00ea atrav\u00e9s do www.secovipr.com.br\/maringa : not\u00edcias atualizadas, estudos, pesquisas, legisla\u00e7\u00f5es e diversos outros temas de suas \u00e1reas de interesse. Al\u00e9m disso, cada representado \/ associado conta com um executivo de contas respons\u00e1vel por ser o seu porta-voz dentro do Secovi-PR. Estamos sempre a disposi\u00e7\u00e3o!<\/p>\n","protected":false},"excerpt":{"rendered":"<p>H\u00e1 30 anos o Sistema Secovi-PR existe para voc\u00ea. Existe para lhe proporcionar assessoria, representatividade, vantagens e benef\u00edcios. O Secovi-PR, Sindicato da Habita\u00e7\u00e3o e Condom\u00ednios, \u00e9 uma Entidade Patronal reconhecida atrav\u00e9s de carta sindical expedida pelo Minist\u00e9rio do Trabalho que representa todas as empresas de compra, venda, loca\u00e7\u00e3o, administra\u00e7\u00e3o, incorpora\u00e7\u00e3o e loteamentos de im\u00f3veis, condom\u00ednios [&hellip;]<\/p>\n","protected":false},"author":1,"featured_media":0,"parent":40,"menu_order":0,"comment_status":"closed","ping_status":"closed","template":"","meta":[],"acf":[],"yoast_head":"<!-- This site is optimized with the Yoast SEO plugin v18.1 - https:\/\/yoast.com\/wordpress\/plugins\/seo\/ -->\n<title>Atua\u00e7\u00e3o - Regional Noroeste<\/title>\n<meta name=\"robots\" content=\"noindex, follow, max-snippet:-1, max-image-preview:large, max-video-preview:-1\" \/>\n<meta property=\"og:locale\" content=\"pt_BR\" \/>\n<meta property=\"og:type\" content=\"article\" \/>\n<meta property=\"og:title\" content=\"Atua\u00e7\u00e3o - Regional Noroeste\" \/>\n<meta property=\"og:description\" content=\"H\u00e1 30 anos o Sistema Secovi-PR existe para voc\u00ea. Existe para lhe proporcionar assessoria, representatividade, vantagens e benef\u00edcios. O Secovi-PR, Sindicato da Habita\u00e7\u00e3o e Condom\u00ednios, \u00e9 uma Entidade Patronal reconhecida atrav\u00e9s de carta sindical expedida pelo Minist\u00e9rio do Trabalho que representa todas as empresas de compra, venda, loca\u00e7\u00e3o, administra\u00e7\u00e3o, incorpora\u00e7\u00e3o e loteamentos de im\u00f3veis, condom\u00ednios [&hellip;]\" \/>\n<meta property=\"og:url\" content=\"https:\/\/secovipr.com.br\/maringa\/empresas\/atuacao\/\" \/>\n<meta property=\"og:site_name\" content=\"Regional Noroeste\" \/>\n<meta property=\"article:modified_time\" content=\"2022-01-17T16:35:34+00:00\" \/>\n<meta name=\"twitter:card\" content=\"summary_large_image\" \/>\n<meta name=\"twitter:label1\" content=\"Est. tempo de leitura\" \/>\n\t<meta name=\"twitter:data1\" content=\"7 minutos\" \/>\n<script type=\"application\/ld+json\" class=\"yoast-schema-graph\">{\"@context\":\"https:\/\/schema.org\",\"@graph\":[{\"@type\":\"WebSite\",\"@id\":\"https:\/\/secovipr.com.br\/maringa\/#website\",\"url\":\"https:\/\/secovipr.com.br\/maringa\/\",\"name\":\"Regional Noroeste\",\"description\":\"Sindicato da Habita\u00e7\u00e3o e Condom\u00ednios do Paran\u00e1\",\"potentialAction\":[{\"@type\":\"SearchAction\",\"target\":{\"@type\":\"EntryPoint\",\"urlTemplate\":\"https:\/\/secovipr.com.br\/maringa\/?s={search_term_string}\"},\"query-input\":\"required name=search_term_string\"}],\"inLanguage\":\"pt-BR\"},{\"@type\":\"WebPage\",\"@id\":\"https:\/\/secovipr.com.br\/maringa\/empresas\/atuacao\/#webpage\",\"url\":\"https:\/\/secovipr.com.br\/maringa\/empresas\/atuacao\/\",\"name\":\"Atua\u00e7\u00e3o - Regional Noroeste\",\"isPartOf\":{\"@id\":\"https:\/\/secovipr.com.br\/maringa\/#website\"},\"datePublished\":\"2022-01-17T16:32:16+00:00\",\"dateModified\":\"2022-01-17T16:35:34+00:00\",\"breadcrumb\":{\"@id\":\"https:\/\/secovipr.com.br\/maringa\/empresas\/atuacao\/#breadcrumb\"},\"inLanguage\":\"pt-BR\",\"potentialAction\":[{\"@type\":\"ReadAction\",\"target\":[\"https:\/\/secovipr.com.br\/maringa\/empresas\/atuacao\/\"]}]},{\"@type\":\"BreadcrumbList\",\"@id\":\"https:\/\/secovipr.com.br\/maringa\/empresas\/atuacao\/#breadcrumb\",\"itemListElement\":[{\"@type\":\"ListItem\",\"position\":1,\"name\":\"In\u00edcio\",\"item\":\"https:\/\/secovipr.com.br\/maringa\/\"},{\"@type\":\"ListItem\",\"position\":2,\"name\":\"Empresas\",\"item\":\"https:\/\/secovipr.com.br\/maringa\/empresas\/\"},{\"@type\":\"ListItem\",\"position\":3,\"name\":\"Atua\u00e7\u00e3o\"}]}]}<\/script>\n<!-- \/ Yoast SEO plugin. -->","yoast_head_json":{"title":"Atua\u00e7\u00e3o - Regional Noroeste","robots":{"index":"noindex","follow":"follow","max-snippet":"max-snippet:-1","max-image-preview":"max-image-preview:large","max-video-preview":"max-video-preview:-1"},"og_locale":"pt_BR","og_type":"article","og_title":"Atua\u00e7\u00e3o - Regional Noroeste","og_description":"H\u00e1 30 anos o Sistema Secovi-PR existe para voc\u00ea. Existe para lhe proporcionar assessoria, representatividade, vantagens e benef\u00edcios. O Secovi-PR, Sindicato da Habita\u00e7\u00e3o e Condom\u00ednios, \u00e9 uma Entidade Patronal reconhecida atrav\u00e9s de carta sindical expedida pelo Minist\u00e9rio do Trabalho que representa todas as empresas de compra, venda, loca\u00e7\u00e3o, administra\u00e7\u00e3o, incorpora\u00e7\u00e3o e loteamentos de im\u00f3veis, condom\u00ednios [&hellip;]","og_url":"https:\/\/secovipr.com.br\/maringa\/empresas\/atuacao\/","og_site_name":"Regional Noroeste","article_modified_time":"2022-01-17T16:35:34+00:00","twitter_card":"summary_large_image","twitter_misc":{"Est. tempo de leitura":"7 minutos"},"schema":{"@context":"https:\/\/schema.org","@graph":[{"@type":"WebSite","@id":"https:\/\/secovipr.com.br\/maringa\/#website","url":"https:\/\/secovipr.com.br\/maringa\/","name":"Regional Noroeste","description":"Sindicato da Habita\u00e7\u00e3o e Condom\u00ednios do Paran\u00e1","potentialAction":[{"@type":"SearchAction","target":{"@type":"EntryPoint","urlTemplate":"https:\/\/secovipr.com.br\/maringa\/?s={search_term_string}"},"query-input":"required name=search_term_string"}],"inLanguage":"pt-BR"},{"@type":"WebPage","@id":"https:\/\/secovipr.com.br\/maringa\/empresas\/atuacao\/#webpage","url":"https:\/\/secovipr.com.br\/maringa\/empresas\/atuacao\/","name":"Atua\u00e7\u00e3o - Regional Noroeste","isPartOf":{"@id":"https:\/\/secovipr.com.br\/maringa\/#website"},"datePublished":"2022-01-17T16:32:16+00:00","dateModified":"2022-01-17T16:35:34+00:00","breadcrumb":{"@id":"https:\/\/secovipr.com.br\/maringa\/empresas\/atuacao\/#breadcrumb"},"inLanguage":"pt-BR","potentialAction":[{"@type":"ReadAction","target":["https:\/\/secovipr.com.br\/maringa\/empresas\/atuacao\/"]}]},{"@type":"BreadcrumbList","@id":"https:\/\/secovipr.com.br\/maringa\/empresas\/atuacao\/#breadcrumb","itemListElement":[{"@type":"ListItem","position":1,"name":"In\u00edcio","item":"https:\/\/secovipr.com.br\/maringa\/"},{"@type":"ListItem","position":2,"name":"Empresas","item":"https:\/\/secovipr.com.br\/maringa\/empresas\/"},{"@type":"ListItem","position":3,"name":"Atua\u00e7\u00e3o"}]}]}},"_links":{"self":[{"href":"https:\/\/secovipr.com.br\/maringa\/wp-json\/wp\/v2\/pages\/194"}],"collection":[{"href":"https:\/\/secovipr.com.br\/maringa\/wp-json\/wp\/v2\/pages"}],"about":[{"href":"https:\/\/secovipr.com.br\/maringa\/wp-json\/wp\/v2\/types\/page"}],"author":[{"embeddable":true,"href":"https:\/\/secovipr.com.br\/maringa\/wp-json\/wp\/v2\/users\/1"}],"replies":[{"embeddable":true,"href":"https:\/\/secovipr.com.br\/maringa\/wp-json\/wp\/v2\/comments?post=194"}],"version-history":[{"count":6,"href":"https:\/\/secovipr.com.br\/maringa\/wp-json\/wp\/v2\/pages\/194\/revisions"}],"predecessor-version":[{"id":200,"href":"https:\/\/secovipr.com.br\/maringa\/wp-json\/wp\/v2\/pages\/194\/revisions\/200"}],"up":[{"embeddable":true,"href":"https:\/\/secovipr.com.br\/maringa\/wp-json\/wp\/v2\/pages\/40"}],"wp:attachment":[{"href":"https:\/\/secovipr.com.br\/maringa\/wp-json\/wp\/v2\/media?parent=194"}],"curies":[{"name":"wp","href":"https:\/\/api.w.org\/{rel}","templated":true}]}}