{"id":171,"date":"2022-01-17T11:28:53","date_gmt":"2022-01-17T14:28:53","guid":{"rendered":"https:\/\/secovipr.com.br\/maringa\/?page_id=171"},"modified":"2022-07-15T14:39:27","modified_gmt":"2022-07-15T17:39:27","slug":"sede-operacional","status":"publish","type":"page","link":"https:\/\/secovipr.com.br\/maringa\/institucional\/sede-operacional\/","title":{"rendered":"Sede Operacional"},"content":{"rendered":"\n<div class=\"wp-block-image\"><figure class=\"alignright size-full is-resized\"><img loading=\"lazy\" src=\"https:\/\/secovipr.com.br\/maringa\/wp-content\/uploads\/sites\/4\/2022\/01\/258_img.jpg\" alt=\"\" class=\"wp-image-172\" width=\"264\" height=\"440\" srcset=\"https:\/\/secovipr.com.br\/maringa\/wp-content\/uploads\/sites\/4\/2022\/01\/258_img.jpg 399w, https:\/\/secovipr.com.br\/maringa\/wp-content\/uploads\/sites\/4\/2022\/01\/258_img-180x300.jpg 180w\" sizes=\"(max-width: 264px) 100vw, 264px\" \/><\/figure><\/div>\n\n\n\n<p>Cidade sede:<\/p>\n\n\n\n<p>Maring\u00e1 &#8211; PR<\/p>\n\n\n\n<p><\/p>\n\n\n\n<hr class=\"wp-block-separator\"\/>\n\n\n\n<p><strong>CIDADES DE ATUA\u00c7\u00c3O QUE A REGIONAL NOROESTE REPRESENTA:<\/strong><\/p>\n\n\n\n<p><strong><br><\/strong>Alto Paran\u00e1;<br>Amapor\u00e3;<br>Araruna;<\/p>\n\n\n\n<p>Astorga;<\/p>\n\n\n\n<p>Atalaia;<\/p>\n\n\n\n<p>Barbosa Ferraz;<\/p>\n\n\n\n<p>Bom Sucesso;<\/p>\n\n\n\n<p>Borraz\u00f3polis;<\/p>\n\n\n\n<p>Cafeara;<\/p>\n\n\n\n<p>Cambira;<\/p>\n\n\n\n<p>Campo Mour\u00e3o;<\/p>\n\n\n\n<p>Campina da Lagoa;<\/p>\n\n\n\n<p>Centen\u00e1rio do Sul;<\/p>\n\n\n\n<p>Cianorte;<\/p>\n\n\n\n<p>Cidade Ga\u00facha;<\/p>\n\n\n\n<p>Colorado;<\/p>\n\n\n\n<p>Cruzeiro do Sul;<\/p>\n\n\n\n<p>Diamante do Norte;<\/p>\n\n\n\n<p>Douradina;<\/p>\n\n\n\n<p>Doutor Camargo;<\/p>\n\n\n\n<p>Engenheiro Beltr\u00e3o;<\/p>\n\n\n\n<p>Fenix;<\/p>\n\n\n\n<p>Flora\u00ed;<\/p>\n\n\n\n<p>Guaraci;<\/p>\n\n\n\n<p>Guaporema;<\/p>\n\n\n\n<p>Iguara\u00e7u;<\/p>\n\n\n\n<p>Inaj\u00e1;<\/p>\n\n\n\n<p>Indianap\u00f3lis;<\/p>\n\n\n\n<p>Iretama;<\/p>\n\n\n\n<p>Itaguaj\u00e9;<\/p>\n\n\n\n<p>Itamb\u00e9;<\/p>\n\n\n\n<p>Ita\u00fana do Sul;<\/p>\n\n\n\n<p>Ivatuba;<\/p>\n\n\n\n<p>Jandaia do Sul;<\/p>\n\n\n\n<p>Japur\u00e1;<\/p>\n\n\n\n<p>Jardim Alegre;<\/p>\n\n\n\n<p>Jardim Olinda;<\/p>\n\n\n\n<p>Jussara;<\/p>\n\n\n\n<p>Kalor\u00e9;<\/p>\n\n\n\n<p>Loanda;<\/p>\n\n\n\n<p>Lobato;<\/p>\n\n\n\n<p>Lunardelli;<\/p>\n\n\n\n<p>Lupion\u00f3polis;<\/p>\n\n\n\n<p>Mambor\u00e9;<\/p>\n\n\n\n<p>Mandagua\u00e7u;<\/p>\n\n\n\n<p>Mandaguari;<\/p>\n\n\n\n<p>Marialva;<\/p>\n\n\n\n<p>Marilena;<\/p>\n\n\n\n<p>Marumbi;<\/p>\n\n\n\n<p>Mirador;<\/p>\n\n\n\n<p>Munhoz de Mello;<\/p>\n\n\n\n<p>Nossa Senhora das Gra\u00e7as;<\/p>\n\n\n\n<p>Nova Alian\u00e7a do Iva\u00ed;<\/p>\n\n\n\n<p>Nova Cantu;<\/p>\n\n\n\n<p>Nova Esperan\u00e7a;<\/p>\n\n\n\n<p>Nova Londrina;<\/p>\n\n\n\n<p>Nova Ol\u00edmpia;<\/p>\n\n\n\n<p>Ourizona;<\/p>\n\n\n\n<p>Pai\u00e7andu;<\/p>\n\n\n\n<p>Para\u00edso do Norte;<\/p>\n\n\n\n<p>Paranacity;<\/p>\n\n\n\n<p>Paranapoema;<\/p>\n\n\n\n<p>Paranava\u00ed;<\/p>\n\n\n\n<p>Peabiru;<\/p>\n\n\n\n<p>Planaltina do Paran\u00e1;<\/p>\n\n\n\n<p>Porto Rico;<\/p>\n\n\n\n<p>Presidente Castelo Branco;<\/p>\n\n\n\n<p>Quer\u00eancia do Norte;<\/p>\n\n\n\n<p>Quinta do Sol;<\/p>\n\n\n\n<p>Roncador;<\/p>\n\n\n\n<p>Rondon;<\/p>\n\n\n\n<p>Saba\u00fadia;<\/p>\n\n\n\n<p>Santa Cruz do Monte Castelo;<\/p>\n\n\n\n<p>Santa F\u00e9;<\/p>\n\n\n\n<p>Santa In\u00eas;<\/p>\n\n\n\n<p>Santa Izabel do Iva\u00ed;<\/p>\n\n\n\n<p>Santo Ant\u00f4nio do Caiu\u00e1;<\/p>\n\n\n\n<p>Santo In\u00e1cio;<\/p>\n\n\n\n<p>S\u00e3o Carlos do Iva\u00ed;<\/p>\n\n\n\n<p>S\u00e3o Jo\u00e3o do Caiu\u00e1;<\/p>\n\n\n\n<p>S\u00e3o Jo\u00e3o do Iva\u00ed;<\/p>\n\n\n\n<p>S\u00e3o Jorge do Iva\u00ed;<\/p>\n\n\n\n<p>S\u00e3o Pedro do Paran\u00e1;<\/p>\n\n\n\n<p>S\u00e3o Tom\u00e9;<\/p>\n\n\n\n<p>Sarandi;<\/p>\n\n\n\n<p>Tamboara;<\/p>\n\n\n\n<p>Tapejara;<\/p>\n\n\n\n<p>Tapira;<\/p>\n\n\n\n<p>Terra Boa;<\/p>\n\n\n\n<p>Terra Rica;<\/p>\n\n\n\n<p>Tuneiras do Oeste;<\/p>\n\n\n\n<p>Uniflor;<\/p>\n\n\n\n<p>S\u00e3o Pedro do Iva\u00ed.<\/p>\n\n\n\n<p><strong>REGIONAL NOROESTE | SEDE MARING\u00c1<\/strong><br>Av. Cerro Azul, 2531 \u2013 Zona Sul CEP: 87010-000<br>(44) 3262-2433<br>maringa@secovipr.com.br<\/p>\n","protected":false},"excerpt":{"rendered":"<p>Cidade sede: Maring\u00e1 &#8211; PR CIDADES DE ATUA\u00c7\u00c3O QUE A REGIONAL NOROESTE REPRESENTA: Alto Paran\u00e1;Amapor\u00e3;Araruna; Astorga; Atalaia; Barbosa Ferraz; Bom Sucesso; Borraz\u00f3polis; Cafeara; Cambira; Campo Mour\u00e3o; Campina da Lagoa; Centen\u00e1rio do Sul; Cianorte; Cidade Ga\u00facha; Colorado; Cruzeiro do Sul; Diamante do Norte; Douradina; Doutor Camargo; Engenheiro Beltr\u00e3o; Fenix; Flora\u00ed; Guaraci; Guaporema; Iguara\u00e7u; Inaj\u00e1; Indianap\u00f3lis; Iretama; [&hellip;]<\/p>\n","protected":false},"author":1,"featured_media":0,"parent":38,"menu_order":0,"comment_status":"closed","ping_status":"closed","template":"","meta":[],"acf":[],"yoast_head":"<!-- This site is optimized with the Yoast SEO plugin v18.1 - https:\/\/yoast.com\/wordpress\/plugins\/seo\/ -->\n<title>Sede Operacional - Regional Noroeste<\/title>\n<meta name=\"robots\" content=\"noindex, follow, max-snippet:-1, max-image-preview:large, max-video-preview:-1\" \/>\n<meta property=\"og:locale\" content=\"pt_BR\" \/>\n<meta property=\"og:type\" content=\"article\" \/>\n<meta property=\"og:title\" content=\"Sede Operacional - Regional Noroeste\" \/>\n<meta property=\"og:description\" content=\"Cidade sede: Maring\u00e1 &#8211; PR CIDADES DE ATUA\u00c7\u00c3O QUE A REGIONAL NOROESTE REPRESENTA: Alto Paran\u00e1;Amapor\u00e3;Araruna; Astorga; Atalaia; Barbosa Ferraz; Bom Sucesso; Borraz\u00f3polis; Cafeara; Cambira; Campo Mour\u00e3o; Campina da Lagoa; Centen\u00e1rio do Sul; Cianorte; Cidade Ga\u00facha; Colorado; Cruzeiro do Sul; Diamante do Norte; Douradina; Doutor Camargo; Engenheiro Beltr\u00e3o; Fenix; Flora\u00ed; Guaraci; Guaporema; Iguara\u00e7u; Inaj\u00e1; Indianap\u00f3lis; Iretama; [&hellip;]\" \/>\n<meta property=\"og:url\" content=\"https:\/\/secovipr.com.br\/maringa\/institucional\/sede-operacional\/\" \/>\n<meta property=\"og:site_name\" content=\"Regional Noroeste\" \/>\n<meta property=\"article:modified_time\" content=\"2022-07-15T17:39:27+00:00\" \/>\n<meta property=\"og:image\" content=\"https:\/\/secovipr.com.br\/maringa\/wp-content\/uploads\/sites\/4\/2022\/01\/258_img.jpg\" \/>\n<meta name=\"twitter:card\" content=\"summary_large_image\" \/>\n<meta name=\"twitter:label1\" content=\"Est. tempo de leitura\" \/>\n\t<meta name=\"twitter:data1\" content=\"2 minutos\" \/>\n<script type=\"application\/ld+json\" class=\"yoast-schema-graph\">{\"@context\":\"https:\/\/schema.org\",\"@graph\":[{\"@type\":\"WebSite\",\"@id\":\"https:\/\/secovipr.com.br\/maringa\/#website\",\"url\":\"https:\/\/secovipr.com.br\/maringa\/\",\"name\":\"Regional Noroeste\",\"description\":\"Sindicato da Habita\u00e7\u00e3o e Condom\u00ednios do Paran\u00e1\",\"potentialAction\":[{\"@type\":\"SearchAction\",\"target\":{\"@type\":\"EntryPoint\",\"urlTemplate\":\"https:\/\/secovipr.com.br\/maringa\/?s={search_term_string}\"},\"query-input\":\"required name=search_term_string\"}],\"inLanguage\":\"pt-BR\"},{\"@type\":\"ImageObject\",\"@id\":\"https:\/\/secovipr.com.br\/maringa\/institucional\/sede-operacional\/#primaryimage\",\"inLanguage\":\"pt-BR\",\"url\":\"https:\/\/secovipr.com.br\/maringa\/wp-content\/uploads\/sites\/4\/2022\/01\/258_img.jpg\",\"contentUrl\":\"https:\/\/secovipr.com.br\/maringa\/wp-content\/uploads\/sites\/4\/2022\/01\/258_img.jpg\",\"width\":399,\"height\":665},{\"@type\":\"WebPage\",\"@id\":\"https:\/\/secovipr.com.br\/maringa\/institucional\/sede-operacional\/#webpage\",\"url\":\"https:\/\/secovipr.com.br\/maringa\/institucional\/sede-operacional\/\",\"name\":\"Sede Operacional - Regional Noroeste\",\"isPartOf\":{\"@id\":\"https:\/\/secovipr.com.br\/maringa\/#website\"},\"primaryImageOfPage\":{\"@id\":\"https:\/\/secovipr.com.br\/maringa\/institucional\/sede-operacional\/#primaryimage\"},\"datePublished\":\"2022-01-17T14:28:53+00:00\",\"dateModified\":\"2022-07-15T17:39:27+00:00\",\"breadcrumb\":{\"@id\":\"https:\/\/secovipr.com.br\/maringa\/institucional\/sede-operacional\/#breadcrumb\"},\"inLanguage\":\"pt-BR\",\"potentialAction\":[{\"@type\":\"ReadAction\",\"target\":[\"https:\/\/secovipr.com.br\/maringa\/institucional\/sede-operacional\/\"]}]},{\"@type\":\"BreadcrumbList\",\"@id\":\"https:\/\/secovipr.com.br\/maringa\/institucional\/sede-operacional\/#breadcrumb\",\"itemListElement\":[{\"@type\":\"ListItem\",\"position\":1,\"name\":\"In\u00edcio\",\"item\":\"https:\/\/secovipr.com.br\/maringa\/\"},{\"@type\":\"ListItem\",\"position\":2,\"name\":\"Institucional\",\"item\":\"https:\/\/secovipr.com.br\/maringa\/institucional\/\"},{\"@type\":\"ListItem\",\"position\":3,\"name\":\"Sede Operacional\"}]}]}<\/script>\n<!-- \/ Yoast SEO plugin. -->","yoast_head_json":{"title":"Sede Operacional - Regional Noroeste","robots":{"index":"noindex","follow":"follow","max-snippet":"max-snippet:-1","max-image-preview":"max-image-preview:large","max-video-preview":"max-video-preview:-1"},"og_locale":"pt_BR","og_type":"article","og_title":"Sede Operacional - Regional Noroeste","og_description":"Cidade sede: Maring\u00e1 &#8211; PR CIDADES DE ATUA\u00c7\u00c3O QUE A REGIONAL NOROESTE REPRESENTA: Alto Paran\u00e1;Amapor\u00e3;Araruna; Astorga; Atalaia; Barbosa Ferraz; Bom Sucesso; Borraz\u00f3polis; Cafeara; Cambira; Campo Mour\u00e3o; Campina da Lagoa; Centen\u00e1rio do Sul; Cianorte; Cidade Ga\u00facha; Colorado; Cruzeiro do Sul; Diamante do Norte; Douradina; Doutor Camargo; Engenheiro Beltr\u00e3o; Fenix; Flora\u00ed; Guaraci; Guaporema; Iguara\u00e7u; Inaj\u00e1; Indianap\u00f3lis; Iretama; [&hellip;]","og_url":"https:\/\/secovipr.com.br\/maringa\/institucional\/sede-operacional\/","og_site_name":"Regional Noroeste","article_modified_time":"2022-07-15T17:39:27+00:00","og_image":[{"url":"https:\/\/secovipr.com.br\/maringa\/wp-content\/uploads\/sites\/4\/2022\/01\/258_img.jpg"}],"twitter_card":"summary_large_image","twitter_misc":{"Est. tempo de leitura":"2 minutos"},"schema":{"@context":"https:\/\/schema.org","@graph":[{"@type":"WebSite","@id":"https:\/\/secovipr.com.br\/maringa\/#website","url":"https:\/\/secovipr.com.br\/maringa\/","name":"Regional Noroeste","description":"Sindicato da Habita\u00e7\u00e3o e Condom\u00ednios do Paran\u00e1","potentialAction":[{"@type":"SearchAction","target":{"@type":"EntryPoint","urlTemplate":"https:\/\/secovipr.com.br\/maringa\/?s={search_term_string}"},"query-input":"required name=search_term_string"}],"inLanguage":"pt-BR"},{"@type":"ImageObject","@id":"https:\/\/secovipr.com.br\/maringa\/institucional\/sede-operacional\/#primaryimage","inLanguage":"pt-BR","url":"https:\/\/secovipr.com.br\/maringa\/wp-content\/uploads\/sites\/4\/2022\/01\/258_img.jpg","contentUrl":"https:\/\/secovipr.com.br\/maringa\/wp-content\/uploads\/sites\/4\/2022\/01\/258_img.jpg","width":399,"height":665},{"@type":"WebPage","@id":"https:\/\/secovipr.com.br\/maringa\/institucional\/sede-operacional\/#webpage","url":"https:\/\/secovipr.com.br\/maringa\/institucional\/sede-operacional\/","name":"Sede Operacional - Regional Noroeste","isPartOf":{"@id":"https:\/\/secovipr.com.br\/maringa\/#website"},"primaryImageOfPage":{"@id":"https:\/\/secovipr.com.br\/maringa\/institucional\/sede-operacional\/#primaryimage"},"datePublished":"2022-01-17T14:28:53+00:00","dateModified":"2022-07-15T17:39:27+00:00","breadcrumb":{"@id":"https:\/\/secovipr.com.br\/maringa\/institucional\/sede-operacional\/#breadcrumb"},"inLanguage":"pt-BR","potentialAction":[{"@type":"ReadAction","target":["https:\/\/secovipr.com.br\/maringa\/institucional\/sede-operacional\/"]}]},{"@type":"BreadcrumbList","@id":"https:\/\/secovipr.com.br\/maringa\/institucional\/sede-operacional\/#breadcrumb","itemListElement":[{"@type":"ListItem","position":1,"name":"In\u00edcio","item":"https:\/\/secovipr.com.br\/maringa\/"},{"@type":"ListItem","position":2,"name":"Institucional","item":"https:\/\/secovipr.com.br\/maringa\/institucional\/"},{"@type":"ListItem","position":3,"name":"Sede Operacional"}]}]}},"_links":{"self":[{"href":"https:\/\/secovipr.com.br\/maringa\/wp-json\/wp\/v2\/pages\/171"}],"collection":[{"href":"https:\/\/secovipr.com.br\/maringa\/wp-json\/wp\/v2\/pages"}],"about":[{"href":"https:\/\/secovipr.com.br\/maringa\/wp-json\/wp\/v2\/types\/page"}],"author":[{"embeddable":true,"href":"https:\/\/secovipr.com.br\/maringa\/wp-json\/wp\/v2\/users\/1"}],"replies":[{"embeddable":true,"href":"https:\/\/secovipr.com.br\/maringa\/wp-json\/wp\/v2\/comments?post=171"}],"version-history":[{"count":5,"href":"https:\/\/secovipr.com.br\/maringa\/wp-json\/wp\/v2\/pages\/171\/revisions"}],"predecessor-version":[{"id":381,"href":"https:\/\/secovipr.com.br\/maringa\/wp-json\/wp\/v2\/pages\/171\/revisions\/381"}],"up":[{"embeddable":true,"href":"https:\/\/secovipr.com.br\/maringa\/wp-json\/wp\/v2\/pages\/38"}],"wp:attachment":[{"href":"https:\/\/secovipr.com.br\/maringa\/wp-json\/wp\/v2\/media?parent=171"}],"curies":[{"name":"wp","href":"https:\/\/api.w.org\/{rel}","templated":true}]}}