{"id":165,"date":"2022-01-17T11:01:46","date_gmt":"2022-01-17T14:01:46","guid":{"rendered":"https:\/\/secovipr.com.br\/maringa\/?page_id=165"},"modified":"2022-01-17T11:04:31","modified_gmt":"2022-01-17T14:04:31","slug":"vantagens-de-associar-se","status":"publish","type":"page","link":"https:\/\/secovipr.com.br\/maringa\/institucional\/vantagens-de-associar-se\/","title":{"rendered":"Vantagens de associar-se"},"content":{"rendered":"\n<p><em>O Secovi-PR existe para garantir\u00a0mais seguran\u00e7a e qualidade\u00a0\u00e0s empresas imobili\u00e1rias e aos moradores, s\u00edndicos e funcion\u00e1rios de condom\u00ednios residenciais e comerciais.<\/em><\/p>\n\n\n\n<div class=\"wp-container-1 wp-block-buttons\">\n<div class=\"wp-block-button\"><a class=\"wp-block-button__link\" href=\"http:\/\/secovipr.com.br\/maringa\/arquivos\/formulario_associacao[558].pdf\">Cadastrar Empresa<\/a><\/div>\n<\/div>\n\n\n\n<p>Associe sua empresa ao Secovi-PR e tenha acesso \u00e0 benef\u00edcios e servi\u00e7os exclusivos.<\/p>\n\n\n\n<p>Para a apvora\u00e7\u00e3o da associa\u00e7\u00e3o, preencha o <a href=\"http:\/\/secovipr.com.br\/maringa\/arquivos\/formulario_associacao[558].pdf\">formul\u00e1rio de pedido de associa\u00e7\u00e3o<\/a> e entregue com a documenta\u00e7\u00e3o solicitada na Sede Secovi-PR da sua regi\u00e3o ou envie por correio:<\/p>\n\n\n\n<h3>Secovi-PR<\/h3>\n\n\n\n<p>Rua Dr. Pedrosa, 475 \u2013 Centro \u2013 Curitiba \u2013 PR \u2013 CEP 80420-120<\/p>\n\n\n\n<p>Tendo d\u00favidas, estamos a disposi\u00e7\u00e3o: (41) 3259-6000 \u2013 <a href=\"mailto:comercial@secovipr.com.br\/maringa\">comercial@secovipr.com.br\/maringa<\/a><\/p>\n\n\n\n<p>Sua proposta ser\u00e1 analisada e voc\u00ea ser\u00e1 informado sobre inclus\u00e3o da sua empresa ao quadro associativo Secovi-PR.<\/p>\n\n\n\n<hr class=\"wp-block-separator\"\/>\n\n\n\n<p><strong>Conhe\u00e7a abaixo os servi\u00e7os que est\u00e3o \u00e0 disposi\u00e7\u00e3o dos nossos associados:<\/strong><\/p>\n\n\n\n<h4>Programa de Excel\u00eancia Qualidade Imobili\u00e1ria &#8211; PEQI<\/h4>\n\n\n\n<p>Oferecido pela Universidade Livre do Mercado Imobili\u00e1rio e Condominial (Unihab)<\/p>\n\n\n\n<p>Este programa garante mais excel\u00eancia, credibilidade e capacita\u00e7\u00e3o profissional ao setor imobili\u00e1rio. Permite a voc\u00ea conhecer novas t\u00e9cnicas, aperfei\u00e7oar a gest\u00e3o de sua empresa, melhorar a qualidade dos servi\u00e7os e visualizar o cliente e para aumentar a satisfa\u00e7\u00e3o deste. Atrav\u00e9s da assiduidade aos eventos e cursos de capacita\u00e7\u00e3o, sua empresa pode conquistar o Selo de Qualifica\u00e7\u00e3o do PEQI.<\/p>\n\n\n\n<h4>Programa de Qualidade Condominial &#8211; PQC<\/h4>\n\n\n\n<p>Oferecido pela Universidade Livre do Mercado Imobili\u00e1rio e Condominial (Unihab)<\/p>\n\n\n\n<p>Este programa oferece treinamento pra s\u00edndicos, conselheiros, porteiros e zeladores visando a qualifica\u00e7\u00e3o e atualiza\u00e7\u00e3o profissional destes. Com o compromisso de apresentar de forma pr\u00e1tica conceitos e mecanismos que possibilitam o aprendizado real, o SECOVI PR traz profissionais graduados e especializados para ministrar os cursos e palestras . Possui elevado networking e estrutura f\u00edsica adequada para melhor atender aos cliente .<\/p>\n\n\n\n<h4>Informe Condominial<\/h4>\n\n\n\n<p>Para facilitar a troca de informa\u00e7\u00f5es entre o SECOVI-PR e Condom\u00ednios, est\u00e1 dispon\u00edvel em nosso portal mais um item que, com certeza, vai ajudar na administra\u00e7\u00e3o de seu condom\u00ednio, \u00e9 o INFORME CONDOMINIAL, com versao para impress\u00e3o.<\/p>\n\n\n\n<p>Toda semana, Secovi-PR traz uma edi\u00e7\u00e3o atualizada do informativo com diferentes dados e discas para uma conviv\u00eancia perfeita, harmoniosa e exemplar no condom\u00ednio que voce administra, bastando acessar o nosso portal, no menu Condom\u00ednios e imprimir a edi\u00e7\u00e3o semanal para disponibilizar aos seus cond\u00f4minos afixando no elevador ou no mural de seu condom\u00ednio, tornando sua administra\u00e7\u00e3o mais din\u00e2mica e participativa.<\/p>\n\n\n\n<h4>Pesquisa &#8211; Inpespar<\/h4>\n\n\n\n<p>O Instituto Paranaense de Pesquisa e Desenvolvimento do Mercado Imobili\u00e1rio e Condominial (Inpespar) \u00e9 o respons\u00e1vel pela implementa\u00e7\u00e3o de a\u00e7\u00f5es na \u00e1rea de pesquisa, garantindo o desenvolvimento do mercado imobili\u00e1rio e condominial, melhorando sua capacidade tecnol\u00f3gica e gerencial. Entre as pesquisas elaboradas periodicamente se destacam a An\u00e1lise do Mercado de Loca\u00e7\u00e3o, a An\u00e1lise de Ofertas de Im\u00f3veis Usados \u00e0 Venda e a Desocupa\u00e7\u00e3o do Im\u00f3vel e cancelamento do Contrato de Administra\u00e7\u00e3o, entre outros.<\/p>\n\n\n\n<h4>Comit\u00ea de Loca\u00e7\u00e3o<\/h4>\n\n\n\n<p>O Comit\u00ea se re\u00fane mensalmente para trocar informa\u00e7\u00f5es sobre o mercado e promover a discuss\u00e3o das ofertas de loca\u00e7\u00e3o, avaliando os pre\u00e7os praticados.<\/p>\n\n\n\n<h4>C\u00e2mara de Media\u00e7\u00e3o e Arbitragem<\/h4>\n\n\n\n<p>Atrav\u00e9s da C\u00e2mara de Media\u00e7\u00e3o e Arbitragem do Paran\u00e1 (CMA), mantida pelo Sistema Secovi-PR, \u00e9 poss\u00edvel solucionar controv\u00e9rsias de forma r\u00e1pida, sem precisar recorrer \u00e0 justi\u00e7a comum.<\/p>\n\n\n\n<h4>SecoviMed<\/h4>\n\n\n\n<p>Oferecer sa\u00fade de qualidade aos funcion\u00e1rios das imobili\u00e1rias e condom\u00ednios: O Servi\u00e7o Social da Habita\u00e7\u00e3o do Paran\u00e1 (SecoviMed-Curitiba, Londrina e Maring\u00e1), busca proporcionar melhores condi\u00e7\u00f5es de vida dos trabalhadores do setor imobili\u00e1rio e condominial, atrav\u00e9s de um servi\u00e7o b\u00e1sico de sa\u00fade com muita qualidade e dignidade.<\/p>\n\n\n\n<h4>Defesa dos interesses da categoria<\/h4>\n\n\n\n<p>O Secovi-PR acompanha, discute e realiza propostas de legisla\u00e7\u00f5es em \u00e2mbito municipal, estadual e federal. Sempre com o objetivo de atender e defender as necessidades do setor.<\/p>\n\n\n\n<h4>Departamento Jur\u00eddico<\/h4>\n\n\n\n<p>Os associados e representados ao Secovi-PR contam com atendimento exclusivo abrangendo as mais variadas quest\u00f5es, al\u00e9m de esclarecer d\u00favidas e orientar sobre procedimentos inerentes \u00e0s atividades imobili\u00e1rias e dos condom\u00ednios. A assist\u00eancia jur\u00eddica re\u00fane advogados especialistas em Direito Imobili\u00e1rio.<\/p>\n\n\n\n<h4>Parecer de Im\u00f3veis<\/h4>\n\n\n\n<p>Este programa, tamb\u00e9m dispon\u00edvel em nosso portal, em poucos segundos e online, ir\u00e1 auxili\u00e1-lo na valora\u00e7\u00e3o dos im\u00f3veis que voc\u00ea tem em sua carteira ou que pretende comercializar ou alugar. Desenvolvido como uma ferramenta referencial de valor, ele ir\u00e1 referendar a sua experi\u00eancia na avalia\u00e7\u00e3o imobili\u00e1ria.<\/p>\n\n\n\n<h4>Atividades anuais<\/h4>\n\n\n\n<ul><li>Encontros com empres\u00e1rios, pol\u00edticos e personalidades que interferem no desenvolvimento do segmento imobili\u00e1rio;<\/li><li>Semin\u00e1rios, congressos, workshops, feiras e palestras sobre temas relevantes aos profissionais da \u00e1rea;<\/li><li>Encontros com as Regionais objetivando melhor integra\u00e7\u00e3o e suporte;<\/li><li>Portal com not\u00edcias, legisla\u00e7\u00f5es, pesquisas e demais assuntos exclusivos do mercado &#8211; www.secovipr.com.br\/maringa<\/li><li>Parcerias com os meios de comunica\u00e7\u00e3o;<\/li><li>Parcerias com as principais entidades do setor e atua\u00e7\u00e3o decis\u00f3ria no \u00e2mbito da C\u00e2mara Brasileira de Com\u00e9rcio e Servi\u00e7os Imobili\u00e1rios (CBCSI \/ CNC);<\/li><li>Publica\u00e7\u00f5es e boletins t\u00e9cnicos na Gazeta do Povo (todos os domingos e quartas);<\/li><li>Clipping di\u00e1rio sobre os assuntos mais pertinentes ao mercado imobili\u00e1rio e condonomial. Basta cadastrar-se e receber informa\u00e7\u00f5es atrav\u00e9s do Secovi-PR Clipping;<\/li><\/ul>\n\n\n\n<p>Tudo isso e muito mais! O Secovi-PR existe para voc\u00ea sentir-se mais seguro e envolvido com o segmento!<\/p>\n\n\n\n<p>Preencha o formul\u00e1rio e nos envie atrav\u00e9s do e-mail <a href=\"mailto:curitiba@secovipr.com.br\/maringa\">curitiba@secovipr.com.br\/maringa<\/a><\/p>\n\n\n\n<div class=\"wp-container-2 wp-block-buttons\">\n<div class=\"wp-block-button\"><a class=\"wp-block-button__link\" href=\"http:\/\/secovipr.com.br\/maringa\/arquivos\/formulario_associacao[558].pdf\">Cadastrar Empresa<\/a><\/div>\n<\/div>\n","protected":false},"excerpt":{"rendered":"<p>O Secovi-PR existe para garantir\u00a0mais seguran\u00e7a e qualidade\u00a0\u00e0s empresas imobili\u00e1rias e aos moradores, s\u00edndicos e funcion\u00e1rios de condom\u00ednios residenciais e comerciais. Associe sua empresa ao Secovi-PR e tenha acesso \u00e0 benef\u00edcios e servi\u00e7os exclusivos. Para a apvora\u00e7\u00e3o da associa\u00e7\u00e3o, preencha o formul\u00e1rio de pedido de associa\u00e7\u00e3o e entregue com a documenta\u00e7\u00e3o solicitada na Sede Secovi-PR [&hellip;]<\/p>\n","protected":false},"author":1,"featured_media":0,"parent":38,"menu_order":0,"comment_status":"closed","ping_status":"closed","template":"","meta":[],"acf":[],"yoast_head":"<!-- This site is optimized with the Yoast SEO plugin v18.1 - https:\/\/yoast.com\/wordpress\/plugins\/seo\/ -->\n<title>Vantagens de associar-se - Regional Noroeste<\/title>\n<meta name=\"robots\" content=\"noindex, follow, max-snippet:-1, max-image-preview:large, max-video-preview:-1\" \/>\n<meta property=\"og:locale\" content=\"pt_BR\" \/>\n<meta property=\"og:type\" content=\"article\" \/>\n<meta property=\"og:title\" content=\"Vantagens de associar-se - Regional Noroeste\" \/>\n<meta property=\"og:description\" content=\"O Secovi-PR existe para garantir\u00a0mais seguran\u00e7a e qualidade\u00a0\u00e0s empresas imobili\u00e1rias e aos moradores, s\u00edndicos e funcion\u00e1rios de condom\u00ednios residenciais e comerciais. Associe sua empresa ao Secovi-PR e tenha acesso \u00e0 benef\u00edcios e servi\u00e7os exclusivos. Para a apvora\u00e7\u00e3o da associa\u00e7\u00e3o, preencha o formul\u00e1rio de pedido de associa\u00e7\u00e3o e entregue com a documenta\u00e7\u00e3o solicitada na Sede Secovi-PR [&hellip;]\" \/>\n<meta property=\"og:url\" content=\"https:\/\/secovipr.com.br\/maringa\/institucional\/vantagens-de-associar-se\/\" \/>\n<meta property=\"og:site_name\" content=\"Regional Noroeste\" \/>\n<meta property=\"article:modified_time\" content=\"2022-01-17T14:04:31+00:00\" \/>\n<meta name=\"twitter:card\" content=\"summary_large_image\" \/>\n<meta name=\"twitter:label1\" content=\"Est. tempo de leitura\" \/>\n\t<meta name=\"twitter:data1\" content=\"5 minutos\" \/>\n<script type=\"application\/ld+json\" class=\"yoast-schema-graph\">{\"@context\":\"https:\/\/schema.org\",\"@graph\":[{\"@type\":\"WebSite\",\"@id\":\"https:\/\/secovipr.com.br\/maringa\/#website\",\"url\":\"https:\/\/secovipr.com.br\/maringa\/\",\"name\":\"Regional Noroeste\",\"description\":\"Sindicato da Habita\u00e7\u00e3o e Condom\u00ednios do Paran\u00e1\",\"potentialAction\":[{\"@type\":\"SearchAction\",\"target\":{\"@type\":\"EntryPoint\",\"urlTemplate\":\"https:\/\/secovipr.com.br\/maringa\/?s={search_term_string}\"},\"query-input\":\"required name=search_term_string\"}],\"inLanguage\":\"pt-BR\"},{\"@type\":\"WebPage\",\"@id\":\"https:\/\/secovipr.com.br\/maringa\/institucional\/vantagens-de-associar-se\/#webpage\",\"url\":\"https:\/\/secovipr.com.br\/maringa\/institucional\/vantagens-de-associar-se\/\",\"name\":\"Vantagens de associar-se - Regional Noroeste\",\"isPartOf\":{\"@id\":\"https:\/\/secovipr.com.br\/maringa\/#website\"},\"datePublished\":\"2022-01-17T14:01:46+00:00\",\"dateModified\":\"2022-01-17T14:04:31+00:00\",\"breadcrumb\":{\"@id\":\"https:\/\/secovipr.com.br\/maringa\/institucional\/vantagens-de-associar-se\/#breadcrumb\"},\"inLanguage\":\"pt-BR\",\"potentialAction\":[{\"@type\":\"ReadAction\",\"target\":[\"https:\/\/secovipr.com.br\/maringa\/institucional\/vantagens-de-associar-se\/\"]}]},{\"@type\":\"BreadcrumbList\",\"@id\":\"https:\/\/secovipr.com.br\/maringa\/institucional\/vantagens-de-associar-se\/#breadcrumb\",\"itemListElement\":[{\"@type\":\"ListItem\",\"position\":1,\"name\":\"In\u00edcio\",\"item\":\"https:\/\/secovipr.com.br\/maringa\/\"},{\"@type\":\"ListItem\",\"position\":2,\"name\":\"Institucional\",\"item\":\"https:\/\/secovipr.com.br\/maringa\/institucional\/\"},{\"@type\":\"ListItem\",\"position\":3,\"name\":\"Vantagens de associar-se\"}]}]}<\/script>\n<!-- \/ Yoast SEO plugin. -->","yoast_head_json":{"title":"Vantagens de associar-se - Regional Noroeste","robots":{"index":"noindex","follow":"follow","max-snippet":"max-snippet:-1","max-image-preview":"max-image-preview:large","max-video-preview":"max-video-preview:-1"},"og_locale":"pt_BR","og_type":"article","og_title":"Vantagens de associar-se - Regional Noroeste","og_description":"O Secovi-PR existe para garantir\u00a0mais seguran\u00e7a e qualidade\u00a0\u00e0s empresas imobili\u00e1rias e aos moradores, s\u00edndicos e funcion\u00e1rios de condom\u00ednios residenciais e comerciais. Associe sua empresa ao Secovi-PR e tenha acesso \u00e0 benef\u00edcios e servi\u00e7os exclusivos. Para a apvora\u00e7\u00e3o da associa\u00e7\u00e3o, preencha o formul\u00e1rio de pedido de associa\u00e7\u00e3o e entregue com a documenta\u00e7\u00e3o solicitada na Sede Secovi-PR [&hellip;]","og_url":"https:\/\/secovipr.com.br\/maringa\/institucional\/vantagens-de-associar-se\/","og_site_name":"Regional Noroeste","article_modified_time":"2022-01-17T14:04:31+00:00","twitter_card":"summary_large_image","twitter_misc":{"Est. tempo de leitura":"5 minutos"},"schema":{"@context":"https:\/\/schema.org","@graph":[{"@type":"WebSite","@id":"https:\/\/secovipr.com.br\/maringa\/#website","url":"https:\/\/secovipr.com.br\/maringa\/","name":"Regional Noroeste","description":"Sindicato da Habita\u00e7\u00e3o e Condom\u00ednios do Paran\u00e1","potentialAction":[{"@type":"SearchAction","target":{"@type":"EntryPoint","urlTemplate":"https:\/\/secovipr.com.br\/maringa\/?s={search_term_string}"},"query-input":"required name=search_term_string"}],"inLanguage":"pt-BR"},{"@type":"WebPage","@id":"https:\/\/secovipr.com.br\/maringa\/institucional\/vantagens-de-associar-se\/#webpage","url":"https:\/\/secovipr.com.br\/maringa\/institucional\/vantagens-de-associar-se\/","name":"Vantagens de associar-se - Regional Noroeste","isPartOf":{"@id":"https:\/\/secovipr.com.br\/maringa\/#website"},"datePublished":"2022-01-17T14:01:46+00:00","dateModified":"2022-01-17T14:04:31+00:00","breadcrumb":{"@id":"https:\/\/secovipr.com.br\/maringa\/institucional\/vantagens-de-associar-se\/#breadcrumb"},"inLanguage":"pt-BR","potentialAction":[{"@type":"ReadAction","target":["https:\/\/secovipr.com.br\/maringa\/institucional\/vantagens-de-associar-se\/"]}]},{"@type":"BreadcrumbList","@id":"https:\/\/secovipr.com.br\/maringa\/institucional\/vantagens-de-associar-se\/#breadcrumb","itemListElement":[{"@type":"ListItem","position":1,"name":"In\u00edcio","item":"https:\/\/secovipr.com.br\/maringa\/"},{"@type":"ListItem","position":2,"name":"Institucional","item":"https:\/\/secovipr.com.br\/maringa\/institucional\/"},{"@type":"ListItem","position":3,"name":"Vantagens de associar-se"}]}]}},"_links":{"self":[{"href":"https:\/\/secovipr.com.br\/maringa\/wp-json\/wp\/v2\/pages\/165"}],"collection":[{"href":"https:\/\/secovipr.com.br\/maringa\/wp-json\/wp\/v2\/pages"}],"about":[{"href":"https:\/\/secovipr.com.br\/maringa\/wp-json\/wp\/v2\/types\/page"}],"author":[{"embeddable":true,"href":"https:\/\/secovipr.com.br\/maringa\/wp-json\/wp\/v2\/users\/1"}],"replies":[{"embeddable":true,"href":"https:\/\/secovipr.com.br\/maringa\/wp-json\/wp\/v2\/comments?post=165"}],"version-history":[{"count":4,"href":"https:\/\/secovipr.com.br\/maringa\/wp-json\/wp\/v2\/pages\/165\/revisions"}],"predecessor-version":[{"id":170,"href":"https:\/\/secovipr.com.br\/maringa\/wp-json\/wp\/v2\/pages\/165\/revisions\/170"}],"up":[{"embeddable":true,"href":"https:\/\/secovipr.com.br\/maringa\/wp-json\/wp\/v2\/pages\/38"}],"wp:attachment":[{"href":"https:\/\/secovipr.com.br\/maringa\/wp-json\/wp\/v2\/media?parent=165"}],"curies":[{"name":"wp","href":"https:\/\/api.w.org\/{rel}","templated":true}]}}