{"id":137,"date":"2022-01-14T17:34:48","date_gmt":"2022-01-14T20:34:48","guid":{"rendered":"https:\/\/secovipr.com.br\/maringa\/?page_id=137"},"modified":"2022-07-13T15:28:29","modified_gmt":"2022-07-13T18:28:29","slug":"conheca-a-secovi-pr","status":"publish","type":"page","link":"https:\/\/secovipr.com.br\/maringa\/institucional\/conheca-a-secovi-pr\/","title":{"rendered":"Conhe\u00e7a o SECOVI-PR"},"content":{"rendered":"\n<h3>Saiba o que a gente pode fazer por voc\u00ea<\/h3>\n\n\n\n<p>Lorem ipsum dolor sit amet, consectetur adipiscing elit. Sed at ultricies nibh, vel viverra risus. Morbi massa ante, sodales nec vulputate in, rutrum nec dolor. Aenean vulputate orci turpis, eget aliquam dui pellentesque ut. Donec viverra augue sit amet ante finibus, a maximus orci tincidunt. Nunc finibus tellus quis tincidunt pharetra. Etiam vel consectetur enim. Cras nec suscipit neque, sed dignissim urna. Mauris nunc felis, aliquam vel ipsum at, convallis varius lacus. Aliquam id ligula id est tempor cursus eu vitae nulla. Fusce ac porttitor justo. Cras at magna viverra, facilisis ipsum eu, cursus ex. Cras aliquam mi massa, eget rutrum enim tempus sed. Nam pellentesque vestibulum ante, ac rutrum ipsum commodo at.<\/p>\n\n\n\n<p>Lorem ipsum dolor sit amet, consectetur adipiscing elit. Sed at ultricies nibh, vel viverra risus. Morbi massa ante, sodales nec vulputate in, rutrum nec dolor. Aenean vulputate orci turpis, eget aliquam dui pellentesque ut. Donec viverra augue sit amet ante finibus, a maximus orci tincidunt. Nunc finibus tellus quis tincidunt pharetra. Etiam vel consectetur enim. Cras nec suscipit neque, sed dignissim urna. Mauris nunc felis, aliquam vel ipsum at, convallis varius lacus. Aliquam id ligula id est tempor cursus eu vitae nulla. Fusce ac porttitor justo. Cras at magna viverra, facilisis ipsum eu, cursus ex. Cras aliquam mi massa, eget rutrum enim tempus sed. Nam pellentesque vestibulum ante, ac rutrum ipsum commodo at.<\/p>\n\n\n\n<div class=\"wp-block-image\"><figure class=\"aligncenter size-large\"><img loading=\"lazy\" width=\"1024\" height=\"683\" src=\"https:\/\/secovipr.com.br\/maringa\/wp-content\/uploads\/sites\/4\/2022\/01\/cursos-img-02-1024x683.jpg\" alt=\"\" class=\"wp-image-133\" srcset=\"https:\/\/secovipr.com.br\/maringa\/wp-content\/uploads\/sites\/4\/2022\/01\/cursos-img-02-1024x683.jpg 1024w, https:\/\/secovipr.com.br\/maringa\/wp-content\/uploads\/sites\/4\/2022\/01\/cursos-img-02-300x200.jpg 300w, https:\/\/secovipr.com.br\/maringa\/wp-content\/uploads\/sites\/4\/2022\/01\/cursos-img-02-768x512.jpg 768w, https:\/\/secovipr.com.br\/maringa\/wp-content\/uploads\/sites\/4\/2022\/01\/cursos-img-02.jpg 1290w\" sizes=\"(max-width: 1024px) 100vw, 1024px\" \/><figcaption> Lorem ipsum dolor sit amet <\/figcaption><\/figure><\/div>\n\n\n\n<p> Lorem ipsum dolor sit amet, consectetur adipiscing elit. Sed at ultricies nibh, vel viverra risus. Morbi massa ante, sodales nec vulputate in, rutrum nec dolor. Aenean vulputate orci turpis, eget aliquam dui pellentesque ut. Donec viverra augue sit amet ante finibus, a maximus orci tincidunt. Nunc finibus tellus quis tincidunt pharetra. Etiam vel consectetur enim. Cras nec suscipit neque, sed dignissim urna. Mauris nunc felis, aliquam vel ipsum at, convallis varius lacus. Aliquam id ligula id est tempor cursus eu vitae nulla. Fusce ac porttitor justo. Cras at magna viverra, facilisis ipsum eu, cursus ex. Cras aliquam mi massa, eget rutrum enim tempus sed. Nam pellentesque vestibulum ante, ac rutrum ipsum commodo at. <\/p>\n\n\n\n<hr class=\"wp-block-separator\"\/>\n\n\n\n<div class=\"wp-block-image\"><figure class=\"alignleft size-large is-resized\"><img loading=\"lazy\" src=\"https:\/\/secovipr.com.br\/maringa\/wp-content\/uploads\/sites\/4\/2022\/01\/blog-img-02-1024x679.jpg\" alt=\"\" class=\"wp-image-131\" width=\"505\" height=\"335\" srcset=\"https:\/\/secovipr.com.br\/maringa\/wp-content\/uploads\/sites\/4\/2022\/01\/blog-img-02-1024x679.jpg 1024w, https:\/\/secovipr.com.br\/maringa\/wp-content\/uploads\/sites\/4\/2022\/01\/blog-img-02-300x199.jpg 300w, https:\/\/secovipr.com.br\/maringa\/wp-content\/uploads\/sites\/4\/2022\/01\/blog-img-02-768x510.jpg 768w, https:\/\/secovipr.com.br\/maringa\/wp-content\/uploads\/sites\/4\/2022\/01\/blog-img-02-370x245.jpg 370w, https:\/\/secovipr.com.br\/maringa\/wp-content\/uploads\/sites\/4\/2022\/01\/blog-img-02.jpg 1290w\" sizes=\"(max-width: 505px) 100vw, 505px\" \/><\/figure><\/div>\n\n\n\n<p>Lorem ipsum dolor sit amet, consectetur adipiscing elit. Sed at ultricies nibh, vel viverra risus. Morbi massa ante, sodales nec vulputate in, rutrum nec dolor. Aenean vulputate orci turpis, eget aliquam dui pellentesque ut. Donec viverra augue sit amet ante finibus, a maximus orci tincidunt. Nunc finibus tellus quis tincidunt pharetra. Etiam vel consectetur enim. Cras nec suscipit neque, sed dignissim urna. Mauris nunc felis, aliquam vel ipsum at, convallis varius lacus. Aliquam id ligula id est tempor cursus eu vitae nulla. Fusce ac porttitor justo. Cras at magna viverra, facilisis ipsum eu, cursus ex. Cras aliquam mi massa, eget rutrum enim tempus sed. Nam pellentesque vestibulum ante, ac rutrum ipsum commodo at.<\/p>\n\n\n\n<div class=\"wp-block-image\"><figure class=\"alignright size-large is-resized\"><img loading=\"lazy\" src=\"https:\/\/secovipr.com.br\/maringa\/wp-content\/uploads\/sites\/4\/2022\/01\/eventos-img-02-1024x683.jpg\" alt=\"\" class=\"wp-image-135\" width=\"459\" height=\"306\" srcset=\"https:\/\/secovipr.com.br\/maringa\/wp-content\/uploads\/sites\/4\/2022\/01\/eventos-img-02-1024x683.jpg 1024w, https:\/\/secovipr.com.br\/maringa\/wp-content\/uploads\/sites\/4\/2022\/01\/eventos-img-02-300x200.jpg 300w, https:\/\/secovipr.com.br\/maringa\/wp-content\/uploads\/sites\/4\/2022\/01\/eventos-img-02-768x512.jpg 768w, https:\/\/secovipr.com.br\/maringa\/wp-content\/uploads\/sites\/4\/2022\/01\/eventos-img-02.jpg 1290w\" sizes=\"(max-width: 459px) 100vw, 459px\" \/><\/figure><\/div>\n\n\n\n<p>Lorem ipsum dolor sit amet, consectetur adipiscing elit. Sed at ultricies nibh, vel viverra risus. Morbi massa ante, sodales nec vulputate in, rutrum nec dolor. Aenean vulputate orci turpis, eget aliquam dui pellentesque ut. Donec viverra augue sit amet ante finibus, a maximus orci tincidunt. Nunc finibus tellus quis tincidunt pharetra. Etiam vel consectetur enim. Cras nec suscipit neque, sed dignissim urna. Mauris nunc felis, aliquam vel ipsum at, convallis varius lacus. Aliquam id ligula id est tempor cursus eu vitae nulla. Fusce ac porttitor justo. Cras at magna viverra, facilisis ipsum eu, cursus ex. Cras aliquam mi massa, eget rutrum enim tempus sed. Nam pellentesque vestibulum ante, ac rutrum ipsum commodo at.<\/p>\n\n\n\n<p>Lorem ipsum dolor sit amet, consectetur adipiscing elit. Sed at ultricies nibh, vel viverra risus. Morbi massa ante, sodales nec vulputate in, rutrum nec dolor. Aenean vulputate orci turpis, eget aliquam dui pellentesque ut. Donec viverra augue sit amet ante finibus, a maximus orci tincidunt. Nunc finibus tellus quis tincidunt pharetra. Etiam vel consectetur enim. <\/p>\n","protected":false},"excerpt":{"rendered":"<p>Saiba o que a gente pode fazer por voc\u00ea Lorem ipsum dolor sit amet, consectetur adipiscing elit. Sed at ultricies nibh, vel viverra risus. Morbi massa ante, sodales nec vulputate in, rutrum nec dolor. Aenean vulputate orci turpis, eget aliquam dui pellentesque ut. Donec viverra augue sit amet ante finibus, a maximus orci tincidunt. Nunc [&hellip;]<\/p>\n","protected":false},"author":1,"featured_media":0,"parent":38,"menu_order":0,"comment_status":"closed","ping_status":"closed","template":"","meta":[],"acf":[],"yoast_head":"<!-- This site is optimized with the Yoast SEO plugin v18.1 - https:\/\/yoast.com\/wordpress\/plugins\/seo\/ -->\n<title>Conhe\u00e7a o SECOVI-PR - Regional Noroeste<\/title>\n<meta name=\"robots\" content=\"noindex, follow, max-snippet:-1, max-image-preview:large, max-video-preview:-1\" \/>\n<meta property=\"og:locale\" content=\"pt_BR\" \/>\n<meta property=\"og:type\" content=\"article\" \/>\n<meta property=\"og:title\" content=\"Conhe\u00e7a o SECOVI-PR - Regional Noroeste\" \/>\n<meta property=\"og:description\" content=\"Saiba o que a gente pode fazer por voc\u00ea Lorem ipsum dolor sit amet, consectetur adipiscing elit. Sed at ultricies nibh, vel viverra risus. Morbi massa ante, sodales nec vulputate in, rutrum nec dolor. Aenean vulputate orci turpis, eget aliquam dui pellentesque ut. Donec viverra augue sit amet ante finibus, a maximus orci tincidunt. Nunc [&hellip;]\" \/>\n<meta property=\"og:url\" content=\"https:\/\/secovipr.com.br\/maringa\/institucional\/conheca-a-secovi-pr\/\" \/>\n<meta property=\"og:site_name\" content=\"Regional Noroeste\" \/>\n<meta property=\"article:modified_time\" content=\"2022-07-13T18:28:29+00:00\" \/>\n<meta property=\"og:image\" content=\"https:\/\/secovipr.com.br\/maringa\/wp-content\/uploads\/sites\/4\/2022\/01\/cursos-img-02-1024x683.jpg\" \/>\n<meta name=\"twitter:card\" content=\"summary_large_image\" \/>\n<meta name=\"twitter:label1\" content=\"Est. tempo de leitura\" \/>\n\t<meta name=\"twitter:data1\" content=\"5 minutos\" \/>\n<script type=\"application\/ld+json\" class=\"yoast-schema-graph\">{\"@context\":\"https:\/\/schema.org\",\"@graph\":[{\"@type\":\"WebSite\",\"@id\":\"https:\/\/secovipr.com.br\/maringa\/#website\",\"url\":\"https:\/\/secovipr.com.br\/maringa\/\",\"name\":\"Regional Noroeste\",\"description\":\"Sindicato da Habita\u00e7\u00e3o e Condom\u00ednios do Paran\u00e1\",\"potentialAction\":[{\"@type\":\"SearchAction\",\"target\":{\"@type\":\"EntryPoint\",\"urlTemplate\":\"https:\/\/secovipr.com.br\/maringa\/?s={search_term_string}\"},\"query-input\":\"required name=search_term_string\"}],\"inLanguage\":\"pt-BR\"},{\"@type\":\"ImageObject\",\"@id\":\"https:\/\/secovipr.com.br\/maringa\/institucional\/conheca-a-secovi-pr\/#primaryimage\",\"inLanguage\":\"pt-BR\",\"url\":\"https:\/\/secovipr.com.br\/maringa\/wp-content\/uploads\/sites\/4\/2022\/01\/cursos-img-02.jpg\",\"contentUrl\":\"https:\/\/secovipr.com.br\/maringa\/wp-content\/uploads\/sites\/4\/2022\/01\/cursos-img-02.jpg\",\"width\":1290,\"height\":860},{\"@type\":\"WebPage\",\"@id\":\"https:\/\/secovipr.com.br\/maringa\/institucional\/conheca-a-secovi-pr\/#webpage\",\"url\":\"https:\/\/secovipr.com.br\/maringa\/institucional\/conheca-a-secovi-pr\/\",\"name\":\"Conhe\u00e7a o SECOVI-PR - Regional Noroeste\",\"isPartOf\":{\"@id\":\"https:\/\/secovipr.com.br\/maringa\/#website\"},\"primaryImageOfPage\":{\"@id\":\"https:\/\/secovipr.com.br\/maringa\/institucional\/conheca-a-secovi-pr\/#primaryimage\"},\"datePublished\":\"2022-01-14T20:34:48+00:00\",\"dateModified\":\"2022-07-13T18:28:29+00:00\",\"breadcrumb\":{\"@id\":\"https:\/\/secovipr.com.br\/maringa\/institucional\/conheca-a-secovi-pr\/#breadcrumb\"},\"inLanguage\":\"pt-BR\",\"potentialAction\":[{\"@type\":\"ReadAction\",\"target\":[\"https:\/\/secovipr.com.br\/maringa\/institucional\/conheca-a-secovi-pr\/\"]}]},{\"@type\":\"BreadcrumbList\",\"@id\":\"https:\/\/secovipr.com.br\/maringa\/institucional\/conheca-a-secovi-pr\/#breadcrumb\",\"itemListElement\":[{\"@type\":\"ListItem\",\"position\":1,\"name\":\"In\u00edcio\",\"item\":\"https:\/\/secovipr.com.br\/maringa\/\"},{\"@type\":\"ListItem\",\"position\":2,\"name\":\"Institucional\",\"item\":\"https:\/\/secovipr.com.br\/maringa\/institucional\/\"},{\"@type\":\"ListItem\",\"position\":3,\"name\":\"Conhe\u00e7a o SECOVI-PR\"}]}]}<\/script>\n<!-- \/ Yoast SEO plugin. -->","yoast_head_json":{"title":"Conhe\u00e7a o SECOVI-PR - Regional Noroeste","robots":{"index":"noindex","follow":"follow","max-snippet":"max-snippet:-1","max-image-preview":"max-image-preview:large","max-video-preview":"max-video-preview:-1"},"og_locale":"pt_BR","og_type":"article","og_title":"Conhe\u00e7a o SECOVI-PR - Regional Noroeste","og_description":"Saiba o que a gente pode fazer por voc\u00ea Lorem ipsum dolor sit amet, consectetur adipiscing elit. Sed at ultricies nibh, vel viverra risus. Morbi massa ante, sodales nec vulputate in, rutrum nec dolor. Aenean vulputate orci turpis, eget aliquam dui pellentesque ut. Donec viverra augue sit amet ante finibus, a maximus orci tincidunt. Nunc [&hellip;]","og_url":"https:\/\/secovipr.com.br\/maringa\/institucional\/conheca-a-secovi-pr\/","og_site_name":"Regional Noroeste","article_modified_time":"2022-07-13T18:28:29+00:00","og_image":[{"url":"https:\/\/secovipr.com.br\/maringa\/wp-content\/uploads\/sites\/4\/2022\/01\/cursos-img-02-1024x683.jpg"}],"twitter_card":"summary_large_image","twitter_misc":{"Est. tempo de leitura":"5 minutos"},"schema":{"@context":"https:\/\/schema.org","@graph":[{"@type":"WebSite","@id":"https:\/\/secovipr.com.br\/maringa\/#website","url":"https:\/\/secovipr.com.br\/maringa\/","name":"Regional Noroeste","description":"Sindicato da Habita\u00e7\u00e3o e Condom\u00ednios do Paran\u00e1","potentialAction":[{"@type":"SearchAction","target":{"@type":"EntryPoint","urlTemplate":"https:\/\/secovipr.com.br\/maringa\/?s={search_term_string}"},"query-input":"required name=search_term_string"}],"inLanguage":"pt-BR"},{"@type":"ImageObject","@id":"https:\/\/secovipr.com.br\/maringa\/institucional\/conheca-a-secovi-pr\/#primaryimage","inLanguage":"pt-BR","url":"https:\/\/secovipr.com.br\/maringa\/wp-content\/uploads\/sites\/4\/2022\/01\/cursos-img-02.jpg","contentUrl":"https:\/\/secovipr.com.br\/maringa\/wp-content\/uploads\/sites\/4\/2022\/01\/cursos-img-02.jpg","width":1290,"height":860},{"@type":"WebPage","@id":"https:\/\/secovipr.com.br\/maringa\/institucional\/conheca-a-secovi-pr\/#webpage","url":"https:\/\/secovipr.com.br\/maringa\/institucional\/conheca-a-secovi-pr\/","name":"Conhe\u00e7a o SECOVI-PR - Regional Noroeste","isPartOf":{"@id":"https:\/\/secovipr.com.br\/maringa\/#website"},"primaryImageOfPage":{"@id":"https:\/\/secovipr.com.br\/maringa\/institucional\/conheca-a-secovi-pr\/#primaryimage"},"datePublished":"2022-01-14T20:34:48+00:00","dateModified":"2022-07-13T18:28:29+00:00","breadcrumb":{"@id":"https:\/\/secovipr.com.br\/maringa\/institucional\/conheca-a-secovi-pr\/#breadcrumb"},"inLanguage":"pt-BR","potentialAction":[{"@type":"ReadAction","target":["https:\/\/secovipr.com.br\/maringa\/institucional\/conheca-a-secovi-pr\/"]}]},{"@type":"BreadcrumbList","@id":"https:\/\/secovipr.com.br\/maringa\/institucional\/conheca-a-secovi-pr\/#breadcrumb","itemListElement":[{"@type":"ListItem","position":1,"name":"In\u00edcio","item":"https:\/\/secovipr.com.br\/maringa\/"},{"@type":"ListItem","position":2,"name":"Institucional","item":"https:\/\/secovipr.com.br\/maringa\/institucional\/"},{"@type":"ListItem","position":3,"name":"Conhe\u00e7a o SECOVI-PR"}]}]}},"_links":{"self":[{"href":"https:\/\/secovipr.com.br\/maringa\/wp-json\/wp\/v2\/pages\/137"}],"collection":[{"href":"https:\/\/secovipr.com.br\/maringa\/wp-json\/wp\/v2\/pages"}],"about":[{"href":"https:\/\/secovipr.com.br\/maringa\/wp-json\/wp\/v2\/types\/page"}],"author":[{"embeddable":true,"href":"https:\/\/secovipr.com.br\/maringa\/wp-json\/wp\/v2\/users\/1"}],"replies":[{"embeddable":true,"href":"https:\/\/secovipr.com.br\/maringa\/wp-json\/wp\/v2\/comments?post=137"}],"version-history":[{"count":7,"href":"https:\/\/secovipr.com.br\/maringa\/wp-json\/wp\/v2\/pages\/137\/revisions"}],"predecessor-version":[{"id":377,"href":"https:\/\/secovipr.com.br\/maringa\/wp-json\/wp\/v2\/pages\/137\/revisions\/377"}],"up":[{"embeddable":true,"href":"https:\/\/secovipr.com.br\/maringa\/wp-json\/wp\/v2\/pages\/38"}],"wp:attachment":[{"href":"https:\/\/secovipr.com.br\/maringa\/wp-json\/wp\/v2\/media?parent=137"}],"curies":[{"name":"wp","href":"https:\/\/api.w.org\/{rel}","templated":true}]}}