{"id":413,"date":"2022-08-24T16:48:24","date_gmt":"2022-08-24T19:48:24","guid":{"rendered":"https:\/\/secovipr.com.br\/londrina\/?page_id=413"},"modified":"2023-02-13T17:59:31","modified_gmt":"2023-02-13T20:59:31","slug":"cursos","status":"publish","type":"page","link":"https:\/\/secovipr.com.br\/londrina\/cursos\/","title":{"rendered":"Entrevistas"},"content":{"rendered":"\n<figure class=\"wp-block-embed is-type-video is-provider-youtube wp-block-embed-youtube wp-embed-aspect-16-9 wp-has-aspect-ratio\"><div class=\"wp-block-embed__wrapper\">\n<iframe loading=\"lazy\" title=\"CERIM\u00d4NIA DE POSSE DA NOVA DIRETORIA - SECOVI PARAN\u00c1 #GENTE\" width=\"500\" height=\"281\" src=\"https:\/\/www.youtube.com\/embed\/evO6ZL-segE?feature=oembed\" frameborder=\"0\" allow=\"accelerometer; autoplay; clipboard-write; encrypted-media; gyroscope; picture-in-picture; web-share\" allowfullscreen><\/iframe>\n<\/div><\/figure>\n\n\n\n<p>CERIM\u00d4NIA DE POSSE DA NOVA DIRETORIA &#8211; SECOVI PARAN\u00c1<br><br><br><\/p>\n","protected":false},"excerpt":{"rendered":"<p>CERIM\u00d4NIA DE POSSE DA NOVA DIRETORIA &#8211; SECOVI PARAN\u00c1<\/p>\n","protected":false},"author":1,"featured_media":638,"parent":0,"menu_order":0,"comment_status":"closed","ping_status":"closed","template":"","meta":[],"acf":[],"yoast_head":"<!-- This site is optimized with the Yoast SEO plugin v18.1 - https:\/\/yoast.com\/wordpress\/plugins\/seo\/ -->\n<title>Entrevistas - Regional Norte<\/title>\n<meta name=\"robots\" content=\"noindex, follow, max-snippet:-1, max-image-preview:large, max-video-preview:-1\" \/>\n<meta property=\"og:locale\" content=\"pt_BR\" \/>\n<meta property=\"og:type\" content=\"article\" \/>\n<meta property=\"og:title\" content=\"Entrevistas - Regional Norte\" \/>\n<meta property=\"og:description\" content=\"CERIM\u00d4NIA DE POSSE DA NOVA DIRETORIA &#8211; SECOVI PARAN\u00c1\" \/>\n<meta property=\"og:url\" content=\"https:\/\/secovipr.com.br\/londrina\/cursos\/\" \/>\n<meta property=\"og:site_name\" content=\"Regional Norte\" \/>\n<meta property=\"article:modified_time\" content=\"2023-02-13T20:59:31+00:00\" \/>\n<meta property=\"og:image\" content=\"https:\/\/secovipr.com.br\/londrina\/wp-content\/uploads\/sites\/5\/2022\/10\/Exportacoes-de-Londrina-descubra.jpg\" \/>\n\t<meta property=\"og:image:width\" content=\"650\" \/>\n\t<meta property=\"og:image:height\" content=\"400\" \/>\n\t<meta property=\"og:image:type\" content=\"image\/jpeg\" \/>\n<meta name=\"twitter:card\" content=\"summary_large_image\" \/>\n<meta name=\"twitter:label1\" content=\"Est. tempo de leitura\" \/>\n\t<meta name=\"twitter:data1\" content=\"1 minuto\" \/>\n<script type=\"application\/ld+json\" class=\"yoast-schema-graph\">{\"@context\":\"https:\/\/schema.org\",\"@graph\":[{\"@type\":\"WebSite\",\"@id\":\"https:\/\/secovipr.com.br\/londrina\/#website\",\"url\":\"https:\/\/secovipr.com.br\/londrina\/\",\"name\":\"Regional Norte\",\"description\":\"Sindicato da Habita\u00e7\u00e3o e Condom\u00ednios do Paran\u00e1\",\"potentialAction\":[{\"@type\":\"SearchAction\",\"target\":{\"@type\":\"EntryPoint\",\"urlTemplate\":\"https:\/\/secovipr.com.br\/londrina\/?s={search_term_string}\"},\"query-input\":\"required name=search_term_string\"}],\"inLanguage\":\"pt-BR\"},{\"@type\":\"ImageObject\",\"@id\":\"https:\/\/secovipr.com.br\/londrina\/cursos\/#primaryimage\",\"inLanguage\":\"pt-BR\",\"url\":\"https:\/\/secovipr.com.br\/londrina\/wp-content\/uploads\/sites\/5\/2022\/10\/Exportacoes-de-Londrina-descubra.jpg\",\"contentUrl\":\"https:\/\/secovipr.com.br\/londrina\/wp-content\/uploads\/sites\/5\/2022\/10\/Exportacoes-de-Londrina-descubra.jpg\",\"width\":650,\"height\":400,\"caption\":\"Centro de londrina - 20\/11\/2000 FT: Milton D\u00f3ria\"},{\"@type\":\"WebPage\",\"@id\":\"https:\/\/secovipr.com.br\/londrina\/cursos\/#webpage\",\"url\":\"https:\/\/secovipr.com.br\/londrina\/cursos\/\",\"name\":\"Entrevistas - Regional Norte\",\"isPartOf\":{\"@id\":\"https:\/\/secovipr.com.br\/londrina\/#website\"},\"primaryImageOfPage\":{\"@id\":\"https:\/\/secovipr.com.br\/londrina\/cursos\/#primaryimage\"},\"datePublished\":\"2022-08-24T19:48:24+00:00\",\"dateModified\":\"2023-02-13T20:59:31+00:00\",\"breadcrumb\":{\"@id\":\"https:\/\/secovipr.com.br\/londrina\/cursos\/#breadcrumb\"},\"inLanguage\":\"pt-BR\",\"potentialAction\":[{\"@type\":\"ReadAction\",\"target\":[\"https:\/\/secovipr.com.br\/londrina\/cursos\/\"]}]},{\"@type\":\"BreadcrumbList\",\"@id\":\"https:\/\/secovipr.com.br\/londrina\/cursos\/#breadcrumb\",\"itemListElement\":[{\"@type\":\"ListItem\",\"position\":1,\"name\":\"In\u00edcio\",\"item\":\"https:\/\/secovipr.com.br\/londrina\/\"},{\"@type\":\"ListItem\",\"position\":2,\"name\":\"Entrevistas\"}]}]}<\/script>\n<!-- \/ Yoast SEO plugin. -->","yoast_head_json":{"title":"Entrevistas - Regional Norte","robots":{"index":"noindex","follow":"follow","max-snippet":"max-snippet:-1","max-image-preview":"max-image-preview:large","max-video-preview":"max-video-preview:-1"},"og_locale":"pt_BR","og_type":"article","og_title":"Entrevistas - Regional Norte","og_description":"CERIM\u00d4NIA DE POSSE DA NOVA DIRETORIA &#8211; SECOVI PARAN\u00c1","og_url":"https:\/\/secovipr.com.br\/londrina\/cursos\/","og_site_name":"Regional Norte","article_modified_time":"2023-02-13T20:59:31+00:00","og_image":[{"width":650,"height":400,"url":"https:\/\/secovipr.com.br\/londrina\/wp-content\/uploads\/sites\/5\/2022\/10\/Exportacoes-de-Londrina-descubra.jpg","type":"image\/jpeg"}],"twitter_card":"summary_large_image","twitter_misc":{"Est. tempo de leitura":"1 minuto"},"schema":{"@context":"https:\/\/schema.org","@graph":[{"@type":"WebSite","@id":"https:\/\/secovipr.com.br\/londrina\/#website","url":"https:\/\/secovipr.com.br\/londrina\/","name":"Regional Norte","description":"Sindicato da Habita\u00e7\u00e3o e Condom\u00ednios do Paran\u00e1","potentialAction":[{"@type":"SearchAction","target":{"@type":"EntryPoint","urlTemplate":"https:\/\/secovipr.com.br\/londrina\/?s={search_term_string}"},"query-input":"required name=search_term_string"}],"inLanguage":"pt-BR"},{"@type":"ImageObject","@id":"https:\/\/secovipr.com.br\/londrina\/cursos\/#primaryimage","inLanguage":"pt-BR","url":"https:\/\/secovipr.com.br\/londrina\/wp-content\/uploads\/sites\/5\/2022\/10\/Exportacoes-de-Londrina-descubra.jpg","contentUrl":"https:\/\/secovipr.com.br\/londrina\/wp-content\/uploads\/sites\/5\/2022\/10\/Exportacoes-de-Londrina-descubra.jpg","width":650,"height":400,"caption":"Centro de londrina - 20\/11\/2000 FT: Milton D\u00f3ria"},{"@type":"WebPage","@id":"https:\/\/secovipr.com.br\/londrina\/cursos\/#webpage","url":"https:\/\/secovipr.com.br\/londrina\/cursos\/","name":"Entrevistas - Regional Norte","isPartOf":{"@id":"https:\/\/secovipr.com.br\/londrina\/#website"},"primaryImageOfPage":{"@id":"https:\/\/secovipr.com.br\/londrina\/cursos\/#primaryimage"},"datePublished":"2022-08-24T19:48:24+00:00","dateModified":"2023-02-13T20:59:31+00:00","breadcrumb":{"@id":"https:\/\/secovipr.com.br\/londrina\/cursos\/#breadcrumb"},"inLanguage":"pt-BR","potentialAction":[{"@type":"ReadAction","target":["https:\/\/secovipr.com.br\/londrina\/cursos\/"]}]},{"@type":"BreadcrumbList","@id":"https:\/\/secovipr.com.br\/londrina\/cursos\/#breadcrumb","itemListElement":[{"@type":"ListItem","position":1,"name":"In\u00edcio","item":"https:\/\/secovipr.com.br\/londrina\/"},{"@type":"ListItem","position":2,"name":"Entrevistas"}]}]}},"_links":{"self":[{"href":"https:\/\/secovipr.com.br\/londrina\/wp-json\/wp\/v2\/pages\/413"}],"collection":[{"href":"https:\/\/secovipr.com.br\/londrina\/wp-json\/wp\/v2\/pages"}],"about":[{"href":"https:\/\/secovipr.com.br\/londrina\/wp-json\/wp\/v2\/types\/page"}],"author":[{"embeddable":true,"href":"https:\/\/secovipr.com.br\/londrina\/wp-json\/wp\/v2\/users\/1"}],"replies":[{"embeddable":true,"href":"https:\/\/secovipr.com.br\/londrina\/wp-json\/wp\/v2\/comments?post=413"}],"version-history":[{"count":4,"href":"https:\/\/secovipr.com.br\/londrina\/wp-json\/wp\/v2\/pages\/413\/revisions"}],"predecessor-version":[{"id":978,"href":"https:\/\/secovipr.com.br\/londrina\/wp-json\/wp\/v2\/pages\/413\/revisions\/978"}],"wp:featuredmedia":[{"embeddable":true,"href":"https:\/\/secovipr.com.br\/londrina\/wp-json\/wp\/v2\/media\/638"}],"wp:attachment":[{"href":"https:\/\/secovipr.com.br\/londrina\/wp-json\/wp\/v2\/media?parent=413"}],"curies":[{"name":"wp","href":"https:\/\/api.w.org\/{rel}","templated":true}]}}