{"id":340,"date":"2022-07-12T11:31:14","date_gmt":"2022-07-12T14:31:14","guid":{"rendered":"https:\/\/secovipr.com.br\/londrina\/?page_id=340"},"modified":"2023-01-31T17:21:07","modified_gmt":"2023-01-31T20:21:07","slug":"historia","status":"publish","type":"page","link":"https:\/\/secovipr.com.br\/londrina\/historia\/","title":{"rendered":"Hist\u00f3ria"},"content":{"rendered":"\n<h3>Homenagem aos Fundadores do SECOVI-PR<\/h3>\n\n\n\n<p>Foi fundado em 1983, por um grupo de pessoas com alto esp\u00edrito associativo, cientes da necessidade de uma ativa representatividade de classes, capaz de garantir for\u00e7a e proje\u00e7\u00e3o para todas as categorias envolvidas.<\/p>\n\n\n\n<p>O Sindicato existe para garantir mais seguran\u00e7a e qualidade \u00e0s empresas imobili\u00e1rias e aos condom\u00ednios, s\u00edndicos e funcion\u00e1rios de condom\u00ednios residenciais e comerciais.<\/p>\n\n\n\n<hr class=\"wp-block-separator\" \/>\n\n\n\n<p><strong>Fundadores da Regional Norte do SECOVI-PR<\/strong><\/p>\n\n\n\n<p>Luiz Guilherme Christino Alho da Silva<\/p>\n\n\n\n<p>Nestor Dias Correia<\/p>\n\n\n\n<p>Marilda Ramos<\/p>\n\n\n\n<p>Abilio Medeiros<\/p>\n","protected":false},"excerpt":{"rendered":"<p>Homenagem aos Fundadores do SECOVI-PR Foi fundado em 1983, por um grupo de pessoas com alto esp\u00edrito associativo, cientes da necessidade de uma ativa representatividade de classes, capaz de garantir for\u00e7a e proje\u00e7\u00e3o para todas as categorias envolvidas. O Sindicato existe para garantir mais seguran\u00e7a e qualidade \u00e0s empresas imobili\u00e1rias e aos condom\u00ednios, s\u00edndicos e [&hellip;]<\/p>\n","protected":false},"author":1,"featured_media":0,"parent":0,"menu_order":0,"comment_status":"closed","ping_status":"closed","template":"","meta":[],"acf":[],"yoast_head":"<!-- This site is optimized with the Yoast SEO plugin v18.1 - https:\/\/yoast.com\/wordpress\/plugins\/seo\/ -->\n<title>Hist\u00f3ria - Regional Norte<\/title>\n<meta name=\"robots\" content=\"noindex, follow, max-snippet:-1, max-image-preview:large, max-video-preview:-1\" \/>\n<meta property=\"og:locale\" content=\"pt_BR\" \/>\n<meta property=\"og:type\" content=\"article\" \/>\n<meta property=\"og:title\" content=\"Hist\u00f3ria - Regional Norte\" \/>\n<meta property=\"og:description\" content=\"Homenagem aos Fundadores do SECOVI-PR Foi fundado em 1983, por um grupo de pessoas com alto esp\u00edrito associativo, cientes da necessidade de uma ativa representatividade de classes, capaz de garantir for\u00e7a e proje\u00e7\u00e3o para todas as categorias envolvidas. O Sindicato existe para garantir mais seguran\u00e7a e qualidade \u00e0s empresas imobili\u00e1rias e aos condom\u00ednios, s\u00edndicos e [&hellip;]\" \/>\n<meta property=\"og:url\" content=\"https:\/\/secovipr.com.br\/londrina\/historia\/\" \/>\n<meta property=\"og:site_name\" content=\"Regional Norte\" \/>\n<meta property=\"article:modified_time\" content=\"2023-01-31T20:21:07+00:00\" \/>\n<meta name=\"twitter:card\" content=\"summary_large_image\" \/>\n<meta name=\"twitter:label1\" content=\"Est. tempo de leitura\" \/>\n\t<meta name=\"twitter:data1\" content=\"1 minuto\" \/>\n<script type=\"application\/ld+json\" class=\"yoast-schema-graph\">{\"@context\":\"https:\/\/schema.org\",\"@graph\":[{\"@type\":\"WebSite\",\"@id\":\"https:\/\/secovipr.com.br\/londrina\/#website\",\"url\":\"https:\/\/secovipr.com.br\/londrina\/\",\"name\":\"Regional Norte\",\"description\":\"Sindicato da Habita\u00e7\u00e3o e Condom\u00ednios do Paran\u00e1\",\"potentialAction\":[{\"@type\":\"SearchAction\",\"target\":{\"@type\":\"EntryPoint\",\"urlTemplate\":\"https:\/\/secovipr.com.br\/londrina\/?s={search_term_string}\"},\"query-input\":\"required name=search_term_string\"}],\"inLanguage\":\"pt-BR\"},{\"@type\":\"WebPage\",\"@id\":\"https:\/\/secovipr.com.br\/londrina\/historia\/#webpage\",\"url\":\"https:\/\/secovipr.com.br\/londrina\/historia\/\",\"name\":\"Hist\u00f3ria - Regional Norte\",\"isPartOf\":{\"@id\":\"https:\/\/secovipr.com.br\/londrina\/#website\"},\"datePublished\":\"2022-07-12T14:31:14+00:00\",\"dateModified\":\"2023-01-31T20:21:07+00:00\",\"breadcrumb\":{\"@id\":\"https:\/\/secovipr.com.br\/londrina\/historia\/#breadcrumb\"},\"inLanguage\":\"pt-BR\",\"potentialAction\":[{\"@type\":\"ReadAction\",\"target\":[\"https:\/\/secovipr.com.br\/londrina\/historia\/\"]}]},{\"@type\":\"BreadcrumbList\",\"@id\":\"https:\/\/secovipr.com.br\/londrina\/historia\/#breadcrumb\",\"itemListElement\":[{\"@type\":\"ListItem\",\"position\":1,\"name\":\"In\u00edcio\",\"item\":\"https:\/\/secovipr.com.br\/londrina\/\"},{\"@type\":\"ListItem\",\"position\":2,\"name\":\"Hist\u00f3ria\"}]}]}<\/script>\n<!-- \/ Yoast SEO plugin. -->","yoast_head_json":{"title":"Hist\u00f3ria - Regional Norte","robots":{"index":"noindex","follow":"follow","max-snippet":"max-snippet:-1","max-image-preview":"max-image-preview:large","max-video-preview":"max-video-preview:-1"},"og_locale":"pt_BR","og_type":"article","og_title":"Hist\u00f3ria - Regional Norte","og_description":"Homenagem aos Fundadores do SECOVI-PR Foi fundado em 1983, por um grupo de pessoas com alto esp\u00edrito associativo, cientes da necessidade de uma ativa representatividade de classes, capaz de garantir for\u00e7a e proje\u00e7\u00e3o para todas as categorias envolvidas. O Sindicato existe para garantir mais seguran\u00e7a e qualidade \u00e0s empresas imobili\u00e1rias e aos condom\u00ednios, s\u00edndicos e [&hellip;]","og_url":"https:\/\/secovipr.com.br\/londrina\/historia\/","og_site_name":"Regional Norte","article_modified_time":"2023-01-31T20:21:07+00:00","twitter_card":"summary_large_image","twitter_misc":{"Est. tempo de leitura":"1 minuto"},"schema":{"@context":"https:\/\/schema.org","@graph":[{"@type":"WebSite","@id":"https:\/\/secovipr.com.br\/londrina\/#website","url":"https:\/\/secovipr.com.br\/londrina\/","name":"Regional Norte","description":"Sindicato da Habita\u00e7\u00e3o e Condom\u00ednios do Paran\u00e1","potentialAction":[{"@type":"SearchAction","target":{"@type":"EntryPoint","urlTemplate":"https:\/\/secovipr.com.br\/londrina\/?s={search_term_string}"},"query-input":"required name=search_term_string"}],"inLanguage":"pt-BR"},{"@type":"WebPage","@id":"https:\/\/secovipr.com.br\/londrina\/historia\/#webpage","url":"https:\/\/secovipr.com.br\/londrina\/historia\/","name":"Hist\u00f3ria - Regional Norte","isPartOf":{"@id":"https:\/\/secovipr.com.br\/londrina\/#website"},"datePublished":"2022-07-12T14:31:14+00:00","dateModified":"2023-01-31T20:21:07+00:00","breadcrumb":{"@id":"https:\/\/secovipr.com.br\/londrina\/historia\/#breadcrumb"},"inLanguage":"pt-BR","potentialAction":[{"@type":"ReadAction","target":["https:\/\/secovipr.com.br\/londrina\/historia\/"]}]},{"@type":"BreadcrumbList","@id":"https:\/\/secovipr.com.br\/londrina\/historia\/#breadcrumb","itemListElement":[{"@type":"ListItem","position":1,"name":"In\u00edcio","item":"https:\/\/secovipr.com.br\/londrina\/"},{"@type":"ListItem","position":2,"name":"Hist\u00f3ria"}]}]}},"_links":{"self":[{"href":"https:\/\/secovipr.com.br\/londrina\/wp-json\/wp\/v2\/pages\/340"}],"collection":[{"href":"https:\/\/secovipr.com.br\/londrina\/wp-json\/wp\/v2\/pages"}],"about":[{"href":"https:\/\/secovipr.com.br\/londrina\/wp-json\/wp\/v2\/types\/page"}],"author":[{"embeddable":true,"href":"https:\/\/secovipr.com.br\/londrina\/wp-json\/wp\/v2\/users\/1"}],"replies":[{"embeddable":true,"href":"https:\/\/secovipr.com.br\/londrina\/wp-json\/wp\/v2\/comments?post=340"}],"version-history":[{"count":4,"href":"https:\/\/secovipr.com.br\/londrina\/wp-json\/wp\/v2\/pages\/340\/revisions"}],"predecessor-version":[{"id":804,"href":"https:\/\/secovipr.com.br\/londrina\/wp-json\/wp\/v2\/pages\/340\/revisions\/804"}],"wp:attachment":[{"href":"https:\/\/secovipr.com.br\/londrina\/wp-json\/wp\/v2\/media?parent=340"}],"curies":[{"name":"wp","href":"https:\/\/api.w.org\/{rel}","templated":true}]}}