{"id":236,"date":"2022-01-17T15:31:54","date_gmt":"2022-01-17T18:31:54","guid":{"rendered":"https:\/\/secovipr.com.br\/londrina\/?page_id=236"},"modified":"2023-02-01T11:50:49","modified_gmt":"2023-02-01T14:50:49","slug":"lei-incorporacao","status":"publish","type":"page","link":"https:\/\/secovipr.com.br\/londrina\/condominios\/lei-incorporacao\/","title":{"rendered":"Lei &#8211; Incorpora\u00e7\u00e3o"},"content":{"rendered":"\n<h3>Condom\u00ednio e Incorpora\u00e7\u00e3o<\/h3>\n\n\n\n<p>LEI 4.591, de 16 de dezembro de 1964<\/p>\n\n\n\n<p>T\u00cdTULO II &#8211; Das Incorpora\u00e7\u00f5es<\/p>\n\n\n\n<p>CAP\u00cdTULO I &#8211; Disposi\u00e7\u00f5es Gerais&nbsp;<br>CAP\u00cdTULO II &#8211; Das obriga\u00e7\u00f5es e direitos do incorporador.&nbsp;<br>CAP\u00cdTULO III &#8211; Da constru\u00e7\u00e3o de edifica\u00e7\u00f5es em condom\u00ednio<\/p>\n\n\n\n<p>Se\u00e7\u00e3o I &#8211; Da constru\u00e7\u00e3o em geral&nbsp;<br>Se\u00e7\u00e3o II &#8211; Da constru\u00e7\u00e3o por empreitada&nbsp;<br>Se\u00e7\u00e3o III &#8211; Da constru\u00e7\u00e3o por administra\u00e7\u00e3o&nbsp;<br>CAP\u00cdTULO IV &#8211; Das infra\u00e7\u00f5es<\/p>\n\n\n\n<hr class=\"wp-block-separator is-style-wide\" \/>\n\n\n\n<p>Para acessar a Lei 4.591, de 16 de dezembro de 1964, click no bot\u00e3o abaixo:<\/p>\n\n\n\n<div class=\"wp-container-1 wp-block-buttons\">\n<div class=\"wp-block-button\"><a class=\"wp-block-button__link\" href=\"https:\/\/www.planalto.gov.br\/ccivil_03\/leis\/l4591.htm\">Download<\/a><\/div>\n<\/div>\n\n\n\n<p><\/p>\n","protected":false},"excerpt":{"rendered":"<p>Condom\u00ednio e Incorpora\u00e7\u00e3o LEI 4.591, de 16 de dezembro de 1964 T\u00cdTULO II &#8211; Das Incorpora\u00e7\u00f5es CAP\u00cdTULO I &#8211; Disposi\u00e7\u00f5es Gerais&nbsp;CAP\u00cdTULO II &#8211; Das obriga\u00e7\u00f5es e direitos do incorporador.&nbsp;CAP\u00cdTULO III &#8211; Da constru\u00e7\u00e3o de edifica\u00e7\u00f5es em condom\u00ednio Se\u00e7\u00e3o I &#8211; Da constru\u00e7\u00e3o em geral&nbsp;Se\u00e7\u00e3o II &#8211; Da constru\u00e7\u00e3o por empreitada&nbsp;Se\u00e7\u00e3o III &#8211; Da constru\u00e7\u00e3o por [&hellip;]<\/p>\n","protected":false},"author":1,"featured_media":0,"parent":42,"menu_order":0,"comment_status":"closed","ping_status":"closed","template":"","meta":[],"acf":[],"yoast_head":"<!-- This site is optimized with the Yoast SEO plugin v18.1 - https:\/\/yoast.com\/wordpress\/plugins\/seo\/ -->\n<title>Lei - Incorpora\u00e7\u00e3o - Regional Norte<\/title>\n<meta name=\"robots\" content=\"noindex, follow, max-snippet:-1, max-image-preview:large, max-video-preview:-1\" \/>\n<meta property=\"og:locale\" content=\"pt_BR\" \/>\n<meta property=\"og:type\" content=\"article\" \/>\n<meta property=\"og:title\" content=\"Lei - Incorpora\u00e7\u00e3o - Regional Norte\" \/>\n<meta property=\"og:description\" content=\"Condom\u00ednio e Incorpora\u00e7\u00e3o LEI 4.591, de 16 de dezembro de 1964 T\u00cdTULO II &#8211; Das Incorpora\u00e7\u00f5es CAP\u00cdTULO I &#8211; Disposi\u00e7\u00f5es Gerais&nbsp;CAP\u00cdTULO II &#8211; Das obriga\u00e7\u00f5es e direitos do incorporador.&nbsp;CAP\u00cdTULO III &#8211; Da constru\u00e7\u00e3o de edifica\u00e7\u00f5es em condom\u00ednio Se\u00e7\u00e3o I &#8211; Da constru\u00e7\u00e3o em geral&nbsp;Se\u00e7\u00e3o II &#8211; Da constru\u00e7\u00e3o por empreitada&nbsp;Se\u00e7\u00e3o III &#8211; Da constru\u00e7\u00e3o por [&hellip;]\" \/>\n<meta property=\"og:url\" content=\"https:\/\/secovipr.com.br\/londrina\/condominios\/lei-incorporacao\/\" \/>\n<meta property=\"og:site_name\" content=\"Regional Norte\" \/>\n<meta property=\"article:modified_time\" content=\"2023-02-01T14:50:49+00:00\" \/>\n<meta name=\"twitter:card\" content=\"summary_large_image\" \/>\n<meta name=\"twitter:label1\" content=\"Est. tempo de leitura\" \/>\n\t<meta name=\"twitter:data1\" content=\"1 minuto\" \/>\n<script type=\"application\/ld+json\" class=\"yoast-schema-graph\">{\"@context\":\"https:\/\/schema.org\",\"@graph\":[{\"@type\":\"WebSite\",\"@id\":\"https:\/\/secovipr.com.br\/londrina\/#website\",\"url\":\"https:\/\/secovipr.com.br\/londrina\/\",\"name\":\"Regional Norte\",\"description\":\"Sindicato da Habita\u00e7\u00e3o e Condom\u00ednios do Paran\u00e1\",\"potentialAction\":[{\"@type\":\"SearchAction\",\"target\":{\"@type\":\"EntryPoint\",\"urlTemplate\":\"https:\/\/secovipr.com.br\/londrina\/?s={search_term_string}\"},\"query-input\":\"required name=search_term_string\"}],\"inLanguage\":\"pt-BR\"},{\"@type\":\"WebPage\",\"@id\":\"https:\/\/secovipr.com.br\/londrina\/condominios\/lei-incorporacao\/#webpage\",\"url\":\"https:\/\/secovipr.com.br\/londrina\/condominios\/lei-incorporacao\/\",\"name\":\"Lei - Incorpora\u00e7\u00e3o - Regional Norte\",\"isPartOf\":{\"@id\":\"https:\/\/secovipr.com.br\/londrina\/#website\"},\"datePublished\":\"2022-01-17T18:31:54+00:00\",\"dateModified\":\"2023-02-01T14:50:49+00:00\",\"breadcrumb\":{\"@id\":\"https:\/\/secovipr.com.br\/londrina\/condominios\/lei-incorporacao\/#breadcrumb\"},\"inLanguage\":\"pt-BR\",\"potentialAction\":[{\"@type\":\"ReadAction\",\"target\":[\"https:\/\/secovipr.com.br\/londrina\/condominios\/lei-incorporacao\/\"]}]},{\"@type\":\"BreadcrumbList\",\"@id\":\"https:\/\/secovipr.com.br\/londrina\/condominios\/lei-incorporacao\/#breadcrumb\",\"itemListElement\":[{\"@type\":\"ListItem\",\"position\":1,\"name\":\"In\u00edcio\",\"item\":\"https:\/\/secovipr.com.br\/londrina\/\"},{\"@type\":\"ListItem\",\"position\":2,\"name\":\"Condom\u00ednios\",\"item\":\"https:\/\/secovipr.com.br\/londrina\/condominios\/\"},{\"@type\":\"ListItem\",\"position\":3,\"name\":\"Lei &#8211; Incorpora\u00e7\u00e3o\"}]}]}<\/script>\n<!-- \/ Yoast SEO plugin. -->","yoast_head_json":{"title":"Lei - Incorpora\u00e7\u00e3o - Regional Norte","robots":{"index":"noindex","follow":"follow","max-snippet":"max-snippet:-1","max-image-preview":"max-image-preview:large","max-video-preview":"max-video-preview:-1"},"og_locale":"pt_BR","og_type":"article","og_title":"Lei - Incorpora\u00e7\u00e3o - Regional Norte","og_description":"Condom\u00ednio e Incorpora\u00e7\u00e3o LEI 4.591, de 16 de dezembro de 1964 T\u00cdTULO II &#8211; Das Incorpora\u00e7\u00f5es CAP\u00cdTULO I &#8211; Disposi\u00e7\u00f5es Gerais&nbsp;CAP\u00cdTULO II &#8211; Das obriga\u00e7\u00f5es e direitos do incorporador.&nbsp;CAP\u00cdTULO III &#8211; Da constru\u00e7\u00e3o de edifica\u00e7\u00f5es em condom\u00ednio Se\u00e7\u00e3o I &#8211; Da constru\u00e7\u00e3o em geral&nbsp;Se\u00e7\u00e3o II &#8211; Da constru\u00e7\u00e3o por empreitada&nbsp;Se\u00e7\u00e3o III &#8211; Da constru\u00e7\u00e3o por [&hellip;]","og_url":"https:\/\/secovipr.com.br\/londrina\/condominios\/lei-incorporacao\/","og_site_name":"Regional Norte","article_modified_time":"2023-02-01T14:50:49+00:00","twitter_card":"summary_large_image","twitter_misc":{"Est. tempo de leitura":"1 minuto"},"schema":{"@context":"https:\/\/schema.org","@graph":[{"@type":"WebSite","@id":"https:\/\/secovipr.com.br\/londrina\/#website","url":"https:\/\/secovipr.com.br\/londrina\/","name":"Regional Norte","description":"Sindicato da Habita\u00e7\u00e3o e Condom\u00ednios do Paran\u00e1","potentialAction":[{"@type":"SearchAction","target":{"@type":"EntryPoint","urlTemplate":"https:\/\/secovipr.com.br\/londrina\/?s={search_term_string}"},"query-input":"required name=search_term_string"}],"inLanguage":"pt-BR"},{"@type":"WebPage","@id":"https:\/\/secovipr.com.br\/londrina\/condominios\/lei-incorporacao\/#webpage","url":"https:\/\/secovipr.com.br\/londrina\/condominios\/lei-incorporacao\/","name":"Lei - Incorpora\u00e7\u00e3o - Regional Norte","isPartOf":{"@id":"https:\/\/secovipr.com.br\/londrina\/#website"},"datePublished":"2022-01-17T18:31:54+00:00","dateModified":"2023-02-01T14:50:49+00:00","breadcrumb":{"@id":"https:\/\/secovipr.com.br\/londrina\/condominios\/lei-incorporacao\/#breadcrumb"},"inLanguage":"pt-BR","potentialAction":[{"@type":"ReadAction","target":["https:\/\/secovipr.com.br\/londrina\/condominios\/lei-incorporacao\/"]}]},{"@type":"BreadcrumbList","@id":"https:\/\/secovipr.com.br\/londrina\/condominios\/lei-incorporacao\/#breadcrumb","itemListElement":[{"@type":"ListItem","position":1,"name":"In\u00edcio","item":"https:\/\/secovipr.com.br\/londrina\/"},{"@type":"ListItem","position":2,"name":"Condom\u00ednios","item":"https:\/\/secovipr.com.br\/londrina\/condominios\/"},{"@type":"ListItem","position":3,"name":"Lei &#8211; Incorpora\u00e7\u00e3o"}]}]}},"_links":{"self":[{"href":"https:\/\/secovipr.com.br\/londrina\/wp-json\/wp\/v2\/pages\/236"}],"collection":[{"href":"https:\/\/secovipr.com.br\/londrina\/wp-json\/wp\/v2\/pages"}],"about":[{"href":"https:\/\/secovipr.com.br\/londrina\/wp-json\/wp\/v2\/types\/page"}],"author":[{"embeddable":true,"href":"https:\/\/secovipr.com.br\/londrina\/wp-json\/wp\/v2\/users\/1"}],"replies":[{"embeddable":true,"href":"https:\/\/secovipr.com.br\/londrina\/wp-json\/wp\/v2\/comments?post=236"}],"version-history":[{"count":4,"href":"https:\/\/secovipr.com.br\/londrina\/wp-json\/wp\/v2\/pages\/236\/revisions"}],"predecessor-version":[{"id":840,"href":"https:\/\/secovipr.com.br\/londrina\/wp-json\/wp\/v2\/pages\/236\/revisions\/840"}],"up":[{"embeddable":true,"href":"https:\/\/secovipr.com.br\/londrina\/wp-json\/wp\/v2\/pages\/42"}],"wp:attachment":[{"href":"https:\/\/secovipr.com.br\/londrina\/wp-json\/wp\/v2\/media?parent=236"}],"curies":[{"name":"wp","href":"https:\/\/api.w.org\/{rel}","templated":true}]}}