{"id":233,"date":"2022-01-17T15:29:38","date_gmt":"2022-01-17T18:29:38","guid":{"rendered":"https:\/\/secovipr.com.br\/londrina\/?page_id=233"},"modified":"2023-03-13T17:59:30","modified_gmt":"2023-03-13T20:59:30","slug":"informe-condominial","status":"publish","type":"page","link":"https:\/\/secovipr.com.br\/londrina\/condominios\/informe-condominial\/","title":{"rendered":"Informe Condominial"},"content":{"rendered":"\n<p>Edi\u00e7\u00f5es do Sobe &amp; Desce<\/p>\n\n\n\n<p><\/p>\n\n\n\n<h2>MAR\u00c7O\/2023<\/h2>\n\n\n\n<figure class=\"wp-block-image size-large\"><img loading=\"lazy\" width=\"732\" height=\"1024\" src=\"https:\/\/secovipr.com.br\/londrina\/wp-content\/uploads\/sites\/5\/2023\/03\/NOVO-SOBE-E-DESCE-NOVEMBRO-FEVEREIRO-1-732x1024.jpg\" alt=\"\" class=\"wp-image-1048\" srcset=\"https:\/\/secovipr.com.br\/londrina\/wp-content\/uploads\/sites\/5\/2023\/03\/NOVO-SOBE-E-DESCE-NOVEMBRO-FEVEREIRO-1-732x1024.jpg 732w, https:\/\/secovipr.com.br\/londrina\/wp-content\/uploads\/sites\/5\/2023\/03\/NOVO-SOBE-E-DESCE-NOVEMBRO-FEVEREIRO-1-215x300.jpg 215w, https:\/\/secovipr.com.br\/londrina\/wp-content\/uploads\/sites\/5\/2023\/03\/NOVO-SOBE-E-DESCE-NOVEMBRO-FEVEREIRO-1-768x1074.jpg 768w, https:\/\/secovipr.com.br\/londrina\/wp-content\/uploads\/sites\/5\/2023\/03\/NOVO-SOBE-E-DESCE-NOVEMBRO-FEVEREIRO-1-1098x1536.jpg 1098w, https:\/\/secovipr.com.br\/londrina\/wp-content\/uploads\/sites\/5\/2023\/03\/NOVO-SOBE-E-DESCE-NOVEMBRO-FEVEREIRO-1-1464x2048.jpg 1464w, https:\/\/secovipr.com.br\/londrina\/wp-content\/uploads\/sites\/5\/2023\/03\/NOVO-SOBE-E-DESCE-NOVEMBRO-FEVEREIRO-1-scaled.jpg 1830w\" sizes=\"(max-width: 732px) 100vw, 732px\" \/><\/figure>\n\n\n\n<p><\/p>\n\n\n\n<figure class=\"wp-block-image size-large is-style-default\"><img loading=\"lazy\" width=\"724\" height=\"1024\" src=\"https:\/\/secovipr.com.br\/londrina\/wp-content\/uploads\/sites\/5\/2023\/02\/SOBE-E-DESCE_setembro-02-724x1024.png\" alt=\"\" class=\"wp-image-851\" srcset=\"https:\/\/secovipr.com.br\/londrina\/wp-content\/uploads\/sites\/5\/2023\/02\/SOBE-E-DESCE_setembro-02-724x1024.png 724w, https:\/\/secovipr.com.br\/londrina\/wp-content\/uploads\/sites\/5\/2023\/02\/SOBE-E-DESCE_setembro-02-212x300.png 212w, https:\/\/secovipr.com.br\/londrina\/wp-content\/uploads\/sites\/5\/2023\/02\/SOBE-E-DESCE_setembro-02-768x1086.png 768w, https:\/\/secovipr.com.br\/londrina\/wp-content\/uploads\/sites\/5\/2023\/02\/SOBE-E-DESCE_setembro-02-1086x1536.png 1086w, https:\/\/secovipr.com.br\/londrina\/wp-content\/uploads\/sites\/5\/2023\/02\/SOBE-E-DESCE_setembro-02-1448x2048.png 1448w\" sizes=\"(max-width: 724px) 100vw, 724px\" \/><\/figure>\n\n\n\n<figure class=\"wp-block-image size-full is-resized is-style-default\"><img loading=\"lazy\" src=\"https:\/\/secovipr.com.br\/londrina\/wp-content\/uploads\/sites\/5\/2023\/02\/sobe-e-desce-secovi.mar_.22-1.png\" alt=\"\" class=\"wp-image-860\" width=\"725\" height=\"1017\" \/><\/figure>\n\n\n\n<figure class=\"wp-block-image size-large is-style-default\"><img loading=\"lazy\" width=\"724\" height=\"1024\" src=\"https:\/\/secovipr.com.br\/londrina\/wp-content\/uploads\/sites\/5\/2023\/02\/sobedesce-dicas-para-economizar-energiajul.21-1-724x1024.png\" alt=\"\" class=\"wp-image-861\" srcset=\"https:\/\/secovipr.com.br\/londrina\/wp-content\/uploads\/sites\/5\/2023\/02\/sobedesce-dicas-para-economizar-energiajul.21-1-724x1024.png 724w, https:\/\/secovipr.com.br\/londrina\/wp-content\/uploads\/sites\/5\/2023\/02\/sobedesce-dicas-para-economizar-energiajul.21-1-212x300.png 212w, https:\/\/secovipr.com.br\/londrina\/wp-content\/uploads\/sites\/5\/2023\/02\/sobedesce-dicas-para-economizar-energiajul.21-1-768x1086.png 768w, https:\/\/secovipr.com.br\/londrina\/wp-content\/uploads\/sites\/5\/2023\/02\/sobedesce-dicas-para-economizar-energiajul.21-1-1086x1536.png 1086w, https:\/\/secovipr.com.br\/londrina\/wp-content\/uploads\/sites\/5\/2023\/02\/sobedesce-dicas-para-economizar-energiajul.21-1.png 1414w\" sizes=\"(max-width: 724px) 100vw, 724px\" \/><\/figure>\n\n\n\n<figure class=\"wp-block-image size-large is-style-default\"><img loading=\"lazy\" width=\"724\" height=\"1024\" src=\"https:\/\/secovipr.com.br\/londrina\/wp-content\/uploads\/sites\/5\/2023\/02\/Sobe-Desce.22.3-724x1024.jpg\" alt=\"\" class=\"wp-image-870\" srcset=\"https:\/\/secovipr.com.br\/londrina\/wp-content\/uploads\/sites\/5\/2023\/02\/Sobe-Desce.22.3-724x1024.jpg 724w, https:\/\/secovipr.com.br\/londrina\/wp-content\/uploads\/sites\/5\/2023\/02\/Sobe-Desce.22.3-212x300.jpg 212w, https:\/\/secovipr.com.br\/londrina\/wp-content\/uploads\/sites\/5\/2023\/02\/Sobe-Desce.22.3-768x1086.jpg 768w, https:\/\/secovipr.com.br\/londrina\/wp-content\/uploads\/sites\/5\/2023\/02\/Sobe-Desce.22.3-1086x1536.jpg 1086w, https:\/\/secovipr.com.br\/londrina\/wp-content\/uploads\/sites\/5\/2023\/02\/Sobe-Desce.22.3-1448x2048.jpg 1448w, https:\/\/secovipr.com.br\/londrina\/wp-content\/uploads\/sites\/5\/2023\/02\/Sobe-Desce.22.3.jpg 1653w\" sizes=\"(max-width: 724px) 100vw, 724px\" \/><\/figure>\n\n\n\n<figure class=\"wp-block-image size-large is-style-default\"><img loading=\"lazy\" width=\"724\" height=\"1024\" src=\"https:\/\/secovipr.com.br\/londrina\/wp-content\/uploads\/sites\/5\/2023\/02\/Sobe-Desce.22.1-724x1024.jpg\" alt=\"\" class=\"wp-image-868\" srcset=\"https:\/\/secovipr.com.br\/londrina\/wp-content\/uploads\/sites\/5\/2023\/02\/Sobe-Desce.22.1-724x1024.jpg 724w, https:\/\/secovipr.com.br\/londrina\/wp-content\/uploads\/sites\/5\/2023\/02\/Sobe-Desce.22.1-212x300.jpg 212w, https:\/\/secovipr.com.br\/londrina\/wp-content\/uploads\/sites\/5\/2023\/02\/Sobe-Desce.22.1-768x1086.jpg 768w, https:\/\/secovipr.com.br\/londrina\/wp-content\/uploads\/sites\/5\/2023\/02\/Sobe-Desce.22.1-1086x1536.jpg 1086w, https:\/\/secovipr.com.br\/londrina\/wp-content\/uploads\/sites\/5\/2023\/02\/Sobe-Desce.22.1-1448x2048.jpg 1448w, https:\/\/secovipr.com.br\/londrina\/wp-content\/uploads\/sites\/5\/2023\/02\/Sobe-Desce.22.1.jpg 1653w\" sizes=\"(max-width: 724px) 100vw, 724px\" \/><\/figure>\n\n\n\n<figure class=\"wp-block-image size-large is-style-default\"><img loading=\"lazy\" width=\"724\" height=\"1024\" src=\"https:\/\/secovipr.com.br\/londrina\/wp-content\/uploads\/sites\/5\/2023\/02\/Sobe-Desce.22.2-724x1024.jpg\" alt=\"\" class=\"wp-image-869\" srcset=\"https:\/\/secovipr.com.br\/londrina\/wp-content\/uploads\/sites\/5\/2023\/02\/Sobe-Desce.22.2-724x1024.jpg 724w, https:\/\/secovipr.com.br\/londrina\/wp-content\/uploads\/sites\/5\/2023\/02\/Sobe-Desce.22.2-212x300.jpg 212w, https:\/\/secovipr.com.br\/londrina\/wp-content\/uploads\/sites\/5\/2023\/02\/Sobe-Desce.22.2-768x1086.jpg 768w, https:\/\/secovipr.com.br\/londrina\/wp-content\/uploads\/sites\/5\/2023\/02\/Sobe-Desce.22.2-1086x1536.jpg 1086w, https:\/\/secovipr.com.br\/londrina\/wp-content\/uploads\/sites\/5\/2023\/02\/Sobe-Desce.22.2-1448x2048.jpg 1448w, https:\/\/secovipr.com.br\/londrina\/wp-content\/uploads\/sites\/5\/2023\/02\/Sobe-Desce.22.2.jpg 1653w\" sizes=\"(max-width: 724px) 100vw, 724px\" \/><\/figure>\n\n\n\n<figure class=\"wp-block-image size-large is-style-default\"><img loading=\"lazy\" width=\"724\" height=\"1024\" src=\"https:\/\/secovipr.com.br\/londrina\/wp-content\/uploads\/sites\/5\/2023\/02\/Sobe-Desce-Evite-incencios-e-seguranca-nos-condominios-724x1024.png\" alt=\"\" class=\"wp-image-862\" srcset=\"https:\/\/secovipr.com.br\/londrina\/wp-content\/uploads\/sites\/5\/2023\/02\/Sobe-Desce-Evite-incencios-e-seguranca-nos-condominios-724x1024.png 724w, https:\/\/secovipr.com.br\/londrina\/wp-content\/uploads\/sites\/5\/2023\/02\/Sobe-Desce-Evite-incencios-e-seguranca-nos-condominios-212x300.png 212w, https:\/\/secovipr.com.br\/londrina\/wp-content\/uploads\/sites\/5\/2023\/02\/Sobe-Desce-Evite-incencios-e-seguranca-nos-condominios-768x1086.png 768w, https:\/\/secovipr.com.br\/londrina\/wp-content\/uploads\/sites\/5\/2023\/02\/Sobe-Desce-Evite-incencios-e-seguranca-nos-condominios-1086x1536.png 1086w, https:\/\/secovipr.com.br\/londrina\/wp-content\/uploads\/sites\/5\/2023\/02\/Sobe-Desce-Evite-incencios-e-seguranca-nos-condominios-1449x2048.png 1449w, https:\/\/secovipr.com.br\/londrina\/wp-content\/uploads\/sites\/5\/2023\/02\/Sobe-Desce-Evite-incencios-e-seguranca-nos-condominios.png 1653w\" sizes=\"(max-width: 724px) 100vw, 724px\" \/><\/figure>\n\n\n\n<figure class=\"wp-block-image size-large is-style-default\"><img loading=\"lazy\" width=\"724\" height=\"1024\" src=\"https:\/\/secovipr.com.br\/londrina\/wp-content\/uploads\/sites\/5\/2023\/02\/Sobe-Desce-Vamos-zelar-pela-seguranca-724x1024.png\" alt=\"\" class=\"wp-image-863\" srcset=\"https:\/\/secovipr.com.br\/londrina\/wp-content\/uploads\/sites\/5\/2023\/02\/Sobe-Desce-Vamos-zelar-pela-seguranca-724x1024.png 724w, https:\/\/secovipr.com.br\/londrina\/wp-content\/uploads\/sites\/5\/2023\/02\/Sobe-Desce-Vamos-zelar-pela-seguranca-212x300.png 212w, https:\/\/secovipr.com.br\/londrina\/wp-content\/uploads\/sites\/5\/2023\/02\/Sobe-Desce-Vamos-zelar-pela-seguranca-768x1086.png 768w, https:\/\/secovipr.com.br\/londrina\/wp-content\/uploads\/sites\/5\/2023\/02\/Sobe-Desce-Vamos-zelar-pela-seguranca-1086x1536.png 1086w, https:\/\/secovipr.com.br\/londrina\/wp-content\/uploads\/sites\/5\/2023\/02\/Sobe-Desce-Vamos-zelar-pela-seguranca-1449x2048.png 1449w, https:\/\/secovipr.com.br\/londrina\/wp-content\/uploads\/sites\/5\/2023\/02\/Sobe-Desce-Vamos-zelar-pela-seguranca.png 1653w\" sizes=\"(max-width: 724px) 100vw, 724px\" \/><\/figure>\n","protected":false},"excerpt":{"rendered":"<p>Edi\u00e7\u00f5es do Sobe &amp; Desce MAR\u00c7O\/2023<\/p>\n","protected":false},"author":1,"featured_media":0,"parent":42,"menu_order":0,"comment_status":"closed","ping_status":"closed","template":"","meta":[],"acf":[],"yoast_head":"<!-- This site is optimized with the Yoast SEO plugin v18.1 - https:\/\/yoast.com\/wordpress\/plugins\/seo\/ -->\n<title>Informe Condominial - Regional Norte<\/title>\n<meta name=\"robots\" content=\"noindex, follow, max-snippet:-1, max-image-preview:large, max-video-preview:-1\" \/>\n<meta property=\"og:locale\" content=\"pt_BR\" \/>\n<meta property=\"og:type\" content=\"article\" \/>\n<meta property=\"og:title\" content=\"Informe Condominial - Regional Norte\" \/>\n<meta property=\"og:description\" content=\"Edi\u00e7\u00f5es do Sobe &amp; Desce MAR\u00c7O\/2023\" \/>\n<meta property=\"og:url\" content=\"https:\/\/secovipr.com.br\/londrina\/condominios\/informe-condominial\/\" \/>\n<meta property=\"og:site_name\" content=\"Regional Norte\" \/>\n<meta property=\"article:modified_time\" content=\"2023-03-13T20:59:30+00:00\" \/>\n<meta property=\"og:image\" content=\"https:\/\/secovipr.com.br\/londrina\/wp-content\/uploads\/sites\/5\/2023\/03\/NOVO-SOBE-E-DESCE-NOVEMBRO-FEVEREIRO-1-732x1024.jpg\" \/>\n<meta name=\"twitter:card\" content=\"summary_large_image\" \/>\n<meta name=\"twitter:label1\" content=\"Est. tempo de leitura\" \/>\n\t<meta name=\"twitter:data1\" content=\"2 minutos\" \/>\n<script type=\"application\/ld+json\" class=\"yoast-schema-graph\">{\"@context\":\"https:\/\/schema.org\",\"@graph\":[{\"@type\":\"WebSite\",\"@id\":\"https:\/\/secovipr.com.br\/londrina\/#website\",\"url\":\"https:\/\/secovipr.com.br\/londrina\/\",\"name\":\"Regional Norte\",\"description\":\"Sindicato da Habita\u00e7\u00e3o e Condom\u00ednios do Paran\u00e1\",\"potentialAction\":[{\"@type\":\"SearchAction\",\"target\":{\"@type\":\"EntryPoint\",\"urlTemplate\":\"https:\/\/secovipr.com.br\/londrina\/?s={search_term_string}\"},\"query-input\":\"required name=search_term_string\"}],\"inLanguage\":\"pt-BR\"},{\"@type\":\"ImageObject\",\"@id\":\"https:\/\/secovipr.com.br\/londrina\/condominios\/informe-condominial\/#primaryimage\",\"inLanguage\":\"pt-BR\",\"url\":\"https:\/\/secovipr.com.br\/londrina\/wp-content\/uploads\/sites\/5\/2023\/03\/NOVO-SOBE-E-DESCE-NOVEMBRO-FEVEREIRO-1-scaled.jpg\",\"contentUrl\":\"https:\/\/secovipr.com.br\/londrina\/wp-content\/uploads\/sites\/5\/2023\/03\/NOVO-SOBE-E-DESCE-NOVEMBRO-FEVEREIRO-1-scaled.jpg\",\"width\":1830,\"height\":2560},{\"@type\":\"WebPage\",\"@id\":\"https:\/\/secovipr.com.br\/londrina\/condominios\/informe-condominial\/#webpage\",\"url\":\"https:\/\/secovipr.com.br\/londrina\/condominios\/informe-condominial\/\",\"name\":\"Informe Condominial - Regional Norte\",\"isPartOf\":{\"@id\":\"https:\/\/secovipr.com.br\/londrina\/#website\"},\"primaryImageOfPage\":{\"@id\":\"https:\/\/secovipr.com.br\/londrina\/condominios\/informe-condominial\/#primaryimage\"},\"datePublished\":\"2022-01-17T18:29:38+00:00\",\"dateModified\":\"2023-03-13T20:59:30+00:00\",\"breadcrumb\":{\"@id\":\"https:\/\/secovipr.com.br\/londrina\/condominios\/informe-condominial\/#breadcrumb\"},\"inLanguage\":\"pt-BR\",\"potentialAction\":[{\"@type\":\"ReadAction\",\"target\":[\"https:\/\/secovipr.com.br\/londrina\/condominios\/informe-condominial\/\"]}]},{\"@type\":\"BreadcrumbList\",\"@id\":\"https:\/\/secovipr.com.br\/londrina\/condominios\/informe-condominial\/#breadcrumb\",\"itemListElement\":[{\"@type\":\"ListItem\",\"position\":1,\"name\":\"In\u00edcio\",\"item\":\"https:\/\/secovipr.com.br\/londrina\/\"},{\"@type\":\"ListItem\",\"position\":2,\"name\":\"Condom\u00ednios\",\"item\":\"https:\/\/secovipr.com.br\/londrina\/condominios\/\"},{\"@type\":\"ListItem\",\"position\":3,\"name\":\"Informe Condominial\"}]}]}<\/script>\n<!-- \/ Yoast SEO plugin. -->","yoast_head_json":{"title":"Informe Condominial - Regional Norte","robots":{"index":"noindex","follow":"follow","max-snippet":"max-snippet:-1","max-image-preview":"max-image-preview:large","max-video-preview":"max-video-preview:-1"},"og_locale":"pt_BR","og_type":"article","og_title":"Informe Condominial - Regional Norte","og_description":"Edi\u00e7\u00f5es do Sobe &amp; Desce MAR\u00c7O\/2023","og_url":"https:\/\/secovipr.com.br\/londrina\/condominios\/informe-condominial\/","og_site_name":"Regional Norte","article_modified_time":"2023-03-13T20:59:30+00:00","og_image":[{"url":"https:\/\/secovipr.com.br\/londrina\/wp-content\/uploads\/sites\/5\/2023\/03\/NOVO-SOBE-E-DESCE-NOVEMBRO-FEVEREIRO-1-732x1024.jpg"}],"twitter_card":"summary_large_image","twitter_misc":{"Est. tempo de leitura":"2 minutos"},"schema":{"@context":"https:\/\/schema.org","@graph":[{"@type":"WebSite","@id":"https:\/\/secovipr.com.br\/londrina\/#website","url":"https:\/\/secovipr.com.br\/londrina\/","name":"Regional Norte","description":"Sindicato da Habita\u00e7\u00e3o e Condom\u00ednios do Paran\u00e1","potentialAction":[{"@type":"SearchAction","target":{"@type":"EntryPoint","urlTemplate":"https:\/\/secovipr.com.br\/londrina\/?s={search_term_string}"},"query-input":"required name=search_term_string"}],"inLanguage":"pt-BR"},{"@type":"ImageObject","@id":"https:\/\/secovipr.com.br\/londrina\/condominios\/informe-condominial\/#primaryimage","inLanguage":"pt-BR","url":"https:\/\/secovipr.com.br\/londrina\/wp-content\/uploads\/sites\/5\/2023\/03\/NOVO-SOBE-E-DESCE-NOVEMBRO-FEVEREIRO-1-scaled.jpg","contentUrl":"https:\/\/secovipr.com.br\/londrina\/wp-content\/uploads\/sites\/5\/2023\/03\/NOVO-SOBE-E-DESCE-NOVEMBRO-FEVEREIRO-1-scaled.jpg","width":1830,"height":2560},{"@type":"WebPage","@id":"https:\/\/secovipr.com.br\/londrina\/condominios\/informe-condominial\/#webpage","url":"https:\/\/secovipr.com.br\/londrina\/condominios\/informe-condominial\/","name":"Informe Condominial - Regional Norte","isPartOf":{"@id":"https:\/\/secovipr.com.br\/londrina\/#website"},"primaryImageOfPage":{"@id":"https:\/\/secovipr.com.br\/londrina\/condominios\/informe-condominial\/#primaryimage"},"datePublished":"2022-01-17T18:29:38+00:00","dateModified":"2023-03-13T20:59:30+00:00","breadcrumb":{"@id":"https:\/\/secovipr.com.br\/londrina\/condominios\/informe-condominial\/#breadcrumb"},"inLanguage":"pt-BR","potentialAction":[{"@type":"ReadAction","target":["https:\/\/secovipr.com.br\/londrina\/condominios\/informe-condominial\/"]}]},{"@type":"BreadcrumbList","@id":"https:\/\/secovipr.com.br\/londrina\/condominios\/informe-condominial\/#breadcrumb","itemListElement":[{"@type":"ListItem","position":1,"name":"In\u00edcio","item":"https:\/\/secovipr.com.br\/londrina\/"},{"@type":"ListItem","position":2,"name":"Condom\u00ednios","item":"https:\/\/secovipr.com.br\/londrina\/condominios\/"},{"@type":"ListItem","position":3,"name":"Informe Condominial"}]}]}},"_links":{"self":[{"href":"https:\/\/secovipr.com.br\/londrina\/wp-json\/wp\/v2\/pages\/233"}],"collection":[{"href":"https:\/\/secovipr.com.br\/londrina\/wp-json\/wp\/v2\/pages"}],"about":[{"href":"https:\/\/secovipr.com.br\/londrina\/wp-json\/wp\/v2\/types\/page"}],"author":[{"embeddable":true,"href":"https:\/\/secovipr.com.br\/londrina\/wp-json\/wp\/v2\/users\/1"}],"replies":[{"embeddable":true,"href":"https:\/\/secovipr.com.br\/londrina\/wp-json\/wp\/v2\/comments?post=233"}],"version-history":[{"count":6,"href":"https:\/\/secovipr.com.br\/londrina\/wp-json\/wp\/v2\/pages\/233\/revisions"}],"predecessor-version":[{"id":1050,"href":"https:\/\/secovipr.com.br\/londrina\/wp-json\/wp\/v2\/pages\/233\/revisions\/1050"}],"up":[{"embeddable":true,"href":"https:\/\/secovipr.com.br\/londrina\/wp-json\/wp\/v2\/pages\/42"}],"wp:attachment":[{"href":"https:\/\/secovipr.com.br\/londrina\/wp-json\/wp\/v2\/media?parent=233"}],"curies":[{"name":"wp","href":"https:\/\/api.w.org\/{rel}","templated":true}]}}