{"id":201,"date":"2022-01-17T13:39:39","date_gmt":"2022-01-17T16:39:39","guid":{"rendered":"https:\/\/secovipr.com.br\/londrina\/?page_id=201"},"modified":"2023-02-01T11:16:36","modified_gmt":"2023-02-01T14:16:36","slug":"lei-da-locacao","status":"publish","type":"page","link":"https:\/\/secovipr.com.br\/londrina\/empresas\/lei-da-locacao\/","title":{"rendered":"Lei &#8211; Da Loca\u00e7\u00e3o"},"content":{"rendered":"\n<h3>O Novo C\u00f3digo Civil e as loca\u00e7\u00f5es<\/h3>\n\n\n\n<p>No C\u00f3digo Civil de 1916, em vigor at\u00e9 o dia 10.01.03, h\u00e1 um cap\u00edtulo dedicado \u00e0s loca\u00e7\u00f5es que vigoraram para a loca\u00e7\u00e3o de im\u00f3vel urbano somente nos per\u00edodos quando n\u00e3o houve lei especial. No CC02 tamb\u00e9m h\u00e1 um cap\u00edtulo sobre a loca\u00e7\u00e3o de coisas por\u00e9m a loca\u00e7\u00e3o de im\u00f3vel urbano continua sendo regida pela lei 8.245\/91, como se expressa nesse Novo C\u00f3digo Civil:<\/p>\n\n\n\n<hr class=\"wp-block-separator\" \/>\n\n\n\n<p>Fa\u00e7a o download da Lei  8.245 de 18 de outubro de 1991, sobre as loca\u00e7\u00f5es dos im\u00f3veis urbanos e os procedimentos a ela pertinentes:<\/p>\n\n\n\n<div class=\"wp-container-1 wp-block-buttons\">\n<div class=\"wp-block-button\"><a class=\"wp-block-button__link\" href=\"https:\/\/www.planalto.gov.br\/ccivil_03\/leis\/l8245.htm\">Download<\/a><\/div>\n<\/div>\n","protected":false},"excerpt":{"rendered":"<p>O Novo C\u00f3digo Civil e as loca\u00e7\u00f5es No C\u00f3digo Civil de 1916, em vigor at\u00e9 o dia 10.01.03, h\u00e1 um cap\u00edtulo dedicado \u00e0s loca\u00e7\u00f5es que vigoraram para a loca\u00e7\u00e3o de im\u00f3vel urbano somente nos per\u00edodos quando n\u00e3o houve lei especial. No CC02 tamb\u00e9m h\u00e1 um cap\u00edtulo sobre a loca\u00e7\u00e3o de coisas por\u00e9m a loca\u00e7\u00e3o de [&hellip;]<\/p>\n","protected":false},"author":1,"featured_media":0,"parent":40,"menu_order":0,"comment_status":"closed","ping_status":"closed","template":"","meta":[],"acf":[],"yoast_head":"<!-- This site is optimized with the Yoast SEO plugin v18.1 - https:\/\/yoast.com\/wordpress\/plugins\/seo\/ -->\n<title>Lei - Da Loca\u00e7\u00e3o - Regional Norte<\/title>\n<meta name=\"robots\" content=\"noindex, follow, max-snippet:-1, max-image-preview:large, max-video-preview:-1\" \/>\n<meta property=\"og:locale\" content=\"pt_BR\" \/>\n<meta property=\"og:type\" content=\"article\" \/>\n<meta property=\"og:title\" content=\"Lei - Da Loca\u00e7\u00e3o - Regional Norte\" \/>\n<meta property=\"og:description\" content=\"O Novo C\u00f3digo Civil e as loca\u00e7\u00f5es No C\u00f3digo Civil de 1916, em vigor at\u00e9 o dia 10.01.03, h\u00e1 um cap\u00edtulo dedicado \u00e0s loca\u00e7\u00f5es que vigoraram para a loca\u00e7\u00e3o de im\u00f3vel urbano somente nos per\u00edodos quando n\u00e3o houve lei especial. No CC02 tamb\u00e9m h\u00e1 um cap\u00edtulo sobre a loca\u00e7\u00e3o de coisas por\u00e9m a loca\u00e7\u00e3o de [&hellip;]\" \/>\n<meta property=\"og:url\" content=\"https:\/\/secovipr.com.br\/londrina\/empresas\/lei-da-locacao\/\" \/>\n<meta property=\"og:site_name\" content=\"Regional Norte\" \/>\n<meta property=\"article:modified_time\" content=\"2023-02-01T14:16:36+00:00\" \/>\n<meta name=\"twitter:card\" content=\"summary_large_image\" \/>\n<meta name=\"twitter:label1\" content=\"Est. tempo de leitura\" \/>\n\t<meta name=\"twitter:data1\" content=\"1 minuto\" \/>\n<script type=\"application\/ld+json\" class=\"yoast-schema-graph\">{\"@context\":\"https:\/\/schema.org\",\"@graph\":[{\"@type\":\"WebSite\",\"@id\":\"https:\/\/secovipr.com.br\/londrina\/#website\",\"url\":\"https:\/\/secovipr.com.br\/londrina\/\",\"name\":\"Regional Norte\",\"description\":\"Sindicato da Habita\u00e7\u00e3o e Condom\u00ednios do Paran\u00e1\",\"potentialAction\":[{\"@type\":\"SearchAction\",\"target\":{\"@type\":\"EntryPoint\",\"urlTemplate\":\"https:\/\/secovipr.com.br\/londrina\/?s={search_term_string}\"},\"query-input\":\"required name=search_term_string\"}],\"inLanguage\":\"pt-BR\"},{\"@type\":\"WebPage\",\"@id\":\"https:\/\/secovipr.com.br\/londrina\/empresas\/lei-da-locacao\/#webpage\",\"url\":\"https:\/\/secovipr.com.br\/londrina\/empresas\/lei-da-locacao\/\",\"name\":\"Lei - Da Loca\u00e7\u00e3o - Regional Norte\",\"isPartOf\":{\"@id\":\"https:\/\/secovipr.com.br\/londrina\/#website\"},\"datePublished\":\"2022-01-17T16:39:39+00:00\",\"dateModified\":\"2023-02-01T14:16:36+00:00\",\"breadcrumb\":{\"@id\":\"https:\/\/secovipr.com.br\/londrina\/empresas\/lei-da-locacao\/#breadcrumb\"},\"inLanguage\":\"pt-BR\",\"potentialAction\":[{\"@type\":\"ReadAction\",\"target\":[\"https:\/\/secovipr.com.br\/londrina\/empresas\/lei-da-locacao\/\"]}]},{\"@type\":\"BreadcrumbList\",\"@id\":\"https:\/\/secovipr.com.br\/londrina\/empresas\/lei-da-locacao\/#breadcrumb\",\"itemListElement\":[{\"@type\":\"ListItem\",\"position\":1,\"name\":\"In\u00edcio\",\"item\":\"https:\/\/secovipr.com.br\/londrina\/\"},{\"@type\":\"ListItem\",\"position\":2,\"name\":\"Empresas\",\"item\":\"https:\/\/secovipr.com.br\/londrina\/empresas\/\"},{\"@type\":\"ListItem\",\"position\":3,\"name\":\"Lei &#8211; Da Loca\u00e7\u00e3o\"}]}]}<\/script>\n<!-- \/ Yoast SEO plugin. -->","yoast_head_json":{"title":"Lei - Da Loca\u00e7\u00e3o - Regional Norte","robots":{"index":"noindex","follow":"follow","max-snippet":"max-snippet:-1","max-image-preview":"max-image-preview:large","max-video-preview":"max-video-preview:-1"},"og_locale":"pt_BR","og_type":"article","og_title":"Lei - Da Loca\u00e7\u00e3o - Regional Norte","og_description":"O Novo C\u00f3digo Civil e as loca\u00e7\u00f5es No C\u00f3digo Civil de 1916, em vigor at\u00e9 o dia 10.01.03, h\u00e1 um cap\u00edtulo dedicado \u00e0s loca\u00e7\u00f5es que vigoraram para a loca\u00e7\u00e3o de im\u00f3vel urbano somente nos per\u00edodos quando n\u00e3o houve lei especial. No CC02 tamb\u00e9m h\u00e1 um cap\u00edtulo sobre a loca\u00e7\u00e3o de coisas por\u00e9m a loca\u00e7\u00e3o de [&hellip;]","og_url":"https:\/\/secovipr.com.br\/londrina\/empresas\/lei-da-locacao\/","og_site_name":"Regional Norte","article_modified_time":"2023-02-01T14:16:36+00:00","twitter_card":"summary_large_image","twitter_misc":{"Est. tempo de leitura":"1 minuto"},"schema":{"@context":"https:\/\/schema.org","@graph":[{"@type":"WebSite","@id":"https:\/\/secovipr.com.br\/londrina\/#website","url":"https:\/\/secovipr.com.br\/londrina\/","name":"Regional Norte","description":"Sindicato da Habita\u00e7\u00e3o e Condom\u00ednios do Paran\u00e1","potentialAction":[{"@type":"SearchAction","target":{"@type":"EntryPoint","urlTemplate":"https:\/\/secovipr.com.br\/londrina\/?s={search_term_string}"},"query-input":"required name=search_term_string"}],"inLanguage":"pt-BR"},{"@type":"WebPage","@id":"https:\/\/secovipr.com.br\/londrina\/empresas\/lei-da-locacao\/#webpage","url":"https:\/\/secovipr.com.br\/londrina\/empresas\/lei-da-locacao\/","name":"Lei - Da Loca\u00e7\u00e3o - Regional Norte","isPartOf":{"@id":"https:\/\/secovipr.com.br\/londrina\/#website"},"datePublished":"2022-01-17T16:39:39+00:00","dateModified":"2023-02-01T14:16:36+00:00","breadcrumb":{"@id":"https:\/\/secovipr.com.br\/londrina\/empresas\/lei-da-locacao\/#breadcrumb"},"inLanguage":"pt-BR","potentialAction":[{"@type":"ReadAction","target":["https:\/\/secovipr.com.br\/londrina\/empresas\/lei-da-locacao\/"]}]},{"@type":"BreadcrumbList","@id":"https:\/\/secovipr.com.br\/londrina\/empresas\/lei-da-locacao\/#breadcrumb","itemListElement":[{"@type":"ListItem","position":1,"name":"In\u00edcio","item":"https:\/\/secovipr.com.br\/londrina\/"},{"@type":"ListItem","position":2,"name":"Empresas","item":"https:\/\/secovipr.com.br\/londrina\/empresas\/"},{"@type":"ListItem","position":3,"name":"Lei &#8211; Da Loca\u00e7\u00e3o"}]}]}},"_links":{"self":[{"href":"https:\/\/secovipr.com.br\/londrina\/wp-json\/wp\/v2\/pages\/201"}],"collection":[{"href":"https:\/\/secovipr.com.br\/londrina\/wp-json\/wp\/v2\/pages"}],"about":[{"href":"https:\/\/secovipr.com.br\/londrina\/wp-json\/wp\/v2\/types\/page"}],"author":[{"embeddable":true,"href":"https:\/\/secovipr.com.br\/londrina\/wp-json\/wp\/v2\/users\/1"}],"replies":[{"embeddable":true,"href":"https:\/\/secovipr.com.br\/londrina\/wp-json\/wp\/v2\/comments?post=201"}],"version-history":[{"count":4,"href":"https:\/\/secovipr.com.br\/londrina\/wp-json\/wp\/v2\/pages\/201\/revisions"}],"predecessor-version":[{"id":830,"href":"https:\/\/secovipr.com.br\/londrina\/wp-json\/wp\/v2\/pages\/201\/revisions\/830"}],"up":[{"embeddable":true,"href":"https:\/\/secovipr.com.br\/londrina\/wp-json\/wp\/v2\/pages\/40"}],"wp:attachment":[{"href":"https:\/\/secovipr.com.br\/londrina\/wp-json\/wp\/v2\/media?parent=201"}],"curies":[{"name":"wp","href":"https:\/\/api.w.org\/{rel}","templated":true}]}}