{"id":171,"date":"2022-01-17T11:28:53","date_gmt":"2022-01-17T14:28:53","guid":{"rendered":"https:\/\/secovipr.com.br\/londrina\/?page_id=171"},"modified":"2022-09-19T14:06:25","modified_gmt":"2022-09-19T17:06:25","slug":"sede-operacional","status":"publish","type":"page","link":"https:\/\/secovipr.com.br\/londrina\/institucional\/sede-operacional\/","title":{"rendered":"Base territorial"},"content":{"rendered":"\n<figure class=\"wp-block-image size-large is-resized\"><img loading=\"lazy\" src=\"https:\/\/secovipr.com.br\/londrina\/wp-content\/uploads\/sites\/5\/2022\/09\/MONTAGEM-FOTO-SECOVI-AF-1-1-1024x639.jpg\" alt=\"\" class=\"wp-image-484\" width=\"367\" height=\"229\" srcset=\"https:\/\/secovipr.com.br\/londrina\/wp-content\/uploads\/sites\/5\/2022\/09\/MONTAGEM-FOTO-SECOVI-AF-1-1-1024x639.jpg 1024w, https:\/\/secovipr.com.br\/londrina\/wp-content\/uploads\/sites\/5\/2022\/09\/MONTAGEM-FOTO-SECOVI-AF-1-1-300x187.jpg 300w, https:\/\/secovipr.com.br\/londrina\/wp-content\/uploads\/sites\/5\/2022\/09\/MONTAGEM-FOTO-SECOVI-AF-1-1-768x479.jpg 768w, https:\/\/secovipr.com.br\/londrina\/wp-content\/uploads\/sites\/5\/2022\/09\/MONTAGEM-FOTO-SECOVI-AF-1-1-1536x958.jpg 1536w, https:\/\/secovipr.com.br\/londrina\/wp-content\/uploads\/sites\/5\/2022\/09\/MONTAGEM-FOTO-SECOVI-AF-1-1-2048x1278.jpg 2048w\" sizes=\"(max-width: 367px) 100vw, 367px\" \/><\/figure>\n\n\n\n<p><strong>Cidades atendidas pela Regional Norte do SECOVI-PR:<\/strong><\/p>\n\n\n\n<ul><li>Abati\u00e1\/PR, Alvorada do Sul\/PR, Andir\u00e1\/PR, Apucarana\/PR, Arapongas\/PR, Arapu\u00e3\/PR, Ariranha do Iva\u00ed\/PR, Assa\u00ed\/PR, Astorga\/PR<\/li><li>Bandeirantes\/PR, Barra do Jacar\u00e9\/PR, Bela Vista do Para\u00edso\/PR, Boa Ventura de S\u00e3o Roque\/PR, Bom Sucesso\/PR, Borraz\u00f3polis\/PR<\/li><li>Cafeara\/PR, Calif\u00f3rnia\/PR, Cambar\u00e1\/PR, Camb\u00e9\/PR, Cambira\/PR, C\u00e2ndido de Abreu\/PR, Carl\u00f3polis\/PR, Centen\u00e1rio do Sul\/PR, Congonhinhas\/PR, Conselheiro Mairinck\/PR, Corn\u00e9lio Proc\u00f3pio\/PR, Cruzmaltina\/PR<\/li><li>Faxinal\/PR, Florest\u00f3polis\/PR<\/li><li>Godoy Moreira\/PR, Grandes Rios\/PR, Guapirama\/PR, Guaraci\/PR<\/li><li>Ibaiti\/PR, Ibipor\u00e3\/PR, Itaguaj\u00e9\/PR, Itambarac\u00e1\/PR, Ivaipor\u00e3\/PR<\/li><li>Jaboti\/PR, Jacarezinho\/PR, Jaguapit\u00e3\/PR, Jandaia do Sul\/PR, Japira\/PR, Jardim Alegre\/PR, Jataizinho\/PR, Joaquim T\u00e1vora\/PR, Jundia\u00ed do Sul\/PR,<\/li><li>\u00a0Kalor\u00e9\/PR<\/li><li>Le\u00f3polis\/PR, Lidian\u00f3polis\/PR, <strong>Londrina\/PR<\/strong>, Lunardelli\/PR, Lupion\u00f3polis\/PR<\/li><li>Manoel Ribas\/PR, Maril\u00e2ndia do Sul\/PR, Marumbi\/PR, Mato Rico\/PR, Mau\u00e1 da Serra\/PR, Miraselva\/PR, Munhoz de Melo\/PR<\/li><li>Nossa Senhora das Gra\u00e7as\/PR, Nova Am\u00e9rica da Colina\/PR, Nova F\u00e1tima\/PR, Nova Santa B\u00e1rbara\/PR, Nova Tebas\/PR, Novo Itacolomi\/PR<\/li><li>Pinhal\u00e3o\/PR, Pitanga\/PR, Pitangueiras\/PR, Porecatu\/PR, Prado Ferreira\/PR, Primeiro de Maio\/PR Quatigu\u00e1\/PR<\/li><li>Rancho Alegre\/PR, Ribeir\u00e3o Claro\/PR, Ribeir\u00e3o do Pinhal\/PR, Rio Bom\/PR, Rio Branco do Iva\u00ed\/PR, Rol\u00e2ndia\/PR, Ros\u00e1rio do Iva\u00ed\/PR<\/li><li>Sab\u00e1udia\/PR, Salto do Itarar\u00e9\/PR, Santa Am\u00e9lia\/PR, Santa Cec\u00edlia do Pav\u00e3o\/PR, Santa In\u00eas\/PR, Santa Maria do Oeste\/PR, Santa Mariana\/PR, Santana do Itarar\u00e9\/PR, Santo Ant\u00f4nio da Platina\/PR, Santo Ant\u00f4nio do Para\u00edso\/PR, Santo In\u00e1cio\/PR, S\u00e3o Jer\u00f4nimo da Serra\/PR, S\u00e3o Jo\u00e3o do Iva\u00ed\/PR, S\u00e3o Jos\u00e9 da Boa Vista\/PR, S\u00e3o Pedro do Iva\u00ed\/PR, S\u00e3o Sebasti\u00e3o da Amoreira\/PR, Sertaneja\/PR, Sertan\u00f3polis\/PR, Siqueira Campos\/PR<\/li><li>Tamarana\/PR, Tomazina\/PR<\/li><li>Ura\u00ed\/PR e Wenceslau Braz\/PR.<\/li><\/ul>\n\n\n\n<hr class=\"wp-block-separator\" \/>\n\n\n\n<p>(43) 3356-2703<\/p>\n\n\n\n<p><a href=\"mailto:curitiba@secovipr.com.br\/londrina\">londrina@secovipr.com.br<\/a><\/p>\n","protected":false},"excerpt":{"rendered":"<p>Cidades atendidas pela Regional Norte do SECOVI-PR: Abati\u00e1\/PR, Alvorada do Sul\/PR, Andir\u00e1\/PR, Apucarana\/PR, Arapongas\/PR, Arapu\u00e3\/PR, Ariranha do Iva\u00ed\/PR, Assa\u00ed\/PR, Astorga\/PR Bandeirantes\/PR, Barra do Jacar\u00e9\/PR, Bela Vista do Para\u00edso\/PR, Boa Ventura de S\u00e3o Roque\/PR, Bom Sucesso\/PR, Borraz\u00f3polis\/PR Cafeara\/PR, Calif\u00f3rnia\/PR, Cambar\u00e1\/PR, Camb\u00e9\/PR, Cambira\/PR, C\u00e2ndido de Abreu\/PR, Carl\u00f3polis\/PR, Centen\u00e1rio do Sul\/PR, Congonhinhas\/PR, Conselheiro Mairinck\/PR, Corn\u00e9lio Proc\u00f3pio\/PR, Cruzmaltina\/PR Faxinal\/PR, [&hellip;]<\/p>\n","protected":false},"author":1,"featured_media":0,"parent":38,"menu_order":0,"comment_status":"closed","ping_status":"closed","template":"","meta":[],"acf":[],"yoast_head":"<!-- This site is optimized with the Yoast SEO plugin v18.1 - https:\/\/yoast.com\/wordpress\/plugins\/seo\/ -->\n<title>Base territorial - Regional Norte<\/title>\n<meta name=\"robots\" content=\"noindex, follow, max-snippet:-1, max-image-preview:large, max-video-preview:-1\" \/>\n<meta property=\"og:locale\" content=\"pt_BR\" \/>\n<meta property=\"og:type\" content=\"article\" \/>\n<meta property=\"og:title\" content=\"Base territorial - Regional Norte\" \/>\n<meta property=\"og:description\" content=\"Cidades atendidas pela Regional Norte do SECOVI-PR: Abati\u00e1\/PR, Alvorada do Sul\/PR, Andir\u00e1\/PR, Apucarana\/PR, Arapongas\/PR, Arapu\u00e3\/PR, Ariranha do Iva\u00ed\/PR, Assa\u00ed\/PR, Astorga\/PR Bandeirantes\/PR, Barra do Jacar\u00e9\/PR, Bela Vista do Para\u00edso\/PR, Boa Ventura de S\u00e3o Roque\/PR, Bom Sucesso\/PR, Borraz\u00f3polis\/PR Cafeara\/PR, Calif\u00f3rnia\/PR, Cambar\u00e1\/PR, Camb\u00e9\/PR, Cambira\/PR, C\u00e2ndido de Abreu\/PR, Carl\u00f3polis\/PR, Centen\u00e1rio do Sul\/PR, Congonhinhas\/PR, Conselheiro Mairinck\/PR, Corn\u00e9lio Proc\u00f3pio\/PR, Cruzmaltina\/PR Faxinal\/PR, [&hellip;]\" \/>\n<meta property=\"og:url\" content=\"https:\/\/secovipr.com.br\/londrina\/institucional\/sede-operacional\/\" \/>\n<meta property=\"og:site_name\" content=\"Regional Norte\" \/>\n<meta property=\"article:modified_time\" content=\"2022-09-19T17:06:25+00:00\" \/>\n<meta property=\"og:image\" content=\"https:\/\/secovipr.com.br\/londrina\/wp-content\/uploads\/sites\/5\/2022\/09\/MONTAGEM-FOTO-SECOVI-AF-1-1-1024x639.jpg\" \/>\n<meta name=\"twitter:card\" content=\"summary_large_image\" \/>\n<meta name=\"twitter:label1\" content=\"Est. tempo de leitura\" \/>\n\t<meta name=\"twitter:data1\" content=\"2 minutos\" \/>\n<script type=\"application\/ld+json\" class=\"yoast-schema-graph\">{\"@context\":\"https:\/\/schema.org\",\"@graph\":[{\"@type\":\"WebSite\",\"@id\":\"https:\/\/secovipr.com.br\/londrina\/#website\",\"url\":\"https:\/\/secovipr.com.br\/londrina\/\",\"name\":\"Regional Norte\",\"description\":\"Sindicato da Habita\u00e7\u00e3o e Condom\u00ednios do Paran\u00e1\",\"potentialAction\":[{\"@type\":\"SearchAction\",\"target\":{\"@type\":\"EntryPoint\",\"urlTemplate\":\"https:\/\/secovipr.com.br\/londrina\/?s={search_term_string}\"},\"query-input\":\"required name=search_term_string\"}],\"inLanguage\":\"pt-BR\"},{\"@type\":\"ImageObject\",\"@id\":\"https:\/\/secovipr.com.br\/londrina\/institucional\/sede-operacional\/#primaryimage\",\"inLanguage\":\"pt-BR\",\"url\":\"https:\/\/secovipr.com.br\/londrina\/wp-content\/uploads\/sites\/5\/2022\/09\/MONTAGEM-FOTO-SECOVI-AF-1-1-scaled.jpg\",\"contentUrl\":\"https:\/\/secovipr.com.br\/londrina\/wp-content\/uploads\/sites\/5\/2022\/09\/MONTAGEM-FOTO-SECOVI-AF-1-1-scaled.jpg\",\"width\":2560,\"height\":1597},{\"@type\":\"WebPage\",\"@id\":\"https:\/\/secovipr.com.br\/londrina\/institucional\/sede-operacional\/#webpage\",\"url\":\"https:\/\/secovipr.com.br\/londrina\/institucional\/sede-operacional\/\",\"name\":\"Base territorial - Regional Norte\",\"isPartOf\":{\"@id\":\"https:\/\/secovipr.com.br\/londrina\/#website\"},\"primaryImageOfPage\":{\"@id\":\"https:\/\/secovipr.com.br\/londrina\/institucional\/sede-operacional\/#primaryimage\"},\"datePublished\":\"2022-01-17T14:28:53+00:00\",\"dateModified\":\"2022-09-19T17:06:25+00:00\",\"breadcrumb\":{\"@id\":\"https:\/\/secovipr.com.br\/londrina\/institucional\/sede-operacional\/#breadcrumb\"},\"inLanguage\":\"pt-BR\",\"potentialAction\":[{\"@type\":\"ReadAction\",\"target\":[\"https:\/\/secovipr.com.br\/londrina\/institucional\/sede-operacional\/\"]}]},{\"@type\":\"BreadcrumbList\",\"@id\":\"https:\/\/secovipr.com.br\/londrina\/institucional\/sede-operacional\/#breadcrumb\",\"itemListElement\":[{\"@type\":\"ListItem\",\"position\":1,\"name\":\"In\u00edcio\",\"item\":\"https:\/\/secovipr.com.br\/londrina\/\"},{\"@type\":\"ListItem\",\"position\":2,\"name\":\"Institucional\",\"item\":\"https:\/\/secovipr.com.br\/londrina\/institucional\/\"},{\"@type\":\"ListItem\",\"position\":3,\"name\":\"Base territorial\"}]}]}<\/script>\n<!-- \/ Yoast SEO plugin. -->","yoast_head_json":{"title":"Base territorial - Regional Norte","robots":{"index":"noindex","follow":"follow","max-snippet":"max-snippet:-1","max-image-preview":"max-image-preview:large","max-video-preview":"max-video-preview:-1"},"og_locale":"pt_BR","og_type":"article","og_title":"Base territorial - Regional Norte","og_description":"Cidades atendidas pela Regional Norte do SECOVI-PR: Abati\u00e1\/PR, Alvorada do Sul\/PR, Andir\u00e1\/PR, Apucarana\/PR, Arapongas\/PR, Arapu\u00e3\/PR, Ariranha do Iva\u00ed\/PR, Assa\u00ed\/PR, Astorga\/PR Bandeirantes\/PR, Barra do Jacar\u00e9\/PR, Bela Vista do Para\u00edso\/PR, Boa Ventura de S\u00e3o Roque\/PR, Bom Sucesso\/PR, Borraz\u00f3polis\/PR Cafeara\/PR, Calif\u00f3rnia\/PR, Cambar\u00e1\/PR, Camb\u00e9\/PR, Cambira\/PR, C\u00e2ndido de Abreu\/PR, Carl\u00f3polis\/PR, Centen\u00e1rio do Sul\/PR, Congonhinhas\/PR, Conselheiro Mairinck\/PR, Corn\u00e9lio Proc\u00f3pio\/PR, Cruzmaltina\/PR Faxinal\/PR, [&hellip;]","og_url":"https:\/\/secovipr.com.br\/londrina\/institucional\/sede-operacional\/","og_site_name":"Regional Norte","article_modified_time":"2022-09-19T17:06:25+00:00","og_image":[{"url":"https:\/\/secovipr.com.br\/londrina\/wp-content\/uploads\/sites\/5\/2022\/09\/MONTAGEM-FOTO-SECOVI-AF-1-1-1024x639.jpg"}],"twitter_card":"summary_large_image","twitter_misc":{"Est. tempo de leitura":"2 minutos"},"schema":{"@context":"https:\/\/schema.org","@graph":[{"@type":"WebSite","@id":"https:\/\/secovipr.com.br\/londrina\/#website","url":"https:\/\/secovipr.com.br\/londrina\/","name":"Regional Norte","description":"Sindicato da Habita\u00e7\u00e3o e Condom\u00ednios do Paran\u00e1","potentialAction":[{"@type":"SearchAction","target":{"@type":"EntryPoint","urlTemplate":"https:\/\/secovipr.com.br\/londrina\/?s={search_term_string}"},"query-input":"required name=search_term_string"}],"inLanguage":"pt-BR"},{"@type":"ImageObject","@id":"https:\/\/secovipr.com.br\/londrina\/institucional\/sede-operacional\/#primaryimage","inLanguage":"pt-BR","url":"https:\/\/secovipr.com.br\/londrina\/wp-content\/uploads\/sites\/5\/2022\/09\/MONTAGEM-FOTO-SECOVI-AF-1-1-scaled.jpg","contentUrl":"https:\/\/secovipr.com.br\/londrina\/wp-content\/uploads\/sites\/5\/2022\/09\/MONTAGEM-FOTO-SECOVI-AF-1-1-scaled.jpg","width":2560,"height":1597},{"@type":"WebPage","@id":"https:\/\/secovipr.com.br\/londrina\/institucional\/sede-operacional\/#webpage","url":"https:\/\/secovipr.com.br\/londrina\/institucional\/sede-operacional\/","name":"Base territorial - Regional Norte","isPartOf":{"@id":"https:\/\/secovipr.com.br\/londrina\/#website"},"primaryImageOfPage":{"@id":"https:\/\/secovipr.com.br\/londrina\/institucional\/sede-operacional\/#primaryimage"},"datePublished":"2022-01-17T14:28:53+00:00","dateModified":"2022-09-19T17:06:25+00:00","breadcrumb":{"@id":"https:\/\/secovipr.com.br\/londrina\/institucional\/sede-operacional\/#breadcrumb"},"inLanguage":"pt-BR","potentialAction":[{"@type":"ReadAction","target":["https:\/\/secovipr.com.br\/londrina\/institucional\/sede-operacional\/"]}]},{"@type":"BreadcrumbList","@id":"https:\/\/secovipr.com.br\/londrina\/institucional\/sede-operacional\/#breadcrumb","itemListElement":[{"@type":"ListItem","position":1,"name":"In\u00edcio","item":"https:\/\/secovipr.com.br\/londrina\/"},{"@type":"ListItem","position":2,"name":"Institucional","item":"https:\/\/secovipr.com.br\/londrina\/institucional\/"},{"@type":"ListItem","position":3,"name":"Base territorial"}]}]}},"_links":{"self":[{"href":"https:\/\/secovipr.com.br\/londrina\/wp-json\/wp\/v2\/pages\/171"}],"collection":[{"href":"https:\/\/secovipr.com.br\/londrina\/wp-json\/wp\/v2\/pages"}],"about":[{"href":"https:\/\/secovipr.com.br\/londrina\/wp-json\/wp\/v2\/types\/page"}],"author":[{"embeddable":true,"href":"https:\/\/secovipr.com.br\/londrina\/wp-json\/wp\/v2\/users\/1"}],"replies":[{"embeddable":true,"href":"https:\/\/secovipr.com.br\/londrina\/wp-json\/wp\/v2\/comments?post=171"}],"version-history":[{"count":12,"href":"https:\/\/secovipr.com.br\/londrina\/wp-json\/wp\/v2\/pages\/171\/revisions"}],"predecessor-version":[{"id":506,"href":"https:\/\/secovipr.com.br\/londrina\/wp-json\/wp\/v2\/pages\/171\/revisions\/506"}],"up":[{"embeddable":true,"href":"https:\/\/secovipr.com.br\/londrina\/wp-json\/wp\/v2\/pages\/38"}],"wp:attachment":[{"href":"https:\/\/secovipr.com.br\/londrina\/wp-json\/wp\/v2\/media?parent=171"}],"curies":[{"name":"wp","href":"https:\/\/api.w.org\/{rel}","templated":true}]}}