{"id":156,"date":"2022-01-17T10:49:46","date_gmt":"2022-01-17T13:49:46","guid":{"rendered":"https:\/\/secovipr.com.br\/londrina\/?page_id=156"},"modified":"2023-02-03T11:15:57","modified_gmt":"2023-02-03T14:15:57","slug":"atuacao","status":"publish","type":"page","link":"https:\/\/secovipr.com.br\/londrina\/institucional\/atuacao\/","title":{"rendered":"Atua\u00e7\u00e3o"},"content":{"rendered":"\n<p>Atua\u00e7\u00e3o marcante no mercado da habita\u00e7\u00e3o do estado do Paran\u00e1<\/p>\n\n\n\n<p>O Secovi-PR Sindicato da Habita\u00e7\u00e3o e Condom\u00ednios \u00e9 uma Entidade Patronal, reconhecida por meio de carta sindical expedida pelo Minist\u00e9rio do Trabalho. Representa todas as empresas de compra, venda, loca\u00e7\u00e3o, administra\u00e7\u00e3o, incorpora\u00e7\u00e3o e loteamentos de im\u00f3veis, e dos edif\u00edcios em condom\u00ednios residenciais e comerciais em todo o Estado do Paran\u00e1.<\/p>\n\n\n\n<p>Constitu\u00eddo para fins de estudo, coordena\u00e7\u00e3o, prote\u00e7\u00e3o e representa\u00e7\u00e3o legal das categorias econ\u00f4micas representadas, conforme estabelece seu estatuto e a legisla\u00e7\u00e3o sindical em vigor.<\/p>\n\n\n\n<p>Tem como principal objetivo a colabora\u00e7\u00e3o com os poderes p\u00fablicos municipais, estaduais, federais e as demais associa\u00e7\u00f5es, no sentido da solidariedade social e da subordina\u00e7\u00e3o aos interesses nacionais, sendo que entre as fun\u00e7\u00f5es j\u00e1 elencadas, est\u00e3o as de orientar, informar, esclarecer e promover cursos para os trabalhadores de condom\u00ednios e empresa do mercado imobili\u00e1rio, gerentes, empres\u00e1rios, s\u00edndicos e cond\u00f4minos.<\/p>\n\n\n\n<p>A Regional Norte do Secovi-PR atua desde 1989 defendendo os interesses do mercado imobili\u00e1rio e condominial desta regi\u00e3o, sendo representante de todas as Empresas acima mencionadas.&nbsp;<\/p>\n\n\n\n<p>Sua atua\u00e7\u00e3o junto a \u00f3rg\u00e3os do poder p\u00fablico tem objetivo principal coordenar, esclarecer e orientar as pessoas que gerenciam e trabalham em condom\u00ednios (s\u00edndicos e funcion\u00e1rios), al\u00e9m de empres\u00e1rios e profissionais do mercado imobili\u00e1rio que est\u00e3o diretamente ligados a este Sindicato. Por meio da infraestrutura de sua nova sede, este disponibiliza toda uma gama de servi\u00e7os; n\u00e3o apenas no \u00e2mbito do pr\u00f3prio Sindicato, mas tamb\u00e9m atrav\u00e9s de seus agentes de servi\u00e7os como:<\/p>\n\n\n\n<ul><li>Universidade Livre do Mercado Imobili\u00e1rio e Condominial (Unihab)<\/li><li>Instituto Paranaense de Pesquisa e Desenvolvimento do Mercado Imobili\u00e1rio e Condominial (Inpespar)<\/li><li>C\u00e2mara de Media\u00e7\u00e3o e Arbitragem (CMA), al\u00e9m dos diversos servi\u00e7os como a assessoria jur\u00eddica,<\/li><li>Servi\u00e7os de sa\u00fade atrav\u00e9s do Servi\u00e7o Social da Habita\u00e7\u00e3o (SecoviMed).<\/li><\/ul>\n","protected":false},"excerpt":{"rendered":"<p>Atua\u00e7\u00e3o marcante no mercado da habita\u00e7\u00e3o do estado do Paran\u00e1 O Secovi-PR Sindicato da Habita\u00e7\u00e3o e Condom\u00ednios \u00e9 uma Entidade Patronal, reconhecida por meio de carta sindical expedida pelo Minist\u00e9rio do Trabalho. Representa todas as empresas de compra, venda, loca\u00e7\u00e3o, administra\u00e7\u00e3o, incorpora\u00e7\u00e3o e loteamentos de im\u00f3veis, e dos edif\u00edcios em condom\u00ednios residenciais e comerciais em [&hellip;]<\/p>\n","protected":false},"author":1,"featured_media":0,"parent":38,"menu_order":0,"comment_status":"closed","ping_status":"closed","template":"","meta":[],"acf":[],"yoast_head":"<!-- This site is optimized with the Yoast SEO plugin v18.1 - https:\/\/yoast.com\/wordpress\/plugins\/seo\/ -->\n<title>Atua\u00e7\u00e3o - Regional Norte<\/title>\n<meta name=\"robots\" content=\"noindex, follow, max-snippet:-1, max-image-preview:large, max-video-preview:-1\" \/>\n<meta property=\"og:locale\" content=\"pt_BR\" \/>\n<meta property=\"og:type\" content=\"article\" \/>\n<meta property=\"og:title\" content=\"Atua\u00e7\u00e3o - Regional Norte\" \/>\n<meta property=\"og:description\" content=\"Atua\u00e7\u00e3o marcante no mercado da habita\u00e7\u00e3o do estado do Paran\u00e1 O Secovi-PR Sindicato da Habita\u00e7\u00e3o e Condom\u00ednios \u00e9 uma Entidade Patronal, reconhecida por meio de carta sindical expedida pelo Minist\u00e9rio do Trabalho. Representa todas as empresas de compra, venda, loca\u00e7\u00e3o, administra\u00e7\u00e3o, incorpora\u00e7\u00e3o e loteamentos de im\u00f3veis, e dos edif\u00edcios em condom\u00ednios residenciais e comerciais em [&hellip;]\" \/>\n<meta property=\"og:url\" content=\"https:\/\/secovipr.com.br\/londrina\/institucional\/atuacao\/\" \/>\n<meta property=\"og:site_name\" content=\"Regional Norte\" \/>\n<meta property=\"article:modified_time\" content=\"2023-02-03T14:15:57+00:00\" \/>\n<meta name=\"twitter:card\" content=\"summary_large_image\" \/>\n<meta name=\"twitter:label1\" content=\"Est. tempo de leitura\" \/>\n\t<meta name=\"twitter:data1\" content=\"2 minutos\" \/>\n<script type=\"application\/ld+json\" class=\"yoast-schema-graph\">{\"@context\":\"https:\/\/schema.org\",\"@graph\":[{\"@type\":\"WebSite\",\"@id\":\"https:\/\/secovipr.com.br\/londrina\/#website\",\"url\":\"https:\/\/secovipr.com.br\/londrina\/\",\"name\":\"Regional Norte\",\"description\":\"Sindicato da Habita\u00e7\u00e3o e Condom\u00ednios do Paran\u00e1\",\"potentialAction\":[{\"@type\":\"SearchAction\",\"target\":{\"@type\":\"EntryPoint\",\"urlTemplate\":\"https:\/\/secovipr.com.br\/londrina\/?s={search_term_string}\"},\"query-input\":\"required name=search_term_string\"}],\"inLanguage\":\"pt-BR\"},{\"@type\":\"WebPage\",\"@id\":\"https:\/\/secovipr.com.br\/londrina\/institucional\/atuacao\/#webpage\",\"url\":\"https:\/\/secovipr.com.br\/londrina\/institucional\/atuacao\/\",\"name\":\"Atua\u00e7\u00e3o - Regional Norte\",\"isPartOf\":{\"@id\":\"https:\/\/secovipr.com.br\/londrina\/#website\"},\"datePublished\":\"2022-01-17T13:49:46+00:00\",\"dateModified\":\"2023-02-03T14:15:57+00:00\",\"breadcrumb\":{\"@id\":\"https:\/\/secovipr.com.br\/londrina\/institucional\/atuacao\/#breadcrumb\"},\"inLanguage\":\"pt-BR\",\"potentialAction\":[{\"@type\":\"ReadAction\",\"target\":[\"https:\/\/secovipr.com.br\/londrina\/institucional\/atuacao\/\"]}]},{\"@type\":\"BreadcrumbList\",\"@id\":\"https:\/\/secovipr.com.br\/londrina\/institucional\/atuacao\/#breadcrumb\",\"itemListElement\":[{\"@type\":\"ListItem\",\"position\":1,\"name\":\"In\u00edcio\",\"item\":\"https:\/\/secovipr.com.br\/londrina\/\"},{\"@type\":\"ListItem\",\"position\":2,\"name\":\"Institucional\",\"item\":\"https:\/\/secovipr.com.br\/londrina\/institucional\/\"},{\"@type\":\"ListItem\",\"position\":3,\"name\":\"Atua\u00e7\u00e3o\"}]}]}<\/script>\n<!-- \/ Yoast SEO plugin. -->","yoast_head_json":{"title":"Atua\u00e7\u00e3o - Regional Norte","robots":{"index":"noindex","follow":"follow","max-snippet":"max-snippet:-1","max-image-preview":"max-image-preview:large","max-video-preview":"max-video-preview:-1"},"og_locale":"pt_BR","og_type":"article","og_title":"Atua\u00e7\u00e3o - Regional Norte","og_description":"Atua\u00e7\u00e3o marcante no mercado da habita\u00e7\u00e3o do estado do Paran\u00e1 O Secovi-PR Sindicato da Habita\u00e7\u00e3o e Condom\u00ednios \u00e9 uma Entidade Patronal, reconhecida por meio de carta sindical expedida pelo Minist\u00e9rio do Trabalho. Representa todas as empresas de compra, venda, loca\u00e7\u00e3o, administra\u00e7\u00e3o, incorpora\u00e7\u00e3o e loteamentos de im\u00f3veis, e dos edif\u00edcios em condom\u00ednios residenciais e comerciais em [&hellip;]","og_url":"https:\/\/secovipr.com.br\/londrina\/institucional\/atuacao\/","og_site_name":"Regional Norte","article_modified_time":"2023-02-03T14:15:57+00:00","twitter_card":"summary_large_image","twitter_misc":{"Est. tempo de leitura":"2 minutos"},"schema":{"@context":"https:\/\/schema.org","@graph":[{"@type":"WebSite","@id":"https:\/\/secovipr.com.br\/londrina\/#website","url":"https:\/\/secovipr.com.br\/londrina\/","name":"Regional Norte","description":"Sindicato da Habita\u00e7\u00e3o e Condom\u00ednios do Paran\u00e1","potentialAction":[{"@type":"SearchAction","target":{"@type":"EntryPoint","urlTemplate":"https:\/\/secovipr.com.br\/londrina\/?s={search_term_string}"},"query-input":"required name=search_term_string"}],"inLanguage":"pt-BR"},{"@type":"WebPage","@id":"https:\/\/secovipr.com.br\/londrina\/institucional\/atuacao\/#webpage","url":"https:\/\/secovipr.com.br\/londrina\/institucional\/atuacao\/","name":"Atua\u00e7\u00e3o - Regional Norte","isPartOf":{"@id":"https:\/\/secovipr.com.br\/londrina\/#website"},"datePublished":"2022-01-17T13:49:46+00:00","dateModified":"2023-02-03T14:15:57+00:00","breadcrumb":{"@id":"https:\/\/secovipr.com.br\/londrina\/institucional\/atuacao\/#breadcrumb"},"inLanguage":"pt-BR","potentialAction":[{"@type":"ReadAction","target":["https:\/\/secovipr.com.br\/londrina\/institucional\/atuacao\/"]}]},{"@type":"BreadcrumbList","@id":"https:\/\/secovipr.com.br\/londrina\/institucional\/atuacao\/#breadcrumb","itemListElement":[{"@type":"ListItem","position":1,"name":"In\u00edcio","item":"https:\/\/secovipr.com.br\/londrina\/"},{"@type":"ListItem","position":2,"name":"Institucional","item":"https:\/\/secovipr.com.br\/londrina\/institucional\/"},{"@type":"ListItem","position":3,"name":"Atua\u00e7\u00e3o"}]}]}},"_links":{"self":[{"href":"https:\/\/secovipr.com.br\/londrina\/wp-json\/wp\/v2\/pages\/156"}],"collection":[{"href":"https:\/\/secovipr.com.br\/londrina\/wp-json\/wp\/v2\/pages"}],"about":[{"href":"https:\/\/secovipr.com.br\/londrina\/wp-json\/wp\/v2\/types\/page"}],"author":[{"embeddable":true,"href":"https:\/\/secovipr.com.br\/londrina\/wp-json\/wp\/v2\/users\/1"}],"replies":[{"embeddable":true,"href":"https:\/\/secovipr.com.br\/londrina\/wp-json\/wp\/v2\/comments?post=156"}],"version-history":[{"count":4,"href":"https:\/\/secovipr.com.br\/londrina\/wp-json\/wp\/v2\/pages\/156\/revisions"}],"predecessor-version":[{"id":805,"href":"https:\/\/secovipr.com.br\/londrina\/wp-json\/wp\/v2\/pages\/156\/revisions\/805"}],"up":[{"embeddable":true,"href":"https:\/\/secovipr.com.br\/londrina\/wp-json\/wp\/v2\/pages\/38"}],"wp:attachment":[{"href":"https:\/\/secovipr.com.br\/londrina\/wp-json\/wp\/v2\/media?parent=156"}],"curies":[{"name":"wp","href":"https:\/\/api.w.org\/{rel}","templated":true}]}}