{"id":137,"date":"2022-01-14T17:34:48","date_gmt":"2022-01-14T20:34:48","guid":{"rendered":"https:\/\/secovipr.com.br\/londrina\/?page_id=137"},"modified":"2023-01-31T17:19:02","modified_gmt":"2023-01-31T20:19:02","slug":"conheca-a-secovi-pr","status":"publish","type":"page","link":"https:\/\/secovipr.com.br\/londrina\/institucional\/conheca-a-secovi-pr\/","title":{"rendered":"Conhe\u00e7a a Regional Norte do SECOVI-PR"},"content":{"rendered":"\n<h3>Saiba o que a gente pode fazer por voc\u00ea<\/h3>\n\n\n\n<p>O Secovi-PR, Sindicato da Habita\u00e7\u00e3o e Condom\u00ednios, foi constitu\u00eddo para fins de estudo, coordena\u00e7\u00e3o, prote\u00e7\u00e3o e representa\u00e7\u00e3o legal das categorias econ\u00f4micas representadas.<\/p>\n\n\n\n<p>A nossa miss\u00e3o \u00e9 atuar como representante de classe, integrador de empresas do ramo imobili\u00e1rio e condominial, fomentar neg\u00f3cios de interesse de nossos representados, oportunizar capacita\u00e7\u00e3o, conhecimentos e agir como f\u00f3rum de discuss\u00f5es e an\u00e1lise junto ao mercado e sociedade.<\/p>\n\n\n\n<p>Por meio da infraestrutura da nossa sede, disponibilizamos uma gama de servi\u00e7os n\u00e3o apenas no \u00e2mbito do pr\u00f3prio Sindicato, mas tamb\u00e9m atrav\u00e9s de nossos agentes de servi\u00e7os como:<\/p>\n\n\n\n<ul><li><strong>Universidade Livre do Mercado Imobili\u00e1rio e Condominial (Unihab)<\/strong><\/li><li><strong>Instituto Paranaense de Pesquisa e Desenvolvimento do Mercado Imobili\u00e1rio e Condominial (Inpespar)<\/strong><\/li><li><strong>Servi\u00e7os de Sa\u00fade atrav\u00e9s do Servi\u00e7o Social da Habita\u00e7\u00e3o (SecoviMed), atendimento m\u00e9dico, odontol\u00f3gico e laboratorial.<\/strong><\/li><li><strong>Chave F\u00e1cil \u2013 Portal de Im\u00f3veis.<\/strong><\/li><\/ul>\n\n\n\n<p>A Regional Norte do Sistema Secovi-PR, criada em 26 de outubro de 1989, est\u00e1 localizada no Edif\u00edcio da Habita\u00e7\u00e3o, situado \u00e0 Rua Rol\u00e2ndia, 295; na cidade de Londrina\/PR. Sua atua\u00e7\u00e3o junto a \u00f3rg\u00e3os do poder p\u00fablico tem por objetivo principal:<\/p>\n\n\n\n<ul><li>Coordenar, esclarecer e orientar as pessoas que gerenciam e trabalham em condom\u00ednios (s\u00edndicos e funcion\u00e1rios), al\u00e9m de empres\u00e1rios e profissionais do mercado imobili\u00e1rio que est\u00e3o diretamente ligados a este Sindicato;&nbsp;<\/li><li>Defender os interesses dos nossos representados;<\/li><li>Fornecer apoio legal;&nbsp;<\/li><li>Prestar servi\u00e7o social;&nbsp;<\/li><li>Intelig\u00eancia de mercado;<\/li><li>Qualifica\u00e7\u00e3o;<\/li><li>Solu\u00e7\u00f5es t\u00e9cnicas e tecnol\u00f3gicas de apoio aos mercados, reuni\u00f5es e eventos t\u00e9cnicos e sociais de compartilhamento de conhecimentos.<\/li><\/ul>\n\n\n\n<p>Prestamos diversas atividades assistenciais como: educa\u00e7\u00e3o, sa\u00fade, assessoria jur\u00eddica, entre outros.<\/p>\n\n\n\n<div class=\"wp-block-image\"><figure class=\"aligncenter size-large\"><img loading=\"lazy\" width=\"1024\" height=\"683\" src=\"https:\/\/secovipr.com.br\/londrina\/wp-content\/uploads\/sites\/5\/2022\/01\/cursos-img-02-1024x683.jpg\" alt=\"\" class=\"wp-image-133\" srcset=\"https:\/\/secovipr.com.br\/londrina\/wp-content\/uploads\/sites\/5\/2022\/01\/cursos-img-02-1024x683.jpg 1024w, https:\/\/secovipr.com.br\/londrina\/wp-content\/uploads\/sites\/5\/2022\/01\/cursos-img-02-300x200.jpg 300w, https:\/\/secovipr.com.br\/londrina\/wp-content\/uploads\/sites\/5\/2022\/01\/cursos-img-02-768x512.jpg 768w, https:\/\/secovipr.com.br\/londrina\/wp-content\/uploads\/sites\/5\/2022\/01\/cursos-img-02.jpg 1290w\" sizes=\"(max-width: 1024px) 100vw, 1024px\" \/><\/figure><\/div>\n\n\n\n<p>Com o intuito de aproximar os associados foram institu\u00eddos alguns servi\u00e7os correlatos a nossa \u00e1rea de atua\u00e7\u00e3o, como:<\/p>\n\n\n\n<p><strong>Preg\u00e3o Imobili\u00e1rio<\/strong> \u2014 Conselho T\u00e9cnico para avalia\u00e7\u00e3o de Loca\u00e7\u00e3o e Venda de Im\u00f3veis;<\/p>\n\n\n\n<p><strong>Assessoria Jur\u00eddica<\/strong> \u2014 Equipe de advogados que presta orienta\u00e7\u00e3o jur\u00eddica em diversas \u00e1reas, principalmente trabalhista e c\u00edvel, dando mais seguran\u00e7a aos associados e representados;<\/p>\n\n\n\n<p><strong>Departamento de Cobran\u00e7a \u2014 <\/strong>O Secovi-PR realiza gratuitamente a intermedia\u00e7\u00e3o para a cobran\u00e7a da taxa condominial, por interm\u00e9dio da nossa Assessoria Jur\u00eddica;<strong>Conven\u00e7\u00e3o Coletiva<\/strong> \u2014 Instrumento previsto na CLT, de car\u00e1ter normativo, pelo qual o Secovi \u00e9 respons\u00e1vel em defender os interesses de seus representados nos momentos de exig\u00eancia de bom senso e negocia\u00e7\u00f5es coletivas de trabalho, de modo a n\u00e3o gerar desproporcionalidades que prejudiquem as partes, para atender o Conselho dos S\u00edndicos, de Administradoras de Condom\u00ednios, Empresas Imobili\u00e1rias e de Administra\u00e7\u00e3o.<\/p>\n\n\n\n<hr class=\"wp-block-separator\" \/>\n\n\n\n<div class=\"wp-block-image\"><figure class=\"alignleft size-large is-resized\"><img loading=\"lazy\" src=\"https:\/\/secovipr.com.br\/londrina\/wp-content\/uploads\/sites\/5\/2022\/01\/blog-img-02-1024x679.jpg\" alt=\"\" class=\"wp-image-131\" width=\"505\" height=\"335\" srcset=\"https:\/\/secovipr.com.br\/londrina\/wp-content\/uploads\/sites\/5\/2022\/01\/blog-img-02-1024x679.jpg 1024w, https:\/\/secovipr.com.br\/londrina\/wp-content\/uploads\/sites\/5\/2022\/01\/blog-img-02-300x199.jpg 300w, https:\/\/secovipr.com.br\/londrina\/wp-content\/uploads\/sites\/5\/2022\/01\/blog-img-02-768x510.jpg 768w, https:\/\/secovipr.com.br\/londrina\/wp-content\/uploads\/sites\/5\/2022\/01\/blog-img-02-370x245.jpg 370w, https:\/\/secovipr.com.br\/londrina\/wp-content\/uploads\/sites\/5\/2022\/01\/blog-img-02.jpg 1290w\" sizes=\"(max-width: 505px) 100vw, 505px\" \/><\/figure><\/div>\n\n\n\n<p><strong>Conv\u00eanio Educa\u00e7\u00e3o<\/strong> \u2014 Conv\u00eanio com a UNOPAR e PIT\u00c1GORAS \u2014 Concedendo aos associados e seus colaboradores 20% de desconto nos cursos de gradua\u00e7\u00e3o e p\u00f3s-gradua\u00e7\u00e3o;<\/p>\n\n\n\n<p><strong>Conv\u00eanio SENAC<\/strong> \u2014 Concedendo aos associados e seus colaboradores 30% de desconto em todos os cursos oferecidos;<\/p>\n\n\n\n<p><strong>Qualifica\u00e7\u00f5es<\/strong> \u2014 Palestras e Cursos desenvolvidos pela UNIHAB;<\/p>\n\n\n\n<p>Descontos nos Cursos, Palestras e Treinamento para o aperfei\u00e7oamento e qualifica\u00e7\u00e3o de funcion\u00e1rios com certificados UNIHAB;<\/p>\n\n\n\n<p><strong>Sobe e Desce \u2014<\/strong> Informativo mensal para todos os filiados adimplentes, com conte\u00fado atualizado para os moradores de condom\u00ednios;<\/p>\n\n\n\n<p><strong>Certifica\u00e7\u00e3o Digital \u2014 <\/strong>Em parceria com a Bray, os associados do Secovi-PR podem obter a certifica\u00e7\u00e3o Digital (vers\u00e3o eletr\u00f4nica do CNPJ) para assinar documentos eletronicamente, garantindo mais seguran\u00e7a nas transa\u00e7\u00f5es de pessoas jur\u00eddicas via internet;<\/p>\n\n\n\n<p><strong>Correio Seguro \u2014 <\/strong>Em parceria com a Bray, rastreio de e-mails com validade jur\u00eddica;<\/p>\n\n\n\n<p><strong>Conv\u00eanio Sanepar \u2014 <\/strong>Canal de relacionamento para imobili\u00e1rias poderem realizar todos os pedidos via internet, sem a necessidade de comparecer nas unidades da Sanepar. O conv\u00eanio \u00e9 disponibilizado as Imobili\u00e1rias associadas para facilitar o dia a dia;<\/p>\n\n\n\n<p><strong>Fotoc\u00f3pias Mensais<\/strong> \u2014 A Regional Norte do Secovi-PR disponibiliza a seus condom\u00ednios adimplentes, cota de 150 fotoc\u00f3pias mensais (sem custo), que poder\u00e3o ser solicitadas via e-mail ou pessoalmente na sede do sindicato.<\/p>\n\n\n\n<p><strong>Caf\u00e9 da Manh\u00e3 para S\u00edndicos<\/strong> \u2014 Reuni\u00e3o mensal promovida para fomentar a troca de ideias e discuss\u00e3o de assuntos atualizados sobre a gest\u00e3o condominial. Permite a integra\u00e7\u00e3o e a troca de experi\u00eancia entre os s\u00edndicos.<\/p>\n\n\n\n<p><strong>Conselho dos S\u00edndicos \u2014 <\/strong>O Secovi-PR oferece aos s\u00edndicos, sub-s\u00edndicos e conselheiros reuni\u00f5es com membros da diretoria e o departamento jur\u00eddico do sindicato, buscando levantar as necessidades do setor e a melhor forma de atend\u00ea-las;<\/p>\n\n\n\n<p><strong>Cess\u00e3o de Espa\u00e7os do Secovi Londrina \u2014 <\/strong>Conforme a disponibilidade da agenda, o Secovi empresta o audit\u00f3rio (com capacidade para 170 pessoas), gratuitamente aos Condom\u00ednios Adimplentes e Imobili\u00e1rias Associadas para a realiza\u00e7\u00e3o de assembleias e reuni\u00f5es;<\/p>\n\n\n\n<p><strong>Rede Parceira<\/strong> \u2014 Empresas Parceiras com benef\u00edcios exclusivos para as Imobili\u00e1rias e Condom\u00ednios associados;<\/p>\n\n\n\n<div class=\"wp-block-columns\">\n<div class=\"wp-block-column\">\n<div class=\"wp-container-1 wp-block-buttons\">\n<div class=\"wp-block-button aligncenter\"><a class=\"wp-block-button__link\" href=\"https:\/\/secovipr.com.br\/londrina\/redes-parceiras\/\" target=\"_blank\" rel=\"noreferrer noopener\">CONHE\u00c7A NOSSA REDE PARCEIRA<\/a><\/div>\n<\/div>\n<\/div>\n<\/div>\n\n\n\n<div class=\"wp-block-image\"><figure class=\"alignright size-large is-resized\"><img loading=\"lazy\" src=\"https:\/\/secovipr.com.br\/londrina\/wp-content\/uploads\/sites\/5\/2022\/09\/Patologias-da-Construcao-1024x576.jpg\" alt=\"\" class=\"wp-image-548\" width=\"377\" height=\"212\" srcset=\"https:\/\/secovipr.com.br\/londrina\/wp-content\/uploads\/sites\/5\/2022\/09\/Patologias-da-Construcao-1024x576.jpg 1024w, https:\/\/secovipr.com.br\/londrina\/wp-content\/uploads\/sites\/5\/2022\/09\/Patologias-da-Construcao-300x169.jpg 300w, https:\/\/secovipr.com.br\/londrina\/wp-content\/uploads\/sites\/5\/2022\/09\/Patologias-da-Construcao-768x432.jpg 768w, https:\/\/secovipr.com.br\/londrina\/wp-content\/uploads\/sites\/5\/2022\/09\/Patologias-da-Construcao-1536x864.jpg 1536w, https:\/\/secovipr.com.br\/londrina\/wp-content\/uploads\/sites\/5\/2022\/09\/Patologias-da-Construcao.jpg 1920w\" sizes=\"(max-width: 377px) 100vw, 377px\" \/><\/figure><\/div>\n\n\n\n<p><strong>Depto. de Engenharia \u2014 <\/strong>A Regional Norte do Secovi-PR disponibiliza o Departamento de Engenharia aos condom\u00ednios filiados, s\u00e3o servi\u00e7os de pr\u00e9-avalia\u00e7\u00e3o das patologias existentes na edifica\u00e7\u00e3o. O engenheiro especializado na emiss\u00e3o de laudos t\u00e9cnicos, faz o levantamento das poss\u00edveis causas e responsabilidades, avaliando as medidas e procedimentos adequados, para solucionar ou minimizar tais anomalias.<\/p>\n\n\n\n<p><strong>Gest\u00e3o de Leads \u2014 <\/strong>O Secovi-PR fechou parceria com o aplicativo Harry de gest\u00e3o de leads para imobili\u00e1rias. O aplicativo faz a distribui\u00e7\u00e3o autom\u00e1tica de leads, disponibiliza a configura\u00e7\u00e3o ou personaliza\u00e7\u00e3o das regras de distribui\u00e7\u00e3o, libera respostas mais r\u00e1pidas com mensagens predefinidas, faz o controle de visitas e feedback dos clientes. O atendimento \u00e9 organizado pelo funil de vendas e regras de prioriza\u00e7\u00e3o, gest\u00e3o de lembretes e hist\u00f3rico de anota\u00e7\u00f5es. Uma vantagem exclusiva para filiados e associados adimplentes.<\/p>\n\n\n\n<p><strong>Drones \u2013 Gimball \u2013 <\/strong>O mercado condominial e imobili\u00e1rio tem a sua disposi\u00e7\u00e3o mais um servi\u00e7o de excel\u00eancia oferecido pelo Secovi-PR. O mercado da habita\u00e7\u00e3o pode utilizar o servi\u00e7o de captura de imagens atrav\u00e9s de drones e sensores especiais para produ\u00e7\u00e3o de fotos, v\u00eddeos e mapas detalhados de qualquer \u00e1rea, at\u00e9 as de mais dif\u00edcil acesso. O novo servi\u00e7o oferece valores especiais para associados e filiados.<\/p>\n\n\n\n<p>Ao longo desses anos, nos orgulhamos por ser uma entidade reconhecida pela excel\u00eancia no atendimento e presta\u00e7\u00e3o de servi\u00e7os, sempre comprometidos com a inova\u00e7\u00e3o e a sustentabilidade.<\/p>\n","protected":false},"excerpt":{"rendered":"<p>Saiba o que a gente pode fazer por voc\u00ea O Secovi-PR, Sindicato da Habita\u00e7\u00e3o e Condom\u00ednios, foi constitu\u00eddo para fins de estudo, coordena\u00e7\u00e3o, prote\u00e7\u00e3o e representa\u00e7\u00e3o legal das categorias econ\u00f4micas representadas. A nossa miss\u00e3o \u00e9 atuar como representante de classe, integrador de empresas do ramo imobili\u00e1rio e condominial, fomentar neg\u00f3cios de interesse de nossos representados, [&hellip;]<\/p>\n","protected":false},"author":1,"featured_media":0,"parent":38,"menu_order":0,"comment_status":"closed","ping_status":"closed","template":"","meta":[],"acf":[],"yoast_head":"<!-- This site is optimized with the Yoast SEO plugin v18.1 - https:\/\/yoast.com\/wordpress\/plugins\/seo\/ -->\n<title>Conhe\u00e7a a Regional Norte do SECOVI-PR - Regional Norte<\/title>\n<meta name=\"robots\" content=\"noindex, follow, max-snippet:-1, max-image-preview:large, max-video-preview:-1\" \/>\n<meta property=\"og:locale\" content=\"pt_BR\" \/>\n<meta property=\"og:type\" content=\"article\" \/>\n<meta property=\"og:title\" content=\"Conhe\u00e7a a Regional Norte do SECOVI-PR - Regional Norte\" \/>\n<meta property=\"og:description\" content=\"Saiba o que a gente pode fazer por voc\u00ea O Secovi-PR, Sindicato da Habita\u00e7\u00e3o e Condom\u00ednios, foi constitu\u00eddo para fins de estudo, coordena\u00e7\u00e3o, prote\u00e7\u00e3o e representa\u00e7\u00e3o legal das categorias econ\u00f4micas representadas. A nossa miss\u00e3o \u00e9 atuar como representante de classe, integrador de empresas do ramo imobili\u00e1rio e condominial, fomentar neg\u00f3cios de interesse de nossos representados, [&hellip;]\" \/>\n<meta property=\"og:url\" content=\"https:\/\/secovipr.com.br\/londrina\/institucional\/conheca-a-secovi-pr\/\" \/>\n<meta property=\"og:site_name\" content=\"Regional Norte\" \/>\n<meta property=\"article:modified_time\" content=\"2023-01-31T20:19:02+00:00\" \/>\n<meta property=\"og:image\" content=\"https:\/\/secovipr.com.br\/londrina\/wp-content\/uploads\/sites\/5\/2022\/01\/cursos-img-02-1024x683.jpg\" \/>\n<meta name=\"twitter:card\" content=\"summary_large_image\" \/>\n<meta name=\"twitter:label1\" content=\"Est. tempo de leitura\" \/>\n\t<meta name=\"twitter:data1\" content=\"6 minutos\" \/>\n<script type=\"application\/ld+json\" class=\"yoast-schema-graph\">{\"@context\":\"https:\/\/schema.org\",\"@graph\":[{\"@type\":\"WebSite\",\"@id\":\"https:\/\/secovipr.com.br\/londrina\/#website\",\"url\":\"https:\/\/secovipr.com.br\/londrina\/\",\"name\":\"Regional Norte\",\"description\":\"Sindicato da Habita\u00e7\u00e3o e Condom\u00ednios do Paran\u00e1\",\"potentialAction\":[{\"@type\":\"SearchAction\",\"target\":{\"@type\":\"EntryPoint\",\"urlTemplate\":\"https:\/\/secovipr.com.br\/londrina\/?s={search_term_string}\"},\"query-input\":\"required name=search_term_string\"}],\"inLanguage\":\"pt-BR\"},{\"@type\":\"ImageObject\",\"@id\":\"https:\/\/secovipr.com.br\/londrina\/institucional\/conheca-a-secovi-pr\/#primaryimage\",\"inLanguage\":\"pt-BR\",\"url\":\"https:\/\/secovipr.com.br\/londrina\/wp-content\/uploads\/sites\/5\/2022\/01\/cursos-img-02.jpg\",\"contentUrl\":\"https:\/\/secovipr.com.br\/londrina\/wp-content\/uploads\/sites\/5\/2022\/01\/cursos-img-02.jpg\",\"width\":1290,\"height\":860},{\"@type\":\"WebPage\",\"@id\":\"https:\/\/secovipr.com.br\/londrina\/institucional\/conheca-a-secovi-pr\/#webpage\",\"url\":\"https:\/\/secovipr.com.br\/londrina\/institucional\/conheca-a-secovi-pr\/\",\"name\":\"Conhe\u00e7a a Regional Norte do SECOVI-PR - Regional Norte\",\"isPartOf\":{\"@id\":\"https:\/\/secovipr.com.br\/londrina\/#website\"},\"primaryImageOfPage\":{\"@id\":\"https:\/\/secovipr.com.br\/londrina\/institucional\/conheca-a-secovi-pr\/#primaryimage\"},\"datePublished\":\"2022-01-14T20:34:48+00:00\",\"dateModified\":\"2023-01-31T20:19:02+00:00\",\"breadcrumb\":{\"@id\":\"https:\/\/secovipr.com.br\/londrina\/institucional\/conheca-a-secovi-pr\/#breadcrumb\"},\"inLanguage\":\"pt-BR\",\"potentialAction\":[{\"@type\":\"ReadAction\",\"target\":[\"https:\/\/secovipr.com.br\/londrina\/institucional\/conheca-a-secovi-pr\/\"]}]},{\"@type\":\"BreadcrumbList\",\"@id\":\"https:\/\/secovipr.com.br\/londrina\/institucional\/conheca-a-secovi-pr\/#breadcrumb\",\"itemListElement\":[{\"@type\":\"ListItem\",\"position\":1,\"name\":\"In\u00edcio\",\"item\":\"https:\/\/secovipr.com.br\/londrina\/\"},{\"@type\":\"ListItem\",\"position\":2,\"name\":\"Institucional\",\"item\":\"https:\/\/secovipr.com.br\/londrina\/institucional\/\"},{\"@type\":\"ListItem\",\"position\":3,\"name\":\"Conhe\u00e7a a Regional Norte do SECOVI-PR\"}]}]}<\/script>\n<!-- \/ Yoast SEO plugin. -->","yoast_head_json":{"title":"Conhe\u00e7a a Regional Norte do SECOVI-PR - Regional Norte","robots":{"index":"noindex","follow":"follow","max-snippet":"max-snippet:-1","max-image-preview":"max-image-preview:large","max-video-preview":"max-video-preview:-1"},"og_locale":"pt_BR","og_type":"article","og_title":"Conhe\u00e7a a Regional Norte do SECOVI-PR - Regional Norte","og_description":"Saiba o que a gente pode fazer por voc\u00ea O Secovi-PR, Sindicato da Habita\u00e7\u00e3o e Condom\u00ednios, foi constitu\u00eddo para fins de estudo, coordena\u00e7\u00e3o, prote\u00e7\u00e3o e representa\u00e7\u00e3o legal das categorias econ\u00f4micas representadas. A nossa miss\u00e3o \u00e9 atuar como representante de classe, integrador de empresas do ramo imobili\u00e1rio e condominial, fomentar neg\u00f3cios de interesse de nossos representados, [&hellip;]","og_url":"https:\/\/secovipr.com.br\/londrina\/institucional\/conheca-a-secovi-pr\/","og_site_name":"Regional Norte","article_modified_time":"2023-01-31T20:19:02+00:00","og_image":[{"url":"https:\/\/secovipr.com.br\/londrina\/wp-content\/uploads\/sites\/5\/2022\/01\/cursos-img-02-1024x683.jpg"}],"twitter_card":"summary_large_image","twitter_misc":{"Est. tempo de leitura":"6 minutos"},"schema":{"@context":"https:\/\/schema.org","@graph":[{"@type":"WebSite","@id":"https:\/\/secovipr.com.br\/londrina\/#website","url":"https:\/\/secovipr.com.br\/londrina\/","name":"Regional Norte","description":"Sindicato da Habita\u00e7\u00e3o e Condom\u00ednios do Paran\u00e1","potentialAction":[{"@type":"SearchAction","target":{"@type":"EntryPoint","urlTemplate":"https:\/\/secovipr.com.br\/londrina\/?s={search_term_string}"},"query-input":"required name=search_term_string"}],"inLanguage":"pt-BR"},{"@type":"ImageObject","@id":"https:\/\/secovipr.com.br\/londrina\/institucional\/conheca-a-secovi-pr\/#primaryimage","inLanguage":"pt-BR","url":"https:\/\/secovipr.com.br\/londrina\/wp-content\/uploads\/sites\/5\/2022\/01\/cursos-img-02.jpg","contentUrl":"https:\/\/secovipr.com.br\/londrina\/wp-content\/uploads\/sites\/5\/2022\/01\/cursos-img-02.jpg","width":1290,"height":860},{"@type":"WebPage","@id":"https:\/\/secovipr.com.br\/londrina\/institucional\/conheca-a-secovi-pr\/#webpage","url":"https:\/\/secovipr.com.br\/londrina\/institucional\/conheca-a-secovi-pr\/","name":"Conhe\u00e7a a Regional Norte do SECOVI-PR - Regional Norte","isPartOf":{"@id":"https:\/\/secovipr.com.br\/londrina\/#website"},"primaryImageOfPage":{"@id":"https:\/\/secovipr.com.br\/londrina\/institucional\/conheca-a-secovi-pr\/#primaryimage"},"datePublished":"2022-01-14T20:34:48+00:00","dateModified":"2023-01-31T20:19:02+00:00","breadcrumb":{"@id":"https:\/\/secovipr.com.br\/londrina\/institucional\/conheca-a-secovi-pr\/#breadcrumb"},"inLanguage":"pt-BR","potentialAction":[{"@type":"ReadAction","target":["https:\/\/secovipr.com.br\/londrina\/institucional\/conheca-a-secovi-pr\/"]}]},{"@type":"BreadcrumbList","@id":"https:\/\/secovipr.com.br\/londrina\/institucional\/conheca-a-secovi-pr\/#breadcrumb","itemListElement":[{"@type":"ListItem","position":1,"name":"In\u00edcio","item":"https:\/\/secovipr.com.br\/londrina\/"},{"@type":"ListItem","position":2,"name":"Institucional","item":"https:\/\/secovipr.com.br\/londrina\/institucional\/"},{"@type":"ListItem","position":3,"name":"Conhe\u00e7a a Regional Norte do SECOVI-PR"}]}]}},"_links":{"self":[{"href":"https:\/\/secovipr.com.br\/londrina\/wp-json\/wp\/v2\/pages\/137"}],"collection":[{"href":"https:\/\/secovipr.com.br\/londrina\/wp-json\/wp\/v2\/pages"}],"about":[{"href":"https:\/\/secovipr.com.br\/londrina\/wp-json\/wp\/v2\/types\/page"}],"author":[{"embeddable":true,"href":"https:\/\/secovipr.com.br\/londrina\/wp-json\/wp\/v2\/users\/1"}],"replies":[{"embeddable":true,"href":"https:\/\/secovipr.com.br\/londrina\/wp-json\/wp\/v2\/comments?post=137"}],"version-history":[{"count":19,"href":"https:\/\/secovipr.com.br\/londrina\/wp-json\/wp\/v2\/pages\/137\/revisions"}],"predecessor-version":[{"id":803,"href":"https:\/\/secovipr.com.br\/londrina\/wp-json\/wp\/v2\/pages\/137\/revisions\/803"}],"up":[{"embeddable":true,"href":"https:\/\/secovipr.com.br\/londrina\/wp-json\/wp\/v2\/pages\/38"}],"wp:attachment":[{"href":"https:\/\/secovipr.com.br\/londrina\/wp-json\/wp\/v2\/media?parent=137"}],"curies":[{"name":"wp","href":"https:\/\/api.w.org\/{rel}","templated":true}]}}