{"id":394,"date":"2022-08-24T17:06:32","date_gmt":"2022-08-24T20:06:32","guid":{"rendered":"https:\/\/secovipr.com.br\/fozdoiguacu\/?page_id=394"},"modified":"2022-08-24T17:06:32","modified_gmt":"2022-08-24T20:06:32","slug":"cursos","status":"publish","type":"page","link":"https:\/\/secovipr.com.br\/fozdoiguacu\/cursos\/","title":{"rendered":"Cursos"},"content":{"rendered":"","protected":false},"excerpt":{"rendered":"","protected":false},"author":1,"featured_media":0,"parent":0,"menu_order":0,"comment_status":"closed","ping_status":"closed","template":"","meta":[],"acf":[],"yoast_head":"<!-- This site is optimized with the Yoast SEO plugin v18.1 - https:\/\/yoast.com\/wordpress\/plugins\/seo\/ -->\n<title>Cursos - Regional Cataratas<\/title>\n<meta name=\"robots\" content=\"noindex, follow, max-snippet:-1, max-image-preview:large, max-video-preview:-1\" \/>\n<meta property=\"og:locale\" content=\"pt_BR\" \/>\n<meta property=\"og:type\" content=\"article\" \/>\n<meta property=\"og:title\" content=\"Cursos - Regional Cataratas\" \/>\n<meta property=\"og:url\" content=\"https:\/\/secovipr.com.br\/fozdoiguacu\/cursos\/\" \/>\n<meta property=\"og:site_name\" content=\"Regional Cataratas\" \/>\n<meta property=\"article:publisher\" content=\"https:\/\/www.facebook.com\/pages\/Secovi-PR\/347968435288032\" \/>\n<meta name=\"twitter:card\" content=\"summary_large_image\" \/>\n<meta name=\"twitter:site\" content=\"@secovipr\" \/>\n<script type=\"application\/ld+json\" class=\"yoast-schema-graph\">{\"@context\":\"https:\/\/schema.org\",\"@graph\":[{\"@type\":\"Organization\",\"@id\":\"https:\/\/secovipr.com.br\/fozdoiguacu\/#organization\",\"name\":\"Secovi-PR\",\"url\":\"https:\/\/secovipr.com.br\/fozdoiguacu\/\",\"sameAs\":[\"https:\/\/www.facebook.com\/pages\/Secovi-PR\/347968435288032\",\"https:\/\/twitter.com\/secovipr\"],\"logo\":{\"@type\":\"ImageObject\",\"@id\":\"https:\/\/secovipr.com.br\/fozdoiguacu\/#logo\",\"inLanguage\":\"pt-BR\",\"url\":\"https:\/\/secovipr.com.br\/fozdoiguacu\/wp-content\/uploads\/sites\/7\/2022\/01\/secovipr-logo.png\",\"contentUrl\":\"https:\/\/secovipr.com.br\/fozdoiguacu\/wp-content\/uploads\/sites\/7\/2022\/01\/secovipr-logo.png\",\"width\":400,\"height\":359,\"caption\":\"Secovi-PR\"},\"image\":{\"@id\":\"https:\/\/secovipr.com.br\/fozdoiguacu\/#logo\"}},{\"@type\":\"WebSite\",\"@id\":\"https:\/\/secovipr.com.br\/fozdoiguacu\/#website\",\"url\":\"https:\/\/secovipr.com.br\/fozdoiguacu\/\",\"name\":\"Regional Cataratas\",\"description\":\"Sindicato da Habita\u00e7\u00e3o e Condom\u00ednios do Paran\u00e1\",\"publisher\":{\"@id\":\"https:\/\/secovipr.com.br\/fozdoiguacu\/#organization\"},\"potentialAction\":[{\"@type\":\"SearchAction\",\"target\":{\"@type\":\"EntryPoint\",\"urlTemplate\":\"https:\/\/secovipr.com.br\/fozdoiguacu\/?s={search_term_string}\"},\"query-input\":\"required name=search_term_string\"}],\"inLanguage\":\"pt-BR\"},{\"@type\":\"WebPage\",\"@id\":\"https:\/\/secovipr.com.br\/fozdoiguacu\/cursos\/#webpage\",\"url\":\"https:\/\/secovipr.com.br\/fozdoiguacu\/cursos\/\",\"name\":\"Cursos - Regional Cataratas\",\"isPartOf\":{\"@id\":\"https:\/\/secovipr.com.br\/fozdoiguacu\/#website\"},\"datePublished\":\"2022-08-24T20:06:32+00:00\",\"dateModified\":\"2022-08-24T20:06:32+00:00\",\"breadcrumb\":{\"@id\":\"https:\/\/secovipr.com.br\/fozdoiguacu\/cursos\/#breadcrumb\"},\"inLanguage\":\"pt-BR\",\"potentialAction\":[{\"@type\":\"ReadAction\",\"target\":[\"https:\/\/secovipr.com.br\/fozdoiguacu\/cursos\/\"]}]},{\"@type\":\"BreadcrumbList\",\"@id\":\"https:\/\/secovipr.com.br\/fozdoiguacu\/cursos\/#breadcrumb\",\"itemListElement\":[{\"@type\":\"ListItem\",\"position\":1,\"name\":\"In\u00edcio\",\"item\":\"https:\/\/secovipr.com.br\/fozdoiguacu\/\"},{\"@type\":\"ListItem\",\"position\":2,\"name\":\"Cursos\"}]}]}<\/script>\n<!-- \/ Yoast SEO plugin. -->","yoast_head_json":{"title":"Cursos - Regional Cataratas","robots":{"index":"noindex","follow":"follow","max-snippet":"max-snippet:-1","max-image-preview":"max-image-preview:large","max-video-preview":"max-video-preview:-1"},"og_locale":"pt_BR","og_type":"article","og_title":"Cursos - Regional Cataratas","og_url":"https:\/\/secovipr.com.br\/fozdoiguacu\/cursos\/","og_site_name":"Regional Cataratas","article_publisher":"https:\/\/www.facebook.com\/pages\/Secovi-PR\/347968435288032","twitter_card":"summary_large_image","twitter_site":"@secovipr","schema":{"@context":"https:\/\/schema.org","@graph":[{"@type":"Organization","@id":"https:\/\/secovipr.com.br\/fozdoiguacu\/#organization","name":"Secovi-PR","url":"https:\/\/secovipr.com.br\/fozdoiguacu\/","sameAs":["https:\/\/www.facebook.com\/pages\/Secovi-PR\/347968435288032","https:\/\/twitter.com\/secovipr"],"logo":{"@type":"ImageObject","@id":"https:\/\/secovipr.com.br\/fozdoiguacu\/#logo","inLanguage":"pt-BR","url":"https:\/\/secovipr.com.br\/fozdoiguacu\/wp-content\/uploads\/sites\/7\/2022\/01\/secovipr-logo.png","contentUrl":"https:\/\/secovipr.com.br\/fozdoiguacu\/wp-content\/uploads\/sites\/7\/2022\/01\/secovipr-logo.png","width":400,"height":359,"caption":"Secovi-PR"},"image":{"@id":"https:\/\/secovipr.com.br\/fozdoiguacu\/#logo"}},{"@type":"WebSite","@id":"https:\/\/secovipr.com.br\/fozdoiguacu\/#website","url":"https:\/\/secovipr.com.br\/fozdoiguacu\/","name":"Regional Cataratas","description":"Sindicato da Habita\u00e7\u00e3o e Condom\u00ednios do Paran\u00e1","publisher":{"@id":"https:\/\/secovipr.com.br\/fozdoiguacu\/#organization"},"potentialAction":[{"@type":"SearchAction","target":{"@type":"EntryPoint","urlTemplate":"https:\/\/secovipr.com.br\/fozdoiguacu\/?s={search_term_string}"},"query-input":"required name=search_term_string"}],"inLanguage":"pt-BR"},{"@type":"WebPage","@id":"https:\/\/secovipr.com.br\/fozdoiguacu\/cursos\/#webpage","url":"https:\/\/secovipr.com.br\/fozdoiguacu\/cursos\/","name":"Cursos - Regional Cataratas","isPartOf":{"@id":"https:\/\/secovipr.com.br\/fozdoiguacu\/#website"},"datePublished":"2022-08-24T20:06:32+00:00","dateModified":"2022-08-24T20:06:32+00:00","breadcrumb":{"@id":"https:\/\/secovipr.com.br\/fozdoiguacu\/cursos\/#breadcrumb"},"inLanguage":"pt-BR","potentialAction":[{"@type":"ReadAction","target":["https:\/\/secovipr.com.br\/fozdoiguacu\/cursos\/"]}]},{"@type":"BreadcrumbList","@id":"https:\/\/secovipr.com.br\/fozdoiguacu\/cursos\/#breadcrumb","itemListElement":[{"@type":"ListItem","position":1,"name":"In\u00edcio","item":"https:\/\/secovipr.com.br\/fozdoiguacu\/"},{"@type":"ListItem","position":2,"name":"Cursos"}]}]}},"_links":{"self":[{"href":"https:\/\/secovipr.com.br\/fozdoiguacu\/wp-json\/wp\/v2\/pages\/394"}],"collection":[{"href":"https:\/\/secovipr.com.br\/fozdoiguacu\/wp-json\/wp\/v2\/pages"}],"about":[{"href":"https:\/\/secovipr.com.br\/fozdoiguacu\/wp-json\/wp\/v2\/types\/page"}],"author":[{"embeddable":true,"href":"https:\/\/secovipr.com.br\/fozdoiguacu\/wp-json\/wp\/v2\/users\/1"}],"replies":[{"embeddable":true,"href":"https:\/\/secovipr.com.br\/fozdoiguacu\/wp-json\/wp\/v2\/comments?post=394"}],"version-history":[{"count":1,"href":"https:\/\/secovipr.com.br\/fozdoiguacu\/wp-json\/wp\/v2\/pages\/394\/revisions"}],"predecessor-version":[{"id":395,"href":"https:\/\/secovipr.com.br\/fozdoiguacu\/wp-json\/wp\/v2\/pages\/394\/revisions\/395"}],"wp:attachment":[{"href":"https:\/\/secovipr.com.br\/fozdoiguacu\/wp-json\/wp\/v2\/media?parent=394"}],"curies":[{"name":"wp","href":"https:\/\/api.w.org\/{rel}","templated":true}]}}