{"id":176,"date":"2022-01-17T11:32:12","date_gmt":"2022-01-17T14:32:12","guid":{"rendered":"https:\/\/secovipr.com.br\/fozdoiguacu\/?page_id=176"},"modified":"2022-07-18T12:13:50","modified_gmt":"2022-07-18T15:13:50","slug":"fundadores","status":"publish","type":"page","link":"https:\/\/secovipr.com.br\/fozdoiguacu\/institucional\/fundadores\/","title":{"rendered":"Fundadores"},"content":{"rendered":"\n<p><strong>HISTORICO DA REGIONAL<\/strong><\/p>\n\n\n\n<p><strong>Como iniciou a Delegacia do Secovi Regional de Foz do Igua\u00e7u<\/strong><\/p>\n\n\n\n<p>Por ocasi\u00e3o do 1o Encontro da Habita\u00e7\u00e3o do Paran\u00e1, ocorrido em 1989 em Londrina, conheci os diretores do Secovi-PR e fiquei sabendo o que ele fazia e os benef\u00edcios que trazia para as imobili\u00e1rias e para os condom\u00ednios. Atrav\u00e9s dessas conversas me disseram que tinham a inten\u00e7\u00e3o de fundar uma delegacia do mesmo em Foz do Igua\u00e7u, e o que eu pensava sobre isso. Gostei da ideia e ao voltar comecei a me movimentar, conversando com as imobili\u00e1rias e com os s\u00edndicos dos condom\u00ednios.<\/p>\n\n\n\n<p>Passei a frequentar as reuni\u00f5es do Secovi-PR em Curitiba.<br>A cada reuni\u00e3o eram me colocadas metas e a cada meta vencida era colocada outra. E para atender a todos as imobili\u00e1rias e condom\u00ednios de Foz, comecei a receb\u00ea-los em minha empresa. O atendimento foi crescendo e o Secovi comprou um telefone e contratou uma secret\u00e1ria que ficaram um tempo na minha empresa, tudo isso para dar conta de atender bem a esse p\u00fablico. Depois disso a mudan\u00e7a foi para uma sala pr\u00f3pria e a funda\u00e7\u00e3o da Delegacia Regional do Secovi de Foz do Igua\u00e7u, que foi fundada em maio de 1993, onde tivemos uma diretoria formada por imobiliaristas locais e eu fui a primeira delegada.<br>Maria Goreti Oliveira de Azevedo<br>MGA Assessoria Imobili\u00e1ria LTDA.<\/p>\n\n\n\n<p><strong>SEDE PROPRIA DA REGIONAL<\/strong>: Em 24\/02\/1997, em Assembleia Geral Extraordin\u00e1ria, realizada na sede do SECOVI-PR ficou deliberado a Aquisi\u00e7\u00e3o de sede para Delegacia Regional de Foz do Igua\u00e7u, reuni\u00e3o que foi apresentada laudos de avalia\u00e7\u00e3o da sala comercial situada \u00e1 Rua Benjamim<\/p>\n\n\n\n<p>Constant, no 314, sala 303, Edif\u00edcio Comercial Montreal, nesta reuni\u00e3o foi aprovada a aquisi\u00e7\u00e3o do presente im\u00f3vel.<br>Presidente do SECOVI-PR Edmar de Souza Arruda<br>Presidente da Assembleia: Jo\u00e3o Fran\u00e7olin Tomazini<\/p>\n\n\n\n<p>Procurador: Mitre Nast\u00e1s<br>Delegado Regional Mitre Nast\u00e1s Cerimonia de Inaugura\u00e7\u00e3o 13\/06\/1997<\/p>\n\n\n\n<p><strong>FUNDADORES: 1a DIRETORA <\/strong><strong>\u2013 <\/strong><strong>1993\/1995 (Delegacia Regional de Foz Igua\u00e7u).<br>Endere\u00e7o: Av. JK, 626- Sobre Loja (Edif\u00edcio Pietro Angelo) (Telefone: (045)572-2940<\/strong><\/p>\n\n\n\n<p>Maria Goreti de Oliveira de Azevedo Luiz Antonio Rolim de Moura Mariana G. Silva Gonzalez<br>Wagner Soeiro Paggnan<\/p>\n\n\n\n<p>Arnaldo Colombelli<br>Jilson Jose Pereira<br>Maria das Gra\u00e7as A Siviero Mitri Nast\u00e1s<br>Moacir Francisco Stanger<\/p>\n\n\n\n<p><strong>Diretorias e gest\u00f5es.<\/strong><\/p>\n\n\n\n<p>Maria Goreti Oliveira de Azevedo &#8211; 1993 &#8211; 1995 Mitre Nast\u00e1s Chucki \u2013 1995 a 1997 \u2013 1997-1999 Antonio Agusto Menezes \u2013 1999-2001<br>Joel Alves Cabral \u2013 2001-2002<\/p>\n\n\n\n<p>Advalter Rodrigues do Nascimento \u2013 2002-2004 Luiz Wlodarczyk- 2004-2007<br>Jilson Jose Pereira- 2007 a 2022<\/p>\n","protected":false},"excerpt":{"rendered":"<p>HISTORICO DA REGIONAL Como iniciou a Delegacia do Secovi Regional de Foz do Igua\u00e7u Por ocasi\u00e3o do 1o Encontro da Habita\u00e7\u00e3o do Paran\u00e1, ocorrido em 1989 em Londrina, conheci os diretores do Secovi-PR e fiquei sabendo o que ele fazia e os benef\u00edcios que trazia para as imobili\u00e1rias e para os condom\u00ednios. Atrav\u00e9s dessas conversas [&hellip;]<\/p>\n","protected":false},"author":1,"featured_media":0,"parent":38,"menu_order":0,"comment_status":"closed","ping_status":"closed","template":"","meta":[],"acf":[],"yoast_head":"<!-- This site is optimized with the Yoast SEO plugin v18.1 - https:\/\/yoast.com\/wordpress\/plugins\/seo\/ -->\n<title>Fundadores - Regional Cataratas<\/title>\n<meta name=\"robots\" content=\"noindex, follow, max-snippet:-1, max-image-preview:large, max-video-preview:-1\" \/>\n<meta property=\"og:locale\" content=\"pt_BR\" \/>\n<meta property=\"og:type\" content=\"article\" \/>\n<meta property=\"og:title\" content=\"Fundadores - Regional Cataratas\" \/>\n<meta property=\"og:description\" content=\"HISTORICO DA REGIONAL Como iniciou a Delegacia do Secovi Regional de Foz do Igua\u00e7u Por ocasi\u00e3o do 1o Encontro da Habita\u00e7\u00e3o do Paran\u00e1, ocorrido em 1989 em Londrina, conheci os diretores do Secovi-PR e fiquei sabendo o que ele fazia e os benef\u00edcios que trazia para as imobili\u00e1rias e para os condom\u00ednios. Atrav\u00e9s dessas conversas [&hellip;]\" \/>\n<meta property=\"og:url\" content=\"https:\/\/secovipr.com.br\/fozdoiguacu\/institucional\/fundadores\/\" \/>\n<meta property=\"og:site_name\" content=\"Regional Cataratas\" \/>\n<meta property=\"article:publisher\" content=\"https:\/\/www.facebook.com\/pages\/Secovi-PR\/347968435288032\" \/>\n<meta property=\"article:modified_time\" content=\"2022-07-18T15:13:50+00:00\" \/>\n<meta name=\"twitter:card\" content=\"summary_large_image\" \/>\n<meta name=\"twitter:site\" content=\"@secovipr\" \/>\n<meta name=\"twitter:label1\" content=\"Est. tempo de leitura\" \/>\n\t<meta name=\"twitter:data1\" content=\"3 minutos\" \/>\n<script type=\"application\/ld+json\" class=\"yoast-schema-graph\">{\"@context\":\"https:\/\/schema.org\",\"@graph\":[{\"@type\":\"Organization\",\"@id\":\"https:\/\/secovipr.com.br\/fozdoiguacu\/#organization\",\"name\":\"Secovi-PR\",\"url\":\"https:\/\/secovipr.com.br\/fozdoiguacu\/\",\"sameAs\":[\"https:\/\/www.facebook.com\/pages\/Secovi-PR\/347968435288032\",\"https:\/\/twitter.com\/secovipr\"],\"logo\":{\"@type\":\"ImageObject\",\"@id\":\"https:\/\/secovipr.com.br\/fozdoiguacu\/#logo\",\"inLanguage\":\"pt-BR\",\"url\":\"https:\/\/secovipr.com.br\/fozdoiguacu\/wp-content\/uploads\/sites\/7\/2022\/01\/secovipr-logo.png\",\"contentUrl\":\"https:\/\/secovipr.com.br\/fozdoiguacu\/wp-content\/uploads\/sites\/7\/2022\/01\/secovipr-logo.png\",\"width\":400,\"height\":359,\"caption\":\"Secovi-PR\"},\"image\":{\"@id\":\"https:\/\/secovipr.com.br\/fozdoiguacu\/#logo\"}},{\"@type\":\"WebSite\",\"@id\":\"https:\/\/secovipr.com.br\/fozdoiguacu\/#website\",\"url\":\"https:\/\/secovipr.com.br\/fozdoiguacu\/\",\"name\":\"Regional Cataratas\",\"description\":\"Sindicato da Habita\u00e7\u00e3o e Condom\u00ednios do Paran\u00e1\",\"publisher\":{\"@id\":\"https:\/\/secovipr.com.br\/fozdoiguacu\/#organization\"},\"potentialAction\":[{\"@type\":\"SearchAction\",\"target\":{\"@type\":\"EntryPoint\",\"urlTemplate\":\"https:\/\/secovipr.com.br\/fozdoiguacu\/?s={search_term_string}\"},\"query-input\":\"required name=search_term_string\"}],\"inLanguage\":\"pt-BR\"},{\"@type\":\"WebPage\",\"@id\":\"https:\/\/secovipr.com.br\/fozdoiguacu\/institucional\/fundadores\/#webpage\",\"url\":\"https:\/\/secovipr.com.br\/fozdoiguacu\/institucional\/fundadores\/\",\"name\":\"Fundadores - Regional Cataratas\",\"isPartOf\":{\"@id\":\"https:\/\/secovipr.com.br\/fozdoiguacu\/#website\"},\"datePublished\":\"2022-01-17T14:32:12+00:00\",\"dateModified\":\"2022-07-18T15:13:50+00:00\",\"breadcrumb\":{\"@id\":\"https:\/\/secovipr.com.br\/fozdoiguacu\/institucional\/fundadores\/#breadcrumb\"},\"inLanguage\":\"pt-BR\",\"potentialAction\":[{\"@type\":\"ReadAction\",\"target\":[\"https:\/\/secovipr.com.br\/fozdoiguacu\/institucional\/fundadores\/\"]}]},{\"@type\":\"BreadcrumbList\",\"@id\":\"https:\/\/secovipr.com.br\/fozdoiguacu\/institucional\/fundadores\/#breadcrumb\",\"itemListElement\":[{\"@type\":\"ListItem\",\"position\":1,\"name\":\"In\u00edcio\",\"item\":\"https:\/\/secovipr.com.br\/fozdoiguacu\/\"},{\"@type\":\"ListItem\",\"position\":2,\"name\":\"Institucional\",\"item\":\"https:\/\/secovipr.com.br\/fozdoiguacu\/institucional\/\"},{\"@type\":\"ListItem\",\"position\":3,\"name\":\"Fundadores\"}]}]}<\/script>\n<!-- \/ Yoast SEO plugin. -->","yoast_head_json":{"title":"Fundadores - Regional Cataratas","robots":{"index":"noindex","follow":"follow","max-snippet":"max-snippet:-1","max-image-preview":"max-image-preview:large","max-video-preview":"max-video-preview:-1"},"og_locale":"pt_BR","og_type":"article","og_title":"Fundadores - Regional Cataratas","og_description":"HISTORICO DA REGIONAL Como iniciou a Delegacia do Secovi Regional de Foz do Igua\u00e7u Por ocasi\u00e3o do 1o Encontro da Habita\u00e7\u00e3o do Paran\u00e1, ocorrido em 1989 em Londrina, conheci os diretores do Secovi-PR e fiquei sabendo o que ele fazia e os benef\u00edcios que trazia para as imobili\u00e1rias e para os condom\u00ednios. Atrav\u00e9s dessas conversas [&hellip;]","og_url":"https:\/\/secovipr.com.br\/fozdoiguacu\/institucional\/fundadores\/","og_site_name":"Regional Cataratas","article_publisher":"https:\/\/www.facebook.com\/pages\/Secovi-PR\/347968435288032","article_modified_time":"2022-07-18T15:13:50+00:00","twitter_card":"summary_large_image","twitter_site":"@secovipr","twitter_misc":{"Est. tempo de leitura":"3 minutos"},"schema":{"@context":"https:\/\/schema.org","@graph":[{"@type":"Organization","@id":"https:\/\/secovipr.com.br\/fozdoiguacu\/#organization","name":"Secovi-PR","url":"https:\/\/secovipr.com.br\/fozdoiguacu\/","sameAs":["https:\/\/www.facebook.com\/pages\/Secovi-PR\/347968435288032","https:\/\/twitter.com\/secovipr"],"logo":{"@type":"ImageObject","@id":"https:\/\/secovipr.com.br\/fozdoiguacu\/#logo","inLanguage":"pt-BR","url":"https:\/\/secovipr.com.br\/fozdoiguacu\/wp-content\/uploads\/sites\/7\/2022\/01\/secovipr-logo.png","contentUrl":"https:\/\/secovipr.com.br\/fozdoiguacu\/wp-content\/uploads\/sites\/7\/2022\/01\/secovipr-logo.png","width":400,"height":359,"caption":"Secovi-PR"},"image":{"@id":"https:\/\/secovipr.com.br\/fozdoiguacu\/#logo"}},{"@type":"WebSite","@id":"https:\/\/secovipr.com.br\/fozdoiguacu\/#website","url":"https:\/\/secovipr.com.br\/fozdoiguacu\/","name":"Regional Cataratas","description":"Sindicato da Habita\u00e7\u00e3o e Condom\u00ednios do Paran\u00e1","publisher":{"@id":"https:\/\/secovipr.com.br\/fozdoiguacu\/#organization"},"potentialAction":[{"@type":"SearchAction","target":{"@type":"EntryPoint","urlTemplate":"https:\/\/secovipr.com.br\/fozdoiguacu\/?s={search_term_string}"},"query-input":"required name=search_term_string"}],"inLanguage":"pt-BR"},{"@type":"WebPage","@id":"https:\/\/secovipr.com.br\/fozdoiguacu\/institucional\/fundadores\/#webpage","url":"https:\/\/secovipr.com.br\/fozdoiguacu\/institucional\/fundadores\/","name":"Fundadores - Regional Cataratas","isPartOf":{"@id":"https:\/\/secovipr.com.br\/fozdoiguacu\/#website"},"datePublished":"2022-01-17T14:32:12+00:00","dateModified":"2022-07-18T15:13:50+00:00","breadcrumb":{"@id":"https:\/\/secovipr.com.br\/fozdoiguacu\/institucional\/fundadores\/#breadcrumb"},"inLanguage":"pt-BR","potentialAction":[{"@type":"ReadAction","target":["https:\/\/secovipr.com.br\/fozdoiguacu\/institucional\/fundadores\/"]}]},{"@type":"BreadcrumbList","@id":"https:\/\/secovipr.com.br\/fozdoiguacu\/institucional\/fundadores\/#breadcrumb","itemListElement":[{"@type":"ListItem","position":1,"name":"In\u00edcio","item":"https:\/\/secovipr.com.br\/fozdoiguacu\/"},{"@type":"ListItem","position":2,"name":"Institucional","item":"https:\/\/secovipr.com.br\/fozdoiguacu\/institucional\/"},{"@type":"ListItem","position":3,"name":"Fundadores"}]}]}},"_links":{"self":[{"href":"https:\/\/secovipr.com.br\/fozdoiguacu\/wp-json\/wp\/v2\/pages\/176"}],"collection":[{"href":"https:\/\/secovipr.com.br\/fozdoiguacu\/wp-json\/wp\/v2\/pages"}],"about":[{"href":"https:\/\/secovipr.com.br\/fozdoiguacu\/wp-json\/wp\/v2\/types\/page"}],"author":[{"embeddable":true,"href":"https:\/\/secovipr.com.br\/fozdoiguacu\/wp-json\/wp\/v2\/users\/1"}],"replies":[{"embeddable":true,"href":"https:\/\/secovipr.com.br\/fozdoiguacu\/wp-json\/wp\/v2\/comments?post=176"}],"version-history":[{"count":3,"href":"https:\/\/secovipr.com.br\/fozdoiguacu\/wp-json\/wp\/v2\/pages\/176\/revisions"}],"predecessor-version":[{"id":378,"href":"https:\/\/secovipr.com.br\/fozdoiguacu\/wp-json\/wp\/v2\/pages\/176\/revisions\/378"}],"up":[{"embeddable":true,"href":"https:\/\/secovipr.com.br\/fozdoiguacu\/wp-json\/wp\/v2\/pages\/38"}],"wp:attachment":[{"href":"https:\/\/secovipr.com.br\/fozdoiguacu\/wp-json\/wp\/v2\/media?parent=176"}],"curies":[{"name":"wp","href":"https:\/\/api.w.org\/{rel}","templated":true}]}}