{"id":163,"date":"2022-01-17T10:54:03","date_gmt":"2022-01-17T13:54:03","guid":{"rendered":"https:\/\/secovipr.com.br\/fozdoiguacu\/?page_id=163"},"modified":"2022-08-24T16:03:27","modified_gmt":"2022-08-24T19:03:27","slug":"diretoria-da-regional","status":"publish","type":"page","link":"https:\/\/secovipr.com.br\/fozdoiguacu\/institucional\/diretoria-da-regional\/","title":{"rendered":"Diretoria da regional"},"content":{"rendered":"\n<p class=\"has-text-align-center\"><strong>VICE-PRESIDENTE REGIONAL\/ DIRETOR DE DESENVOLVIMENTO URBANO (LOTEAMENTO)<br><\/strong>PETER JEFFERSON DA LUZ<\/p>\n\n\n\n<p class=\"has-text-align-center\"><strong>DIRETOR DE COMERCIALIZA\u00c7AO IMOBILIARIA (COMPRA E VENDA)<\/strong><\/p>\n\n\n\n<p class=\"has-text-align-center\">BRUNO THIAGO SCAVONE<\/p>\n\n\n\n<p class=\"has-text-align-center\"><strong>DIRETOR DE CONDOMINIO\/ECONOMIA E ESTATISTICA<\/strong><\/p>\n\n\n\n<p class=\"has-text-align-center\">PAULO FELIPE AIRES MILLER<\/p>\n\n\n\n<p class=\"has-text-align-center\"><strong>DIRETORA DE LOCA\u00c7\u00c3O E ADMINISTRA\u00c7\u00c3O DE IMOVEIS<\/strong><\/p>\n\n\n\n<p class=\"has-text-align-center\">DAIANE MAGALI SCHEK DATA DE NASCIMENTO<\/p>\n\n\n\n<p class=\"has-text-align-center\"><strong>DIRETORA DE INCORPORA\u00c7\u00c3O DE IMOVEIS<\/strong><\/p>\n\n\n\n<p class=\"has-text-align-center\">CASSIA REGINA PIOTTO DE LIRA<\/p>\n\n\n\n<p class=\"has-text-align-center\"><strong>DIRETOR DE COMUNICA\u00c7\u00c3O E EVENTOS, SERVI\u00c7OS SOCIAIS<\/strong><\/p>\n\n\n\n<p class=\"has-text-align-center\">MARIA GORETI OLIVEIRA AZEVEDO <\/p>\n","protected":false},"excerpt":{"rendered":"<p>VICE-PRESIDENTE REGIONAL\/ DIRETOR DE DESENVOLVIMENTO URBANO (LOTEAMENTO)PETER JEFFERSON DA LUZ DIRETOR DE COMERCIALIZA\u00c7AO IMOBILIARIA (COMPRA E VENDA) BRUNO THIAGO SCAVONE DIRETOR DE CONDOMINIO\/ECONOMIA E ESTATISTICA PAULO FELIPE AIRES MILLER DIRETORA DE LOCA\u00c7\u00c3O E ADMINISTRA\u00c7\u00c3O DE IMOVEIS DAIANE MAGALI SCHEK DATA DE NASCIMENTO DIRETORA DE INCORPORA\u00c7\u00c3O DE IMOVEIS CASSIA REGINA PIOTTO DE LIRA DIRETOR DE COMUNICA\u00c7\u00c3O [&hellip;]<\/p>\n","protected":false},"author":1,"featured_media":0,"parent":38,"menu_order":0,"comment_status":"closed","ping_status":"closed","template":"","meta":[],"acf":[],"yoast_head":"<!-- This site is optimized with the Yoast SEO plugin v18.1 - https:\/\/yoast.com\/wordpress\/plugins\/seo\/ -->\n<title>Diretoria da regional - Regional Cataratas<\/title>\n<meta name=\"robots\" content=\"noindex, follow, max-snippet:-1, max-image-preview:large, max-video-preview:-1\" \/>\n<meta property=\"og:locale\" content=\"pt_BR\" \/>\n<meta property=\"og:type\" content=\"article\" \/>\n<meta property=\"og:title\" content=\"Diretoria da regional - Regional Cataratas\" \/>\n<meta property=\"og:description\" content=\"VICE-PRESIDENTE REGIONAL\/ DIRETOR DE DESENVOLVIMENTO URBANO (LOTEAMENTO)PETER JEFFERSON DA LUZ DIRETOR DE COMERCIALIZA\u00c7AO IMOBILIARIA (COMPRA E VENDA) BRUNO THIAGO SCAVONE DIRETOR DE CONDOMINIO\/ECONOMIA E ESTATISTICA PAULO FELIPE AIRES MILLER DIRETORA DE LOCA\u00c7\u00c3O E ADMINISTRA\u00c7\u00c3O DE IMOVEIS DAIANE MAGALI SCHEK DATA DE NASCIMENTO DIRETORA DE INCORPORA\u00c7\u00c3O DE IMOVEIS CASSIA REGINA PIOTTO DE LIRA DIRETOR DE COMUNICA\u00c7\u00c3O [&hellip;]\" \/>\n<meta property=\"og:url\" content=\"https:\/\/secovipr.com.br\/fozdoiguacu\/institucional\/diretoria-da-regional\/\" \/>\n<meta property=\"og:site_name\" content=\"Regional Cataratas\" \/>\n<meta property=\"article:publisher\" content=\"https:\/\/www.facebook.com\/pages\/Secovi-PR\/347968435288032\" \/>\n<meta property=\"article:modified_time\" content=\"2022-08-24T19:03:27+00:00\" \/>\n<meta name=\"twitter:card\" content=\"summary_large_image\" \/>\n<meta name=\"twitter:site\" content=\"@secovipr\" \/>\n<meta name=\"twitter:label1\" content=\"Est. tempo de leitura\" \/>\n\t<meta name=\"twitter:data1\" content=\"1 minuto\" \/>\n<script type=\"application\/ld+json\" class=\"yoast-schema-graph\">{\"@context\":\"https:\/\/schema.org\",\"@graph\":[{\"@type\":\"Organization\",\"@id\":\"https:\/\/secovipr.com.br\/fozdoiguacu\/#organization\",\"name\":\"Secovi-PR\",\"url\":\"https:\/\/secovipr.com.br\/fozdoiguacu\/\",\"sameAs\":[\"https:\/\/www.facebook.com\/pages\/Secovi-PR\/347968435288032\",\"https:\/\/twitter.com\/secovipr\"],\"logo\":{\"@type\":\"ImageObject\",\"@id\":\"https:\/\/secovipr.com.br\/fozdoiguacu\/#logo\",\"inLanguage\":\"pt-BR\",\"url\":\"https:\/\/secovipr.com.br\/fozdoiguacu\/wp-content\/uploads\/sites\/7\/2022\/01\/secovipr-logo.png\",\"contentUrl\":\"https:\/\/secovipr.com.br\/fozdoiguacu\/wp-content\/uploads\/sites\/7\/2022\/01\/secovipr-logo.png\",\"width\":400,\"height\":359,\"caption\":\"Secovi-PR\"},\"image\":{\"@id\":\"https:\/\/secovipr.com.br\/fozdoiguacu\/#logo\"}},{\"@type\":\"WebSite\",\"@id\":\"https:\/\/secovipr.com.br\/fozdoiguacu\/#website\",\"url\":\"https:\/\/secovipr.com.br\/fozdoiguacu\/\",\"name\":\"Regional Cataratas\",\"description\":\"Sindicato da Habita\u00e7\u00e3o e Condom\u00ednios do Paran\u00e1\",\"publisher\":{\"@id\":\"https:\/\/secovipr.com.br\/fozdoiguacu\/#organization\"},\"potentialAction\":[{\"@type\":\"SearchAction\",\"target\":{\"@type\":\"EntryPoint\",\"urlTemplate\":\"https:\/\/secovipr.com.br\/fozdoiguacu\/?s={search_term_string}\"},\"query-input\":\"required name=search_term_string\"}],\"inLanguage\":\"pt-BR\"},{\"@type\":\"WebPage\",\"@id\":\"https:\/\/secovipr.com.br\/fozdoiguacu\/institucional\/diretoria-da-regional\/#webpage\",\"url\":\"https:\/\/secovipr.com.br\/fozdoiguacu\/institucional\/diretoria-da-regional\/\",\"name\":\"Diretoria da regional - Regional Cataratas\",\"isPartOf\":{\"@id\":\"https:\/\/secovipr.com.br\/fozdoiguacu\/#website\"},\"datePublished\":\"2022-01-17T13:54:03+00:00\",\"dateModified\":\"2022-08-24T19:03:27+00:00\",\"breadcrumb\":{\"@id\":\"https:\/\/secovipr.com.br\/fozdoiguacu\/institucional\/diretoria-da-regional\/#breadcrumb\"},\"inLanguage\":\"pt-BR\",\"potentialAction\":[{\"@type\":\"ReadAction\",\"target\":[\"https:\/\/secovipr.com.br\/fozdoiguacu\/institucional\/diretoria-da-regional\/\"]}]},{\"@type\":\"BreadcrumbList\",\"@id\":\"https:\/\/secovipr.com.br\/fozdoiguacu\/institucional\/diretoria-da-regional\/#breadcrumb\",\"itemListElement\":[{\"@type\":\"ListItem\",\"position\":1,\"name\":\"In\u00edcio\",\"item\":\"https:\/\/secovipr.com.br\/fozdoiguacu\/\"},{\"@type\":\"ListItem\",\"position\":2,\"name\":\"Institucional\",\"item\":\"https:\/\/secovipr.com.br\/fozdoiguacu\/institucional\/\"},{\"@type\":\"ListItem\",\"position\":3,\"name\":\"Diretoria da regional\"}]}]}<\/script>\n<!-- \/ Yoast SEO plugin. -->","yoast_head_json":{"title":"Diretoria da regional - Regional Cataratas","robots":{"index":"noindex","follow":"follow","max-snippet":"max-snippet:-1","max-image-preview":"max-image-preview:large","max-video-preview":"max-video-preview:-1"},"og_locale":"pt_BR","og_type":"article","og_title":"Diretoria da regional - Regional Cataratas","og_description":"VICE-PRESIDENTE REGIONAL\/ DIRETOR DE DESENVOLVIMENTO URBANO (LOTEAMENTO)PETER JEFFERSON DA LUZ DIRETOR DE COMERCIALIZA\u00c7AO IMOBILIARIA (COMPRA E VENDA) BRUNO THIAGO SCAVONE DIRETOR DE CONDOMINIO\/ECONOMIA E ESTATISTICA PAULO FELIPE AIRES MILLER DIRETORA DE LOCA\u00c7\u00c3O E ADMINISTRA\u00c7\u00c3O DE IMOVEIS DAIANE MAGALI SCHEK DATA DE NASCIMENTO DIRETORA DE INCORPORA\u00c7\u00c3O DE IMOVEIS CASSIA REGINA PIOTTO DE LIRA DIRETOR DE COMUNICA\u00c7\u00c3O [&hellip;]","og_url":"https:\/\/secovipr.com.br\/fozdoiguacu\/institucional\/diretoria-da-regional\/","og_site_name":"Regional Cataratas","article_publisher":"https:\/\/www.facebook.com\/pages\/Secovi-PR\/347968435288032","article_modified_time":"2022-08-24T19:03:27+00:00","twitter_card":"summary_large_image","twitter_site":"@secovipr","twitter_misc":{"Est. tempo de leitura":"1 minuto"},"schema":{"@context":"https:\/\/schema.org","@graph":[{"@type":"Organization","@id":"https:\/\/secovipr.com.br\/fozdoiguacu\/#organization","name":"Secovi-PR","url":"https:\/\/secovipr.com.br\/fozdoiguacu\/","sameAs":["https:\/\/www.facebook.com\/pages\/Secovi-PR\/347968435288032","https:\/\/twitter.com\/secovipr"],"logo":{"@type":"ImageObject","@id":"https:\/\/secovipr.com.br\/fozdoiguacu\/#logo","inLanguage":"pt-BR","url":"https:\/\/secovipr.com.br\/fozdoiguacu\/wp-content\/uploads\/sites\/7\/2022\/01\/secovipr-logo.png","contentUrl":"https:\/\/secovipr.com.br\/fozdoiguacu\/wp-content\/uploads\/sites\/7\/2022\/01\/secovipr-logo.png","width":400,"height":359,"caption":"Secovi-PR"},"image":{"@id":"https:\/\/secovipr.com.br\/fozdoiguacu\/#logo"}},{"@type":"WebSite","@id":"https:\/\/secovipr.com.br\/fozdoiguacu\/#website","url":"https:\/\/secovipr.com.br\/fozdoiguacu\/","name":"Regional Cataratas","description":"Sindicato da Habita\u00e7\u00e3o e Condom\u00ednios do Paran\u00e1","publisher":{"@id":"https:\/\/secovipr.com.br\/fozdoiguacu\/#organization"},"potentialAction":[{"@type":"SearchAction","target":{"@type":"EntryPoint","urlTemplate":"https:\/\/secovipr.com.br\/fozdoiguacu\/?s={search_term_string}"},"query-input":"required name=search_term_string"}],"inLanguage":"pt-BR"},{"@type":"WebPage","@id":"https:\/\/secovipr.com.br\/fozdoiguacu\/institucional\/diretoria-da-regional\/#webpage","url":"https:\/\/secovipr.com.br\/fozdoiguacu\/institucional\/diretoria-da-regional\/","name":"Diretoria da regional - Regional Cataratas","isPartOf":{"@id":"https:\/\/secovipr.com.br\/fozdoiguacu\/#website"},"datePublished":"2022-01-17T13:54:03+00:00","dateModified":"2022-08-24T19:03:27+00:00","breadcrumb":{"@id":"https:\/\/secovipr.com.br\/fozdoiguacu\/institucional\/diretoria-da-regional\/#breadcrumb"},"inLanguage":"pt-BR","potentialAction":[{"@type":"ReadAction","target":["https:\/\/secovipr.com.br\/fozdoiguacu\/institucional\/diretoria-da-regional\/"]}]},{"@type":"BreadcrumbList","@id":"https:\/\/secovipr.com.br\/fozdoiguacu\/institucional\/diretoria-da-regional\/#breadcrumb","itemListElement":[{"@type":"ListItem","position":1,"name":"In\u00edcio","item":"https:\/\/secovipr.com.br\/fozdoiguacu\/"},{"@type":"ListItem","position":2,"name":"Institucional","item":"https:\/\/secovipr.com.br\/fozdoiguacu\/institucional\/"},{"@type":"ListItem","position":3,"name":"Diretoria da regional"}]}]}},"_links":{"self":[{"href":"https:\/\/secovipr.com.br\/fozdoiguacu\/wp-json\/wp\/v2\/pages\/163"}],"collection":[{"href":"https:\/\/secovipr.com.br\/fozdoiguacu\/wp-json\/wp\/v2\/pages"}],"about":[{"href":"https:\/\/secovipr.com.br\/fozdoiguacu\/wp-json\/wp\/v2\/types\/page"}],"author":[{"embeddable":true,"href":"https:\/\/secovipr.com.br\/fozdoiguacu\/wp-json\/wp\/v2\/users\/1"}],"replies":[{"embeddable":true,"href":"https:\/\/secovipr.com.br\/fozdoiguacu\/wp-json\/wp\/v2\/comments?post=163"}],"version-history":[{"count":3,"href":"https:\/\/secovipr.com.br\/fozdoiguacu\/wp-json\/wp\/v2\/pages\/163\/revisions"}],"predecessor-version":[{"id":393,"href":"https:\/\/secovipr.com.br\/fozdoiguacu\/wp-json\/wp\/v2\/pages\/163\/revisions\/393"}],"up":[{"embeddable":true,"href":"https:\/\/secovipr.com.br\/fozdoiguacu\/wp-json\/wp\/v2\/pages\/38"}],"wp:attachment":[{"href":"https:\/\/secovipr.com.br\/fozdoiguacu\/wp-json\/wp\/v2\/media?parent=163"}],"curies":[{"name":"wp","href":"https:\/\/api.w.org\/{rel}","templated":true}]}}