{"id":44,"date":"2022-01-11T18:06:17","date_gmt":"2022-01-11T21:06:17","guid":{"rendered":"http:\/\/localhost\/secovipr-site\/?page_id=44"},"modified":"2022-01-18T15:28:30","modified_gmt":"2022-01-18T18:28:30","slug":"servicos","status":"publish","type":"page","link":"https:\/\/secovipr.com.br\/curitiba\/servicos\/","title":{"rendered":"Servi\u00e7os"},"content":{"rendered":"","protected":false},"excerpt":{"rendered":"","protected":false},"author":1,"featured_media":0,"parent":0,"menu_order":0,"comment_status":"closed","ping_status":"closed","template":"template-servicos.php","meta":[],"acf":[],"yoast_head":"<!-- This site is optimized with the Yoast SEO plugin v18.1 - https:\/\/yoast.com\/wordpress\/plugins\/seo\/ -->\n<title>Secovi-PR - Servi\u00e7os - Regional Metropolitana<\/title>\n<meta name=\"robots\" content=\"noindex, follow, max-snippet:-1, max-image-preview:large, max-video-preview:-1\" \/>\n<meta property=\"og:locale\" content=\"pt_BR\" \/>\n<meta property=\"og:type\" content=\"article\" \/>\n<meta property=\"og:title\" content=\"Secovi-PR - Servi\u00e7os - Regional Metropolitana\" \/>\n<meta property=\"og:url\" content=\"https:\/\/secovipr.com.br\/curitiba\/servicos\/\" \/>\n<meta property=\"og:site_name\" content=\"Regional Metropolitana\" \/>\n<meta property=\"article:publisher\" content=\"https:\/\/www.facebook.com\/pages\/Secovi-PR\/347968435288032\" \/>\n<meta property=\"article:modified_time\" content=\"2022-01-18T18:28:30+00:00\" \/>\n<meta name=\"twitter:card\" content=\"summary_large_image\" \/>\n<meta name=\"twitter:site\" content=\"@secovipr\" \/>\n<script type=\"application\/ld+json\" class=\"yoast-schema-graph\">{\"@context\":\"https:\/\/schema.org\",\"@graph\":[{\"@type\":\"Organization\",\"@id\":\"https:\/\/secovipr.com.br\/curitiba\/#organization\",\"name\":\"Secovi-PR\",\"url\":\"https:\/\/secovipr.com.br\/curitiba\/\",\"sameAs\":[\"https:\/\/www.facebook.com\/pages\/Secovi-PR\/347968435288032\",\"https:\/\/twitter.com\/secovipr\"],\"logo\":{\"@type\":\"ImageObject\",\"@id\":\"https:\/\/secovipr.com.br\/curitiba\/#logo\",\"inLanguage\":\"pt-BR\",\"url\":\"https:\/\/secovipr.com.br\/curitiba\/wp-content\/uploads\/sites\/8\/2022\/01\/secovipr-logo.png\",\"contentUrl\":\"https:\/\/secovipr.com.br\/curitiba\/wp-content\/uploads\/sites\/8\/2022\/01\/secovipr-logo.png\",\"width\":400,\"height\":359,\"caption\":\"Secovi-PR\"},\"image\":{\"@id\":\"https:\/\/secovipr.com.br\/curitiba\/#logo\"}},{\"@type\":\"WebSite\",\"@id\":\"https:\/\/secovipr.com.br\/curitiba\/#website\",\"url\":\"https:\/\/secovipr.com.br\/curitiba\/\",\"name\":\"Regional Metropolitana\",\"description\":\"Sindicato da Habita\u00e7\u00e3o e Condom\u00ednios do Paran\u00e1\",\"publisher\":{\"@id\":\"https:\/\/secovipr.com.br\/curitiba\/#organization\"},\"potentialAction\":[{\"@type\":\"SearchAction\",\"target\":{\"@type\":\"EntryPoint\",\"urlTemplate\":\"https:\/\/secovipr.com.br\/curitiba\/?s={search_term_string}\"},\"query-input\":\"required name=search_term_string\"}],\"inLanguage\":\"pt-BR\"},{\"@type\":\"WebPage\",\"@id\":\"https:\/\/secovipr.com.br\/curitiba\/servicos\/#webpage\",\"url\":\"https:\/\/secovipr.com.br\/curitiba\/servicos\/\",\"name\":\"Secovi-PR - Servi\u00e7os - Regional Metropolitana\",\"isPartOf\":{\"@id\":\"https:\/\/secovipr.com.br\/curitiba\/#website\"},\"datePublished\":\"2022-01-11T21:06:17+00:00\",\"dateModified\":\"2022-01-18T18:28:30+00:00\",\"breadcrumb\":{\"@id\":\"https:\/\/secovipr.com.br\/curitiba\/servicos\/#breadcrumb\"},\"inLanguage\":\"pt-BR\",\"potentialAction\":[{\"@type\":\"ReadAction\",\"target\":[\"https:\/\/secovipr.com.br\/curitiba\/servicos\/\"]}]},{\"@type\":\"BreadcrumbList\",\"@id\":\"https:\/\/secovipr.com.br\/curitiba\/servicos\/#breadcrumb\",\"itemListElement\":[{\"@type\":\"ListItem\",\"position\":1,\"name\":\"In\u00edcio\",\"item\":\"https:\/\/secovipr.com.br\/curitiba\/\"},{\"@type\":\"ListItem\",\"position\":2,\"name\":\"Servi\u00e7os\"}]}]}<\/script>\n<!-- \/ Yoast SEO plugin. -->","yoast_head_json":{"title":"Secovi-PR - Servi\u00e7os - Regional Metropolitana","robots":{"index":"noindex","follow":"follow","max-snippet":"max-snippet:-1","max-image-preview":"max-image-preview:large","max-video-preview":"max-video-preview:-1"},"og_locale":"pt_BR","og_type":"article","og_title":"Secovi-PR - Servi\u00e7os - Regional Metropolitana","og_url":"https:\/\/secovipr.com.br\/curitiba\/servicos\/","og_site_name":"Regional Metropolitana","article_publisher":"https:\/\/www.facebook.com\/pages\/Secovi-PR\/347968435288032","article_modified_time":"2022-01-18T18:28:30+00:00","twitter_card":"summary_large_image","twitter_site":"@secovipr","schema":{"@context":"https:\/\/schema.org","@graph":[{"@type":"Organization","@id":"https:\/\/secovipr.com.br\/curitiba\/#organization","name":"Secovi-PR","url":"https:\/\/secovipr.com.br\/curitiba\/","sameAs":["https:\/\/www.facebook.com\/pages\/Secovi-PR\/347968435288032","https:\/\/twitter.com\/secovipr"],"logo":{"@type":"ImageObject","@id":"https:\/\/secovipr.com.br\/curitiba\/#logo","inLanguage":"pt-BR","url":"https:\/\/secovipr.com.br\/curitiba\/wp-content\/uploads\/sites\/8\/2022\/01\/secovipr-logo.png","contentUrl":"https:\/\/secovipr.com.br\/curitiba\/wp-content\/uploads\/sites\/8\/2022\/01\/secovipr-logo.png","width":400,"height":359,"caption":"Secovi-PR"},"image":{"@id":"https:\/\/secovipr.com.br\/curitiba\/#logo"}},{"@type":"WebSite","@id":"https:\/\/secovipr.com.br\/curitiba\/#website","url":"https:\/\/secovipr.com.br\/curitiba\/","name":"Regional Metropolitana","description":"Sindicato da Habita\u00e7\u00e3o e Condom\u00ednios do Paran\u00e1","publisher":{"@id":"https:\/\/secovipr.com.br\/curitiba\/#organization"},"potentialAction":[{"@type":"SearchAction","target":{"@type":"EntryPoint","urlTemplate":"https:\/\/secovipr.com.br\/curitiba\/?s={search_term_string}"},"query-input":"required name=search_term_string"}],"inLanguage":"pt-BR"},{"@type":"WebPage","@id":"https:\/\/secovipr.com.br\/curitiba\/servicos\/#webpage","url":"https:\/\/secovipr.com.br\/curitiba\/servicos\/","name":"Secovi-PR - Servi\u00e7os - Regional Metropolitana","isPartOf":{"@id":"https:\/\/secovipr.com.br\/curitiba\/#website"},"datePublished":"2022-01-11T21:06:17+00:00","dateModified":"2022-01-18T18:28:30+00:00","breadcrumb":{"@id":"https:\/\/secovipr.com.br\/curitiba\/servicos\/#breadcrumb"},"inLanguage":"pt-BR","potentialAction":[{"@type":"ReadAction","target":["https:\/\/secovipr.com.br\/curitiba\/servicos\/"]}]},{"@type":"BreadcrumbList","@id":"https:\/\/secovipr.com.br\/curitiba\/servicos\/#breadcrumb","itemListElement":[{"@type":"ListItem","position":1,"name":"In\u00edcio","item":"https:\/\/secovipr.com.br\/curitiba\/"},{"@type":"ListItem","position":2,"name":"Servi\u00e7os"}]}]}},"_links":{"self":[{"href":"https:\/\/secovipr.com.br\/curitiba\/wp-json\/wp\/v2\/pages\/44"}],"collection":[{"href":"https:\/\/secovipr.com.br\/curitiba\/wp-json\/wp\/v2\/pages"}],"about":[{"href":"https:\/\/secovipr.com.br\/curitiba\/wp-json\/wp\/v2\/types\/page"}],"author":[{"embeddable":true,"href":"https:\/\/secovipr.com.br\/curitiba\/wp-json\/wp\/v2\/users\/1"}],"replies":[{"embeddable":true,"href":"https:\/\/secovipr.com.br\/curitiba\/wp-json\/wp\/v2\/comments?post=44"}],"version-history":[{"count":2,"href":"https:\/\/secovipr.com.br\/curitiba\/wp-json\/wp\/v2\/pages\/44\/revisions"}],"predecessor-version":[{"id":291,"href":"https:\/\/secovipr.com.br\/curitiba\/wp-json\/wp\/v2\/pages\/44\/revisions\/291"}],"wp:attachment":[{"href":"https:\/\/secovipr.com.br\/curitiba\/wp-json\/wp\/v2\/media?parent=44"}],"curies":[{"name":"wp","href":"https:\/\/api.w.org\/{rel}","templated":true}]}}