{"id":391,"date":"2022-03-09T08:20:55","date_gmt":"2022-03-09T11:20:55","guid":{"rendered":"https:\/\/secovipr.com.br\/curitiba\/?page_id=391"},"modified":"2022-03-09T08:20:56","modified_gmt":"2022-03-09T11:20:56","slug":"como-associar-se","status":"publish","type":"page","link":"https:\/\/secovipr.com.br\/curitiba\/institucional\/como-associar-se\/","title":{"rendered":"Como associar-se"},"content":{"rendered":"\n<p>O Secovi-PR existe para garantir mais seguran\u00e7a e qualidade \u00e0s empresas imobili\u00e1rias e aos moradores, s\u00edndicos e funcion\u00e1rios de condom\u00ednios residenciais e comerciais.<\/p>\n\n\n\n<p>Associe sua empresa ao Secovi-PR e tenha acesso \u00e0 benef\u00edcios e servi\u00e7os exclusivos.<\/p>\n\n\n\n<p><strong>Fale com nossa equipe comercial para ser um novo associado ou regularizar sua situa\u00e7\u00e3o.<\/strong><\/p>\n\n\n\n<p>Rua Dr. Pedrosa, 475 \u2013 Centro \u2013 Curitiba \u2013 PR \u2013 CEP 80420-120<\/p>\n\n\n\n<p>Tendo d\u00favidas, estamos a disposi\u00e7\u00e3o: (41) 3259-6000 \u2013 comercial1@secovipr.com.br\/curitiba<\/p>\n\n\n\n<p>Sua proposta ser\u00e1 analisada e voc\u00ea ser\u00e1 informado sobre inclus\u00e3o da sua empresa ao quadro associativo Secovi-PR.<\/p>\n\n\n\n<p><strong>Nas regionais:<\/strong><\/p>\n\n\n\n<p>Metropolitana Curitiba (41) 3259-6000 \u2013 comercial1@secovipr.com.br\/curitiba<br>Campos Gerais Ponta Grossa (42) 3222-8844 &#8211; pg@secovipr.com.br\/curitiba<br>Cataratas Foz do Igua\u00e7u (45) 3523-7711 &#8211; foz@secovipr.com.br\/curitiba<br>Oeste Cascavel (45) 3225-2560 &#8211; cascavel@secovipr.com.br\/curitiba<br>Noroeste Maring\u00e1 (44) 3262-2433 &#8211; maringa@secovipr.com.br\/curitiba<br>Norte Londrina (43) 3356-2703 &#8211; londrina@secovipr.com.br\/curitiba<\/p>\n","protected":false},"excerpt":{"rendered":"<p>O Secovi-PR existe para garantir mais seguran\u00e7a e qualidade \u00e0s empresas imobili\u00e1rias e aos moradores, s\u00edndicos e funcion\u00e1rios de condom\u00ednios residenciais e comerciais. Associe sua empresa ao Secovi-PR e tenha acesso \u00e0 benef\u00edcios e servi\u00e7os exclusivos. Fale com nossa equipe comercial para ser um novo associado ou regularizar sua situa\u00e7\u00e3o. Rua Dr. Pedrosa, 475 \u2013 [&hellip;]<\/p>\n","protected":false},"author":1,"featured_media":0,"parent":38,"menu_order":0,"comment_status":"closed","ping_status":"closed","template":"","meta":[],"acf":[],"yoast_head":"<!-- This site is optimized with the Yoast SEO plugin v18.1 - https:\/\/yoast.com\/wordpress\/plugins\/seo\/ -->\n<title>Secovi-PR - Como associar-se - Regional Metropolitana<\/title>\n<meta name=\"robots\" content=\"noindex, follow, max-snippet:-1, max-image-preview:large, max-video-preview:-1\" \/>\n<meta property=\"og:locale\" content=\"pt_BR\" \/>\n<meta property=\"og:type\" content=\"article\" \/>\n<meta property=\"og:title\" content=\"Secovi-PR - Como associar-se - Regional Metropolitana\" \/>\n<meta property=\"og:description\" content=\"O Secovi-PR existe para garantir mais seguran\u00e7a e qualidade \u00e0s empresas imobili\u00e1rias e aos moradores, s\u00edndicos e funcion\u00e1rios de condom\u00ednios residenciais e comerciais. Associe sua empresa ao Secovi-PR e tenha acesso \u00e0 benef\u00edcios e servi\u00e7os exclusivos. Fale com nossa equipe comercial para ser um novo associado ou regularizar sua situa\u00e7\u00e3o. Rua Dr. Pedrosa, 475 \u2013 [&hellip;]\" \/>\n<meta property=\"og:url\" content=\"https:\/\/secovipr.com.br\/curitiba\/institucional\/como-associar-se\/\" \/>\n<meta property=\"og:site_name\" content=\"Regional Metropolitana\" \/>\n<meta property=\"article:publisher\" content=\"https:\/\/www.facebook.com\/pages\/Secovi-PR\/347968435288032\" \/>\n<meta property=\"article:modified_time\" content=\"2022-03-09T11:20:56+00:00\" \/>\n<meta name=\"twitter:card\" content=\"summary_large_image\" \/>\n<meta name=\"twitter:site\" content=\"@secovipr\" \/>\n<meta name=\"twitter:label1\" content=\"Est. tempo de leitura\" \/>\n\t<meta name=\"twitter:data1\" content=\"1 minuto\" \/>\n<script type=\"application\/ld+json\" class=\"yoast-schema-graph\">{\"@context\":\"https:\/\/schema.org\",\"@graph\":[{\"@type\":\"Organization\",\"@id\":\"https:\/\/secovipr.com.br\/curitiba\/#organization\",\"name\":\"Secovi-PR\",\"url\":\"https:\/\/secovipr.com.br\/curitiba\/\",\"sameAs\":[\"https:\/\/www.facebook.com\/pages\/Secovi-PR\/347968435288032\",\"https:\/\/twitter.com\/secovipr\"],\"logo\":{\"@type\":\"ImageObject\",\"@id\":\"https:\/\/secovipr.com.br\/curitiba\/#logo\",\"inLanguage\":\"pt-BR\",\"url\":\"https:\/\/secovipr.com.br\/curitiba\/wp-content\/uploads\/sites\/8\/2022\/01\/secovipr-logo.png\",\"contentUrl\":\"https:\/\/secovipr.com.br\/curitiba\/wp-content\/uploads\/sites\/8\/2022\/01\/secovipr-logo.png\",\"width\":400,\"height\":359,\"caption\":\"Secovi-PR\"},\"image\":{\"@id\":\"https:\/\/secovipr.com.br\/curitiba\/#logo\"}},{\"@type\":\"WebSite\",\"@id\":\"https:\/\/secovipr.com.br\/curitiba\/#website\",\"url\":\"https:\/\/secovipr.com.br\/curitiba\/\",\"name\":\"Regional Metropolitana\",\"description\":\"Sindicato da Habita\u00e7\u00e3o e Condom\u00ednios do Paran\u00e1\",\"publisher\":{\"@id\":\"https:\/\/secovipr.com.br\/curitiba\/#organization\"},\"potentialAction\":[{\"@type\":\"SearchAction\",\"target\":{\"@type\":\"EntryPoint\",\"urlTemplate\":\"https:\/\/secovipr.com.br\/curitiba\/?s={search_term_string}\"},\"query-input\":\"required name=search_term_string\"}],\"inLanguage\":\"pt-BR\"},{\"@type\":\"WebPage\",\"@id\":\"https:\/\/secovipr.com.br\/curitiba\/institucional\/como-associar-se\/#webpage\",\"url\":\"https:\/\/secovipr.com.br\/curitiba\/institucional\/como-associar-se\/\",\"name\":\"Secovi-PR - Como associar-se - Regional Metropolitana\",\"isPartOf\":{\"@id\":\"https:\/\/secovipr.com.br\/curitiba\/#website\"},\"datePublished\":\"2022-03-09T11:20:55+00:00\",\"dateModified\":\"2022-03-09T11:20:56+00:00\",\"breadcrumb\":{\"@id\":\"https:\/\/secovipr.com.br\/curitiba\/institucional\/como-associar-se\/#breadcrumb\"},\"inLanguage\":\"pt-BR\",\"potentialAction\":[{\"@type\":\"ReadAction\",\"target\":[\"https:\/\/secovipr.com.br\/curitiba\/institucional\/como-associar-se\/\"]}]},{\"@type\":\"BreadcrumbList\",\"@id\":\"https:\/\/secovipr.com.br\/curitiba\/institucional\/como-associar-se\/#breadcrumb\",\"itemListElement\":[{\"@type\":\"ListItem\",\"position\":1,\"name\":\"In\u00edcio\",\"item\":\"https:\/\/secovipr.com.br\/curitiba\/\"},{\"@type\":\"ListItem\",\"position\":2,\"name\":\"Institucional\",\"item\":\"https:\/\/secovipr.com.br\/curitiba\/institucional\/\"},{\"@type\":\"ListItem\",\"position\":3,\"name\":\"Como associar-se\"}]}]}<\/script>\n<!-- \/ Yoast SEO plugin. -->","yoast_head_json":{"title":"Secovi-PR - Como associar-se - Regional Metropolitana","robots":{"index":"noindex","follow":"follow","max-snippet":"max-snippet:-1","max-image-preview":"max-image-preview:large","max-video-preview":"max-video-preview:-1"},"og_locale":"pt_BR","og_type":"article","og_title":"Secovi-PR - Como associar-se - Regional Metropolitana","og_description":"O Secovi-PR existe para garantir mais seguran\u00e7a e qualidade \u00e0s empresas imobili\u00e1rias e aos moradores, s\u00edndicos e funcion\u00e1rios de condom\u00ednios residenciais e comerciais. Associe sua empresa ao Secovi-PR e tenha acesso \u00e0 benef\u00edcios e servi\u00e7os exclusivos. Fale com nossa equipe comercial para ser um novo associado ou regularizar sua situa\u00e7\u00e3o. Rua Dr. Pedrosa, 475 \u2013 [&hellip;]","og_url":"https:\/\/secovipr.com.br\/curitiba\/institucional\/como-associar-se\/","og_site_name":"Regional Metropolitana","article_publisher":"https:\/\/www.facebook.com\/pages\/Secovi-PR\/347968435288032","article_modified_time":"2022-03-09T11:20:56+00:00","twitter_card":"summary_large_image","twitter_site":"@secovipr","twitter_misc":{"Est. tempo de leitura":"1 minuto"},"schema":{"@context":"https:\/\/schema.org","@graph":[{"@type":"Organization","@id":"https:\/\/secovipr.com.br\/curitiba\/#organization","name":"Secovi-PR","url":"https:\/\/secovipr.com.br\/curitiba\/","sameAs":["https:\/\/www.facebook.com\/pages\/Secovi-PR\/347968435288032","https:\/\/twitter.com\/secovipr"],"logo":{"@type":"ImageObject","@id":"https:\/\/secovipr.com.br\/curitiba\/#logo","inLanguage":"pt-BR","url":"https:\/\/secovipr.com.br\/curitiba\/wp-content\/uploads\/sites\/8\/2022\/01\/secovipr-logo.png","contentUrl":"https:\/\/secovipr.com.br\/curitiba\/wp-content\/uploads\/sites\/8\/2022\/01\/secovipr-logo.png","width":400,"height":359,"caption":"Secovi-PR"},"image":{"@id":"https:\/\/secovipr.com.br\/curitiba\/#logo"}},{"@type":"WebSite","@id":"https:\/\/secovipr.com.br\/curitiba\/#website","url":"https:\/\/secovipr.com.br\/curitiba\/","name":"Regional Metropolitana","description":"Sindicato da Habita\u00e7\u00e3o e Condom\u00ednios do Paran\u00e1","publisher":{"@id":"https:\/\/secovipr.com.br\/curitiba\/#organization"},"potentialAction":[{"@type":"SearchAction","target":{"@type":"EntryPoint","urlTemplate":"https:\/\/secovipr.com.br\/curitiba\/?s={search_term_string}"},"query-input":"required name=search_term_string"}],"inLanguage":"pt-BR"},{"@type":"WebPage","@id":"https:\/\/secovipr.com.br\/curitiba\/institucional\/como-associar-se\/#webpage","url":"https:\/\/secovipr.com.br\/curitiba\/institucional\/como-associar-se\/","name":"Secovi-PR - Como associar-se - Regional Metropolitana","isPartOf":{"@id":"https:\/\/secovipr.com.br\/curitiba\/#website"},"datePublished":"2022-03-09T11:20:55+00:00","dateModified":"2022-03-09T11:20:56+00:00","breadcrumb":{"@id":"https:\/\/secovipr.com.br\/curitiba\/institucional\/como-associar-se\/#breadcrumb"},"inLanguage":"pt-BR","potentialAction":[{"@type":"ReadAction","target":["https:\/\/secovipr.com.br\/curitiba\/institucional\/como-associar-se\/"]}]},{"@type":"BreadcrumbList","@id":"https:\/\/secovipr.com.br\/curitiba\/institucional\/como-associar-se\/#breadcrumb","itemListElement":[{"@type":"ListItem","position":1,"name":"In\u00edcio","item":"https:\/\/secovipr.com.br\/curitiba\/"},{"@type":"ListItem","position":2,"name":"Institucional","item":"https:\/\/secovipr.com.br\/curitiba\/institucional\/"},{"@type":"ListItem","position":3,"name":"Como associar-se"}]}]}},"_links":{"self":[{"href":"https:\/\/secovipr.com.br\/curitiba\/wp-json\/wp\/v2\/pages\/391"}],"collection":[{"href":"https:\/\/secovipr.com.br\/curitiba\/wp-json\/wp\/v2\/pages"}],"about":[{"href":"https:\/\/secovipr.com.br\/curitiba\/wp-json\/wp\/v2\/types\/page"}],"author":[{"embeddable":true,"href":"https:\/\/secovipr.com.br\/curitiba\/wp-json\/wp\/v2\/users\/1"}],"replies":[{"embeddable":true,"href":"https:\/\/secovipr.com.br\/curitiba\/wp-json\/wp\/v2\/comments?post=391"}],"version-history":[{"count":2,"href":"https:\/\/secovipr.com.br\/curitiba\/wp-json\/wp\/v2\/pages\/391\/revisions"}],"predecessor-version":[{"id":393,"href":"https:\/\/secovipr.com.br\/curitiba\/wp-json\/wp\/v2\/pages\/391\/revisions\/393"}],"up":[{"embeddable":true,"href":"https:\/\/secovipr.com.br\/curitiba\/wp-json\/wp\/v2\/pages\/38"}],"wp:attachment":[{"href":"https:\/\/secovipr.com.br\/curitiba\/wp-json\/wp\/v2\/media?parent=391"}],"curies":[{"name":"wp","href":"https:\/\/api.w.org\/{rel}","templated":true}]}}