{"id":365,"date":"2022-03-08T21:08:54","date_gmt":"2022-03-09T00:08:54","guid":{"rendered":"https:\/\/secovipr.com.br\/curitiba\/?page_id=365"},"modified":"2022-03-08T21:16:54","modified_gmt":"2022-03-09T00:16:54","slug":"programa-de-saude-e-seguranca-do-trabalho-psst","status":"publish","type":"page","link":"https:\/\/secovipr.com.br\/curitiba\/servicos\/programa-de-saude-e-seguranca-do-trabalho-psst\/","title":{"rendered":"Programa de sa\u00fade e seguran\u00e7a do trabalho (PSST)"},"content":{"rendered":"\n<p>O SecoviMed implantou o setor de Sa\u00fade e Seguran\u00e7a do Trabalho (SST), oferecendo com excel\u00eancia aos nossos contratantes a documenta\u00e7\u00e3o obrigat\u00f3ria necess\u00e1ria, assessoria e consultoria com o objetivo de orientar, adequar e implantar \u00e0 legisla\u00e7\u00e3o vigente e com isso evitar pass\u00edveis trabalhistas assim como preservar a sa\u00fade e integridade f\u00edsica do trabalhador no seu ambiente de trabalho.<\/p>\n\n\n\n<h3>Quais os servi\u00e7os\/produtos relacionados ao PSST?<\/h3>\n\n\n\n<p>O contrato do SecoviMed contempla a elabora\u00e7\u00e3o e execu\u00e7\u00e3o:<\/p>\n\n\n\n<div class=\"wp-block-image\"><figure class=\"aligncenter size-large\"><img loading=\"lazy\" width=\"1024\" height=\"457\" src=\"https:\/\/secovipr.com.br\/curitiba\/wp-content\/uploads\/sites\/8\/2022\/03\/img-psst-1-1024x457.jpg\" alt=\"\" class=\"wp-image-368\" srcset=\"https:\/\/secovipr.com.br\/curitiba\/wp-content\/uploads\/sites\/8\/2022\/03\/img-psst-1-1024x457.jpg 1024w, https:\/\/secovipr.com.br\/curitiba\/wp-content\/uploads\/sites\/8\/2022\/03\/img-psst-1-300x134.jpg 300w, https:\/\/secovipr.com.br\/curitiba\/wp-content\/uploads\/sites\/8\/2022\/03\/img-psst-1-768x343.jpg 768w, https:\/\/secovipr.com.br\/curitiba\/wp-content\/uploads\/sites\/8\/2022\/03\/img-psst-1.jpg 1124w\" sizes=\"(max-width: 1024px) 100vw, 1024px\" \/><\/figure><\/div>\n\n\n\n<h3>Quais os principais diferenciais do contrato com o SecoviMed?<\/h3>\n\n\n\n<ul><li>Somos uma empresa voltada ao ramo habitacional e imobili\u00e1rio e com isso oferecemos um servi\u00e7o totalmente direcionado, nos adequando a necessidade de nossos clientes;<\/li><li>Inclu\u00edmos <strong>gratuitamente<\/strong> o Curso de designado de Cipa, solicitado pelo MT;<\/li><li>Todos os riscos laborais dos funcion\u00e1rios s\u00e3o colhidos e implementados em nosso sistema para fins de controle rigoroso quanto aos exames admissionais, peri\u00f3dicos e demissionais;<\/li><li>Inclui tamb\u00e9m o PPP (Perfil Profissiogr\u00e1fico Previdenci\u00e1rio) documento que o INSS solicita de funcion\u00e1rios na homologa\u00e7\u00e3o de demissional onde constam os riscos qu\u00edmicos, f\u00edsicos e biol\u00f3gicos dos mesmos;<\/li><li>Quando solicitado, o t\u00e9cnico de seguran\u00e7a <strong>acompanha per\u00edcias do Minist\u00e9rio do Trabalho<\/strong> caso a empresa sofra eventual a\u00e7\u00e3o trabalhista;<\/li><li>Completa assessoria t\u00e9cnica relativa a assuntos de Sa\u00fade e Seguran\u00e7a do trabalho;<\/li><li>Em consultas ocupacionais os m\u00e9dicos examinadores t\u00eam acesso a ficha cl\u00ednica do funcion\u00e1rio que contribui para a defini\u00e7\u00e3o de APTO ou INAPTO do ASO.<\/li><\/ul>\n","protected":false},"excerpt":{"rendered":"<p>O SecoviMed implantou o setor de Sa\u00fade e Seguran\u00e7a do Trabalho (SST), oferecendo com excel\u00eancia aos nossos contratantes a documenta\u00e7\u00e3o obrigat\u00f3ria necess\u00e1ria, assessoria e consultoria com o objetivo de orientar, adequar e implantar \u00e0 legisla\u00e7\u00e3o vigente e com isso evitar pass\u00edveis trabalhistas assim como preservar a sa\u00fade e integridade f\u00edsica do trabalhador no seu ambiente [&hellip;]<\/p>\n","protected":false},"author":1,"featured_media":0,"parent":44,"menu_order":0,"comment_status":"closed","ping_status":"closed","template":"","meta":[],"acf":[],"yoast_head":"<!-- This site is optimized with the Yoast SEO plugin v18.1 - https:\/\/yoast.com\/wordpress\/plugins\/seo\/ -->\n<title>Secovi-PR - Programa de sa\u00fade e seguran\u00e7a do trabalho (PSST) - Regional Metropolitana<\/title>\n<meta name=\"robots\" content=\"noindex, follow, max-snippet:-1, max-image-preview:large, max-video-preview:-1\" \/>\n<meta property=\"og:locale\" content=\"pt_BR\" \/>\n<meta property=\"og:type\" content=\"article\" \/>\n<meta property=\"og:title\" content=\"Secovi-PR - Programa de sa\u00fade e seguran\u00e7a do trabalho (PSST) - Regional Metropolitana\" \/>\n<meta property=\"og:description\" content=\"O SecoviMed implantou o setor de Sa\u00fade e Seguran\u00e7a do Trabalho (SST), oferecendo com excel\u00eancia aos nossos contratantes a documenta\u00e7\u00e3o obrigat\u00f3ria necess\u00e1ria, assessoria e consultoria com o objetivo de orientar, adequar e implantar \u00e0 legisla\u00e7\u00e3o vigente e com isso evitar pass\u00edveis trabalhistas assim como preservar a sa\u00fade e integridade f\u00edsica do trabalhador no seu ambiente [&hellip;]\" \/>\n<meta property=\"og:url\" content=\"https:\/\/secovipr.com.br\/curitiba\/servicos\/programa-de-saude-e-seguranca-do-trabalho-psst\/\" \/>\n<meta property=\"og:site_name\" content=\"Regional Metropolitana\" \/>\n<meta property=\"article:publisher\" content=\"https:\/\/www.facebook.com\/pages\/Secovi-PR\/347968435288032\" \/>\n<meta property=\"article:modified_time\" content=\"2022-03-09T00:16:54+00:00\" \/>\n<meta property=\"og:image\" content=\"https:\/\/secovipr.com.br\/curitiba\/wp-content\/uploads\/sites\/8\/2022\/03\/img-psst-1-1024x457.jpg\" \/>\n<meta name=\"twitter:card\" content=\"summary_large_image\" \/>\n<meta name=\"twitter:site\" content=\"@secovipr\" \/>\n<meta name=\"twitter:label1\" content=\"Est. tempo de leitura\" \/>\n\t<meta name=\"twitter:data1\" content=\"2 minutos\" \/>\n<script type=\"application\/ld+json\" class=\"yoast-schema-graph\">{\"@context\":\"https:\/\/schema.org\",\"@graph\":[{\"@type\":\"Organization\",\"@id\":\"https:\/\/secovipr.com.br\/curitiba\/#organization\",\"name\":\"Secovi-PR\",\"url\":\"https:\/\/secovipr.com.br\/curitiba\/\",\"sameAs\":[\"https:\/\/www.facebook.com\/pages\/Secovi-PR\/347968435288032\",\"https:\/\/twitter.com\/secovipr\"],\"logo\":{\"@type\":\"ImageObject\",\"@id\":\"https:\/\/secovipr.com.br\/curitiba\/#logo\",\"inLanguage\":\"pt-BR\",\"url\":\"https:\/\/secovipr.com.br\/curitiba\/wp-content\/uploads\/sites\/8\/2022\/01\/secovipr-logo.png\",\"contentUrl\":\"https:\/\/secovipr.com.br\/curitiba\/wp-content\/uploads\/sites\/8\/2022\/01\/secovipr-logo.png\",\"width\":400,\"height\":359,\"caption\":\"Secovi-PR\"},\"image\":{\"@id\":\"https:\/\/secovipr.com.br\/curitiba\/#logo\"}},{\"@type\":\"WebSite\",\"@id\":\"https:\/\/secovipr.com.br\/curitiba\/#website\",\"url\":\"https:\/\/secovipr.com.br\/curitiba\/\",\"name\":\"Regional Metropolitana\",\"description\":\"Sindicato da Habita\u00e7\u00e3o e Condom\u00ednios do Paran\u00e1\",\"publisher\":{\"@id\":\"https:\/\/secovipr.com.br\/curitiba\/#organization\"},\"potentialAction\":[{\"@type\":\"SearchAction\",\"target\":{\"@type\":\"EntryPoint\",\"urlTemplate\":\"https:\/\/secovipr.com.br\/curitiba\/?s={search_term_string}\"},\"query-input\":\"required name=search_term_string\"}],\"inLanguage\":\"pt-BR\"},{\"@type\":\"ImageObject\",\"@id\":\"https:\/\/secovipr.com.br\/curitiba\/servicos\/programa-de-saude-e-seguranca-do-trabalho-psst\/#primaryimage\",\"inLanguage\":\"pt-BR\",\"url\":\"https:\/\/secovipr.com.br\/curitiba\/wp-content\/uploads\/sites\/8\/2022\/03\/img-psst-1.jpg\",\"contentUrl\":\"https:\/\/secovipr.com.br\/curitiba\/wp-content\/uploads\/sites\/8\/2022\/03\/img-psst-1.jpg\",\"width\":1124,\"height\":502},{\"@type\":\"WebPage\",\"@id\":\"https:\/\/secovipr.com.br\/curitiba\/servicos\/programa-de-saude-e-seguranca-do-trabalho-psst\/#webpage\",\"url\":\"https:\/\/secovipr.com.br\/curitiba\/servicos\/programa-de-saude-e-seguranca-do-trabalho-psst\/\",\"name\":\"Secovi-PR - Programa de sa\u00fade e seguran\u00e7a do trabalho (PSST) - Regional Metropolitana\",\"isPartOf\":{\"@id\":\"https:\/\/secovipr.com.br\/curitiba\/#website\"},\"primaryImageOfPage\":{\"@id\":\"https:\/\/secovipr.com.br\/curitiba\/servicos\/programa-de-saude-e-seguranca-do-trabalho-psst\/#primaryimage\"},\"datePublished\":\"2022-03-09T00:08:54+00:00\",\"dateModified\":\"2022-03-09T00:16:54+00:00\",\"breadcrumb\":{\"@id\":\"https:\/\/secovipr.com.br\/curitiba\/servicos\/programa-de-saude-e-seguranca-do-trabalho-psst\/#breadcrumb\"},\"inLanguage\":\"pt-BR\",\"potentialAction\":[{\"@type\":\"ReadAction\",\"target\":[\"https:\/\/secovipr.com.br\/curitiba\/servicos\/programa-de-saude-e-seguranca-do-trabalho-psst\/\"]}]},{\"@type\":\"BreadcrumbList\",\"@id\":\"https:\/\/secovipr.com.br\/curitiba\/servicos\/programa-de-saude-e-seguranca-do-trabalho-psst\/#breadcrumb\",\"itemListElement\":[{\"@type\":\"ListItem\",\"position\":1,\"name\":\"In\u00edcio\",\"item\":\"https:\/\/secovipr.com.br\/curitiba\/\"},{\"@type\":\"ListItem\",\"position\":2,\"name\":\"Servi\u00e7os\",\"item\":\"https:\/\/secovipr.com.br\/curitiba\/servicos\/\"},{\"@type\":\"ListItem\",\"position\":3,\"name\":\"Programa de sa\u00fade e seguran\u00e7a do trabalho (PSST)\"}]}]}<\/script>\n<!-- \/ Yoast SEO plugin. -->","yoast_head_json":{"title":"Secovi-PR - Programa de sa\u00fade e seguran\u00e7a do trabalho (PSST) - Regional Metropolitana","robots":{"index":"noindex","follow":"follow","max-snippet":"max-snippet:-1","max-image-preview":"max-image-preview:large","max-video-preview":"max-video-preview:-1"},"og_locale":"pt_BR","og_type":"article","og_title":"Secovi-PR - Programa de sa\u00fade e seguran\u00e7a do trabalho (PSST) - Regional Metropolitana","og_description":"O SecoviMed implantou o setor de Sa\u00fade e Seguran\u00e7a do Trabalho (SST), oferecendo com excel\u00eancia aos nossos contratantes a documenta\u00e7\u00e3o obrigat\u00f3ria necess\u00e1ria, assessoria e consultoria com o objetivo de orientar, adequar e implantar \u00e0 legisla\u00e7\u00e3o vigente e com isso evitar pass\u00edveis trabalhistas assim como preservar a sa\u00fade e integridade f\u00edsica do trabalhador no seu ambiente [&hellip;]","og_url":"https:\/\/secovipr.com.br\/curitiba\/servicos\/programa-de-saude-e-seguranca-do-trabalho-psst\/","og_site_name":"Regional Metropolitana","article_publisher":"https:\/\/www.facebook.com\/pages\/Secovi-PR\/347968435288032","article_modified_time":"2022-03-09T00:16:54+00:00","og_image":[{"url":"https:\/\/secovipr.com.br\/curitiba\/wp-content\/uploads\/sites\/8\/2022\/03\/img-psst-1-1024x457.jpg"}],"twitter_card":"summary_large_image","twitter_site":"@secovipr","twitter_misc":{"Est. tempo de leitura":"2 minutos"},"schema":{"@context":"https:\/\/schema.org","@graph":[{"@type":"Organization","@id":"https:\/\/secovipr.com.br\/curitiba\/#organization","name":"Secovi-PR","url":"https:\/\/secovipr.com.br\/curitiba\/","sameAs":["https:\/\/www.facebook.com\/pages\/Secovi-PR\/347968435288032","https:\/\/twitter.com\/secovipr"],"logo":{"@type":"ImageObject","@id":"https:\/\/secovipr.com.br\/curitiba\/#logo","inLanguage":"pt-BR","url":"https:\/\/secovipr.com.br\/curitiba\/wp-content\/uploads\/sites\/8\/2022\/01\/secovipr-logo.png","contentUrl":"https:\/\/secovipr.com.br\/curitiba\/wp-content\/uploads\/sites\/8\/2022\/01\/secovipr-logo.png","width":400,"height":359,"caption":"Secovi-PR"},"image":{"@id":"https:\/\/secovipr.com.br\/curitiba\/#logo"}},{"@type":"WebSite","@id":"https:\/\/secovipr.com.br\/curitiba\/#website","url":"https:\/\/secovipr.com.br\/curitiba\/","name":"Regional Metropolitana","description":"Sindicato da Habita\u00e7\u00e3o e Condom\u00ednios do Paran\u00e1","publisher":{"@id":"https:\/\/secovipr.com.br\/curitiba\/#organization"},"potentialAction":[{"@type":"SearchAction","target":{"@type":"EntryPoint","urlTemplate":"https:\/\/secovipr.com.br\/curitiba\/?s={search_term_string}"},"query-input":"required name=search_term_string"}],"inLanguage":"pt-BR"},{"@type":"ImageObject","@id":"https:\/\/secovipr.com.br\/curitiba\/servicos\/programa-de-saude-e-seguranca-do-trabalho-psst\/#primaryimage","inLanguage":"pt-BR","url":"https:\/\/secovipr.com.br\/curitiba\/wp-content\/uploads\/sites\/8\/2022\/03\/img-psst-1.jpg","contentUrl":"https:\/\/secovipr.com.br\/curitiba\/wp-content\/uploads\/sites\/8\/2022\/03\/img-psst-1.jpg","width":1124,"height":502},{"@type":"WebPage","@id":"https:\/\/secovipr.com.br\/curitiba\/servicos\/programa-de-saude-e-seguranca-do-trabalho-psst\/#webpage","url":"https:\/\/secovipr.com.br\/curitiba\/servicos\/programa-de-saude-e-seguranca-do-trabalho-psst\/","name":"Secovi-PR - Programa de sa\u00fade e seguran\u00e7a do trabalho (PSST) - Regional Metropolitana","isPartOf":{"@id":"https:\/\/secovipr.com.br\/curitiba\/#website"},"primaryImageOfPage":{"@id":"https:\/\/secovipr.com.br\/curitiba\/servicos\/programa-de-saude-e-seguranca-do-trabalho-psst\/#primaryimage"},"datePublished":"2022-03-09T00:08:54+00:00","dateModified":"2022-03-09T00:16:54+00:00","breadcrumb":{"@id":"https:\/\/secovipr.com.br\/curitiba\/servicos\/programa-de-saude-e-seguranca-do-trabalho-psst\/#breadcrumb"},"inLanguage":"pt-BR","potentialAction":[{"@type":"ReadAction","target":["https:\/\/secovipr.com.br\/curitiba\/servicos\/programa-de-saude-e-seguranca-do-trabalho-psst\/"]}]},{"@type":"BreadcrumbList","@id":"https:\/\/secovipr.com.br\/curitiba\/servicos\/programa-de-saude-e-seguranca-do-trabalho-psst\/#breadcrumb","itemListElement":[{"@type":"ListItem","position":1,"name":"In\u00edcio","item":"https:\/\/secovipr.com.br\/curitiba\/"},{"@type":"ListItem","position":2,"name":"Servi\u00e7os","item":"https:\/\/secovipr.com.br\/curitiba\/servicos\/"},{"@type":"ListItem","position":3,"name":"Programa de sa\u00fade e seguran\u00e7a do trabalho (PSST)"}]}]}},"_links":{"self":[{"href":"https:\/\/secovipr.com.br\/curitiba\/wp-json\/wp\/v2\/pages\/365"}],"collection":[{"href":"https:\/\/secovipr.com.br\/curitiba\/wp-json\/wp\/v2\/pages"}],"about":[{"href":"https:\/\/secovipr.com.br\/curitiba\/wp-json\/wp\/v2\/types\/page"}],"author":[{"embeddable":true,"href":"https:\/\/secovipr.com.br\/curitiba\/wp-json\/wp\/v2\/users\/1"}],"replies":[{"embeddable":true,"href":"https:\/\/secovipr.com.br\/curitiba\/wp-json\/wp\/v2\/comments?post=365"}],"version-history":[{"count":2,"href":"https:\/\/secovipr.com.br\/curitiba\/wp-json\/wp\/v2\/pages\/365\/revisions"}],"predecessor-version":[{"id":369,"href":"https:\/\/secovipr.com.br\/curitiba\/wp-json\/wp\/v2\/pages\/365\/revisions\/369"}],"up":[{"embeddable":true,"href":"https:\/\/secovipr.com.br\/curitiba\/wp-json\/wp\/v2\/pages\/44"}],"wp:attachment":[{"href":"https:\/\/secovipr.com.br\/curitiba\/wp-json\/wp\/v2\/media?parent=365"}],"curies":[{"name":"wp","href":"https:\/\/api.w.org\/{rel}","templated":true}]}}