{"id":361,"date":"2022-03-08T21:00:18","date_gmt":"2022-03-09T00:00:18","guid":{"rendered":"https:\/\/secovipr.com.br\/curitiba\/?page_id=361"},"modified":"2022-03-08T21:16:46","modified_gmt":"2022-03-09T00:16:46","slug":"patologias-da-construcao","status":"publish","type":"page","link":"https:\/\/secovipr.com.br\/curitiba\/servicos\/patologias-da-construcao\/","title":{"rendered":"Patologias da constru\u00e7\u00e3o"},"content":{"rendered":"\n<p>Mercado condominial e imobili\u00e1rio tem a sua disposi\u00e7\u00e3o mais um servi\u00e7o de excel\u00eancia ofertado pelo SECOVI-PR.<\/p>\n\n\n\n<p>S\u00edndicos, loteadores, incorporadores, engenheiros, arquitetos e todo mercado da habita\u00e7\u00e3o podem agora utilizar servi\u00e7os de captura de imagens realistas utilizando drones e sensores especiais para produ\u00e7\u00e3o de fotos, v\u00eddeos e mapas detalhados de qualquer \u00e1rea, at\u00e9 as de mais dif\u00edcil acesso.<\/p>\n\n\n\n<p>Veja alguns usos desse novo servi\u00e7o oferecido com valores especiais para associados e representados: <\/p>\n\n\n\n<div class=\"wp-block-columns\">\n<div class=\"wp-block-column\">\n<h4>INSPE\u00c7\u00c3O DE FACHADAS DE EDIF\u00cdCIOS<\/h4>\n\n\n\n<figure class=\"wp-block-image size-large\"><img loading=\"lazy\" width=\"1024\" height=\"683\" src=\"https:\/\/secovipr.com.br\/curitiba\/wp-content\/uploads\/sites\/8\/2022\/01\/eventos-img-02-1024x683.jpg\" alt=\"\" class=\"wp-image-135\" srcset=\"https:\/\/secovipr.com.br\/curitiba\/wp-content\/uploads\/sites\/8\/2022\/01\/eventos-img-02-1024x683.jpg 1024w, https:\/\/secovipr.com.br\/curitiba\/wp-content\/uploads\/sites\/8\/2022\/01\/eventos-img-02-300x200.jpg 300w, https:\/\/secovipr.com.br\/curitiba\/wp-content\/uploads\/sites\/8\/2022\/01\/eventos-img-02-768x512.jpg 768w, https:\/\/secovipr.com.br\/curitiba\/wp-content\/uploads\/sites\/8\/2022\/01\/eventos-img-02.jpg 1290w\" sizes=\"(max-width: 1024px) 100vw, 1024px\" \/><\/figure>\n\n\n\n<p>Permitem identificar problemas n\u00e3o observados a olho nu, como por exemplo: infiltra\u00e7\u00f5es, calhas entupidas, telhas quebradas, descolamentos e fissuras no revestimento.Com redu\u00e7\u00e3o de tempo e custo superiores a 60%.<\/p>\n<\/div>\n\n\n\n<div class=\"wp-block-column\">\n<h4>MONITORAMENTO E CONTROLE NO PLANEJAMENTO E EXECU\u00c7\u00c3O DE OBRAS<\/h4>\n\n\n\n<figure class=\"wp-block-image size-large\"><img loading=\"lazy\" width=\"1024\" height=\"683\" src=\"https:\/\/secovipr.com.br\/curitiba\/wp-content\/uploads\/sites\/8\/2022\/01\/eventos-img-02-1024x683.jpg\" alt=\"\" class=\"wp-image-135\" srcset=\"https:\/\/secovipr.com.br\/curitiba\/wp-content\/uploads\/sites\/8\/2022\/01\/eventos-img-02-1024x683.jpg 1024w, https:\/\/secovipr.com.br\/curitiba\/wp-content\/uploads\/sites\/8\/2022\/01\/eventos-img-02-300x200.jpg 300w, https:\/\/secovipr.com.br\/curitiba\/wp-content\/uploads\/sites\/8\/2022\/01\/eventos-img-02-768x512.jpg 768w, https:\/\/secovipr.com.br\/curitiba\/wp-content\/uploads\/sites\/8\/2022\/01\/eventos-img-02.jpg 1290w\" sizes=\"(max-width: 1024px) 100vw, 1024px\" \/><\/figure>\n\n\n\n<p>No planejamento de obras permitem, economia e <br>mais rapidez no levantamento topogr\u00e1fico, na prepara\u00e7\u00e3o do canteiro de obras, na identifica\u00e7\u00e3o dos pontos de drenagem e na mensura\u00e7\u00e3o de \u00e1reas. <\/p>\n\n\n\n<p>Na execu\u00e7\u00e3o da obra, entre muitas possibilidades podem ser utilizados em terraplanagem, controle do planejado em fun\u00e7\u00e3o do executado e nas inspe\u00e7\u00f5es.<\/p>\n<\/div>\n<\/div>\n\n\n\n<div class=\"wp-block-columns\">\n<div class=\"wp-block-column\">\n<h4>SERVI\u00c7OS TOPOGR\u00c1FICOS<\/h4>\n\n\n\n<figure class=\"wp-block-image size-large\"><img loading=\"lazy\" width=\"1024\" height=\"683\" src=\"https:\/\/secovipr.com.br\/curitiba\/wp-content\/uploads\/sites\/8\/2022\/01\/eventos-img-02-1024x683.jpg\" alt=\"\" class=\"wp-image-135\" srcset=\"https:\/\/secovipr.com.br\/curitiba\/wp-content\/uploads\/sites\/8\/2022\/01\/eventos-img-02-1024x683.jpg 1024w, https:\/\/secovipr.com.br\/curitiba\/wp-content\/uploads\/sites\/8\/2022\/01\/eventos-img-02-300x200.jpg 300w, https:\/\/secovipr.com.br\/curitiba\/wp-content\/uploads\/sites\/8\/2022\/01\/eventos-img-02-768x512.jpg 768w, https:\/\/secovipr.com.br\/curitiba\/wp-content\/uploads\/sites\/8\/2022\/01\/eventos-img-02.jpg 1290w\" sizes=\"(max-width: 1024px) 100vw, 1024px\" \/><\/figure>\n\n\n\n<p>S\u00e3o capazes de medir dist\u00e2ncias, posi\u00e7\u00f5es, \u00e2ngulos e \u00e1reas. Permite tamb\u00e9m a prospec\u00e7\u00e3o e an\u00e1lise de viabilidade com mapeamento da vizinhan\u00e7a, a identifica\u00e7\u00e3o de vegeta\u00e7\u00e3o e at\u00e9 mesmo impactos socioambientais.<\/p>\n<\/div>\n\n\n\n<div class=\"wp-block-column\">\n<h4>ACOMPANHAMENTO DE REFORMAS<br>INTERNAS<\/h4>\n\n\n\n<figure class=\"wp-block-image size-large\"><img loading=\"lazy\" width=\"1024\" height=\"683\" src=\"https:\/\/secovipr.com.br\/curitiba\/wp-content\/uploads\/sites\/8\/2022\/01\/eventos-img-02-1024x683.jpg\" alt=\"\" class=\"wp-image-135\" srcset=\"https:\/\/secovipr.com.br\/curitiba\/wp-content\/uploads\/sites\/8\/2022\/01\/eventos-img-02-1024x683.jpg 1024w, https:\/\/secovipr.com.br\/curitiba\/wp-content\/uploads\/sites\/8\/2022\/01\/eventos-img-02-300x200.jpg 300w, https:\/\/secovipr.com.br\/curitiba\/wp-content\/uploads\/sites\/8\/2022\/01\/eventos-img-02-768x512.jpg 768w, https:\/\/secovipr.com.br\/curitiba\/wp-content\/uploads\/sites\/8\/2022\/01\/eventos-img-02.jpg 1290w\" sizes=\"(max-width: 1024px) 100vw, 1024px\" \/><\/figure>\n\n\n\n<p>Com precis\u00e3o milim\u00e9trica, utilizando a tecnologia de sensores, esse servi\u00e7o permite a verifica\u00e7\u00e3o das medidas de aberturas e componentes dos ambientes, o acompanhamento da evolu\u00e7\u00e3o interna da obra e confer\u00eancia de etapas conclu\u00eddas. A tecnologia \u00e9 limitada a projetos de at\u00e9 50m\u00b2.<\/p>\n<\/div>\n<\/div>\n\n\n\n<h3>Benef\u00edcios para o cliente SECOVI-PR:<\/h3>\n\n\n\n<p>O novo servi\u00e7o ir\u00e1 oferecer os avan\u00e7os da tecnologia em capturas de imagens para que nossos representados tenham ganhos significativo em compara\u00e7\u00e3o a m\u00e9todos tradicionais:<\/p>\n\n\n\n<ol><li><strong>Economia:<\/strong> h\u00e1 casos que a redu\u00e7\u00e3o de custos pode chegar a 85%<\/li><li><strong>Redu\u00e7\u00e3o de tempo:<\/strong> a redu\u00e7\u00e3o de tempo pode chegar a 75%. Tanto em inspe\u00e7\u00e3o de fachadas como em levantamentos topogr\u00e1fico por exemplo, o trabalho executado tradicionalmente em 3 semanas podem ser realizadas em at\u00e9 1 dia;<\/li><li><strong>Acompanhamento sistem\u00e1tico de obras:<\/strong> a captura de imagens pode ser realizada rapidamente, quando e quantas vezes for necess\u00e1rio;<\/li><li><strong>Precis\u00e3o de dados capturados:<\/strong> os dados s\u00e3o milim\u00e9tricos, em alta defini\u00e7\u00e3o e mais completos;<\/li><li> <strong>Diminui\u00e7\u00e3o do retrabalho:<\/strong> pela alta precis\u00e3o e completude da captura dos dados o \u00edndice de erros \u00e9 praticamente zero;<\/li><li><strong>Seguran\u00e7a:<\/strong> uma vez que \u00e9 realizado remotamente por equipamentos e conseguem alcan\u00e7ar com seguran\u00e7a grandes altura e locais de dif\u00edcil acesso;<\/li><li><strong>Inspe\u00e7\u00f5es com mais qualidade:<\/strong> inspe\u00e7\u00f5es de fachadas ocorrem de forma mais econ\u00f4mica, \u00e1gil, precisa e segura j\u00e1 que as tecnologias permitem dispensar andaimes e guindastes por exemplo;<\/li><li><strong>Transpar\u00eancia e agilidade das informa\u00e7\u00f5es: <\/strong>com a regularidade e qualidade de captura das imagens h\u00e1 uma redu\u00e7\u00e3o de at\u00e9 50% na espera de dados atualizados.<\/li><\/ol>\n\n\n\n<h3>Como funciona?<\/h3>\n\n\n\n<ol><li>Os clientes sejam condom\u00ednios ou imobili\u00e1rias entram em contato com o departamento comercial do SECOVI-PR;<\/li><li>O faz um breve relato do ocorrido e sua necessidade dos servi\u00e7os;<\/li><li>O contato com o cliente \u00e9 encaminhado para a empresa parceira que dar\u00e1 continuidade ao contato.<\/li><\/ol>\n\n\n\n<h4>Contatos para informa\u00e7\u00f5es e or\u00e7amento:<\/h4>\n\n\n\n<p><strong>E-mail:<\/strong><\/p>\n\n\n\n<p>comercial1@secovipr.com.br\/curitiba<\/p>\n\n\n\n<p><strong>Fones<\/strong>:<\/p>\n\n\n\n<p>(41) 3259 6206<br>(41) 3259 6018<br>(41) 3259 6019<br>(41) 3259 6020<\/p>\n","protected":false},"excerpt":{"rendered":"<p>Mercado condominial e imobili\u00e1rio tem a sua disposi\u00e7\u00e3o mais um servi\u00e7o de excel\u00eancia ofertado pelo SECOVI-PR. S\u00edndicos, loteadores, incorporadores, engenheiros, arquitetos e todo mercado da habita\u00e7\u00e3o podem agora utilizar servi\u00e7os de captura de imagens realistas utilizando drones e sensores especiais para produ\u00e7\u00e3o de fotos, v\u00eddeos e mapas detalhados de qualquer \u00e1rea, at\u00e9 as de mais [&hellip;]<\/p>\n","protected":false},"author":1,"featured_media":0,"parent":44,"menu_order":0,"comment_status":"closed","ping_status":"closed","template":"","meta":[],"acf":[],"yoast_head":"<!-- This site is optimized with the Yoast SEO plugin v18.1 - https:\/\/yoast.com\/wordpress\/plugins\/seo\/ -->\n<title>Secovi-PR - Patologias da constru\u00e7\u00e3o - Regional Metropolitana<\/title>\n<meta name=\"robots\" content=\"noindex, follow, max-snippet:-1, max-image-preview:large, max-video-preview:-1\" \/>\n<meta property=\"og:locale\" content=\"pt_BR\" \/>\n<meta property=\"og:type\" content=\"article\" \/>\n<meta property=\"og:title\" content=\"Secovi-PR - Patologias da constru\u00e7\u00e3o - Regional Metropolitana\" \/>\n<meta property=\"og:description\" content=\"Mercado condominial e imobili\u00e1rio tem a sua disposi\u00e7\u00e3o mais um servi\u00e7o de excel\u00eancia ofertado pelo SECOVI-PR. S\u00edndicos, loteadores, incorporadores, engenheiros, arquitetos e todo mercado da habita\u00e7\u00e3o podem agora utilizar servi\u00e7os de captura de imagens realistas utilizando drones e sensores especiais para produ\u00e7\u00e3o de fotos, v\u00eddeos e mapas detalhados de qualquer \u00e1rea, at\u00e9 as de mais [&hellip;]\" \/>\n<meta property=\"og:url\" content=\"https:\/\/secovipr.com.br\/curitiba\/servicos\/patologias-da-construcao\/\" \/>\n<meta property=\"og:site_name\" content=\"Regional Metropolitana\" \/>\n<meta property=\"article:publisher\" content=\"https:\/\/www.facebook.com\/pages\/Secovi-PR\/347968435288032\" \/>\n<meta property=\"article:modified_time\" content=\"2022-03-09T00:16:46+00:00\" \/>\n<meta property=\"og:image\" content=\"https:\/\/secovipr.com.br\/curitiba\/wp-content\/uploads\/sites\/8\/2022\/01\/eventos-img-02-1024x683.jpg\" \/>\n<meta name=\"twitter:card\" content=\"summary_large_image\" \/>\n<meta name=\"twitter:site\" content=\"@secovipr\" \/>\n<meta name=\"twitter:label1\" content=\"Est. tempo de leitura\" \/>\n\t<meta name=\"twitter:data1\" content=\"4 minutos\" \/>\n<script type=\"application\/ld+json\" class=\"yoast-schema-graph\">{\"@context\":\"https:\/\/schema.org\",\"@graph\":[{\"@type\":\"Organization\",\"@id\":\"https:\/\/secovipr.com.br\/curitiba\/#organization\",\"name\":\"Secovi-PR\",\"url\":\"https:\/\/secovipr.com.br\/curitiba\/\",\"sameAs\":[\"https:\/\/www.facebook.com\/pages\/Secovi-PR\/347968435288032\",\"https:\/\/twitter.com\/secovipr\"],\"logo\":{\"@type\":\"ImageObject\",\"@id\":\"https:\/\/secovipr.com.br\/curitiba\/#logo\",\"inLanguage\":\"pt-BR\",\"url\":\"https:\/\/secovipr.com.br\/curitiba\/wp-content\/uploads\/sites\/8\/2022\/01\/secovipr-logo.png\",\"contentUrl\":\"https:\/\/secovipr.com.br\/curitiba\/wp-content\/uploads\/sites\/8\/2022\/01\/secovipr-logo.png\",\"width\":400,\"height\":359,\"caption\":\"Secovi-PR\"},\"image\":{\"@id\":\"https:\/\/secovipr.com.br\/curitiba\/#logo\"}},{\"@type\":\"WebSite\",\"@id\":\"https:\/\/secovipr.com.br\/curitiba\/#website\",\"url\":\"https:\/\/secovipr.com.br\/curitiba\/\",\"name\":\"Regional Metropolitana\",\"description\":\"Sindicato da Habita\u00e7\u00e3o e Condom\u00ednios do Paran\u00e1\",\"publisher\":{\"@id\":\"https:\/\/secovipr.com.br\/curitiba\/#organization\"},\"potentialAction\":[{\"@type\":\"SearchAction\",\"target\":{\"@type\":\"EntryPoint\",\"urlTemplate\":\"https:\/\/secovipr.com.br\/curitiba\/?s={search_term_string}\"},\"query-input\":\"required name=search_term_string\"}],\"inLanguage\":\"pt-BR\"},{\"@type\":\"ImageObject\",\"@id\":\"https:\/\/secovipr.com.br\/curitiba\/servicos\/patologias-da-construcao\/#primaryimage\",\"inLanguage\":\"pt-BR\",\"url\":\"https:\/\/secovipr.com.br\/curitiba\/wp-content\/uploads\/sites\/8\/2022\/01\/eventos-img-02.jpg\",\"contentUrl\":\"https:\/\/secovipr.com.br\/curitiba\/wp-content\/uploads\/sites\/8\/2022\/01\/eventos-img-02.jpg\",\"width\":1290,\"height\":860},{\"@type\":\"WebPage\",\"@id\":\"https:\/\/secovipr.com.br\/curitiba\/servicos\/patologias-da-construcao\/#webpage\",\"url\":\"https:\/\/secovipr.com.br\/curitiba\/servicos\/patologias-da-construcao\/\",\"name\":\"Secovi-PR - Patologias da constru\u00e7\u00e3o - Regional Metropolitana\",\"isPartOf\":{\"@id\":\"https:\/\/secovipr.com.br\/curitiba\/#website\"},\"primaryImageOfPage\":{\"@id\":\"https:\/\/secovipr.com.br\/curitiba\/servicos\/patologias-da-construcao\/#primaryimage\"},\"datePublished\":\"2022-03-09T00:00:18+00:00\",\"dateModified\":\"2022-03-09T00:16:46+00:00\",\"breadcrumb\":{\"@id\":\"https:\/\/secovipr.com.br\/curitiba\/servicos\/patologias-da-construcao\/#breadcrumb\"},\"inLanguage\":\"pt-BR\",\"potentialAction\":[{\"@type\":\"ReadAction\",\"target\":[\"https:\/\/secovipr.com.br\/curitiba\/servicos\/patologias-da-construcao\/\"]}]},{\"@type\":\"BreadcrumbList\",\"@id\":\"https:\/\/secovipr.com.br\/curitiba\/servicos\/patologias-da-construcao\/#breadcrumb\",\"itemListElement\":[{\"@type\":\"ListItem\",\"position\":1,\"name\":\"In\u00edcio\",\"item\":\"https:\/\/secovipr.com.br\/curitiba\/\"},{\"@type\":\"ListItem\",\"position\":2,\"name\":\"Servi\u00e7os\",\"item\":\"https:\/\/secovipr.com.br\/curitiba\/servicos\/\"},{\"@type\":\"ListItem\",\"position\":3,\"name\":\"Patologias da constru\u00e7\u00e3o\"}]}]}<\/script>\n<!-- \/ Yoast SEO plugin. -->","yoast_head_json":{"title":"Secovi-PR - Patologias da constru\u00e7\u00e3o - Regional Metropolitana","robots":{"index":"noindex","follow":"follow","max-snippet":"max-snippet:-1","max-image-preview":"max-image-preview:large","max-video-preview":"max-video-preview:-1"},"og_locale":"pt_BR","og_type":"article","og_title":"Secovi-PR - Patologias da constru\u00e7\u00e3o - Regional Metropolitana","og_description":"Mercado condominial e imobili\u00e1rio tem a sua disposi\u00e7\u00e3o mais um servi\u00e7o de excel\u00eancia ofertado pelo SECOVI-PR. S\u00edndicos, loteadores, incorporadores, engenheiros, arquitetos e todo mercado da habita\u00e7\u00e3o podem agora utilizar servi\u00e7os de captura de imagens realistas utilizando drones e sensores especiais para produ\u00e7\u00e3o de fotos, v\u00eddeos e mapas detalhados de qualquer \u00e1rea, at\u00e9 as de mais [&hellip;]","og_url":"https:\/\/secovipr.com.br\/curitiba\/servicos\/patologias-da-construcao\/","og_site_name":"Regional Metropolitana","article_publisher":"https:\/\/www.facebook.com\/pages\/Secovi-PR\/347968435288032","article_modified_time":"2022-03-09T00:16:46+00:00","og_image":[{"url":"https:\/\/secovipr.com.br\/curitiba\/wp-content\/uploads\/sites\/8\/2022\/01\/eventos-img-02-1024x683.jpg"}],"twitter_card":"summary_large_image","twitter_site":"@secovipr","twitter_misc":{"Est. tempo de leitura":"4 minutos"},"schema":{"@context":"https:\/\/schema.org","@graph":[{"@type":"Organization","@id":"https:\/\/secovipr.com.br\/curitiba\/#organization","name":"Secovi-PR","url":"https:\/\/secovipr.com.br\/curitiba\/","sameAs":["https:\/\/www.facebook.com\/pages\/Secovi-PR\/347968435288032","https:\/\/twitter.com\/secovipr"],"logo":{"@type":"ImageObject","@id":"https:\/\/secovipr.com.br\/curitiba\/#logo","inLanguage":"pt-BR","url":"https:\/\/secovipr.com.br\/curitiba\/wp-content\/uploads\/sites\/8\/2022\/01\/secovipr-logo.png","contentUrl":"https:\/\/secovipr.com.br\/curitiba\/wp-content\/uploads\/sites\/8\/2022\/01\/secovipr-logo.png","width":400,"height":359,"caption":"Secovi-PR"},"image":{"@id":"https:\/\/secovipr.com.br\/curitiba\/#logo"}},{"@type":"WebSite","@id":"https:\/\/secovipr.com.br\/curitiba\/#website","url":"https:\/\/secovipr.com.br\/curitiba\/","name":"Regional Metropolitana","description":"Sindicato da Habita\u00e7\u00e3o e Condom\u00ednios do Paran\u00e1","publisher":{"@id":"https:\/\/secovipr.com.br\/curitiba\/#organization"},"potentialAction":[{"@type":"SearchAction","target":{"@type":"EntryPoint","urlTemplate":"https:\/\/secovipr.com.br\/curitiba\/?s={search_term_string}"},"query-input":"required name=search_term_string"}],"inLanguage":"pt-BR"},{"@type":"ImageObject","@id":"https:\/\/secovipr.com.br\/curitiba\/servicos\/patologias-da-construcao\/#primaryimage","inLanguage":"pt-BR","url":"https:\/\/secovipr.com.br\/curitiba\/wp-content\/uploads\/sites\/8\/2022\/01\/eventos-img-02.jpg","contentUrl":"https:\/\/secovipr.com.br\/curitiba\/wp-content\/uploads\/sites\/8\/2022\/01\/eventos-img-02.jpg","width":1290,"height":860},{"@type":"WebPage","@id":"https:\/\/secovipr.com.br\/curitiba\/servicos\/patologias-da-construcao\/#webpage","url":"https:\/\/secovipr.com.br\/curitiba\/servicos\/patologias-da-construcao\/","name":"Secovi-PR - Patologias da constru\u00e7\u00e3o - Regional Metropolitana","isPartOf":{"@id":"https:\/\/secovipr.com.br\/curitiba\/#website"},"primaryImageOfPage":{"@id":"https:\/\/secovipr.com.br\/curitiba\/servicos\/patologias-da-construcao\/#primaryimage"},"datePublished":"2022-03-09T00:00:18+00:00","dateModified":"2022-03-09T00:16:46+00:00","breadcrumb":{"@id":"https:\/\/secovipr.com.br\/curitiba\/servicos\/patologias-da-construcao\/#breadcrumb"},"inLanguage":"pt-BR","potentialAction":[{"@type":"ReadAction","target":["https:\/\/secovipr.com.br\/curitiba\/servicos\/patologias-da-construcao\/"]}]},{"@type":"BreadcrumbList","@id":"https:\/\/secovipr.com.br\/curitiba\/servicos\/patologias-da-construcao\/#breadcrumb","itemListElement":[{"@type":"ListItem","position":1,"name":"In\u00edcio","item":"https:\/\/secovipr.com.br\/curitiba\/"},{"@type":"ListItem","position":2,"name":"Servi\u00e7os","item":"https:\/\/secovipr.com.br\/curitiba\/servicos\/"},{"@type":"ListItem","position":3,"name":"Patologias da constru\u00e7\u00e3o"}]}]}},"_links":{"self":[{"href":"https:\/\/secovipr.com.br\/curitiba\/wp-json\/wp\/v2\/pages\/361"}],"collection":[{"href":"https:\/\/secovipr.com.br\/curitiba\/wp-json\/wp\/v2\/pages"}],"about":[{"href":"https:\/\/secovipr.com.br\/curitiba\/wp-json\/wp\/v2\/types\/page"}],"author":[{"embeddable":true,"href":"https:\/\/secovipr.com.br\/curitiba\/wp-json\/wp\/v2\/users\/1"}],"replies":[{"embeddable":true,"href":"https:\/\/secovipr.com.br\/curitiba\/wp-json\/wp\/v2\/comments?post=361"}],"version-history":[{"count":2,"href":"https:\/\/secovipr.com.br\/curitiba\/wp-json\/wp\/v2\/pages\/361\/revisions"}],"predecessor-version":[{"id":364,"href":"https:\/\/secovipr.com.br\/curitiba\/wp-json\/wp\/v2\/pages\/361\/revisions\/364"}],"up":[{"embeddable":true,"href":"https:\/\/secovipr.com.br\/curitiba\/wp-json\/wp\/v2\/pages\/44"}],"wp:attachment":[{"href":"https:\/\/secovipr.com.br\/curitiba\/wp-json\/wp\/v2\/media?parent=361"}],"curies":[{"name":"wp","href":"https:\/\/api.w.org\/{rel}","templated":true}]}}