{"id":358,"date":"2022-03-08T20:49:58","date_gmt":"2022-03-08T23:49:58","guid":{"rendered":"https:\/\/secovipr.com.br\/curitiba\/?page_id=358"},"modified":"2022-08-24T14:42:48","modified_gmt":"2022-08-24T17:42:48","slug":"convencoes-coletivas-de-trabalho-cct","status":"publish","type":"page","link":"https:\/\/secovipr.com.br\/curitiba\/servicos\/convencoes-coletivas-de-trabalho-cct\/","title":{"rendered":"Conven\u00e7\u00f5es coletivas de trabalho (CCT)"},"content":{"rendered":"\n<p>As conven\u00e7\u00f5es coletivas de trabalho (CCT) s\u00e3o acordos de car\u00e1ter normativo, por meio das CCTs os Sindicatos estipulam condi\u00e7\u00f5es de trabalho aplic\u00e1veis \u00e0s rela\u00e7\u00f5es de trabalho. <\/p>\n\n\n\n<p>A conven\u00e7\u00e3o coletiva \u00e9 um dos t\u00f3picos estabelecidos pela Consolida\u00e7\u00e3o das Leis de Trabalho (CLT). A CCT presente nos artigos 611 at\u00e9 625 da CLT:<\/p>\n\n\n\n<blockquote class=\"wp-block-quote\"><p>Art. 611 \u2013 Conven\u00e7\u00e3o Coletiva de Trabalho \u00e9 o acordo de car\u00e1ter normativo, pelo qual dois ou mais Sindicatos representativos de categorias econ\u00f4micas e profissionais estipulam condi\u00e7\u00f5es de trabalho aplic\u00e1veis, no \u00e2mbito das respectivas representa\u00e7\u00f5es, \u00e0s rela\u00e7\u00f5es individuais de trabalho.<\/p><\/blockquote>\n\n\n\n<p>A Conven\u00e7\u00f5es Coletivas de Trabalho t\u00eam preval\u00eancia sobre a lei quando n\u00e3o ferem os direitos previstos nas legisla\u00e7\u00f5es e devem criar condi\u00e7\u00f5es de trabalho mais favor\u00e1veis do que as previstas em lei. <\/p>\n\n\n\n<p>Uma conven\u00e7\u00e3o coletiva \u00e9 fruto de acordos entre empregados e empregadores, mediados pelos sindicatos. Negocia\u00e7\u00f5es coletivas implementam medidas que modificam as rela\u00e7\u00f5es trabalhistas, como benef\u00edcios, estabilidade provis\u00f3ria, banco de horas, pisos salariais, reajustes salariais, home office ou teletrabalho e horas extras.<\/p>\n\n\n\n<p>Anualmente \u00e9 feita uma reuni\u00e3o entre colaboradores e contratantes da classe sindicalizada em quest\u00e3o para firmar a conven\u00e7\u00e3o coletiva, definindo os detalhes da rela\u00e7\u00e3o entre os dois, por meio de negocia\u00e7\u00f5es. O per\u00edodo entre reuni\u00f5es n\u00e3o pode exceder 2 anos. A negocia\u00e7\u00e3o leva em conta o cen\u00e1rio econ\u00f4mico do setor e os interesses dos empregadores, aliando uma s\u00e9rie de benef\u00edcios tanto para as empresas quanto para seus funcion\u00e1rios.<\/p>\n\n\n\n<p>O dia em que a reuni\u00e3o de conven\u00e7\u00e3o coletiva \u00e9 feita \u00e9 chamada de Data Base, de acordo com a legisla\u00e7\u00e3o. Neste dia os representantes das categorias devem requerer, rever, modificar ou extinguir normas contidas nos instrumentos normativos de sua categoria. <\/p>\n\n\n\n<p>As negocia\u00e7\u00f5es podem ser separadas em duas categorias:<\/p>\n\n\n\n<p><strong>Cl\u00e1usulas econ\u00f4micas:<\/strong> Como reajustes; piso salarial e valor das horas extras.<\/p>\n\n\n\n<p><strong>Cl\u00e1usulas sociais:<\/strong> Como estabilidade; seguro de vida; abono de faltas; quest\u00f5es de higiene; seguran\u00e7a do trabalho e condi\u00e7\u00f5es de trabalho adequadas.<\/p>\n\n\n\n<p>Se a negocia\u00e7\u00e3o for aprovada pelo representante eleito dos sindicatos trabalhistas e patronais ela \u00e9 assinada e registrada no Minist\u00e9rio do Trabalho, pelo Sistema Mediador das Rela\u00e7\u00f5es de Trabalho, para fins meramente cadastrais e de publicidade, suas regras passam a ser v\u00e1lidas e aplicadas a todos integrantes daquela categoria profissional.<\/p>\n\n\n\n<p>Clique a seguir para acessar as Conven\u00e7\u00f5es Coletivas do SECOVI-PR na sua regi\u00e3o:<\/p>\n\n\n\n<div class=\"wp-container-1 wp-block-buttons\">\n<div class=\"wp-block-button is-style-outline\"><a class=\"wp-block-button__link\">Regional metropolitana<\/a><\/div>\n\n\n\n<div class=\"wp-block-button is-style-outline\"><a class=\"wp-block-button__link\">Regional oeste<\/a><\/div>\n\n\n\n<div class=\"wp-block-button is-style-outline\"><a class=\"wp-block-button__link\">Regional cataratas<\/a><\/div>\n<\/div>\n\n\n\n<div class=\"wp-container-2 wp-block-buttons\">\n<div class=\"wp-block-button is-style-outline\"><a class=\"wp-block-button__link\">Regional norte<\/a><\/div>\n\n\n\n<div class=\"wp-block-button is-style-outline\"><a class=\"wp-block-button__link\">Regional noroeste<\/a><\/div>\n\n\n\n<div class=\"wp-block-button is-style-outline\"><a class=\"wp-block-button__link\">Regional campos gerais<\/a><\/div>\n<\/div>\n","protected":false},"excerpt":{"rendered":"<p>As conven\u00e7\u00f5es coletivas de trabalho (CCT) s\u00e3o acordos de car\u00e1ter normativo, por meio das CCTs os Sindicatos estipulam condi\u00e7\u00f5es de trabalho aplic\u00e1veis \u00e0s rela\u00e7\u00f5es de trabalho. A conven\u00e7\u00e3o coletiva \u00e9 um dos t\u00f3picos estabelecidos pela Consolida\u00e7\u00e3o das Leis de Trabalho (CLT). A CCT presente nos artigos 611 at\u00e9 625 da CLT: Art. 611 \u2013 Conven\u00e7\u00e3o [&hellip;]<\/p>\n","protected":false},"author":1,"featured_media":0,"parent":44,"menu_order":0,"comment_status":"closed","ping_status":"closed","template":"","meta":[],"acf":[],"yoast_head":"<!-- This site is optimized with the Yoast SEO plugin v18.1 - https:\/\/yoast.com\/wordpress\/plugins\/seo\/ -->\n<title>Secovi-PR - Conven\u00e7\u00f5es coletivas de trabalho (CCT) - Regional Metropolitana<\/title>\n<meta name=\"robots\" content=\"noindex, follow, max-snippet:-1, max-image-preview:large, max-video-preview:-1\" \/>\n<meta property=\"og:locale\" content=\"pt_BR\" \/>\n<meta property=\"og:type\" content=\"article\" \/>\n<meta property=\"og:title\" content=\"Secovi-PR - Conven\u00e7\u00f5es coletivas de trabalho (CCT) - Regional Metropolitana\" \/>\n<meta property=\"og:description\" content=\"As conven\u00e7\u00f5es coletivas de trabalho (CCT) s\u00e3o acordos de car\u00e1ter normativo, por meio das CCTs os Sindicatos estipulam condi\u00e7\u00f5es de trabalho aplic\u00e1veis \u00e0s rela\u00e7\u00f5es de trabalho. A conven\u00e7\u00e3o coletiva \u00e9 um dos t\u00f3picos estabelecidos pela Consolida\u00e7\u00e3o das Leis de Trabalho (CLT). A CCT presente nos artigos 611 at\u00e9 625 da CLT: Art. 611 \u2013 Conven\u00e7\u00e3o [&hellip;]\" \/>\n<meta property=\"og:url\" content=\"https:\/\/secovipr.com.br\/curitiba\/servicos\/convencoes-coletivas-de-trabalho-cct\/\" \/>\n<meta property=\"og:site_name\" content=\"Regional Metropolitana\" \/>\n<meta property=\"article:publisher\" content=\"https:\/\/www.facebook.com\/pages\/Secovi-PR\/347968435288032\" \/>\n<meta property=\"article:modified_time\" content=\"2022-08-24T17:42:48+00:00\" \/>\n<meta name=\"twitter:card\" content=\"summary_large_image\" \/>\n<meta name=\"twitter:site\" content=\"@secovipr\" \/>\n<meta name=\"twitter:label1\" content=\"Est. tempo de leitura\" \/>\n\t<meta name=\"twitter:data1\" content=\"3 minutos\" \/>\n<script type=\"application\/ld+json\" class=\"yoast-schema-graph\">{\"@context\":\"https:\/\/schema.org\",\"@graph\":[{\"@type\":\"Organization\",\"@id\":\"https:\/\/secovipr.com.br\/curitiba\/#organization\",\"name\":\"Secovi-PR\",\"url\":\"https:\/\/secovipr.com.br\/curitiba\/\",\"sameAs\":[\"https:\/\/www.facebook.com\/pages\/Secovi-PR\/347968435288032\",\"https:\/\/twitter.com\/secovipr\"],\"logo\":{\"@type\":\"ImageObject\",\"@id\":\"https:\/\/secovipr.com.br\/curitiba\/#logo\",\"inLanguage\":\"pt-BR\",\"url\":\"https:\/\/secovipr.com.br\/curitiba\/wp-content\/uploads\/sites\/8\/2022\/01\/secovipr-logo.png\",\"contentUrl\":\"https:\/\/secovipr.com.br\/curitiba\/wp-content\/uploads\/sites\/8\/2022\/01\/secovipr-logo.png\",\"width\":400,\"height\":359,\"caption\":\"Secovi-PR\"},\"image\":{\"@id\":\"https:\/\/secovipr.com.br\/curitiba\/#logo\"}},{\"@type\":\"WebSite\",\"@id\":\"https:\/\/secovipr.com.br\/curitiba\/#website\",\"url\":\"https:\/\/secovipr.com.br\/curitiba\/\",\"name\":\"Regional Metropolitana\",\"description\":\"Sindicato da Habita\u00e7\u00e3o e Condom\u00ednios do Paran\u00e1\",\"publisher\":{\"@id\":\"https:\/\/secovipr.com.br\/curitiba\/#organization\"},\"potentialAction\":[{\"@type\":\"SearchAction\",\"target\":{\"@type\":\"EntryPoint\",\"urlTemplate\":\"https:\/\/secovipr.com.br\/curitiba\/?s={search_term_string}\"},\"query-input\":\"required name=search_term_string\"}],\"inLanguage\":\"pt-BR\"},{\"@type\":\"WebPage\",\"@id\":\"https:\/\/secovipr.com.br\/curitiba\/servicos\/convencoes-coletivas-de-trabalho-cct\/#webpage\",\"url\":\"https:\/\/secovipr.com.br\/curitiba\/servicos\/convencoes-coletivas-de-trabalho-cct\/\",\"name\":\"Secovi-PR - Conven\u00e7\u00f5es coletivas de trabalho (CCT) - Regional Metropolitana\",\"isPartOf\":{\"@id\":\"https:\/\/secovipr.com.br\/curitiba\/#website\"},\"datePublished\":\"2022-03-08T23:49:58+00:00\",\"dateModified\":\"2022-08-24T17:42:48+00:00\",\"breadcrumb\":{\"@id\":\"https:\/\/secovipr.com.br\/curitiba\/servicos\/convencoes-coletivas-de-trabalho-cct\/#breadcrumb\"},\"inLanguage\":\"pt-BR\",\"potentialAction\":[{\"@type\":\"ReadAction\",\"target\":[\"https:\/\/secovipr.com.br\/curitiba\/servicos\/convencoes-coletivas-de-trabalho-cct\/\"]}]},{\"@type\":\"BreadcrumbList\",\"@id\":\"https:\/\/secovipr.com.br\/curitiba\/servicos\/convencoes-coletivas-de-trabalho-cct\/#breadcrumb\",\"itemListElement\":[{\"@type\":\"ListItem\",\"position\":1,\"name\":\"In\u00edcio\",\"item\":\"https:\/\/secovipr.com.br\/curitiba\/\"},{\"@type\":\"ListItem\",\"position\":2,\"name\":\"Servi\u00e7os\",\"item\":\"https:\/\/secovipr.com.br\/curitiba\/servicos\/\"},{\"@type\":\"ListItem\",\"position\":3,\"name\":\"Conven\u00e7\u00f5es coletivas de trabalho (CCT)\"}]}]}<\/script>\n<!-- \/ Yoast SEO plugin. -->","yoast_head_json":{"title":"Secovi-PR - Conven\u00e7\u00f5es coletivas de trabalho (CCT) - Regional Metropolitana","robots":{"index":"noindex","follow":"follow","max-snippet":"max-snippet:-1","max-image-preview":"max-image-preview:large","max-video-preview":"max-video-preview:-1"},"og_locale":"pt_BR","og_type":"article","og_title":"Secovi-PR - Conven\u00e7\u00f5es coletivas de trabalho (CCT) - Regional Metropolitana","og_description":"As conven\u00e7\u00f5es coletivas de trabalho (CCT) s\u00e3o acordos de car\u00e1ter normativo, por meio das CCTs os Sindicatos estipulam condi\u00e7\u00f5es de trabalho aplic\u00e1veis \u00e0s rela\u00e7\u00f5es de trabalho. A conven\u00e7\u00e3o coletiva \u00e9 um dos t\u00f3picos estabelecidos pela Consolida\u00e7\u00e3o das Leis de Trabalho (CLT). A CCT presente nos artigos 611 at\u00e9 625 da CLT: Art. 611 \u2013 Conven\u00e7\u00e3o [&hellip;]","og_url":"https:\/\/secovipr.com.br\/curitiba\/servicos\/convencoes-coletivas-de-trabalho-cct\/","og_site_name":"Regional Metropolitana","article_publisher":"https:\/\/www.facebook.com\/pages\/Secovi-PR\/347968435288032","article_modified_time":"2022-08-24T17:42:48+00:00","twitter_card":"summary_large_image","twitter_site":"@secovipr","twitter_misc":{"Est. tempo de leitura":"3 minutos"},"schema":{"@context":"https:\/\/schema.org","@graph":[{"@type":"Organization","@id":"https:\/\/secovipr.com.br\/curitiba\/#organization","name":"Secovi-PR","url":"https:\/\/secovipr.com.br\/curitiba\/","sameAs":["https:\/\/www.facebook.com\/pages\/Secovi-PR\/347968435288032","https:\/\/twitter.com\/secovipr"],"logo":{"@type":"ImageObject","@id":"https:\/\/secovipr.com.br\/curitiba\/#logo","inLanguage":"pt-BR","url":"https:\/\/secovipr.com.br\/curitiba\/wp-content\/uploads\/sites\/8\/2022\/01\/secovipr-logo.png","contentUrl":"https:\/\/secovipr.com.br\/curitiba\/wp-content\/uploads\/sites\/8\/2022\/01\/secovipr-logo.png","width":400,"height":359,"caption":"Secovi-PR"},"image":{"@id":"https:\/\/secovipr.com.br\/curitiba\/#logo"}},{"@type":"WebSite","@id":"https:\/\/secovipr.com.br\/curitiba\/#website","url":"https:\/\/secovipr.com.br\/curitiba\/","name":"Regional Metropolitana","description":"Sindicato da Habita\u00e7\u00e3o e Condom\u00ednios do Paran\u00e1","publisher":{"@id":"https:\/\/secovipr.com.br\/curitiba\/#organization"},"potentialAction":[{"@type":"SearchAction","target":{"@type":"EntryPoint","urlTemplate":"https:\/\/secovipr.com.br\/curitiba\/?s={search_term_string}"},"query-input":"required name=search_term_string"}],"inLanguage":"pt-BR"},{"@type":"WebPage","@id":"https:\/\/secovipr.com.br\/curitiba\/servicos\/convencoes-coletivas-de-trabalho-cct\/#webpage","url":"https:\/\/secovipr.com.br\/curitiba\/servicos\/convencoes-coletivas-de-trabalho-cct\/","name":"Secovi-PR - Conven\u00e7\u00f5es coletivas de trabalho (CCT) - Regional Metropolitana","isPartOf":{"@id":"https:\/\/secovipr.com.br\/curitiba\/#website"},"datePublished":"2022-03-08T23:49:58+00:00","dateModified":"2022-08-24T17:42:48+00:00","breadcrumb":{"@id":"https:\/\/secovipr.com.br\/curitiba\/servicos\/convencoes-coletivas-de-trabalho-cct\/#breadcrumb"},"inLanguage":"pt-BR","potentialAction":[{"@type":"ReadAction","target":["https:\/\/secovipr.com.br\/curitiba\/servicos\/convencoes-coletivas-de-trabalho-cct\/"]}]},{"@type":"BreadcrumbList","@id":"https:\/\/secovipr.com.br\/curitiba\/servicos\/convencoes-coletivas-de-trabalho-cct\/#breadcrumb","itemListElement":[{"@type":"ListItem","position":1,"name":"In\u00edcio","item":"https:\/\/secovipr.com.br\/curitiba\/"},{"@type":"ListItem","position":2,"name":"Servi\u00e7os","item":"https:\/\/secovipr.com.br\/curitiba\/servicos\/"},{"@type":"ListItem","position":3,"name":"Conven\u00e7\u00f5es coletivas de trabalho (CCT)"}]}]}},"_links":{"self":[{"href":"https:\/\/secovipr.com.br\/curitiba\/wp-json\/wp\/v2\/pages\/358"}],"collection":[{"href":"https:\/\/secovipr.com.br\/curitiba\/wp-json\/wp\/v2\/pages"}],"about":[{"href":"https:\/\/secovipr.com.br\/curitiba\/wp-json\/wp\/v2\/types\/page"}],"author":[{"embeddable":true,"href":"https:\/\/secovipr.com.br\/curitiba\/wp-json\/wp\/v2\/users\/1"}],"replies":[{"embeddable":true,"href":"https:\/\/secovipr.com.br\/curitiba\/wp-json\/wp\/v2\/comments?post=358"}],"version-history":[{"count":2,"href":"https:\/\/secovipr.com.br\/curitiba\/wp-json\/wp\/v2\/pages\/358\/revisions"}],"predecessor-version":[{"id":526,"href":"https:\/\/secovipr.com.br\/curitiba\/wp-json\/wp\/v2\/pages\/358\/revisions\/526"}],"up":[{"embeddable":true,"href":"https:\/\/secovipr.com.br\/curitiba\/wp-json\/wp\/v2\/pages\/44"}],"wp:attachment":[{"href":"https:\/\/secovipr.com.br\/curitiba\/wp-json\/wp\/v2\/media?parent=358"}],"curies":[{"name":"wp","href":"https:\/\/api.w.org\/{rel}","templated":true}]}}