{"id":3,"date":"2022-01-11T17:12:26","date_gmt":"2022-01-11T20:12:26","guid":{"rendered":"http:\/\/localhost\/secovipr-site\/?page_id=3"},"modified":"2022-03-04T09:31:37","modified_gmt":"2022-03-04T12:31:37","slug":"politica-de-privacidade","status":"publish","type":"page","link":"https:\/\/secovipr.com.br\/curitiba\/politica-de-privacidade\/","title":{"rendered":"Pol\u00edtica de privacidade"},"content":{"rendered":"\n<h3>SE\u00c7\u00c3O 1 &#8211; O QUE FAZEMOS COM AS SUAS INFORMA\u00c7\u00d5ES?<\/h3>\n\n\n\n<p>Coletamos informa\u00e7\u00f5es sobre quais p\u00e1ginas voc\u00ea acessa, as informa\u00e7\u00f5es sobre o dispositivo m\u00f3vel pelo qual voc\u00ea acessa o nosso site (tipo de dispositivo ou tipo de navegador), e informa\u00e7\u00f5es que voc\u00ea nos envia (como por exemplo, o endere\u00e7o de e-mail usado para receber as nossas newsletters).<\/p>\n\n\n\n<p>Quando voc\u00ea acessa o nosso site, (i) podemos coletar e armazenar seu endere\u00e7o IP; (ii) podemos usar essas informa\u00e7\u00f5es para combater o spam e outros abusos; e\/ou, (iii) para gerar informa\u00e7\u00f5es agregadas e n\u00e3o-identificadoras sobre como as pessoas acessam o nosso portal.<\/p>\n\n\n\n<p>Marketing por e-mail: Com sua permiss\u00e3o, podemos lhe enviar e-mails sobre nossos servi\u00e7os, novos produtos e outras atualiza\u00e7\u00f5es.<\/p>\n\n\n\n<h3>SE\u00c7\u00c3O 2 &#8211; CONSENTIMENTO<\/h3>\n\n\n\n<h4>Como voc\u00eas obt\u00eam meu consentimento?<\/h4>\n\n\n\n<p>Quando voc\u00ea nos fornece as suas informa\u00e7\u00f5es pessoais para completar uma transa\u00e7\u00e3o, receber e-mails gratuitamente, participar de webinars, acessar e-books e outros materiais digitais, voc\u00ea est\u00e1 concordando com a nossa coleta e uso de informa\u00e7\u00f5es pessoais apenas para esses fins espec\u00edficos.<\/p>\n\n\n\n<p>Se pedirmos suas informa\u00e7\u00f5es pessoais por uma raz\u00e3o secund\u00e1ria, como marketing, vamos pedir seu consentimento, ou te dar a oportunidade de dizer n\u00e3o.<\/p>\n\n\n\n<h4>Como posso retirar o meu consentimento?<\/h4>\n\n\n\n<p>Caso depois de fornecer seus dados voc\u00ea mude de ideia, voc\u00ea pode retirar o seu consentimento quando quiser e assim evitar que entremos em contato para obter ou divulgar informa\u00e7\u00f5es. Entre em contato conosco atrav\u00e9s do comercial1@secovipr.com.br\/curitiba ou por correio: SECOVI-PR, Rua Doutor Pedrosa, 475, Curitiba, PR, 80420-100, Brasil.<\/p>\n\n\n\n<h3>SE\u00c7\u00c3O 3 &#8211; DIVULGA\u00c7\u00c3O<\/h3>\n\n\n\n<p>Poderemos compartilhar informa\u00e7\u00f5es com fornecedores, parceiros, patrocinadores e anunciantes, que seguem nossos padr\u00f5es de prote\u00e7\u00e3o de dados. Podemos divulgar suas informa\u00e7\u00f5es pessoais se formos obrigados por lei.<\/p>\n\n\n\n<p>Tamb\u00e9m poderemos compartilhar os dados por voc\u00ea fornecidos com outras plataformas da SECOVI-PR, sempre respeitando as finalidades adstritas ao seu compartilhamento.<\/p>\n\n\n\n<p>Se nos unirmos a outros parceiros, e suas informa\u00e7\u00f5es ficarem sujeitas a uma nova pol\u00edtica de privacidade, notificaremos voc\u00ea com anteced\u00eancia e antes de eventual transfer\u00eancia.<\/p>\n\n\n\n<h4>Envio de e-mails<\/h4>\n\n\n\n<p>Ao efetuar seu cadastro, seu nome e endere\u00e7o de e-mail ser\u00e3o armazenados em um banco de dados interno. Assim, como toda e qualquer informa\u00e7\u00e3o pessoal ser\u00e1 acessada apenas pelos nossos colaboradores, que possuem compromisso de confidencialidade com a gente. N\u00f3s poderemos enviar e-mails com as nossas newsletters ou com conte\u00fado publicit\u00e1rio.<\/p>\n\n\n\n<p>Aceitando a presente pol\u00edtica, voc\u00ea consente em receber todas as newsletters gratuitas da SECOVI-PR em seu endere\u00e7o e-mail. A qualquer momento, voc\u00ea pode optar pelo cancelamento da subscri\u00e7\u00e3o de referidos conte\u00fados enviando e-mail endere\u00e7ado para comercial1@secovipr.com.br\/curitiba ou por correio: SECOVI-PR, Rua Doutor Pedrosa, 475, Curitiba, PR, 80420-100, Brasil.<\/p>\n\n\n\n<p>\u00c0s vezes, enviaremos e-mails administrativos sobre altera\u00e7\u00f5es de conta, servi\u00e7o ou novas pol\u00edticas.<br>Todo o conte\u00fado de e-mail por voc\u00ea enviado a n\u00f3s \u00e9 confidencial. N\u00e3o adicionaremos o seu endere\u00e7o de e-mail \u00e0s nossas listas de distribui\u00e7\u00e3o sem sua pr\u00e9via permiss\u00e3o.<\/p>\n\n\n\n<h4>Mensagens de e-mail n\u00e3o solicitadas<\/h4>\n\n\n\n<p>Caso voc\u00ea entenda que j\u00e1 tenha recebido alguma mensagem n\u00e3o solicitada, por favor, envie-nos seu relato por e-mail atrav\u00e9s do comercial1@secovipr.com.br\/curitiba ou por correio: SECOVI-PR, Rua Doutor Pedrosa, 475, Curitiba, PR, 80420-100, Brasil. N\u00f3s analisaremos o conte\u00fado de imediato. Se n\u00e3o desejar mais receber nenhuma de nossas newsletters, basta clicar no link na parte inferior de todos os nossos e-mails enviados.<\/p>\n\n\n\n<h4>SMS, WhatsApp e Telegram<\/h4>\n\n\n\n<p>Esporadicamente, n\u00f3s poderemos enviar mensagens de texto aos usu\u00e1rios cadastrados. As mensagens poder\u00e3o conter ofertas de assinaturas, avisos ou informa\u00e7\u00f5es relevantes.<\/p>\n\n\n\n<p>A ferramenta Telegram ser\u00e1 utilizada para compartilhamento de informa\u00e7\u00f5es sobre os produtos e\/ou servi\u00e7os que voc\u00ea eventualmente venha a adquirir e como um canal de vendas.<\/p>\n\n\n\n<p>Caso voc\u00ea n\u00e3o queira mais receber comunica\u00e7\u00f5es atrav\u00e9s desses meios, envie-nos seu relato por e-mail, endere\u00e7ado para comercial1@secovipr.com.br\/curitiba ou por correio: SECOVI-PR, Rua Doutor Pedrosa, 475, Curitiba, PR, 80420-100, Brasil. N\u00f3s analisaremos o conte\u00fado de imediato.<\/p>\n\n\n\n<h3>SE\u00c7\u00c3O 4 &#8211; SERVI\u00c7OS DE TERCEIROS<\/h3>\n\n\n\n<p>No geral, nossos fornecedores terceirizados ir\u00e3o coletar, usar e divulgar suas informa\u00e7\u00f5es apenas na medida do necess\u00e1rio para permitir que eles realizem os servi\u00e7os que eles nos fornecem.<\/p>\n\n\n\n<p>Entretanto, certos prestadores de servi\u00e7os terceirizados t\u00eam suas pr\u00f3prias pol\u00edticas de privacidade em rela\u00e7\u00e3o \u00e0 informa\u00e7\u00e3o que somos obrigados a fornecer para eles.<\/p>\n\n\n\n<p>Para esses fornecedores, recomendamos que voc\u00ea leia suas pol\u00edticas de privacidade para que voc\u00ea possa entender de que maneira suas informa\u00e7\u00f5es pessoais ser\u00e3o usadas por esses fornecedores.<\/p>\n\n\n\n<p>Especificamente, lembre-se que certos fornecedores podem estar localizados ou possuir instala\u00e7\u00f5es que ficam em jurisdi\u00e7\u00f5es diferentes da sua ou da nossa.<\/p>\n\n\n\n<p>Por isso, se voc\u00ea quiser continuar com uma transa\u00e7\u00e3o que envolva um prestador de servi\u00e7os terceirizado, suas informa\u00e7\u00f5es podem ficar sujeitas \u00e0 legisla\u00e7\u00e3o da(s) jurisdi\u00e7\u00e3o(\u00f5es) onde o prestador de servi\u00e7os ou suas instala\u00e7\u00f5es estiverem localizados.<\/p>\n\n\n\n<p>Uma vez que voc\u00ea sair do nosso site ou for redirecionado para um aplicativo ou site de terceiros, voc\u00ea n\u00e3o ser\u00e1 mais regido por essa Pol\u00edtica de Privacidade.<\/p>\n\n\n\n<h4>Links\u00a0<\/h4>\n\n\n\n<p>Quando voc\u00ea clicar em links do nosso site, eles podem lhe direcionar para fora do nosso site. N\u00e3o somos respons\u00e1veis pelas pr\u00e1ticas de privacidade de outros sites e lhe incentivamos a ler as pol\u00edticas de privacidade deles.<\/p>\n\n\n\n<h3>SE\u00c7\u00c3O 5 &#8211; SEGURAN\u00c7A<\/h3>\n\n\n\n<p>Para proteger suas informa\u00e7\u00f5es pessoais, tomamos precau\u00e7\u00f5es e seguimos as melhores pr\u00e1ticas da ind\u00fastria para nos certificar que elas n\u00e3o sejam perdidas, usurpadas, acessadas, divulgadas, alteradas ou destru\u00eddas.<\/p>\n\n\n\n<p>Quando voc\u00ea nos fornece suas informa\u00e7\u00f5es pessoais, elas ser\u00e3o criptografadas usando a tecnologia &#8220;secure socket layer&#8221; (SSL) e armazenadas com criptografia AES-256.<\/p>\n\n\n\n<h4>COOKIES<\/h4>\n\n\n\n<p>Por vezes utilizamos cookies para armazenar e monitorar informa\u00e7\u00f5es e prefer\u00eancias de nossos usu\u00e1rios.<br>N\u00f3s e terceiros e outros parceiros utilizamos cookies e outras tecnologias de identifica\u00e7\u00e3o em nosso site, comunica\u00e7\u00f5es por e-mail, an\u00fancios e outros servi\u00e7os online.<br>Al\u00e9m disso, podemos monitorar os seus acessos e entender o que voc\u00ea busca, quanto tempo fica em cada p\u00e1gina, dentre outras coisas importantes para sempre o atendermos da melhor forma poss\u00edvel.<br>Confira tamb\u00e9m a pol\u00edtica de privacidade de cada um dos cookies de terceiros.<\/p>\n\n\n\n<ul><li>Facebook (https:\/\/www.facebook.com\/policy\/cookies\/)<\/li><li>Google Analytics (https:\/\/policies.google.com\/technologies\/partner-sites?hl=pt-BR)<\/li><li>RD Station Marketing (https:\/\/www.rdstation.com\/pt\/politica-de-privacidade\/)<\/li><li>Mailchimp (https:\/\/mailchimp.com\/legal\/privacy\/)<\/li><li>Locaweb (https:\/\/www.locaweb.com.br\/politicas\/)<\/li><\/ul>\n\n\n\n<h3>SE\u00c7\u00c3O 6 &#8211; IDADE DE CONSENTIMENTO<\/h3>\n\n\n\n<p>Ao usar esse site, voc\u00ea confirma que voc\u00ea \u00e9 maior de idade em seu estado ou prov\u00edncia de resid\u00eancia e que voc\u00ea nos deu seu consentimento para permitir que qualquer um dos seus dependentes menores de idade usem esse site.<\/p>\n\n\n\n<h3>SE\u00c7\u00c3O 7 &#8211; ALTERA\u00c7\u00d5ES NA POL\u00cdTICA DE PRIVACIDADE<\/h3>\n\n\n\n<p>Reservamos o direito de modificar essa pol\u00edtica de privacidade a qualquer momento. Portanto, por favor, leia-a com frequ\u00eancia. As altera\u00e7\u00f5es e esclarecimentos surtem efeito imediatamente ap\u00f3s serem publicadas no site.<\/p>\n\n\n\n<h3>PERGUNTAS E INFORMA\u00c7\u00d5ES DE CONTATO<\/h3>\n\n\n\n<p>Se voc\u00ea gostaria de acessar, corrigir, alterar ou excluir quaisquer informa\u00e7\u00f5es pessoais que temos sobre voc\u00ea, registre uma queixa, ou simplesmente pe\u00e7a mais informa\u00e7\u00f5es de contato atrav\u00e9s do comercial1@secovipr.com.br\/curitiba ou por correio: SECOVI-PR, Rua Doutor Pedrosa, 475, Curitiba, PR, 80420-100, Brasil.<\/p>\n","protected":false},"excerpt":{"rendered":"<p>SE\u00c7\u00c3O 1 &#8211; O QUE FAZEMOS COM AS SUAS INFORMA\u00c7\u00d5ES? Coletamos informa\u00e7\u00f5es sobre quais p\u00e1ginas voc\u00ea acessa, as informa\u00e7\u00f5es sobre o dispositivo m\u00f3vel pelo qual voc\u00ea acessa o nosso site (tipo de dispositivo ou tipo de navegador), e informa\u00e7\u00f5es que voc\u00ea nos envia (como por exemplo, o endere\u00e7o de e-mail usado para receber as nossas [&hellip;]<\/p>\n","protected":false},"author":1,"featured_media":0,"parent":0,"menu_order":0,"comment_status":"closed","ping_status":"open","template":"","meta":[],"acf":[],"yoast_head":"<!-- This site is optimized with the Yoast SEO plugin v18.1 - https:\/\/yoast.com\/wordpress\/plugins\/seo\/ -->\n<title>Secovi-PR - Pol\u00edtica de privacidade - Regional Metropolitana<\/title>\n<meta name=\"robots\" content=\"noindex, follow, max-snippet:-1, max-image-preview:large, max-video-preview:-1\" \/>\n<meta property=\"og:locale\" content=\"pt_BR\" \/>\n<meta property=\"og:type\" content=\"article\" \/>\n<meta property=\"og:title\" content=\"Secovi-PR - Pol\u00edtica de privacidade - Regional Metropolitana\" \/>\n<meta property=\"og:description\" content=\"SE\u00c7\u00c3O 1 &#8211; O QUE FAZEMOS COM AS SUAS INFORMA\u00c7\u00d5ES? Coletamos informa\u00e7\u00f5es sobre quais p\u00e1ginas voc\u00ea acessa, as informa\u00e7\u00f5es sobre o dispositivo m\u00f3vel pelo qual voc\u00ea acessa o nosso site (tipo de dispositivo ou tipo de navegador), e informa\u00e7\u00f5es que voc\u00ea nos envia (como por exemplo, o endere\u00e7o de e-mail usado para receber as nossas [&hellip;]\" \/>\n<meta property=\"og:url\" content=\"https:\/\/secovipr.com.br\/curitiba\/politica-de-privacidade\/\" \/>\n<meta property=\"og:site_name\" content=\"Regional Metropolitana\" \/>\n<meta property=\"article:publisher\" content=\"https:\/\/www.facebook.com\/pages\/Secovi-PR\/347968435288032\" \/>\n<meta property=\"article:modified_time\" content=\"2022-03-04T12:31:37+00:00\" \/>\n<meta name=\"twitter:card\" content=\"summary_large_image\" \/>\n<meta name=\"twitter:site\" content=\"@secovipr\" \/>\n<meta name=\"twitter:label1\" content=\"Est. tempo de leitura\" \/>\n\t<meta name=\"twitter:data1\" content=\"7 minutos\" \/>\n<script type=\"application\/ld+json\" class=\"yoast-schema-graph\">{\"@context\":\"https:\/\/schema.org\",\"@graph\":[{\"@type\":\"Organization\",\"@id\":\"https:\/\/secovipr.com.br\/curitiba\/#organization\",\"name\":\"Secovi-PR\",\"url\":\"https:\/\/secovipr.com.br\/curitiba\/\",\"sameAs\":[\"https:\/\/www.facebook.com\/pages\/Secovi-PR\/347968435288032\",\"https:\/\/twitter.com\/secovipr\"],\"logo\":{\"@type\":\"ImageObject\",\"@id\":\"https:\/\/secovipr.com.br\/curitiba\/#logo\",\"inLanguage\":\"pt-BR\",\"url\":\"https:\/\/secovipr.com.br\/curitiba\/wp-content\/uploads\/sites\/8\/2022\/01\/secovipr-logo.png\",\"contentUrl\":\"https:\/\/secovipr.com.br\/curitiba\/wp-content\/uploads\/sites\/8\/2022\/01\/secovipr-logo.png\",\"width\":400,\"height\":359,\"caption\":\"Secovi-PR\"},\"image\":{\"@id\":\"https:\/\/secovipr.com.br\/curitiba\/#logo\"}},{\"@type\":\"WebSite\",\"@id\":\"https:\/\/secovipr.com.br\/curitiba\/#website\",\"url\":\"https:\/\/secovipr.com.br\/curitiba\/\",\"name\":\"Regional Metropolitana\",\"description\":\"Sindicato da Habita\u00e7\u00e3o e Condom\u00ednios do Paran\u00e1\",\"publisher\":{\"@id\":\"https:\/\/secovipr.com.br\/curitiba\/#organization\"},\"potentialAction\":[{\"@type\":\"SearchAction\",\"target\":{\"@type\":\"EntryPoint\",\"urlTemplate\":\"https:\/\/secovipr.com.br\/curitiba\/?s={search_term_string}\"},\"query-input\":\"required name=search_term_string\"}],\"inLanguage\":\"pt-BR\"},{\"@type\":\"WebPage\",\"@id\":\"https:\/\/secovipr.com.br\/curitiba\/politica-de-privacidade\/#webpage\",\"url\":\"https:\/\/secovipr.com.br\/curitiba\/politica-de-privacidade\/\",\"name\":\"Secovi-PR - Pol\u00edtica de privacidade - Regional Metropolitana\",\"isPartOf\":{\"@id\":\"https:\/\/secovipr.com.br\/curitiba\/#website\"},\"datePublished\":\"2022-01-11T20:12:26+00:00\",\"dateModified\":\"2022-03-04T12:31:37+00:00\",\"breadcrumb\":{\"@id\":\"https:\/\/secovipr.com.br\/curitiba\/politica-de-privacidade\/#breadcrumb\"},\"inLanguage\":\"pt-BR\",\"potentialAction\":[{\"@type\":\"ReadAction\",\"target\":[\"https:\/\/secovipr.com.br\/curitiba\/politica-de-privacidade\/\"]}]},{\"@type\":\"BreadcrumbList\",\"@id\":\"https:\/\/secovipr.com.br\/curitiba\/politica-de-privacidade\/#breadcrumb\",\"itemListElement\":[{\"@type\":\"ListItem\",\"position\":1,\"name\":\"In\u00edcio\",\"item\":\"https:\/\/secovipr.com.br\/curitiba\/\"},{\"@type\":\"ListItem\",\"position\":2,\"name\":\"Pol\u00edtica de privacidade\"}]}]}<\/script>\n<!-- \/ Yoast SEO plugin. -->","yoast_head_json":{"title":"Secovi-PR - Pol\u00edtica de privacidade - Regional Metropolitana","robots":{"index":"noindex","follow":"follow","max-snippet":"max-snippet:-1","max-image-preview":"max-image-preview:large","max-video-preview":"max-video-preview:-1"},"og_locale":"pt_BR","og_type":"article","og_title":"Secovi-PR - Pol\u00edtica de privacidade - Regional Metropolitana","og_description":"SE\u00c7\u00c3O 1 &#8211; O QUE FAZEMOS COM AS SUAS INFORMA\u00c7\u00d5ES? Coletamos informa\u00e7\u00f5es sobre quais p\u00e1ginas voc\u00ea acessa, as informa\u00e7\u00f5es sobre o dispositivo m\u00f3vel pelo qual voc\u00ea acessa o nosso site (tipo de dispositivo ou tipo de navegador), e informa\u00e7\u00f5es que voc\u00ea nos envia (como por exemplo, o endere\u00e7o de e-mail usado para receber as nossas [&hellip;]","og_url":"https:\/\/secovipr.com.br\/curitiba\/politica-de-privacidade\/","og_site_name":"Regional Metropolitana","article_publisher":"https:\/\/www.facebook.com\/pages\/Secovi-PR\/347968435288032","article_modified_time":"2022-03-04T12:31:37+00:00","twitter_card":"summary_large_image","twitter_site":"@secovipr","twitter_misc":{"Est. tempo de leitura":"7 minutos"},"schema":{"@context":"https:\/\/schema.org","@graph":[{"@type":"Organization","@id":"https:\/\/secovipr.com.br\/curitiba\/#organization","name":"Secovi-PR","url":"https:\/\/secovipr.com.br\/curitiba\/","sameAs":["https:\/\/www.facebook.com\/pages\/Secovi-PR\/347968435288032","https:\/\/twitter.com\/secovipr"],"logo":{"@type":"ImageObject","@id":"https:\/\/secovipr.com.br\/curitiba\/#logo","inLanguage":"pt-BR","url":"https:\/\/secovipr.com.br\/curitiba\/wp-content\/uploads\/sites\/8\/2022\/01\/secovipr-logo.png","contentUrl":"https:\/\/secovipr.com.br\/curitiba\/wp-content\/uploads\/sites\/8\/2022\/01\/secovipr-logo.png","width":400,"height":359,"caption":"Secovi-PR"},"image":{"@id":"https:\/\/secovipr.com.br\/curitiba\/#logo"}},{"@type":"WebSite","@id":"https:\/\/secovipr.com.br\/curitiba\/#website","url":"https:\/\/secovipr.com.br\/curitiba\/","name":"Regional Metropolitana","description":"Sindicato da Habita\u00e7\u00e3o e Condom\u00ednios do Paran\u00e1","publisher":{"@id":"https:\/\/secovipr.com.br\/curitiba\/#organization"},"potentialAction":[{"@type":"SearchAction","target":{"@type":"EntryPoint","urlTemplate":"https:\/\/secovipr.com.br\/curitiba\/?s={search_term_string}"},"query-input":"required name=search_term_string"}],"inLanguage":"pt-BR"},{"@type":"WebPage","@id":"https:\/\/secovipr.com.br\/curitiba\/politica-de-privacidade\/#webpage","url":"https:\/\/secovipr.com.br\/curitiba\/politica-de-privacidade\/","name":"Secovi-PR - Pol\u00edtica de privacidade - Regional Metropolitana","isPartOf":{"@id":"https:\/\/secovipr.com.br\/curitiba\/#website"},"datePublished":"2022-01-11T20:12:26+00:00","dateModified":"2022-03-04T12:31:37+00:00","breadcrumb":{"@id":"https:\/\/secovipr.com.br\/curitiba\/politica-de-privacidade\/#breadcrumb"},"inLanguage":"pt-BR","potentialAction":[{"@type":"ReadAction","target":["https:\/\/secovipr.com.br\/curitiba\/politica-de-privacidade\/"]}]},{"@type":"BreadcrumbList","@id":"https:\/\/secovipr.com.br\/curitiba\/politica-de-privacidade\/#breadcrumb","itemListElement":[{"@type":"ListItem","position":1,"name":"In\u00edcio","item":"https:\/\/secovipr.com.br\/curitiba\/"},{"@type":"ListItem","position":2,"name":"Pol\u00edtica de privacidade"}]}]}},"_links":{"self":[{"href":"https:\/\/secovipr.com.br\/curitiba\/wp-json\/wp\/v2\/pages\/3"}],"collection":[{"href":"https:\/\/secovipr.com.br\/curitiba\/wp-json\/wp\/v2\/pages"}],"about":[{"href":"https:\/\/secovipr.com.br\/curitiba\/wp-json\/wp\/v2\/types\/page"}],"author":[{"embeddable":true,"href":"https:\/\/secovipr.com.br\/curitiba\/wp-json\/wp\/v2\/users\/1"}],"replies":[{"embeddable":true,"href":"https:\/\/secovipr.com.br\/curitiba\/wp-json\/wp\/v2\/comments?post=3"}],"version-history":[{"count":1,"href":"https:\/\/secovipr.com.br\/curitiba\/wp-json\/wp\/v2\/pages\/3\/revisions"}],"predecessor-version":[{"id":345,"href":"https:\/\/secovipr.com.br\/curitiba\/wp-json\/wp\/v2\/pages\/3\/revisions\/345"}],"wp:attachment":[{"href":"https:\/\/secovipr.com.br\/curitiba\/wp-json\/wp\/v2\/media?parent=3"}],"curies":[{"name":"wp","href":"https:\/\/api.w.org\/{rel}","templated":true}]}}