{"id":194,"date":"2022-01-17T13:32:16","date_gmt":"2022-01-17T16:32:16","guid":{"rendered":"https:\/\/secovipr.com.br\/curitiba\/?page_id=194"},"modified":"2022-03-09T08:23:12","modified_gmt":"2022-03-09T11:23:12","slug":"atuacao","status":"publish","type":"page","link":"https:\/\/secovipr.com.br\/curitiba\/institucional\/atuacao\/","title":{"rendered":"Atua\u00e7\u00e3o"},"content":{"rendered":"\n<p>Constitu\u00eddo para fins de estudo, coordena\u00e7\u00e3o, prote\u00e7\u00e3o e representa\u00e7\u00e3o legal das categorias econ\u00f4micas representadas, conforme estabelece seu estatuto e a legisla\u00e7\u00e3o sindical em vigor.<\/p>\n\n\n\n<p>Tem como principal objetivo a colabora\u00e7\u00e3o com os poderes p\u00fablicos municipais, estaduais, federais e as demais associa\u00e7\u00f5es, no sentido da solidariedade social e da subordina\u00e7\u00e3o aos interesses nacionais, sendo que entre as fun\u00e7\u00f5es j\u00e1 elencadas, est\u00e3o as de orientar, informar, esclarecer e promover cursos para funcion\u00e1rios (condom\u00ednios e empresa do mercado imobili\u00e1rio), gerentes, empres\u00e1rios, s\u00edndicos e cond\u00f4minos.<\/p>\n\n\n\n<p>O Secovi-PR est\u00e1 h\u00e1 mais de 30 anos defendendo os interesses do mercado imobili\u00e1rio e condominial.  Em outras palavras, est\u00e1 associado a todas as Empresas de Compra, Venda e Loca\u00e7\u00e3o, Administra\u00e7\u00e3o, Incorpora\u00e7\u00e3o e Loteamentos de Im\u00f3veis, al\u00e9m dos Condom\u00ednios em Edif\u00edcios Residenciais e Comerciais em todo o Estado do Paran\u00e1.<\/p>\n\n\n\n<p>Sua atua\u00e7\u00e3o junto a \u00f3rg\u00e3os do poder p\u00fablico tem por objetivo principal coordenar, esclarecer e orientar as pessoas que gerenciam e trabalham em condom\u00ednios (s\u00edndicos e funcion\u00e1rios), al\u00e9m de empres\u00e1rios e profissionais do mercado imobili\u00e1rio que est\u00e3o diretamente ligados a este Sindicato, o qual, atrav\u00e9s da infraestrutura de sua nova sede, disponibiliza toda uma gama de servi\u00e7os; n\u00e3o apenas no \u00e2mbito do pr\u00f3prio Sindicato, mas tamb\u00e9m atrav\u00e9s de seus agentes de servi\u00e7os.<\/p>\n\n\n\n<h3>O que \u00e9, como \u00e9 e qual a import\u00e2ncia e abrang\u00eancia do SECOVI-PR?<\/h3>\n\n\n\n<p>Sindicato \u00e9 uma organiza\u00e7\u00e3o empresarial ou de trabalhadores devidamente registrada e reconhecida pelo Minist\u00e9rio do Trabalho e Previd\u00eancia Social (MTPS).<\/p>\n\n\n\n<div class=\"wp-block-image\"><figure class=\"alignleft size-medium\"><img loading=\"lazy\" width=\"300\" height=\"247\" src=\"https:\/\/secovipr.com.br\/curitiba\/wp-content\/uploads\/sites\/8\/2022\/03\/img-hierarquia-atuacao-300x247.jpg\" alt=\"\" class=\"wp-image-377\" srcset=\"https:\/\/secovipr.com.br\/curitiba\/wp-content\/uploads\/sites\/8\/2022\/03\/img-hierarquia-atuacao-300x247.jpg 300w, https:\/\/secovipr.com.br\/curitiba\/wp-content\/uploads\/sites\/8\/2022\/03\/img-hierarquia-atuacao.jpg 601w\" sizes=\"(max-width: 300px) 100vw, 300px\" \/><\/figure><\/div>\n\n\n\n<p>Do ponto de vista da estrutura os sindicatos possuem a estrutura interna e a externa. A interna de acordo com a Consolida\u00e7\u00e3o das Leis do Trabalho (CLT) em seu artigo 522 estabelece que a administra\u00e7\u00e3o sindical ser\u00e1 exercida por diretorias, conselho consultivos e fiscais, al\u00e9m da assembleia geral. A estrutura externa, conforme imagem da pir\u00e2mide Hierarquia de representatividade patronal, \u00e9 composta pelos Sindicatos (base da pir\u00e2mide) que s\u00e3o filiados \u00e0 Federa\u00e7\u00e3o do Com\u00e9rcio de Bens, Servi\u00e7os e Turismo do Paran\u00e1 (Fecom\u00e9rcio-PR) que \u00e9 filiada \u00e0 Confedera\u00e7\u00e3o Nacional do Com\u00e9rcio de Bens, Servi\u00e7os e Turismo (CNC).<\/p>\n\n\n\n<blockquote class=\"wp-block-quote\"><p>O Sindicato da Habita\u00e7\u00e3o e Condom\u00ednios do Paran\u00e1 (Secovi-PR) \u00e9 uma <strong>entidade patronal<\/strong> reconhecida por meio de carta sindical expedida pelo Minist\u00e9rio do Trabalho e Previd\u00eancia Social (MTPS) que <strong>representa<\/strong> todas as empresas de compra, venda, loca\u00e7\u00e3o, administra\u00e7\u00e3o, incorpora\u00e7\u00e3o e loteamentos de im\u00f3veis, shopping center\u00b4s e dos edif\u00edcios em condom\u00ednios residenciais e comerciais <strong>em todo o Estado do Paran\u00e1.<\/strong><\/p><\/blockquote>\n\n\n\n<p>O SECOVI-PR foi fundado em 1983, por um grupo de pessoas com alto esp\u00edrito associativo, cientes da necessidade de uma ativa representatividade de classes, capaz de garantir for\u00e7a e proje\u00e7\u00e3o para todas as categorias envolvidas. Sua atua\u00e7\u00e3o junto a \u00f3rg\u00e3os do poder p\u00fablico tem por objetivo principal coordenar, esclarecer e orientar as pessoas que gerenciam e trabalham em condom\u00ednios (s\u00edndicos e funcion\u00e1rios), al\u00e9m de empres\u00e1rios e profissionais do mercado imobili\u00e1rio que est\u00e3o diretamente ligados a este  sindicato. <\/p>\n\n\n\n<p>O SECOVI-PR existe para garantir mais seguran\u00e7a e qualidade \u00e0s empresas imobili\u00e1rias e aos cond\u00f4minos, s\u00edndicos e funcion\u00e1rios de condom\u00ednios residenciais e comerciais.<\/p>\n\n\n\n<p>O SECOVI-PR est\u00e1 presente, com sedes, em sete (07) regi\u00f5es do estado, sendo elas:<\/p>\n\n\n\n<div class=\"wp-block-image\"><figure class=\"aligncenter size-full\"><img loading=\"lazy\" width=\"771\" height=\"640\" src=\"https:\/\/secovipr.com.br\/curitiba\/wp-content\/uploads\/sites\/8\/2022\/03\/img-secovi-presenca.jpg\" alt=\"\" class=\"wp-image-378\" srcset=\"https:\/\/secovipr.com.br\/curitiba\/wp-content\/uploads\/sites\/8\/2022\/03\/img-secovi-presenca.jpg 771w, https:\/\/secovipr.com.br\/curitiba\/wp-content\/uploads\/sites\/8\/2022\/03\/img-secovi-presenca-300x249.jpg 300w, https:\/\/secovipr.com.br\/curitiba\/wp-content\/uploads\/sites\/8\/2022\/03\/img-secovi-presenca-768x638.jpg 768w\" sizes=\"(max-width: 771px) 100vw, 771px\" \/><\/figure><\/div>\n\n\n\n<p>O SECOVI-PR tem um prop\u00f3sito fundamental, uma raz\u00e3o de ser, uma finalidade e uma justificativa de sua cria\u00e7\u00e3o:<\/p>\n\n\n\n<div class=\"wp-block-columns\">\n<div class=\"wp-block-column\">\n<h4>Miss\u00e3o do SECOVI-PR<\/h4>\n\n\n\n<p>Atuar como representante de classe, integrador de empresas do ramo imobili\u00e1rio e condom\u00ednios, fomentar neg\u00f3cios de interesse de seus representados, oportunizar capacita\u00e7\u00e3o, conhecimentos e agir como f\u00f3rum de discuss\u00f5es e an\u00e1lise junto ao mercado e a sociedade.<\/p>\n<\/div>\n\n\n\n<div class=\"wp-block-column\">\n<h4>Vis\u00e3o do SECOVI-PR<\/h4>\n\n\n\n<p>Nossa entidade trabalha para:<\/p>\n\n\n\n<p>Ser uma entidade sindical, representativa, necess\u00e1ria e formadora de opini\u00e3o, reconhecida pela excel\u00eancia no atendimento e presta\u00e7\u00e3o de servi\u00e7os, sendo refer\u00eancia nacional por a\u00e7\u00f5es eficazes e inovadoras.<\/p>\n<\/div>\n<\/div>\n\n\n\n<div class=\"wp-block-columns\">\n<div class=\"wp-block-column\">\n<h4>Valores<\/h4>\n\n\n\n<p>Equidade: oferecer tratamento justo e respeitando a isonomia de todos os associados, representados e demais partes interessadas (stakeholders), levando em considera\u00e7\u00e3o seus direitos, deveres, necessidades, interesses e expectativas;<\/p>\n\n\n\n<p>\u2022 Presta\u00e7\u00e3o de contas (accountability): os agentes internos e a entidade devem prestar contas de sua atua\u00e7\u00e3o de modo claro, conciso, compreens\u00edvel e tempestivo (nos prazos), assumindo integralmente as consequ\u00eancias de seus atos e omiss\u00f5es e atuando com dilig\u00eancia e responsabilidade no \u00e2mbito dos seus pap\u00e9is;<\/p>\n\n\n\n<p>\u2022 Responsabilidade corporativa: os agentes internos e a entidade devem zelar pela viabilidade econ\u00f4mico-financeira das organiza\u00e7\u00f5es, reduzir as externalidades negativas de seus neg\u00f3cios e suas opera\u00e7\u00f5es e aumentar as positivas, levando em considera\u00e7\u00e3o, no seu modelo de neg\u00f3cios, os diversos capitais (financeiro, manufaturado, intelectual, humano, social, ambiental, de reputa\u00e7\u00e3o, entre outros) no curto, m\u00e9dio e longo prazo.<\/p>\n<\/div>\n<\/div>\n\n\n\n<h3>Quais as fun\u00e7\u00f5es sindicais do SECOVI-PR?<\/h3>\n\n\n\n<p>A principal fun\u00e7\u00e3o do sindicato <strong>\u00e9 a representa\u00e7\u00e3o<\/strong>, mas al\u00e9m dela o SECOVI-PR ainda exerce a fun\u00e7\u00e3o assistencial, negocial e colabora\u00e7\u00e3o. Vamos entender um pouco cada uma delas:<\/p>\n\n\n\n<h4>Fun\u00e7\u00e3o de representa\u00e7\u00e3o<\/h4>\n\n\n\n<p>Representar, perante as autoridades administrativas e judici\u00e1rias, os interesses da categoria. Participar como parte nos processos judiciais em diss\u00eddios coletivos destinados a resolver os conflitos jur\u00eddicos ou de interesses. \u00c9 uma das fun\u00e7\u00f5es mais importantes do sindicato e vale para toda a categoria, n\u00e3o s\u00f3 os associados, mas toda a base representada.<\/p>\n\n\n\n<h4>Fun\u00e7\u00e3o assistencial<\/h4>\n\n\n\n<p>Prestar servi\u00e7os aos seus representados, contribuindo para o desenvolvimento integral do ser humano. A CLT determina ao sindicato diversas atividades assistenciais, como a educa\u00e7\u00e3o, sa\u00fade, jur\u00eddica, entre outras.<\/p>\n\n\n\n<h4>Fun\u00e7\u00e3o de negocial<\/h4>\n\n\n\n<p>Por meio das conven\u00e7\u00f5es e acordos coletivos de trabalho, em di\u00e1logos com sindicatos profissionais, nas quais ser\u00e3o fixadas regras a serem aplicadas nos contratos individuais de trabalho dos empregados de determinada categoria.<\/p>\n\n\n\n<h4>Fun\u00e7\u00e3o de colabora\u00e7\u00e3o<\/h4>\n\n\n\n<p>Colaborar com o Estado, viabilizando estudos e solu\u00e7\u00f5es dos problemas que se relacionam com a categoria e no <strong>desenvolvimento da solidariedade social<\/strong>.<\/p>\n\n\n\n<h3>Qual a diferen\u00e7a entre representado e associado\/representado?<\/h3>\n\n\n\n<h4>Representado<\/h4>\n\n\n\n<p>Representado \u00e9 a institui\u00e7\u00e3o que em raz\u00e3o das atividades econ\u00f4micas exercidas est\u00e1, <strong>automaticamente<\/strong>, vinculado a um determinado setor ou categoria empresarial. Independente da contribui\u00e7\u00e3o financeira com o SECOVI-PR. No caso do nosso sindicato as atividades que est\u00e3o no escopo, dentro da tabela Classifica\u00e7\u00e3o Nacional das Atividades Econ\u00f4micas (CNAE) s\u00e3o:<\/p>\n\n\n\n<div class=\"wp-block-image\"><figure class=\"aligncenter size-full\"><img loading=\"lazy\" width=\"753\" height=\"611\" src=\"https:\/\/secovipr.com.br\/curitiba\/wp-content\/uploads\/sites\/8\/2022\/03\/img-atividades-atuacao.jpg\" alt=\"\" class=\"wp-image-379\" srcset=\"https:\/\/secovipr.com.br\/curitiba\/wp-content\/uploads\/sites\/8\/2022\/03\/img-atividades-atuacao.jpg 753w, https:\/\/secovipr.com.br\/curitiba\/wp-content\/uploads\/sites\/8\/2022\/03\/img-atividades-atuacao-300x243.jpg 300w\" sizes=\"(max-width: 753px) 100vw, 753px\" \/><\/figure><\/div>\n\n\n\n<h4>Associado<\/h4>\n\n\n\n<p>J\u00e1 associado \u00e9 toda institui\u00e7\u00e3o, da nossa base representada, que por <strong>vontade<\/strong>, resolve se tornar associado ao sindicato e contribuir regularmente. Usufruindo de benef\u00edcios extras disponibilizados especialmente para este p\u00fablico.<\/p>\n","protected":false},"excerpt":{"rendered":"<p>Constitu\u00eddo para fins de estudo, coordena\u00e7\u00e3o, prote\u00e7\u00e3o e representa\u00e7\u00e3o legal das categorias econ\u00f4micas representadas, conforme estabelece seu estatuto e a legisla\u00e7\u00e3o sindical em vigor. Tem como principal objetivo a colabora\u00e7\u00e3o com os poderes p\u00fablicos municipais, estaduais, federais e as demais associa\u00e7\u00f5es, no sentido da solidariedade social e da subordina\u00e7\u00e3o aos interesses nacionais, sendo que entre [&hellip;]<\/p>\n","protected":false},"author":1,"featured_media":0,"parent":38,"menu_order":0,"comment_status":"closed","ping_status":"closed","template":"","meta":[],"acf":[],"yoast_head":"<!-- This site is optimized with the Yoast SEO plugin v18.1 - https:\/\/yoast.com\/wordpress\/plugins\/seo\/ -->\n<title>Secovi-PR - Atua\u00e7\u00e3o - Regional Metropolitana<\/title>\n<meta name=\"robots\" content=\"noindex, follow, max-snippet:-1, max-image-preview:large, max-video-preview:-1\" \/>\n<meta property=\"og:locale\" content=\"pt_BR\" \/>\n<meta property=\"og:type\" content=\"article\" \/>\n<meta property=\"og:title\" content=\"Secovi-PR - Atua\u00e7\u00e3o - Regional Metropolitana\" \/>\n<meta property=\"og:description\" content=\"Constitu\u00eddo para fins de estudo, coordena\u00e7\u00e3o, prote\u00e7\u00e3o e representa\u00e7\u00e3o legal das categorias econ\u00f4micas representadas, conforme estabelece seu estatuto e a legisla\u00e7\u00e3o sindical em vigor. Tem como principal objetivo a colabora\u00e7\u00e3o com os poderes p\u00fablicos municipais, estaduais, federais e as demais associa\u00e7\u00f5es, no sentido da solidariedade social e da subordina\u00e7\u00e3o aos interesses nacionais, sendo que entre [&hellip;]\" \/>\n<meta property=\"og:url\" content=\"https:\/\/secovipr.com.br\/curitiba\/institucional\/atuacao\/\" \/>\n<meta property=\"og:site_name\" content=\"Regional Metropolitana\" \/>\n<meta property=\"article:publisher\" content=\"https:\/\/www.facebook.com\/pages\/Secovi-PR\/347968435288032\" \/>\n<meta property=\"article:modified_time\" content=\"2022-03-09T11:23:12+00:00\" \/>\n<meta property=\"og:image\" content=\"https:\/\/secovipr.com.br\/curitiba\/wp-content\/uploads\/sites\/8\/2022\/03\/img-hierarquia-atuacao-300x247.jpg\" \/>\n<meta name=\"twitter:card\" content=\"summary_large_image\" \/>\n<meta name=\"twitter:site\" content=\"@secovipr\" \/>\n<meta name=\"twitter:label1\" content=\"Est. tempo de leitura\" \/>\n\t<meta name=\"twitter:data1\" content=\"7 minutos\" \/>\n<script type=\"application\/ld+json\" class=\"yoast-schema-graph\">{\"@context\":\"https:\/\/schema.org\",\"@graph\":[{\"@type\":\"Organization\",\"@id\":\"https:\/\/secovipr.com.br\/curitiba\/#organization\",\"name\":\"Secovi-PR\",\"url\":\"https:\/\/secovipr.com.br\/curitiba\/\",\"sameAs\":[\"https:\/\/www.facebook.com\/pages\/Secovi-PR\/347968435288032\",\"https:\/\/twitter.com\/secovipr\"],\"logo\":{\"@type\":\"ImageObject\",\"@id\":\"https:\/\/secovipr.com.br\/curitiba\/#logo\",\"inLanguage\":\"pt-BR\",\"url\":\"https:\/\/secovipr.com.br\/curitiba\/wp-content\/uploads\/sites\/8\/2022\/01\/secovipr-logo.png\",\"contentUrl\":\"https:\/\/secovipr.com.br\/curitiba\/wp-content\/uploads\/sites\/8\/2022\/01\/secovipr-logo.png\",\"width\":400,\"height\":359,\"caption\":\"Secovi-PR\"},\"image\":{\"@id\":\"https:\/\/secovipr.com.br\/curitiba\/#logo\"}},{\"@type\":\"WebSite\",\"@id\":\"https:\/\/secovipr.com.br\/curitiba\/#website\",\"url\":\"https:\/\/secovipr.com.br\/curitiba\/\",\"name\":\"Regional Metropolitana\",\"description\":\"Sindicato da Habita\u00e7\u00e3o e Condom\u00ednios do Paran\u00e1\",\"publisher\":{\"@id\":\"https:\/\/secovipr.com.br\/curitiba\/#organization\"},\"potentialAction\":[{\"@type\":\"SearchAction\",\"target\":{\"@type\":\"EntryPoint\",\"urlTemplate\":\"https:\/\/secovipr.com.br\/curitiba\/?s={search_term_string}\"},\"query-input\":\"required name=search_term_string\"}],\"inLanguage\":\"pt-BR\"},{\"@type\":\"ImageObject\",\"@id\":\"https:\/\/secovipr.com.br\/curitiba\/institucional\/atuacao\/#primaryimage\",\"inLanguage\":\"pt-BR\",\"url\":\"https:\/\/secovipr.com.br\/curitiba\/wp-content\/uploads\/sites\/8\/2022\/03\/img-hierarquia-atuacao.jpg\",\"contentUrl\":\"https:\/\/secovipr.com.br\/curitiba\/wp-content\/uploads\/sites\/8\/2022\/03\/img-hierarquia-atuacao.jpg\",\"width\":601,\"height\":494},{\"@type\":\"WebPage\",\"@id\":\"https:\/\/secovipr.com.br\/curitiba\/institucional\/atuacao\/#webpage\",\"url\":\"https:\/\/secovipr.com.br\/curitiba\/institucional\/atuacao\/\",\"name\":\"Secovi-PR - Atua\u00e7\u00e3o - Regional Metropolitana\",\"isPartOf\":{\"@id\":\"https:\/\/secovipr.com.br\/curitiba\/#website\"},\"primaryImageOfPage\":{\"@id\":\"https:\/\/secovipr.com.br\/curitiba\/institucional\/atuacao\/#primaryimage\"},\"datePublished\":\"2022-01-17T16:32:16+00:00\",\"dateModified\":\"2022-03-09T11:23:12+00:00\",\"breadcrumb\":{\"@id\":\"https:\/\/secovipr.com.br\/curitiba\/institucional\/atuacao\/#breadcrumb\"},\"inLanguage\":\"pt-BR\",\"potentialAction\":[{\"@type\":\"ReadAction\",\"target\":[\"https:\/\/secovipr.com.br\/curitiba\/institucional\/atuacao\/\"]}]},{\"@type\":\"BreadcrumbList\",\"@id\":\"https:\/\/secovipr.com.br\/curitiba\/institucional\/atuacao\/#breadcrumb\",\"itemListElement\":[{\"@type\":\"ListItem\",\"position\":1,\"name\":\"In\u00edcio\",\"item\":\"https:\/\/secovipr.com.br\/curitiba\/\"},{\"@type\":\"ListItem\",\"position\":2,\"name\":\"Institucional\",\"item\":\"https:\/\/secovipr.com.br\/curitiba\/institucional\/\"},{\"@type\":\"ListItem\",\"position\":3,\"name\":\"Atua\u00e7\u00e3o\"}]}]}<\/script>\n<!-- \/ Yoast SEO plugin. -->","yoast_head_json":{"title":"Secovi-PR - Atua\u00e7\u00e3o - Regional Metropolitana","robots":{"index":"noindex","follow":"follow","max-snippet":"max-snippet:-1","max-image-preview":"max-image-preview:large","max-video-preview":"max-video-preview:-1"},"og_locale":"pt_BR","og_type":"article","og_title":"Secovi-PR - Atua\u00e7\u00e3o - Regional Metropolitana","og_description":"Constitu\u00eddo para fins de estudo, coordena\u00e7\u00e3o, prote\u00e7\u00e3o e representa\u00e7\u00e3o legal das categorias econ\u00f4micas representadas, conforme estabelece seu estatuto e a legisla\u00e7\u00e3o sindical em vigor. Tem como principal objetivo a colabora\u00e7\u00e3o com os poderes p\u00fablicos municipais, estaduais, federais e as demais associa\u00e7\u00f5es, no sentido da solidariedade social e da subordina\u00e7\u00e3o aos interesses nacionais, sendo que entre [&hellip;]","og_url":"https:\/\/secovipr.com.br\/curitiba\/institucional\/atuacao\/","og_site_name":"Regional Metropolitana","article_publisher":"https:\/\/www.facebook.com\/pages\/Secovi-PR\/347968435288032","article_modified_time":"2022-03-09T11:23:12+00:00","og_image":[{"url":"https:\/\/secovipr.com.br\/curitiba\/wp-content\/uploads\/sites\/8\/2022\/03\/img-hierarquia-atuacao-300x247.jpg"}],"twitter_card":"summary_large_image","twitter_site":"@secovipr","twitter_misc":{"Est. tempo de leitura":"7 minutos"},"schema":{"@context":"https:\/\/schema.org","@graph":[{"@type":"Organization","@id":"https:\/\/secovipr.com.br\/curitiba\/#organization","name":"Secovi-PR","url":"https:\/\/secovipr.com.br\/curitiba\/","sameAs":["https:\/\/www.facebook.com\/pages\/Secovi-PR\/347968435288032","https:\/\/twitter.com\/secovipr"],"logo":{"@type":"ImageObject","@id":"https:\/\/secovipr.com.br\/curitiba\/#logo","inLanguage":"pt-BR","url":"https:\/\/secovipr.com.br\/curitiba\/wp-content\/uploads\/sites\/8\/2022\/01\/secovipr-logo.png","contentUrl":"https:\/\/secovipr.com.br\/curitiba\/wp-content\/uploads\/sites\/8\/2022\/01\/secovipr-logo.png","width":400,"height":359,"caption":"Secovi-PR"},"image":{"@id":"https:\/\/secovipr.com.br\/curitiba\/#logo"}},{"@type":"WebSite","@id":"https:\/\/secovipr.com.br\/curitiba\/#website","url":"https:\/\/secovipr.com.br\/curitiba\/","name":"Regional Metropolitana","description":"Sindicato da Habita\u00e7\u00e3o e Condom\u00ednios do Paran\u00e1","publisher":{"@id":"https:\/\/secovipr.com.br\/curitiba\/#organization"},"potentialAction":[{"@type":"SearchAction","target":{"@type":"EntryPoint","urlTemplate":"https:\/\/secovipr.com.br\/curitiba\/?s={search_term_string}"},"query-input":"required name=search_term_string"}],"inLanguage":"pt-BR"},{"@type":"ImageObject","@id":"https:\/\/secovipr.com.br\/curitiba\/institucional\/atuacao\/#primaryimage","inLanguage":"pt-BR","url":"https:\/\/secovipr.com.br\/curitiba\/wp-content\/uploads\/sites\/8\/2022\/03\/img-hierarquia-atuacao.jpg","contentUrl":"https:\/\/secovipr.com.br\/curitiba\/wp-content\/uploads\/sites\/8\/2022\/03\/img-hierarquia-atuacao.jpg","width":601,"height":494},{"@type":"WebPage","@id":"https:\/\/secovipr.com.br\/curitiba\/institucional\/atuacao\/#webpage","url":"https:\/\/secovipr.com.br\/curitiba\/institucional\/atuacao\/","name":"Secovi-PR - Atua\u00e7\u00e3o - Regional Metropolitana","isPartOf":{"@id":"https:\/\/secovipr.com.br\/curitiba\/#website"},"primaryImageOfPage":{"@id":"https:\/\/secovipr.com.br\/curitiba\/institucional\/atuacao\/#primaryimage"},"datePublished":"2022-01-17T16:32:16+00:00","dateModified":"2022-03-09T11:23:12+00:00","breadcrumb":{"@id":"https:\/\/secovipr.com.br\/curitiba\/institucional\/atuacao\/#breadcrumb"},"inLanguage":"pt-BR","potentialAction":[{"@type":"ReadAction","target":["https:\/\/secovipr.com.br\/curitiba\/institucional\/atuacao\/"]}]},{"@type":"BreadcrumbList","@id":"https:\/\/secovipr.com.br\/curitiba\/institucional\/atuacao\/#breadcrumb","itemListElement":[{"@type":"ListItem","position":1,"name":"In\u00edcio","item":"https:\/\/secovipr.com.br\/curitiba\/"},{"@type":"ListItem","position":2,"name":"Institucional","item":"https:\/\/secovipr.com.br\/curitiba\/institucional\/"},{"@type":"ListItem","position":3,"name":"Atua\u00e7\u00e3o"}]}]}},"_links":{"self":[{"href":"https:\/\/secovipr.com.br\/curitiba\/wp-json\/wp\/v2\/pages\/194"}],"collection":[{"href":"https:\/\/secovipr.com.br\/curitiba\/wp-json\/wp\/v2\/pages"}],"about":[{"href":"https:\/\/secovipr.com.br\/curitiba\/wp-json\/wp\/v2\/types\/page"}],"author":[{"embeddable":true,"href":"https:\/\/secovipr.com.br\/curitiba\/wp-json\/wp\/v2\/users\/1"}],"replies":[{"embeddable":true,"href":"https:\/\/secovipr.com.br\/curitiba\/wp-json\/wp\/v2\/comments?post=194"}],"version-history":[{"count":8,"href":"https:\/\/secovipr.com.br\/curitiba\/wp-json\/wp\/v2\/pages\/194\/revisions"}],"predecessor-version":[{"id":381,"href":"https:\/\/secovipr.com.br\/curitiba\/wp-json\/wp\/v2\/pages\/194\/revisions\/381"}],"up":[{"embeddable":true,"href":"https:\/\/secovipr.com.br\/curitiba\/wp-json\/wp\/v2\/pages\/38"}],"wp:attachment":[{"href":"https:\/\/secovipr.com.br\/curitiba\/wp-json\/wp\/v2\/media?parent=194"}],"curies":[{"name":"wp","href":"https:\/\/api.w.org\/{rel}","templated":true}]}}