{"id":176,"date":"2022-01-17T11:32:12","date_gmt":"2022-01-17T14:32:12","guid":{"rendered":"https:\/\/secovipr.com.br\/curitiba\/?page_id=176"},"modified":"2022-03-09T07:45:11","modified_gmt":"2022-03-09T10:45:11","slug":"nossa-historia","status":"publish","type":"page","link":"https:\/\/secovipr.com.br\/curitiba\/institucional\/nossa-historia\/","title":{"rendered":"Nossa hist\u00f3ria"},"content":{"rendered":"\n<h3>Homenagem aos Fundadores do SECOVI-PR<\/h3>\n\n\n\n<p class=\"has-text-align-left\">O SECOVI-PR foi fundado em 1983, por um grupo de pessoas com alto esp\u00edrito associativo, cientes da necessidade de uma ativa representatividade de classes, capaz de garantir for\u00e7a e proje\u00e7\u00e3o para todas as categorias envolvidas<\/p>\n\n\n\n<p class=\"has-text-align-left\">Enganou-se quem n\u00e3o acreditou na grandeza dessas pessoas. O SECOVI-PR &#8211; Sindicato da Habita\u00e7\u00e3o e Condom\u00ednios vem assegurando aos condom\u00ednios e empresas do setor imobili\u00e1rio a representatividade de seus interesses diante da sociedade e dos poderes constitu\u00eddos.<\/p>\n\n\n\n<hr class=\"wp-block-separator\"\/>\n\n\n\n<p class=\"has-text-align-center\"><strong>Diretoria de 1983<\/strong><\/p>\n\n\n\n<p class=\"has-text-align-center\"><strong>Presidente:<\/strong><br>Jos\u00e9 Martins Sobrinho<\/p>\n\n\n\n<p class=\"has-text-align-center\"><strong>Vice-Presidente:<\/strong><br>Sidney Ciffoni<\/p>\n\n\n\n<p class=\"has-text-align-center\"><strong>1\u00ba Secret\u00e1rio:<\/strong><br>David Olimpio Carneiro<\/p>\n\n\n\n<p class=\"has-text-align-center\"><strong>2\u00ba Secret\u00e1rio:<\/strong><br>Alcides Onofre Salvi<\/p>\n\n\n\n<p class=\"has-text-align-center\"><strong>1\u00ba Tesoureiro:<\/strong><br>Marcos de Assis Machado<\/p>\n\n\n\n<p class=\"has-text-align-center\"><strong>2\u00ba Tesoureiro:<\/strong><br>Joseph Galiano<\/p>\n\n\n\n<p class=\"has-text-align-center\"><strong>Conselho Fiscal<\/strong><br>Primeiro: Walter Sprengel<br>Segundo: Jo\u00e3o Sartor de Oliveira<br>Terceiro: Nelson Torres Galv\u00e3o<\/p>\n\n\n\n<p class=\"has-text-align-center\"><strong>Suplentes<\/strong><br>Primeiro: Zeno Mario da Silva<br>Segundo: Lauro Machado<br>Terceiro: Luiz Pertel<\/p>\n","protected":false},"excerpt":{"rendered":"<p>Homenagem aos Fundadores do SECOVI-PR O SECOVI-PR foi fundado em 1983, por um grupo de pessoas com alto esp\u00edrito associativo, cientes da necessidade de uma ativa representatividade de classes, capaz de garantir for\u00e7a e proje\u00e7\u00e3o para todas as categorias envolvidas Enganou-se quem n\u00e3o acreditou na grandeza dessas pessoas. O SECOVI-PR &#8211; Sindicato da Habita\u00e7\u00e3o e [&hellip;]<\/p>\n","protected":false},"author":1,"featured_media":0,"parent":38,"menu_order":0,"comment_status":"closed","ping_status":"closed","template":"","meta":[],"acf":[],"yoast_head":"<!-- This site is optimized with the Yoast SEO plugin v18.1 - https:\/\/yoast.com\/wordpress\/plugins\/seo\/ -->\n<title>Secovi-PR - Nossa hist\u00f3ria - Regional Metropolitana<\/title>\n<meta name=\"robots\" content=\"noindex, follow, max-snippet:-1, max-image-preview:large, max-video-preview:-1\" \/>\n<meta property=\"og:locale\" content=\"pt_BR\" \/>\n<meta property=\"og:type\" content=\"article\" \/>\n<meta property=\"og:title\" content=\"Secovi-PR - Nossa hist\u00f3ria - Regional Metropolitana\" \/>\n<meta property=\"og:description\" content=\"Homenagem aos Fundadores do SECOVI-PR O SECOVI-PR foi fundado em 1983, por um grupo de pessoas com alto esp\u00edrito associativo, cientes da necessidade de uma ativa representatividade de classes, capaz de garantir for\u00e7a e proje\u00e7\u00e3o para todas as categorias envolvidas Enganou-se quem n\u00e3o acreditou na grandeza dessas pessoas. O SECOVI-PR &#8211; Sindicato da Habita\u00e7\u00e3o e [&hellip;]\" \/>\n<meta property=\"og:url\" content=\"https:\/\/secovipr.com.br\/curitiba\/institucional\/nossa-historia\/\" \/>\n<meta property=\"og:site_name\" content=\"Regional Metropolitana\" \/>\n<meta property=\"article:publisher\" content=\"https:\/\/www.facebook.com\/pages\/Secovi-PR\/347968435288032\" \/>\n<meta property=\"article:modified_time\" content=\"2022-03-09T10:45:11+00:00\" \/>\n<meta name=\"twitter:card\" content=\"summary_large_image\" \/>\n<meta name=\"twitter:site\" content=\"@secovipr\" \/>\n<meta name=\"twitter:label1\" content=\"Est. tempo de leitura\" \/>\n\t<meta name=\"twitter:data1\" content=\"1 minuto\" \/>\n<script type=\"application\/ld+json\" class=\"yoast-schema-graph\">{\"@context\":\"https:\/\/schema.org\",\"@graph\":[{\"@type\":\"Organization\",\"@id\":\"https:\/\/secovipr.com.br\/curitiba\/#organization\",\"name\":\"Secovi-PR\",\"url\":\"https:\/\/secovipr.com.br\/curitiba\/\",\"sameAs\":[\"https:\/\/www.facebook.com\/pages\/Secovi-PR\/347968435288032\",\"https:\/\/twitter.com\/secovipr\"],\"logo\":{\"@type\":\"ImageObject\",\"@id\":\"https:\/\/secovipr.com.br\/curitiba\/#logo\",\"inLanguage\":\"pt-BR\",\"url\":\"https:\/\/secovipr.com.br\/curitiba\/wp-content\/uploads\/sites\/8\/2022\/01\/secovipr-logo.png\",\"contentUrl\":\"https:\/\/secovipr.com.br\/curitiba\/wp-content\/uploads\/sites\/8\/2022\/01\/secovipr-logo.png\",\"width\":400,\"height\":359,\"caption\":\"Secovi-PR\"},\"image\":{\"@id\":\"https:\/\/secovipr.com.br\/curitiba\/#logo\"}},{\"@type\":\"WebSite\",\"@id\":\"https:\/\/secovipr.com.br\/curitiba\/#website\",\"url\":\"https:\/\/secovipr.com.br\/curitiba\/\",\"name\":\"Regional Metropolitana\",\"description\":\"Sindicato da Habita\u00e7\u00e3o e Condom\u00ednios do Paran\u00e1\",\"publisher\":{\"@id\":\"https:\/\/secovipr.com.br\/curitiba\/#organization\"},\"potentialAction\":[{\"@type\":\"SearchAction\",\"target\":{\"@type\":\"EntryPoint\",\"urlTemplate\":\"https:\/\/secovipr.com.br\/curitiba\/?s={search_term_string}\"},\"query-input\":\"required name=search_term_string\"}],\"inLanguage\":\"pt-BR\"},{\"@type\":\"WebPage\",\"@id\":\"https:\/\/secovipr.com.br\/curitiba\/institucional\/nossa-historia\/#webpage\",\"url\":\"https:\/\/secovipr.com.br\/curitiba\/institucional\/nossa-historia\/\",\"name\":\"Secovi-PR - Nossa hist\u00f3ria - Regional Metropolitana\",\"isPartOf\":{\"@id\":\"https:\/\/secovipr.com.br\/curitiba\/#website\"},\"datePublished\":\"2022-01-17T14:32:12+00:00\",\"dateModified\":\"2022-03-09T10:45:11+00:00\",\"breadcrumb\":{\"@id\":\"https:\/\/secovipr.com.br\/curitiba\/institucional\/nossa-historia\/#breadcrumb\"},\"inLanguage\":\"pt-BR\",\"potentialAction\":[{\"@type\":\"ReadAction\",\"target\":[\"https:\/\/secovipr.com.br\/curitiba\/institucional\/nossa-historia\/\"]}]},{\"@type\":\"BreadcrumbList\",\"@id\":\"https:\/\/secovipr.com.br\/curitiba\/institucional\/nossa-historia\/#breadcrumb\",\"itemListElement\":[{\"@type\":\"ListItem\",\"position\":1,\"name\":\"In\u00edcio\",\"item\":\"https:\/\/secovipr.com.br\/curitiba\/\"},{\"@type\":\"ListItem\",\"position\":2,\"name\":\"Institucional\",\"item\":\"https:\/\/secovipr.com.br\/curitiba\/institucional\/\"},{\"@type\":\"ListItem\",\"position\":3,\"name\":\"Nossa hist\u00f3ria\"}]}]}<\/script>\n<!-- \/ Yoast SEO plugin. -->","yoast_head_json":{"title":"Secovi-PR - Nossa hist\u00f3ria - Regional Metropolitana","robots":{"index":"noindex","follow":"follow","max-snippet":"max-snippet:-1","max-image-preview":"max-image-preview:large","max-video-preview":"max-video-preview:-1"},"og_locale":"pt_BR","og_type":"article","og_title":"Secovi-PR - Nossa hist\u00f3ria - Regional Metropolitana","og_description":"Homenagem aos Fundadores do SECOVI-PR O SECOVI-PR foi fundado em 1983, por um grupo de pessoas com alto esp\u00edrito associativo, cientes da necessidade de uma ativa representatividade de classes, capaz de garantir for\u00e7a e proje\u00e7\u00e3o para todas as categorias envolvidas Enganou-se quem n\u00e3o acreditou na grandeza dessas pessoas. O SECOVI-PR &#8211; Sindicato da Habita\u00e7\u00e3o e [&hellip;]","og_url":"https:\/\/secovipr.com.br\/curitiba\/institucional\/nossa-historia\/","og_site_name":"Regional Metropolitana","article_publisher":"https:\/\/www.facebook.com\/pages\/Secovi-PR\/347968435288032","article_modified_time":"2022-03-09T10:45:11+00:00","twitter_card":"summary_large_image","twitter_site":"@secovipr","twitter_misc":{"Est. tempo de leitura":"1 minuto"},"schema":{"@context":"https:\/\/schema.org","@graph":[{"@type":"Organization","@id":"https:\/\/secovipr.com.br\/curitiba\/#organization","name":"Secovi-PR","url":"https:\/\/secovipr.com.br\/curitiba\/","sameAs":["https:\/\/www.facebook.com\/pages\/Secovi-PR\/347968435288032","https:\/\/twitter.com\/secovipr"],"logo":{"@type":"ImageObject","@id":"https:\/\/secovipr.com.br\/curitiba\/#logo","inLanguage":"pt-BR","url":"https:\/\/secovipr.com.br\/curitiba\/wp-content\/uploads\/sites\/8\/2022\/01\/secovipr-logo.png","contentUrl":"https:\/\/secovipr.com.br\/curitiba\/wp-content\/uploads\/sites\/8\/2022\/01\/secovipr-logo.png","width":400,"height":359,"caption":"Secovi-PR"},"image":{"@id":"https:\/\/secovipr.com.br\/curitiba\/#logo"}},{"@type":"WebSite","@id":"https:\/\/secovipr.com.br\/curitiba\/#website","url":"https:\/\/secovipr.com.br\/curitiba\/","name":"Regional Metropolitana","description":"Sindicato da Habita\u00e7\u00e3o e Condom\u00ednios do Paran\u00e1","publisher":{"@id":"https:\/\/secovipr.com.br\/curitiba\/#organization"},"potentialAction":[{"@type":"SearchAction","target":{"@type":"EntryPoint","urlTemplate":"https:\/\/secovipr.com.br\/curitiba\/?s={search_term_string}"},"query-input":"required name=search_term_string"}],"inLanguage":"pt-BR"},{"@type":"WebPage","@id":"https:\/\/secovipr.com.br\/curitiba\/institucional\/nossa-historia\/#webpage","url":"https:\/\/secovipr.com.br\/curitiba\/institucional\/nossa-historia\/","name":"Secovi-PR - Nossa hist\u00f3ria - Regional Metropolitana","isPartOf":{"@id":"https:\/\/secovipr.com.br\/curitiba\/#website"},"datePublished":"2022-01-17T14:32:12+00:00","dateModified":"2022-03-09T10:45:11+00:00","breadcrumb":{"@id":"https:\/\/secovipr.com.br\/curitiba\/institucional\/nossa-historia\/#breadcrumb"},"inLanguage":"pt-BR","potentialAction":[{"@type":"ReadAction","target":["https:\/\/secovipr.com.br\/curitiba\/institucional\/nossa-historia\/"]}]},{"@type":"BreadcrumbList","@id":"https:\/\/secovipr.com.br\/curitiba\/institucional\/nossa-historia\/#breadcrumb","itemListElement":[{"@type":"ListItem","position":1,"name":"In\u00edcio","item":"https:\/\/secovipr.com.br\/curitiba\/"},{"@type":"ListItem","position":2,"name":"Institucional","item":"https:\/\/secovipr.com.br\/curitiba\/institucional\/"},{"@type":"ListItem","position":3,"name":"Nossa hist\u00f3ria"}]}]}},"_links":{"self":[{"href":"https:\/\/secovipr.com.br\/curitiba\/wp-json\/wp\/v2\/pages\/176"}],"collection":[{"href":"https:\/\/secovipr.com.br\/curitiba\/wp-json\/wp\/v2\/pages"}],"about":[{"href":"https:\/\/secovipr.com.br\/curitiba\/wp-json\/wp\/v2\/types\/page"}],"author":[{"embeddable":true,"href":"https:\/\/secovipr.com.br\/curitiba\/wp-json\/wp\/v2\/users\/1"}],"replies":[{"embeddable":true,"href":"https:\/\/secovipr.com.br\/curitiba\/wp-json\/wp\/v2\/comments?post=176"}],"version-history":[{"count":3,"href":"https:\/\/secovipr.com.br\/curitiba\/wp-json\/wp\/v2\/pages\/176\/revisions"}],"predecessor-version":[{"id":386,"href":"https:\/\/secovipr.com.br\/curitiba\/wp-json\/wp\/v2\/pages\/176\/revisions\/386"}],"up":[{"embeddable":true,"href":"https:\/\/secovipr.com.br\/curitiba\/wp-json\/wp\/v2\/pages\/38"}],"wp:attachment":[{"href":"https:\/\/secovipr.com.br\/curitiba\/wp-json\/wp\/v2\/media?parent=176"}],"curies":[{"name":"wp","href":"https:\/\/api.w.org\/{rel}","templated":true}]}}