{"id":171,"date":"2022-01-17T11:28:53","date_gmt":"2022-01-17T14:28:53","guid":{"rendered":"https:\/\/secovipr.com.br\/curitiba\/?page_id=171"},"modified":"2022-09-09T16:27:42","modified_gmt":"2022-09-09T19:27:42","slug":"sede-operacional","status":"publish","type":"page","link":"https:\/\/secovipr.com.br\/curitiba\/institucional\/sede-operacional\/","title":{"rendered":"Sede Operacional"},"content":{"rendered":"\n<div class=\"wp-block-image\"><figure class=\"alignright size-full is-resized\"><img loading=\"lazy\" src=\"https:\/\/secovipr.com.br\/curitiba\/wp-content\/uploads\/sites\/8\/2022\/01\/258_img.jpg\" alt=\"\" class=\"wp-image-172\" width=\"264\" height=\"440\" srcset=\"https:\/\/secovipr.com.br\/curitiba\/wp-content\/uploads\/sites\/8\/2022\/01\/258_img.jpg 399w, https:\/\/secovipr.com.br\/curitiba\/wp-content\/uploads\/sites\/8\/2022\/01\/258_img-180x300.jpg 180w\" sizes=\"(max-width: 264px) 100vw, 264px\" \/><\/figure><\/div>\n\n\n\n<p>R. Doutor Pedrosa, 475<\/p>\n\n\n\n<p>Centro &#8211; Curitiba &#8211; PR<\/p>\n\n\n\n<p>CEP 80420-120<\/p>\n\n\n\n<hr class=\"wp-block-separator\"\/>\n\n\n\n<p><strong>Assessoria da Diretoria:<\/strong><\/p>\n\n\n\n<p>M\u00e1rcia Cristina F. Figueiredo<\/p>\n\n\n\n<p><strong>Ger\u00eancia Corporativa:<\/strong><\/p>\n\n\n\n<p>Edvaldo Amadei<\/p>\n\n\n\n<hr class=\"wp-block-separator\"\/>\n\n\n\n<p>(41) 3259-6000<\/p>\n\n\n\n<p><strong>Equipe Comercial \u2013 SECOVI-PR<\/strong>                                                                                                                                                                                                                                                                                                                                        <\/p>\n\n\n\n<p>41 992843913 \u2013 Emerson Rodrigues<br>41 992656204 \u2013 Thais Wabeski<br>41 92492306 \u2013 Eliane Andreiu<\/p>\n\n\n\n<p><a href=\"mailto:curitiba@secovipr.com.br\/curitiba\">curitiba@secovipr.com.br\/curitiba<\/a><\/p>\n","protected":false},"excerpt":{"rendered":"<p>R. Doutor Pedrosa, 475 Centro &#8211; Curitiba &#8211; PR CEP 80420-120 Assessoria da Diretoria: M\u00e1rcia Cristina F. Figueiredo Ger\u00eancia Corporativa: Edvaldo Amadei (41) 3259-6000 Equipe Comercial \u2013 SECOVI-PR 41 992843913 \u2013 Emerson Rodrigues41 992656204 \u2013 Thais Wabeski41 92492306 \u2013 Eliane Andreiu curitiba@secovipr.com.br\/curitiba<\/p>\n","protected":false},"author":1,"featured_media":0,"parent":38,"menu_order":0,"comment_status":"closed","ping_status":"closed","template":"","meta":[],"acf":[],"yoast_head":"<!-- This site is optimized with the Yoast SEO plugin v18.1 - https:\/\/yoast.com\/wordpress\/plugins\/seo\/ -->\n<title>Secovi-PR - Sede Operacional - Regional Metropolitana<\/title>\n<meta name=\"robots\" content=\"noindex, follow, max-snippet:-1, max-image-preview:large, max-video-preview:-1\" \/>\n<meta property=\"og:locale\" content=\"pt_BR\" \/>\n<meta property=\"og:type\" content=\"article\" \/>\n<meta property=\"og:title\" content=\"Secovi-PR - Sede Operacional - Regional Metropolitana\" \/>\n<meta property=\"og:description\" content=\"R. Doutor Pedrosa, 475 Centro &#8211; Curitiba &#8211; PR CEP 80420-120 Assessoria da Diretoria: M\u00e1rcia Cristina F. Figueiredo Ger\u00eancia Corporativa: Edvaldo Amadei (41) 3259-6000 Equipe Comercial \u2013 SECOVI-PR 41 992843913 \u2013 Emerson Rodrigues41 992656204 \u2013 Thais Wabeski41 92492306 \u2013 Eliane Andreiu curitiba@secovipr.com.br\/curitiba\" \/>\n<meta property=\"og:url\" content=\"https:\/\/secovipr.com.br\/curitiba\/institucional\/sede-operacional\/\" \/>\n<meta property=\"og:site_name\" content=\"Regional Metropolitana\" \/>\n<meta property=\"article:publisher\" content=\"https:\/\/www.facebook.com\/pages\/Secovi-PR\/347968435288032\" \/>\n<meta property=\"article:modified_time\" content=\"2022-09-09T19:27:42+00:00\" \/>\n<meta property=\"og:image\" content=\"https:\/\/secovipr.com.br\/curitiba\/wp-content\/uploads\/sites\/8\/2022\/01\/258_img.jpg\" \/>\n<meta name=\"twitter:card\" content=\"summary_large_image\" \/>\n<meta name=\"twitter:site\" content=\"@secovipr\" \/>\n<meta name=\"twitter:label1\" content=\"Est. tempo de leitura\" \/>\n\t<meta name=\"twitter:data1\" content=\"1 minuto\" \/>\n<script type=\"application\/ld+json\" class=\"yoast-schema-graph\">{\"@context\":\"https:\/\/schema.org\",\"@graph\":[{\"@type\":\"Organization\",\"@id\":\"https:\/\/secovipr.com.br\/curitiba\/#organization\",\"name\":\"Secovi-PR\",\"url\":\"https:\/\/secovipr.com.br\/curitiba\/\",\"sameAs\":[\"https:\/\/www.facebook.com\/pages\/Secovi-PR\/347968435288032\",\"https:\/\/twitter.com\/secovipr\"],\"logo\":{\"@type\":\"ImageObject\",\"@id\":\"https:\/\/secovipr.com.br\/curitiba\/#logo\",\"inLanguage\":\"pt-BR\",\"url\":\"https:\/\/secovipr.com.br\/curitiba\/wp-content\/uploads\/sites\/8\/2022\/01\/secovipr-logo.png\",\"contentUrl\":\"https:\/\/secovipr.com.br\/curitiba\/wp-content\/uploads\/sites\/8\/2022\/01\/secovipr-logo.png\",\"width\":400,\"height\":359,\"caption\":\"Secovi-PR\"},\"image\":{\"@id\":\"https:\/\/secovipr.com.br\/curitiba\/#logo\"}},{\"@type\":\"WebSite\",\"@id\":\"https:\/\/secovipr.com.br\/curitiba\/#website\",\"url\":\"https:\/\/secovipr.com.br\/curitiba\/\",\"name\":\"Regional Metropolitana\",\"description\":\"Sindicato da Habita\u00e7\u00e3o e Condom\u00ednios do Paran\u00e1\",\"publisher\":{\"@id\":\"https:\/\/secovipr.com.br\/curitiba\/#organization\"},\"potentialAction\":[{\"@type\":\"SearchAction\",\"target\":{\"@type\":\"EntryPoint\",\"urlTemplate\":\"https:\/\/secovipr.com.br\/curitiba\/?s={search_term_string}\"},\"query-input\":\"required name=search_term_string\"}],\"inLanguage\":\"pt-BR\"},{\"@type\":\"ImageObject\",\"@id\":\"https:\/\/secovipr.com.br\/curitiba\/institucional\/sede-operacional\/#primaryimage\",\"inLanguage\":\"pt-BR\",\"url\":\"https:\/\/secovipr.com.br\/curitiba\/wp-content\/uploads\/sites\/8\/2022\/01\/258_img.jpg\",\"contentUrl\":\"https:\/\/secovipr.com.br\/curitiba\/wp-content\/uploads\/sites\/8\/2022\/01\/258_img.jpg\",\"width\":399,\"height\":665},{\"@type\":\"WebPage\",\"@id\":\"https:\/\/secovipr.com.br\/curitiba\/institucional\/sede-operacional\/#webpage\",\"url\":\"https:\/\/secovipr.com.br\/curitiba\/institucional\/sede-operacional\/\",\"name\":\"Secovi-PR - Sede Operacional - Regional Metropolitana\",\"isPartOf\":{\"@id\":\"https:\/\/secovipr.com.br\/curitiba\/#website\"},\"primaryImageOfPage\":{\"@id\":\"https:\/\/secovipr.com.br\/curitiba\/institucional\/sede-operacional\/#primaryimage\"},\"datePublished\":\"2022-01-17T14:28:53+00:00\",\"dateModified\":\"2022-09-09T19:27:42+00:00\",\"breadcrumb\":{\"@id\":\"https:\/\/secovipr.com.br\/curitiba\/institucional\/sede-operacional\/#breadcrumb\"},\"inLanguage\":\"pt-BR\",\"potentialAction\":[{\"@type\":\"ReadAction\",\"target\":[\"https:\/\/secovipr.com.br\/curitiba\/institucional\/sede-operacional\/\"]}]},{\"@type\":\"BreadcrumbList\",\"@id\":\"https:\/\/secovipr.com.br\/curitiba\/institucional\/sede-operacional\/#breadcrumb\",\"itemListElement\":[{\"@type\":\"ListItem\",\"position\":1,\"name\":\"In\u00edcio\",\"item\":\"https:\/\/secovipr.com.br\/curitiba\/\"},{\"@type\":\"ListItem\",\"position\":2,\"name\":\"Institucional\",\"item\":\"https:\/\/secovipr.com.br\/curitiba\/institucional\/\"},{\"@type\":\"ListItem\",\"position\":3,\"name\":\"Sede Operacional\"}]}]}<\/script>\n<!-- \/ Yoast SEO plugin. -->","yoast_head_json":{"title":"Secovi-PR - Sede Operacional - Regional Metropolitana","robots":{"index":"noindex","follow":"follow","max-snippet":"max-snippet:-1","max-image-preview":"max-image-preview:large","max-video-preview":"max-video-preview:-1"},"og_locale":"pt_BR","og_type":"article","og_title":"Secovi-PR - Sede Operacional - Regional Metropolitana","og_description":"R. Doutor Pedrosa, 475 Centro &#8211; Curitiba &#8211; PR CEP 80420-120 Assessoria da Diretoria: M\u00e1rcia Cristina F. Figueiredo Ger\u00eancia Corporativa: Edvaldo Amadei (41) 3259-6000 Equipe Comercial \u2013 SECOVI-PR 41 992843913 \u2013 Emerson Rodrigues41 992656204 \u2013 Thais Wabeski41 92492306 \u2013 Eliane Andreiu curitiba@secovipr.com.br\/curitiba","og_url":"https:\/\/secovipr.com.br\/curitiba\/institucional\/sede-operacional\/","og_site_name":"Regional Metropolitana","article_publisher":"https:\/\/www.facebook.com\/pages\/Secovi-PR\/347968435288032","article_modified_time":"2022-09-09T19:27:42+00:00","og_image":[{"url":"https:\/\/secovipr.com.br\/curitiba\/wp-content\/uploads\/sites\/8\/2022\/01\/258_img.jpg"}],"twitter_card":"summary_large_image","twitter_site":"@secovipr","twitter_misc":{"Est. tempo de leitura":"1 minuto"},"schema":{"@context":"https:\/\/schema.org","@graph":[{"@type":"Organization","@id":"https:\/\/secovipr.com.br\/curitiba\/#organization","name":"Secovi-PR","url":"https:\/\/secovipr.com.br\/curitiba\/","sameAs":["https:\/\/www.facebook.com\/pages\/Secovi-PR\/347968435288032","https:\/\/twitter.com\/secovipr"],"logo":{"@type":"ImageObject","@id":"https:\/\/secovipr.com.br\/curitiba\/#logo","inLanguage":"pt-BR","url":"https:\/\/secovipr.com.br\/curitiba\/wp-content\/uploads\/sites\/8\/2022\/01\/secovipr-logo.png","contentUrl":"https:\/\/secovipr.com.br\/curitiba\/wp-content\/uploads\/sites\/8\/2022\/01\/secovipr-logo.png","width":400,"height":359,"caption":"Secovi-PR"},"image":{"@id":"https:\/\/secovipr.com.br\/curitiba\/#logo"}},{"@type":"WebSite","@id":"https:\/\/secovipr.com.br\/curitiba\/#website","url":"https:\/\/secovipr.com.br\/curitiba\/","name":"Regional Metropolitana","description":"Sindicato da Habita\u00e7\u00e3o e Condom\u00ednios do Paran\u00e1","publisher":{"@id":"https:\/\/secovipr.com.br\/curitiba\/#organization"},"potentialAction":[{"@type":"SearchAction","target":{"@type":"EntryPoint","urlTemplate":"https:\/\/secovipr.com.br\/curitiba\/?s={search_term_string}"},"query-input":"required name=search_term_string"}],"inLanguage":"pt-BR"},{"@type":"ImageObject","@id":"https:\/\/secovipr.com.br\/curitiba\/institucional\/sede-operacional\/#primaryimage","inLanguage":"pt-BR","url":"https:\/\/secovipr.com.br\/curitiba\/wp-content\/uploads\/sites\/8\/2022\/01\/258_img.jpg","contentUrl":"https:\/\/secovipr.com.br\/curitiba\/wp-content\/uploads\/sites\/8\/2022\/01\/258_img.jpg","width":399,"height":665},{"@type":"WebPage","@id":"https:\/\/secovipr.com.br\/curitiba\/institucional\/sede-operacional\/#webpage","url":"https:\/\/secovipr.com.br\/curitiba\/institucional\/sede-operacional\/","name":"Secovi-PR - Sede Operacional - Regional Metropolitana","isPartOf":{"@id":"https:\/\/secovipr.com.br\/curitiba\/#website"},"primaryImageOfPage":{"@id":"https:\/\/secovipr.com.br\/curitiba\/institucional\/sede-operacional\/#primaryimage"},"datePublished":"2022-01-17T14:28:53+00:00","dateModified":"2022-09-09T19:27:42+00:00","breadcrumb":{"@id":"https:\/\/secovipr.com.br\/curitiba\/institucional\/sede-operacional\/#breadcrumb"},"inLanguage":"pt-BR","potentialAction":[{"@type":"ReadAction","target":["https:\/\/secovipr.com.br\/curitiba\/institucional\/sede-operacional\/"]}]},{"@type":"BreadcrumbList","@id":"https:\/\/secovipr.com.br\/curitiba\/institucional\/sede-operacional\/#breadcrumb","itemListElement":[{"@type":"ListItem","position":1,"name":"In\u00edcio","item":"https:\/\/secovipr.com.br\/curitiba\/"},{"@type":"ListItem","position":2,"name":"Institucional","item":"https:\/\/secovipr.com.br\/curitiba\/institucional\/"},{"@type":"ListItem","position":3,"name":"Sede Operacional"}]}]}},"_links":{"self":[{"href":"https:\/\/secovipr.com.br\/curitiba\/wp-json\/wp\/v2\/pages\/171"}],"collection":[{"href":"https:\/\/secovipr.com.br\/curitiba\/wp-json\/wp\/v2\/pages"}],"about":[{"href":"https:\/\/secovipr.com.br\/curitiba\/wp-json\/wp\/v2\/types\/page"}],"author":[{"embeddable":true,"href":"https:\/\/secovipr.com.br\/curitiba\/wp-json\/wp\/v2\/users\/1"}],"replies":[{"embeddable":true,"href":"https:\/\/secovipr.com.br\/curitiba\/wp-json\/wp\/v2\/comments?post=171"}],"version-history":[{"count":5,"href":"https:\/\/secovipr.com.br\/curitiba\/wp-json\/wp\/v2\/pages\/171\/revisions"}],"predecessor-version":[{"id":537,"href":"https:\/\/secovipr.com.br\/curitiba\/wp-json\/wp\/v2\/pages\/171\/revisions\/537"}],"up":[{"embeddable":true,"href":"https:\/\/secovipr.com.br\/curitiba\/wp-json\/wp\/v2\/pages\/38"}],"wp:attachment":[{"href":"https:\/\/secovipr.com.br\/curitiba\/wp-json\/wp\/v2\/media?parent=171"}],"curies":[{"name":"wp","href":"https:\/\/api.w.org\/{rel}","templated":true}]}}