{"id":163,"date":"2022-01-17T10:54:03","date_gmt":"2022-01-17T13:54:03","guid":{"rendered":"https:\/\/secovipr.com.br\/curitiba\/?page_id=163"},"modified":"2022-08-24T16:06:27","modified_gmt":"2022-08-24T19:06:27","slug":"diretoria-da-regional","status":"publish","type":"page","link":"https:\/\/secovipr.com.br\/curitiba\/institucional\/diretoria-da-regional\/","title":{"rendered":"Diretoria da regional"},"content":{"rendered":"\n<p class=\"has-text-align-center\"><strong>Presidente<\/strong><br>Luiz Antonio Langer<\/p>\n\n\n\n<p class=\"has-text-align-center\"><strong>Lan\u00e7amentos e Comercializa\u00e7\u00e3o Imobili\u00e1ria<\/strong><br>Vice-Presidente: Luciano Giongo Tomazini<\/p>\n\n\n\n<p class=\"has-text-align-center\"><strong>Loca\u00e7\u00e3o e Administra\u00e7\u00e3o Imobili\u00e1ria<\/strong><br>Vice-Presidente: Maria de F\u00e1tima Batista Galv\u00e3o<\/p>\n\n\n\n<p class=\"has-text-align-center\"><strong>Rela\u00e7\u00f5es Trabalhistas e de Mercado<\/strong><br>Vice-Presidente: Carlos Eduardo Manzochi<\/p>\n\n\n\n<p class=\"has-text-align-center\"><br><strong>Condom\u00ednios<\/strong><\/p>\n\n\n\n<p class=\"has-text-align-center\">Vice-Presidente: Gilmar Sielski<br>Administra\u00e7\u00e3o de Condom\u00ednios<\/p>\n\n\n\n<p class=\"has-text-align-center\">Vice-Presidente: Valdir Miguel de Souza<br>Desenvolvimento Urbano<\/p>\n\n\n\n<p class=\"has-text-align-center\">Vice-Presidente: Maur\u00edcio Ribas Moritz<br>Economia e Estat\u00edstica<\/p>\n\n\n\n<p class=\"has-text-align-center\">Vice-Presidente: Jean Michel Patrick T. Galiano<br>Comunica\u00e7\u00e3o, Eventos e Marketing Imobili\u00e1rio<\/p>\n\n\n\n<p class=\"has-text-align-center\">Vice-Presidente: Carlos Ribas Tavarnaro<br>Servi\u00e7os Sociais e Forma\u00e7\u00e3o Profissional<\/p>\n\n\n\n<p class=\"has-text-align-center\"><strong>Diretores:<\/strong><\/p>\n\n\n\n<p class=\"has-text-align-center\">Advalter Rodrigues do Nascimento<br>Amauri Domingues<br>Cassio Rossato Cantelli<br>Josue Pedro de Souza<br>Junzi Shimauti<br>Marco Tadeu Barbosa<br>Marcos Roberto Mincachi Moura<br>Maria Goreti Oliveira Azevedo<br>Mar\u00edlia Gonzaga<br>Neusa Tereza Rubert<br>Raul Ricardo Rodrigues Vieira<br>Roberto Granado Martines<br>S\u00e9rgio Carlos Kasprzak<br>Sidney Axelrud<br>Sirleide Hasenauer<\/p>\n\n\n\n<p class=\"has-text-align-center\"><strong>Conselho Fiscal Efetivos:<\/strong><\/p>\n\n\n\n<p class=\"has-text-align-center\">Jo\u00e3o Fran\u00e7olin Tomazini<br>Marcos de Assis Machado<br>Osmar Nodari<\/p>\n\n\n\n<p class=\"has-text-align-center\"><strong>Conselho Fiscal Suplentes<\/strong>:<\/p>\n\n\n\n<p class=\"has-text-align-center\">Jos\u00e9 Carlos Infante Bonatto<br>Luiz Wlodarczyk<br>Victor Daniel Moretti<\/p>\n\n\n\n<p class=\"has-text-align-center\"><strong>Conselho Consultivo Natos:<\/strong><\/p>\n\n\n\n<p class=\"has-text-align-center\">Luis Fernando Koehler de Camargo<br>Luiz Guilherme C. Alho da Silva<br>Marcos de Assis Machado<br>Edmar de Souza Arruda<br>Jo\u00e3o Fran\u00e7olin Tomazini<br>Hudson Alberto Chagas Bonomo<br>M\u00e1rcio Am\u00e9rico Strini<br>Luiz Carlos Borges da Silva<br>Liliana Ribas Tavarnaro<\/p>\n\n\n\n<p class=\"has-text-align-center\"><strong>Efetivos:<\/strong><br>Neusa Capassi Kutinskas<br>Plinio Gonzaga<br>Sergio Schwind<\/p>\n\n\n\n<p class=\"has-text-align-center\"><br><strong>Delegados Representantes junto ao Conselho da Federa\u00e7\u00e3o do Com\u00e9rcio do Estado do Paran\u00e1<\/strong><\/p>\n\n\n\n<p class=\"has-text-align-center\"><strong>Efetivos:<\/strong><br>Luis Antonio Laurentino<br>Liliana Ribas Tavarnaro<\/p>\n\n\n\n<p class=\"has-text-align-center\"><strong>Suplentes:<\/strong><br>Luiz Antonio Langer<br>Luiz Carlos Borges da Silva<\/p>\n","protected":false},"excerpt":{"rendered":"<p>PresidenteLuiz Antonio Langer Lan\u00e7amentos e Comercializa\u00e7\u00e3o Imobili\u00e1riaVice-Presidente: Luciano Giongo Tomazini Loca\u00e7\u00e3o e Administra\u00e7\u00e3o Imobili\u00e1riaVice-Presidente: Maria de F\u00e1tima Batista Galv\u00e3o Rela\u00e7\u00f5es Trabalhistas e de MercadoVice-Presidente: Carlos Eduardo Manzochi Condom\u00ednios Vice-Presidente: Gilmar SielskiAdministra\u00e7\u00e3o de Condom\u00ednios Vice-Presidente: Valdir Miguel de SouzaDesenvolvimento Urbano Vice-Presidente: Maur\u00edcio Ribas MoritzEconomia e Estat\u00edstica Vice-Presidente: Jean Michel Patrick T. GalianoComunica\u00e7\u00e3o, Eventos e Marketing Imobili\u00e1rio [&hellip;]<\/p>\n","protected":false},"author":1,"featured_media":0,"parent":38,"menu_order":0,"comment_status":"closed","ping_status":"closed","template":"","meta":[],"acf":[],"yoast_head":"<!-- This site is optimized with the Yoast SEO plugin v18.1 - https:\/\/yoast.com\/wordpress\/plugins\/seo\/ -->\n<title>Secovi-PR - Diretoria da regional - Regional Metropolitana<\/title>\n<meta name=\"robots\" content=\"noindex, follow, max-snippet:-1, max-image-preview:large, max-video-preview:-1\" \/>\n<meta property=\"og:locale\" content=\"pt_BR\" \/>\n<meta property=\"og:type\" content=\"article\" \/>\n<meta property=\"og:title\" content=\"Secovi-PR - Diretoria da regional - Regional Metropolitana\" \/>\n<meta property=\"og:description\" content=\"PresidenteLuiz Antonio Langer Lan\u00e7amentos e Comercializa\u00e7\u00e3o Imobili\u00e1riaVice-Presidente: Luciano Giongo Tomazini Loca\u00e7\u00e3o e Administra\u00e7\u00e3o Imobili\u00e1riaVice-Presidente: Maria de F\u00e1tima Batista Galv\u00e3o Rela\u00e7\u00f5es Trabalhistas e de MercadoVice-Presidente: Carlos Eduardo Manzochi Condom\u00ednios Vice-Presidente: Gilmar SielskiAdministra\u00e7\u00e3o de Condom\u00ednios Vice-Presidente: Valdir Miguel de SouzaDesenvolvimento Urbano Vice-Presidente: Maur\u00edcio Ribas MoritzEconomia e Estat\u00edstica Vice-Presidente: Jean Michel Patrick T. GalianoComunica\u00e7\u00e3o, Eventos e Marketing Imobili\u00e1rio [&hellip;]\" \/>\n<meta property=\"og:url\" content=\"https:\/\/secovipr.com.br\/curitiba\/institucional\/diretoria-da-regional\/\" \/>\n<meta property=\"og:site_name\" content=\"Regional Metropolitana\" \/>\n<meta property=\"article:publisher\" content=\"https:\/\/www.facebook.com\/pages\/Secovi-PR\/347968435288032\" \/>\n<meta property=\"article:modified_time\" content=\"2022-08-24T19:06:27+00:00\" \/>\n<meta name=\"twitter:card\" content=\"summary_large_image\" \/>\n<meta name=\"twitter:site\" content=\"@secovipr\" \/>\n<meta name=\"twitter:label1\" content=\"Est. tempo de leitura\" \/>\n\t<meta name=\"twitter:data1\" content=\"2 minutos\" \/>\n<script type=\"application\/ld+json\" class=\"yoast-schema-graph\">{\"@context\":\"https:\/\/schema.org\",\"@graph\":[{\"@type\":\"Organization\",\"@id\":\"https:\/\/secovipr.com.br\/curitiba\/#organization\",\"name\":\"Secovi-PR\",\"url\":\"https:\/\/secovipr.com.br\/curitiba\/\",\"sameAs\":[\"https:\/\/www.facebook.com\/pages\/Secovi-PR\/347968435288032\",\"https:\/\/twitter.com\/secovipr\"],\"logo\":{\"@type\":\"ImageObject\",\"@id\":\"https:\/\/secovipr.com.br\/curitiba\/#logo\",\"inLanguage\":\"pt-BR\",\"url\":\"https:\/\/secovipr.com.br\/curitiba\/wp-content\/uploads\/sites\/8\/2022\/01\/secovipr-logo.png\",\"contentUrl\":\"https:\/\/secovipr.com.br\/curitiba\/wp-content\/uploads\/sites\/8\/2022\/01\/secovipr-logo.png\",\"width\":400,\"height\":359,\"caption\":\"Secovi-PR\"},\"image\":{\"@id\":\"https:\/\/secovipr.com.br\/curitiba\/#logo\"}},{\"@type\":\"WebSite\",\"@id\":\"https:\/\/secovipr.com.br\/curitiba\/#website\",\"url\":\"https:\/\/secovipr.com.br\/curitiba\/\",\"name\":\"Regional Metropolitana\",\"description\":\"Sindicato da Habita\u00e7\u00e3o e Condom\u00ednios do Paran\u00e1\",\"publisher\":{\"@id\":\"https:\/\/secovipr.com.br\/curitiba\/#organization\"},\"potentialAction\":[{\"@type\":\"SearchAction\",\"target\":{\"@type\":\"EntryPoint\",\"urlTemplate\":\"https:\/\/secovipr.com.br\/curitiba\/?s={search_term_string}\"},\"query-input\":\"required name=search_term_string\"}],\"inLanguage\":\"pt-BR\"},{\"@type\":\"WebPage\",\"@id\":\"https:\/\/secovipr.com.br\/curitiba\/institucional\/diretoria-da-regional\/#webpage\",\"url\":\"https:\/\/secovipr.com.br\/curitiba\/institucional\/diretoria-da-regional\/\",\"name\":\"Secovi-PR - Diretoria da regional - Regional Metropolitana\",\"isPartOf\":{\"@id\":\"https:\/\/secovipr.com.br\/curitiba\/#website\"},\"datePublished\":\"2022-01-17T13:54:03+00:00\",\"dateModified\":\"2022-08-24T19:06:27+00:00\",\"breadcrumb\":{\"@id\":\"https:\/\/secovipr.com.br\/curitiba\/institucional\/diretoria-da-regional\/#breadcrumb\"},\"inLanguage\":\"pt-BR\",\"potentialAction\":[{\"@type\":\"ReadAction\",\"target\":[\"https:\/\/secovipr.com.br\/curitiba\/institucional\/diretoria-da-regional\/\"]}]},{\"@type\":\"BreadcrumbList\",\"@id\":\"https:\/\/secovipr.com.br\/curitiba\/institucional\/diretoria-da-regional\/#breadcrumb\",\"itemListElement\":[{\"@type\":\"ListItem\",\"position\":1,\"name\":\"In\u00edcio\",\"item\":\"https:\/\/secovipr.com.br\/curitiba\/\"},{\"@type\":\"ListItem\",\"position\":2,\"name\":\"Institucional\",\"item\":\"https:\/\/secovipr.com.br\/curitiba\/institucional\/\"},{\"@type\":\"ListItem\",\"position\":3,\"name\":\"Diretoria da regional\"}]}]}<\/script>\n<!-- \/ Yoast SEO plugin. -->","yoast_head_json":{"title":"Secovi-PR - Diretoria da regional - Regional Metropolitana","robots":{"index":"noindex","follow":"follow","max-snippet":"max-snippet:-1","max-image-preview":"max-image-preview:large","max-video-preview":"max-video-preview:-1"},"og_locale":"pt_BR","og_type":"article","og_title":"Secovi-PR - Diretoria da regional - Regional Metropolitana","og_description":"PresidenteLuiz Antonio Langer Lan\u00e7amentos e Comercializa\u00e7\u00e3o Imobili\u00e1riaVice-Presidente: Luciano Giongo Tomazini Loca\u00e7\u00e3o e Administra\u00e7\u00e3o Imobili\u00e1riaVice-Presidente: Maria de F\u00e1tima Batista Galv\u00e3o Rela\u00e7\u00f5es Trabalhistas e de MercadoVice-Presidente: Carlos Eduardo Manzochi Condom\u00ednios Vice-Presidente: Gilmar SielskiAdministra\u00e7\u00e3o de Condom\u00ednios Vice-Presidente: Valdir Miguel de SouzaDesenvolvimento Urbano Vice-Presidente: Maur\u00edcio Ribas MoritzEconomia e Estat\u00edstica Vice-Presidente: Jean Michel Patrick T. GalianoComunica\u00e7\u00e3o, Eventos e Marketing Imobili\u00e1rio [&hellip;]","og_url":"https:\/\/secovipr.com.br\/curitiba\/institucional\/diretoria-da-regional\/","og_site_name":"Regional Metropolitana","article_publisher":"https:\/\/www.facebook.com\/pages\/Secovi-PR\/347968435288032","article_modified_time":"2022-08-24T19:06:27+00:00","twitter_card":"summary_large_image","twitter_site":"@secovipr","twitter_misc":{"Est. tempo de leitura":"2 minutos"},"schema":{"@context":"https:\/\/schema.org","@graph":[{"@type":"Organization","@id":"https:\/\/secovipr.com.br\/curitiba\/#organization","name":"Secovi-PR","url":"https:\/\/secovipr.com.br\/curitiba\/","sameAs":["https:\/\/www.facebook.com\/pages\/Secovi-PR\/347968435288032","https:\/\/twitter.com\/secovipr"],"logo":{"@type":"ImageObject","@id":"https:\/\/secovipr.com.br\/curitiba\/#logo","inLanguage":"pt-BR","url":"https:\/\/secovipr.com.br\/curitiba\/wp-content\/uploads\/sites\/8\/2022\/01\/secovipr-logo.png","contentUrl":"https:\/\/secovipr.com.br\/curitiba\/wp-content\/uploads\/sites\/8\/2022\/01\/secovipr-logo.png","width":400,"height":359,"caption":"Secovi-PR"},"image":{"@id":"https:\/\/secovipr.com.br\/curitiba\/#logo"}},{"@type":"WebSite","@id":"https:\/\/secovipr.com.br\/curitiba\/#website","url":"https:\/\/secovipr.com.br\/curitiba\/","name":"Regional Metropolitana","description":"Sindicato da Habita\u00e7\u00e3o e Condom\u00ednios do Paran\u00e1","publisher":{"@id":"https:\/\/secovipr.com.br\/curitiba\/#organization"},"potentialAction":[{"@type":"SearchAction","target":{"@type":"EntryPoint","urlTemplate":"https:\/\/secovipr.com.br\/curitiba\/?s={search_term_string}"},"query-input":"required name=search_term_string"}],"inLanguage":"pt-BR"},{"@type":"WebPage","@id":"https:\/\/secovipr.com.br\/curitiba\/institucional\/diretoria-da-regional\/#webpage","url":"https:\/\/secovipr.com.br\/curitiba\/institucional\/diretoria-da-regional\/","name":"Secovi-PR - Diretoria da regional - Regional Metropolitana","isPartOf":{"@id":"https:\/\/secovipr.com.br\/curitiba\/#website"},"datePublished":"2022-01-17T13:54:03+00:00","dateModified":"2022-08-24T19:06:27+00:00","breadcrumb":{"@id":"https:\/\/secovipr.com.br\/curitiba\/institucional\/diretoria-da-regional\/#breadcrumb"},"inLanguage":"pt-BR","potentialAction":[{"@type":"ReadAction","target":["https:\/\/secovipr.com.br\/curitiba\/institucional\/diretoria-da-regional\/"]}]},{"@type":"BreadcrumbList","@id":"https:\/\/secovipr.com.br\/curitiba\/institucional\/diretoria-da-regional\/#breadcrumb","itemListElement":[{"@type":"ListItem","position":1,"name":"In\u00edcio","item":"https:\/\/secovipr.com.br\/curitiba\/"},{"@type":"ListItem","position":2,"name":"Institucional","item":"https:\/\/secovipr.com.br\/curitiba\/institucional\/"},{"@type":"ListItem","position":3,"name":"Diretoria da regional"}]}]}},"_links":{"self":[{"href":"https:\/\/secovipr.com.br\/curitiba\/wp-json\/wp\/v2\/pages\/163"}],"collection":[{"href":"https:\/\/secovipr.com.br\/curitiba\/wp-json\/wp\/v2\/pages"}],"about":[{"href":"https:\/\/secovipr.com.br\/curitiba\/wp-json\/wp\/v2\/types\/page"}],"author":[{"embeddable":true,"href":"https:\/\/secovipr.com.br\/curitiba\/wp-json\/wp\/v2\/users\/1"}],"replies":[{"embeddable":true,"href":"https:\/\/secovipr.com.br\/curitiba\/wp-json\/wp\/v2\/comments?post=163"}],"version-history":[{"count":2,"href":"https:\/\/secovipr.com.br\/curitiba\/wp-json\/wp\/v2\/pages\/163\/revisions"}],"predecessor-version":[{"id":528,"href":"https:\/\/secovipr.com.br\/curitiba\/wp-json\/wp\/v2\/pages\/163\/revisions\/528"}],"up":[{"embeddable":true,"href":"https:\/\/secovipr.com.br\/curitiba\/wp-json\/wp\/v2\/pages\/38"}],"wp:attachment":[{"href":"https:\/\/secovipr.com.br\/curitiba\/wp-json\/wp\/v2\/media?parent=163"}],"curies":[{"name":"wp","href":"https:\/\/api.w.org\/{rel}","templated":true}]}}