{"id":9,"date":"2022-01-11T17:26:33","date_gmt":"2022-01-11T20:26:33","guid":{"rendered":"http:\/\/localhost\/secovipr-site\/?page_id=9"},"modified":"2022-08-24T15:19:32","modified_gmt":"2022-08-24T18:19:32","slug":"home","status":"publish","type":"page","link":"https:\/\/secovipr.com.br\/cascavel\/","title":{"rendered":"Home"},"content":{"rendered":"","protected":false},"excerpt":{"rendered":"","protected":false},"author":1,"featured_media":0,"parent":0,"menu_order":0,"comment_status":"closed","ping_status":"closed","template":"template-home-regionais.php","meta":[],"acf":[],"yoast_head":"<!-- This site is optimized with the Yoast SEO plugin v18.1 - https:\/\/yoast.com\/wordpress\/plugins\/seo\/ -->\n<title>Home - Regional Oeste<\/title>\n<meta name=\"robots\" content=\"noindex, follow, max-snippet:-1, max-image-preview:large, max-video-preview:-1\" \/>\n<meta property=\"og:locale\" content=\"pt_BR\" \/>\n<meta property=\"og:type\" content=\"article\" \/>\n<meta property=\"og:title\" content=\"Home - Regional Oeste\" \/>\n<meta property=\"og:url\" content=\"https:\/\/secovipr.com.br\/cascavel\/\" \/>\n<meta property=\"og:site_name\" content=\"Regional Oeste\" \/>\n<meta property=\"article:modified_time\" content=\"2022-08-24T18:19:32+00:00\" \/>\n<meta name=\"twitter:card\" content=\"summary_large_image\" \/>\n<script type=\"application\/ld+json\" class=\"yoast-schema-graph\">{\"@context\":\"https:\/\/schema.org\",\"@graph\":[{\"@type\":\"WebSite\",\"@id\":\"https:\/\/secovipr.com.br\/cascavel\/#website\",\"url\":\"https:\/\/secovipr.com.br\/cascavel\/\",\"name\":\"Regional Oeste\",\"description\":\"Sindicato da Habita\u00e7\u00e3o e Condom\u00ednios do Paran\u00e1\",\"potentialAction\":[{\"@type\":\"SearchAction\",\"target\":{\"@type\":\"EntryPoint\",\"urlTemplate\":\"https:\/\/secovipr.com.br\/cascavel\/?s={search_term_string}\"},\"query-input\":\"required name=search_term_string\"}],\"inLanguage\":\"pt-BR\"},{\"@type\":\"WebPage\",\"@id\":\"https:\/\/secovipr.com.br\/cascavel\/#webpage\",\"url\":\"https:\/\/secovipr.com.br\/cascavel\/\",\"name\":\"Home - Regional Oeste\",\"isPartOf\":{\"@id\":\"https:\/\/secovipr.com.br\/cascavel\/#website\"},\"datePublished\":\"2022-01-11T20:26:33+00:00\",\"dateModified\":\"2022-08-24T18:19:32+00:00\",\"breadcrumb\":{\"@id\":\"https:\/\/secovipr.com.br\/cascavel\/#breadcrumb\"},\"inLanguage\":\"pt-BR\",\"potentialAction\":[{\"@type\":\"ReadAction\",\"target\":[\"https:\/\/secovipr.com.br\/cascavel\/\"]}]},{\"@type\":\"BreadcrumbList\",\"@id\":\"https:\/\/secovipr.com.br\/cascavel\/#breadcrumb\",\"itemListElement\":[{\"@type\":\"ListItem\",\"position\":1,\"name\":\"In\u00edcio\",\"item\":\"https:\/\/secovipr.com.br\/cascavel\/\"},{\"@type\":\"ListItem\",\"position\":2,\"name\":\"Home\"}]}]}<\/script>\n<!-- \/ Yoast SEO plugin. -->","yoast_head_json":{"title":"Home - Regional Oeste","robots":{"index":"noindex","follow":"follow","max-snippet":"max-snippet:-1","max-image-preview":"max-image-preview:large","max-video-preview":"max-video-preview:-1"},"og_locale":"pt_BR","og_type":"article","og_title":"Home - Regional Oeste","og_url":"https:\/\/secovipr.com.br\/cascavel\/","og_site_name":"Regional Oeste","article_modified_time":"2022-08-24T18:19:32+00:00","twitter_card":"summary_large_image","schema":{"@context":"https:\/\/schema.org","@graph":[{"@type":"WebSite","@id":"https:\/\/secovipr.com.br\/cascavel\/#website","url":"https:\/\/secovipr.com.br\/cascavel\/","name":"Regional Oeste","description":"Sindicato da Habita\u00e7\u00e3o e Condom\u00ednios do Paran\u00e1","potentialAction":[{"@type":"SearchAction","target":{"@type":"EntryPoint","urlTemplate":"https:\/\/secovipr.com.br\/cascavel\/?s={search_term_string}"},"query-input":"required name=search_term_string"}],"inLanguage":"pt-BR"},{"@type":"WebPage","@id":"https:\/\/secovipr.com.br\/cascavel\/#webpage","url":"https:\/\/secovipr.com.br\/cascavel\/","name":"Home - Regional Oeste","isPartOf":{"@id":"https:\/\/secovipr.com.br\/cascavel\/#website"},"datePublished":"2022-01-11T20:26:33+00:00","dateModified":"2022-08-24T18:19:32+00:00","breadcrumb":{"@id":"https:\/\/secovipr.com.br\/cascavel\/#breadcrumb"},"inLanguage":"pt-BR","potentialAction":[{"@type":"ReadAction","target":["https:\/\/secovipr.com.br\/cascavel\/"]}]},{"@type":"BreadcrumbList","@id":"https:\/\/secovipr.com.br\/cascavel\/#breadcrumb","itemListElement":[{"@type":"ListItem","position":1,"name":"In\u00edcio","item":"https:\/\/secovipr.com.br\/cascavel\/"},{"@type":"ListItem","position":2,"name":"Home"}]}]}},"_links":{"self":[{"href":"https:\/\/secovipr.com.br\/cascavel\/wp-json\/wp\/v2\/pages\/9"}],"collection":[{"href":"https:\/\/secovipr.com.br\/cascavel\/wp-json\/wp\/v2\/pages"}],"about":[{"href":"https:\/\/secovipr.com.br\/cascavel\/wp-json\/wp\/v2\/types\/page"}],"author":[{"embeddable":true,"href":"https:\/\/secovipr.com.br\/cascavel\/wp-json\/wp\/v2\/users\/1"}],"replies":[{"embeddable":true,"href":"https:\/\/secovipr.com.br\/cascavel\/wp-json\/wp\/v2\/comments?post=9"}],"version-history":[{"count":6,"href":"https:\/\/secovipr.com.br\/cascavel\/wp-json\/wp\/v2\/pages\/9\/revisions"}],"predecessor-version":[{"id":394,"href":"https:\/\/secovipr.com.br\/cascavel\/wp-json\/wp\/v2\/pages\/9\/revisions\/394"}],"wp:attachment":[{"href":"https:\/\/secovipr.com.br\/cascavel\/wp-json\/wp\/v2\/media?parent=9"}],"curies":[{"name":"wp","href":"https:\/\/api.w.org\/{rel}","templated":true}]}}