{"id":337,"date":"2022-07-12T15:56:10","date_gmt":"2022-07-12T18:56:10","guid":{"rendered":"https:\/\/secovipr.com.br\/cascavel\/?page_id=337"},"modified":"2022-07-15T11:22:40","modified_gmt":"2022-07-15T14:22:40","slug":"assessoria-juridica","status":"publish","type":"page","link":"https:\/\/secovipr.com.br\/cascavel\/assessoria-juridica\/","title":{"rendered":"Assessoria jur\u00eddica"},"content":{"rendered":"\n<div class=\"wp-block-columns\">\n<div class=\"wp-block-column\">\n<p><strong>REGIONAL OESTE | SEDE CASCAVEL<\/strong><br>Rua Paran\u00e1, 2709, Conjuntos 105\/111, Edif\u00edcio Dom Pedro CEP: 85812-011<br>(45) 3225-2560 \/ 99104-2363<br>cascavel@secovipr.com.br\/<a href=\"mailto:atendimentocascavel@secovipr.com.br\">atendimentocascavel@secovipr.com.br<\/a><\/p>\n\n\n\n<p><strong>Advogado<\/strong>:<\/p>\n\n\n\n<p>Dr. Sylvio Luiz Rossi Kissula<\/p>\n\n\n\n<p><strong>Hor\u00e1rio de Atendimento Jur\u00eddico da Regional:<\/strong><\/p>\n\n\n\n<p>Segunda \u00e0 Sexta 10h00 \u00e0s 12h00, podendo ser pessoalmente, via telefone ou e-mail.<\/p>\n<\/div>\n\n\n\n<div class=\"wp-block-column\">\n<p class=\"has-medium-font-size\"><strong>Formul\u00e1rio de contato<\/strong><\/p>\n\n\n\n<div class=\"wp-block-contact-form-7-contact-form-selector\"><div role=\"form\" class=\"wpcf7\" id=\"wpcf7-f339-o1\" lang=\"pt-BR\" dir=\"ltr\">\n<div class=\"screen-reader-response\"><p role=\"status\" aria-live=\"polite\" aria-atomic=\"true\"><\/p> <ul><\/ul><\/div>\n<form action=\"\/cascavel\/wp-json\/wp\/v2\/pages\/337#wpcf7-f339-o1\" method=\"post\" class=\"wpcf7-form init\" novalidate=\"novalidate\" data-status=\"init\">\n<div style=\"display: none;\">\n<input type=\"hidden\" name=\"_wpcf7\" value=\"339\" \/>\n<input type=\"hidden\" name=\"_wpcf7_version\" value=\"5.5.4\" \/>\n<input type=\"hidden\" name=\"_wpcf7_locale\" value=\"pt_BR\" \/>\n<input type=\"hidden\" name=\"_wpcf7_unit_tag\" value=\"wpcf7-f339-o1\" \/>\n<input type=\"hidden\" name=\"_wpcf7_container_post\" value=\"0\" \/>\n<input type=\"hidden\" name=\"_wpcf7_posted_data_hash\" value=\"\" \/>\n<\/div>\n<div class=\"input-wrap\">\n<label>\n<span class=\"wpcf7-form-control-wrap nome-contato\"><input type=\"text\" name=\"nome-contato\" value=\"\" size=\"40\" class=\"wpcf7-form-control wpcf7-text wpcf7-validates-as-required input-01\" id=\"nome-contato\" aria-required=\"true\" aria-invalid=\"false\" placeholder=\"Nome\" \/><\/span>\n<\/label>\n<\/div>\n\n<div class=\"input-wrap\">\n<label>\n<span class=\"wpcf7-form-control-wrap email-contato\"><input type=\"email\" name=\"email-contato\" value=\"\" size=\"40\" class=\"wpcf7-form-control wpcf7-text wpcf7-email wpcf7-validates-as-required wpcf7-validates-as-email input-01\" id=\"email-contato\" aria-required=\"true\" aria-invalid=\"false\" placeholder=\"Email\" \/><\/span>\n<\/label>\n<\/div>\n\n<div class=\"input-wrap\">\n<label>\n<span class=\"wpcf7-form-control-wrap msg-contato\"><textarea name=\"msg-contato\" cols=\"40\" rows=\"10\" class=\"wpcf7-form-control wpcf7-textarea wpcf7-validates-as-required input-01\" id=\"msg-contato\" aria-required=\"true\" aria-invalid=\"false\">Mensagem<\/textarea><\/span>\n<\/label>\n<\/div>\n\n<div class=\"input-wrap\">\n<span class=\"wpcf7-form-control-wrap optin-contato\"><span class=\"wpcf7-form-control wpcf7-acceptance\"><span class=\"wpcf7-list-item\"><label><input type=\"checkbox\" name=\"optin-contato\" value=\"1\" aria-invalid=\"false\" id=\"optin-contato\" \/><span class=\"wpcf7-list-item-label\">Li e concordo com a <a href=\"https:\/\/secovipr.com.br\/litoral\/politica-de-privacidade\/\" target=\"_blank\">pol\u00edtica de privacidade<\/a>.<\/span><\/label><\/span><\/span><\/span>\n<\/div>\n\n<div class=\"input-wrap\">\n<input type=\"submit\" value=\"Enviar\" class=\"wpcf7-form-control has-spinner wpcf7-submit submit-01\" \/>\n<\/div><div class=\"wpcf7-response-output\" aria-hidden=\"true\"><\/div><\/form><\/div><\/div>\n<\/div>\n<\/div>\n","protected":false},"excerpt":{"rendered":"<p>REGIONAL OESTE | SEDE CASCAVELRua Paran\u00e1, 2709, Conjuntos 105\/111, Edif\u00edcio Dom Pedro CEP: 85812-011(45) 3225-2560 \/ 99104-2363cascavel@secovipr.com.br\/atendimentocascavel@secovipr.com.br Advogado: Dr. Sylvio Luiz Rossi Kissula Hor\u00e1rio de Atendimento Jur\u00eddico da Regional: Segunda \u00e0 Sexta 10h00 \u00e0s 12h00, podendo ser pessoalmente, via telefone ou e-mail. Formul\u00e1rio de contato<\/p>\n","protected":false},"author":1,"featured_media":0,"parent":0,"menu_order":0,"comment_status":"closed","ping_status":"closed","template":"","meta":[],"acf":[],"yoast_head":"<!-- This site is optimized with the Yoast SEO plugin v18.1 - https:\/\/yoast.com\/wordpress\/plugins\/seo\/ -->\n<title>Assessoria jur\u00eddica - Regional Oeste<\/title>\n<meta name=\"robots\" content=\"noindex, follow, max-snippet:-1, max-image-preview:large, max-video-preview:-1\" \/>\n<meta property=\"og:locale\" content=\"pt_BR\" \/>\n<meta property=\"og:type\" content=\"article\" \/>\n<meta property=\"og:title\" content=\"Assessoria jur\u00eddica - Regional Oeste\" \/>\n<meta property=\"og:description\" content=\"REGIONAL OESTE | SEDE CASCAVELRua Paran\u00e1, 2709, Conjuntos 105\/111, Edif\u00edcio Dom Pedro CEP: 85812-011(45) 3225-2560 \/ 99104-2363cascavel@secovipr.com.br\/atendimentocascavel@secovipr.com.br Advogado: Dr. Sylvio Luiz Rossi Kissula Hor\u00e1rio de Atendimento Jur\u00eddico da Regional: Segunda \u00e0 Sexta 10h00 \u00e0s 12h00, podendo ser pessoalmente, via telefone ou e-mail. Formul\u00e1rio de contato\" \/>\n<meta property=\"og:url\" content=\"https:\/\/secovipr.com.br\/cascavel\/assessoria-juridica\/\" \/>\n<meta property=\"og:site_name\" content=\"Regional Oeste\" \/>\n<meta property=\"article:modified_time\" content=\"2022-07-15T14:22:40+00:00\" \/>\n<meta name=\"twitter:card\" content=\"summary_large_image\" \/>\n<meta name=\"twitter:label1\" content=\"Est. tempo de leitura\" \/>\n\t<meta name=\"twitter:data1\" content=\"1 minuto\" \/>\n<script type=\"application\/ld+json\" class=\"yoast-schema-graph\">{\"@context\":\"https:\/\/schema.org\",\"@graph\":[{\"@type\":\"WebSite\",\"@id\":\"https:\/\/secovipr.com.br\/cascavel\/#website\",\"url\":\"https:\/\/secovipr.com.br\/cascavel\/\",\"name\":\"Regional Oeste\",\"description\":\"Sindicato da Habita\u00e7\u00e3o e Condom\u00ednios do Paran\u00e1\",\"potentialAction\":[{\"@type\":\"SearchAction\",\"target\":{\"@type\":\"EntryPoint\",\"urlTemplate\":\"https:\/\/secovipr.com.br\/cascavel\/?s={search_term_string}\"},\"query-input\":\"required name=search_term_string\"}],\"inLanguage\":\"pt-BR\"},{\"@type\":\"WebPage\",\"@id\":\"https:\/\/secovipr.com.br\/cascavel\/assessoria-juridica\/#webpage\",\"url\":\"https:\/\/secovipr.com.br\/cascavel\/assessoria-juridica\/\",\"name\":\"Assessoria jur\u00eddica - Regional Oeste\",\"isPartOf\":{\"@id\":\"https:\/\/secovipr.com.br\/cascavel\/#website\"},\"datePublished\":\"2022-07-12T18:56:10+00:00\",\"dateModified\":\"2022-07-15T14:22:40+00:00\",\"breadcrumb\":{\"@id\":\"https:\/\/secovipr.com.br\/cascavel\/assessoria-juridica\/#breadcrumb\"},\"inLanguage\":\"pt-BR\",\"potentialAction\":[{\"@type\":\"ReadAction\",\"target\":[\"https:\/\/secovipr.com.br\/cascavel\/assessoria-juridica\/\"]}]},{\"@type\":\"BreadcrumbList\",\"@id\":\"https:\/\/secovipr.com.br\/cascavel\/assessoria-juridica\/#breadcrumb\",\"itemListElement\":[{\"@type\":\"ListItem\",\"position\":1,\"name\":\"In\u00edcio\",\"item\":\"https:\/\/secovipr.com.br\/cascavel\/\"},{\"@type\":\"ListItem\",\"position\":2,\"name\":\"Assessoria jur\u00eddica\"}]}]}<\/script>\n<!-- \/ Yoast SEO plugin. -->","yoast_head_json":{"title":"Assessoria jur\u00eddica - Regional Oeste","robots":{"index":"noindex","follow":"follow","max-snippet":"max-snippet:-1","max-image-preview":"max-image-preview:large","max-video-preview":"max-video-preview:-1"},"og_locale":"pt_BR","og_type":"article","og_title":"Assessoria jur\u00eddica - Regional Oeste","og_description":"REGIONAL OESTE | SEDE CASCAVELRua Paran\u00e1, 2709, Conjuntos 105\/111, Edif\u00edcio Dom Pedro CEP: 85812-011(45) 3225-2560 \/ 99104-2363cascavel@secovipr.com.br\/atendimentocascavel@secovipr.com.br Advogado: Dr. Sylvio Luiz Rossi Kissula Hor\u00e1rio de Atendimento Jur\u00eddico da Regional: Segunda \u00e0 Sexta 10h00 \u00e0s 12h00, podendo ser pessoalmente, via telefone ou e-mail. Formul\u00e1rio de contato","og_url":"https:\/\/secovipr.com.br\/cascavel\/assessoria-juridica\/","og_site_name":"Regional Oeste","article_modified_time":"2022-07-15T14:22:40+00:00","twitter_card":"summary_large_image","twitter_misc":{"Est. tempo de leitura":"1 minuto"},"schema":{"@context":"https:\/\/schema.org","@graph":[{"@type":"WebSite","@id":"https:\/\/secovipr.com.br\/cascavel\/#website","url":"https:\/\/secovipr.com.br\/cascavel\/","name":"Regional Oeste","description":"Sindicato da Habita\u00e7\u00e3o e Condom\u00ednios do Paran\u00e1","potentialAction":[{"@type":"SearchAction","target":{"@type":"EntryPoint","urlTemplate":"https:\/\/secovipr.com.br\/cascavel\/?s={search_term_string}"},"query-input":"required name=search_term_string"}],"inLanguage":"pt-BR"},{"@type":"WebPage","@id":"https:\/\/secovipr.com.br\/cascavel\/assessoria-juridica\/#webpage","url":"https:\/\/secovipr.com.br\/cascavel\/assessoria-juridica\/","name":"Assessoria jur\u00eddica - Regional Oeste","isPartOf":{"@id":"https:\/\/secovipr.com.br\/cascavel\/#website"},"datePublished":"2022-07-12T18:56:10+00:00","dateModified":"2022-07-15T14:22:40+00:00","breadcrumb":{"@id":"https:\/\/secovipr.com.br\/cascavel\/assessoria-juridica\/#breadcrumb"},"inLanguage":"pt-BR","potentialAction":[{"@type":"ReadAction","target":["https:\/\/secovipr.com.br\/cascavel\/assessoria-juridica\/"]}]},{"@type":"BreadcrumbList","@id":"https:\/\/secovipr.com.br\/cascavel\/assessoria-juridica\/#breadcrumb","itemListElement":[{"@type":"ListItem","position":1,"name":"In\u00edcio","item":"https:\/\/secovipr.com.br\/cascavel\/"},{"@type":"ListItem","position":2,"name":"Assessoria jur\u00eddica"}]}]}},"_links":{"self":[{"href":"https:\/\/secovipr.com.br\/cascavel\/wp-json\/wp\/v2\/pages\/337"}],"collection":[{"href":"https:\/\/secovipr.com.br\/cascavel\/wp-json\/wp\/v2\/pages"}],"about":[{"href":"https:\/\/secovipr.com.br\/cascavel\/wp-json\/wp\/v2\/types\/page"}],"author":[{"embeddable":true,"href":"https:\/\/secovipr.com.br\/cascavel\/wp-json\/wp\/v2\/users\/1"}],"replies":[{"embeddable":true,"href":"https:\/\/secovipr.com.br\/cascavel\/wp-json\/wp\/v2\/comments?post=337"}],"version-history":[{"count":5,"href":"https:\/\/secovipr.com.br\/cascavel\/wp-json\/wp\/v2\/pages\/337\/revisions"}],"predecessor-version":[{"id":382,"href":"https:\/\/secovipr.com.br\/cascavel\/wp-json\/wp\/v2\/pages\/337\/revisions\/382"}],"wp:attachment":[{"href":"https:\/\/secovipr.com.br\/cascavel\/wp-json\/wp\/v2\/media?parent=337"}],"curies":[{"name":"wp","href":"https:\/\/api.w.org\/{rel}","templated":true}]}}