{"id":176,"date":"2022-01-17T11:32:12","date_gmt":"2022-01-17T14:32:12","guid":{"rendered":"https:\/\/secovipr.com.br\/litoral\/?page_id=176"},"modified":"2022-07-15T11:27:36","modified_gmt":"2022-07-15T14:27:36","slug":"fundadores","status":"publish","type":"page","link":"https:\/\/secovipr.com.br\/cascavel\/institucional\/fundadores\/","title":{"rendered":"Fundadores"},"content":{"rendered":"\n<p><strong>FUNDA\u00c7\u00c3O DA REGIONAL OESTE:<\/strong><strong> <\/strong><strong>1995\/1997<\/strong><\/p>\n\n\n\n<p>O SECOVI-PR SEDE foi fundado em 1983, por um grupo de pessoas com alto esp\u00edrito associativo, cientes da necessidade de uma ativa representatividade de classes, capaz de garantir for\u00e7a e proje\u00e7\u00e3o para todas as categorias envolvidas<\/p>\n\n\n\n<p>Enganou-se quem n\u00e3o acreditou na grandeza dessas pessoas. O SECOVI-PR \u2013 Sindicato da Habita\u00e7\u00e3o e Condom\u00ednios vem assegurando aos condom\u00ednios e empresas do setor imobili\u00e1rio a representatividade de seus interesses diante da sociedade e dos poderes constitu\u00eddos.<\/p>\n\n\n\n<p>A Sede do SECOVI-PR Regional Oeste de Cascavel, teve sede pr\u00f3pria e foi&nbsp;adquirida na gest\u00e3o do Sr. S\u00e9rgio Carlos Kasprzak, gest\u00e3o&nbsp;1995\/1997, &nbsp;e que foi inaugurada em 14 de junho de 1997.&nbsp;<\/p>\n\n\n\n<p>Complementando, literalmente,&nbsp;a 1\u00aa Diretoria da Delegacia do Secovi&nbsp;Oeste do Paran\u00e1 foi em maio de 1989, tendo como &#8220;Delegado&#8221;, Sr.&nbsp;Paulo Afonso&nbsp;Sciarra.<\/p>\n\n\n\n<p>O Sr. Paulo Afonso Sciarra&nbsp;se intitula como sendo o 1\u00ba Delegado de Cascavel.<\/p>\n\n\n\n<p>Segundo&nbsp;Marco Aur\u00e9lio Beck Lima, o Sciarra foi o fundador da regional, que fez as intermedia\u00e7\u00f5es para implanta\u00e7\u00e3o da Regional de Cascavel e que, oficialmente o 1\u00ba Delegado foi o Sr. Marco Aur\u00e9lio Beck Lima Gest\u00e3o 1989\/1991.<\/p>\n\n\n\n<p>Em 30\/05\/1989, houve a elei\u00e7\u00e3o da nova diretoria Secovi\/PR&nbsp;&nbsp;<\/p>\n\n\n\n<p>Em 07\/07\/1989, posse nova diretoria Secovi\/PR&nbsp;<\/p>\n\n\n\n<p>Em 04\/08\/1989, foi a inaugura\u00e7\u00e3o da sede da delegacia regional de Cascavel, tendo oficialmente, Sr. Marco Aur\u00e9lio Beck Lima, como Delegado, gest\u00e3o 1989\/1991.<\/p>\n\n\n\n<p>Paulo Roberto Carlesso Vice Presidente Gest\u00e3o 1991\/1993.<\/p>\n\n\n\n<p>S\u00e9rgio Carlos Kasprzak Vice Presidente Gest\u00e3o 1993\/1997.<\/p>\n\n\n\n<p>Elson Thomann Vice Presidente Gest\u00e3o 1997\/2001.<\/p>\n\n\n\n<p>Victor Daniel Moretti Presidente Gest\u00e3o 2001\/2004<\/p>\n\n\n\n<p>Luiz Antonio Langer Gest\u00e3o 2004 at\u00e9 2021.<\/p>\n","protected":false},"excerpt":{"rendered":"<p>FUNDA\u00c7\u00c3O DA REGIONAL OESTE: 1995\/1997 O SECOVI-PR SEDE foi fundado em 1983, por um grupo de pessoas com alto esp\u00edrito associativo, cientes da necessidade de uma ativa representatividade de classes, capaz de garantir for\u00e7a e proje\u00e7\u00e3o para todas as categorias envolvidas Enganou-se quem n\u00e3o acreditou na grandeza dessas pessoas. O SECOVI-PR \u2013 Sindicato da Habita\u00e7\u00e3o [&hellip;]<\/p>\n","protected":false},"author":1,"featured_media":0,"parent":38,"menu_order":0,"comment_status":"closed","ping_status":"closed","template":"","meta":[],"acf":[],"yoast_head":"<!-- This site is optimized with the Yoast SEO plugin v18.1 - https:\/\/yoast.com\/wordpress\/plugins\/seo\/ -->\n<title>Fundadores - Regional Oeste<\/title>\n<meta name=\"robots\" content=\"noindex, follow, max-snippet:-1, max-image-preview:large, max-video-preview:-1\" \/>\n<meta property=\"og:locale\" content=\"pt_BR\" \/>\n<meta property=\"og:type\" content=\"article\" \/>\n<meta property=\"og:title\" content=\"Fundadores - Regional Oeste\" \/>\n<meta property=\"og:description\" content=\"FUNDA\u00c7\u00c3O DA REGIONAL OESTE: 1995\/1997 O SECOVI-PR SEDE foi fundado em 1983, por um grupo de pessoas com alto esp\u00edrito associativo, cientes da necessidade de uma ativa representatividade de classes, capaz de garantir for\u00e7a e proje\u00e7\u00e3o para todas as categorias envolvidas Enganou-se quem n\u00e3o acreditou na grandeza dessas pessoas. O SECOVI-PR \u2013 Sindicato da Habita\u00e7\u00e3o [&hellip;]\" \/>\n<meta property=\"og:url\" content=\"https:\/\/secovipr.com.br\/cascavel\/institucional\/fundadores\/\" \/>\n<meta property=\"og:site_name\" content=\"Regional Oeste\" \/>\n<meta property=\"article:modified_time\" content=\"2022-07-15T14:27:36+00:00\" \/>\n<meta name=\"twitter:card\" content=\"summary_large_image\" \/>\n<meta name=\"twitter:label1\" content=\"Est. tempo de leitura\" \/>\n\t<meta name=\"twitter:data1\" content=\"2 minutos\" \/>\n<script type=\"application\/ld+json\" class=\"yoast-schema-graph\">{\"@context\":\"https:\/\/schema.org\",\"@graph\":[{\"@type\":\"WebSite\",\"@id\":\"https:\/\/secovipr.com.br\/cascavel\/#website\",\"url\":\"https:\/\/secovipr.com.br\/cascavel\/\",\"name\":\"Regional Oeste\",\"description\":\"Sindicato da Habita\u00e7\u00e3o e Condom\u00ednios do Paran\u00e1\",\"potentialAction\":[{\"@type\":\"SearchAction\",\"target\":{\"@type\":\"EntryPoint\",\"urlTemplate\":\"https:\/\/secovipr.com.br\/cascavel\/?s={search_term_string}\"},\"query-input\":\"required name=search_term_string\"}],\"inLanguage\":\"pt-BR\"},{\"@type\":\"WebPage\",\"@id\":\"https:\/\/secovipr.com.br\/cascavel\/institucional\/fundadores\/#webpage\",\"url\":\"https:\/\/secovipr.com.br\/cascavel\/institucional\/fundadores\/\",\"name\":\"Fundadores - Regional Oeste\",\"isPartOf\":{\"@id\":\"https:\/\/secovipr.com.br\/cascavel\/#website\"},\"datePublished\":\"2022-01-17T14:32:12+00:00\",\"dateModified\":\"2022-07-15T14:27:36+00:00\",\"breadcrumb\":{\"@id\":\"https:\/\/secovipr.com.br\/cascavel\/institucional\/fundadores\/#breadcrumb\"},\"inLanguage\":\"pt-BR\",\"potentialAction\":[{\"@type\":\"ReadAction\",\"target\":[\"https:\/\/secovipr.com.br\/cascavel\/institucional\/fundadores\/\"]}]},{\"@type\":\"BreadcrumbList\",\"@id\":\"https:\/\/secovipr.com.br\/cascavel\/institucional\/fundadores\/#breadcrumb\",\"itemListElement\":[{\"@type\":\"ListItem\",\"position\":1,\"name\":\"In\u00edcio\",\"item\":\"https:\/\/secovipr.com.br\/cascavel\/\"},{\"@type\":\"ListItem\",\"position\":2,\"name\":\"Institucional\",\"item\":\"https:\/\/secovipr.com.br\/cascavel\/institucional\/\"},{\"@type\":\"ListItem\",\"position\":3,\"name\":\"Fundadores\"}]}]}<\/script>\n<!-- \/ Yoast SEO plugin. -->","yoast_head_json":{"title":"Fundadores - Regional Oeste","robots":{"index":"noindex","follow":"follow","max-snippet":"max-snippet:-1","max-image-preview":"max-image-preview:large","max-video-preview":"max-video-preview:-1"},"og_locale":"pt_BR","og_type":"article","og_title":"Fundadores - Regional Oeste","og_description":"FUNDA\u00c7\u00c3O DA REGIONAL OESTE: 1995\/1997 O SECOVI-PR SEDE foi fundado em 1983, por um grupo de pessoas com alto esp\u00edrito associativo, cientes da necessidade de uma ativa representatividade de classes, capaz de garantir for\u00e7a e proje\u00e7\u00e3o para todas as categorias envolvidas Enganou-se quem n\u00e3o acreditou na grandeza dessas pessoas. O SECOVI-PR \u2013 Sindicato da Habita\u00e7\u00e3o [&hellip;]","og_url":"https:\/\/secovipr.com.br\/cascavel\/institucional\/fundadores\/","og_site_name":"Regional Oeste","article_modified_time":"2022-07-15T14:27:36+00:00","twitter_card":"summary_large_image","twitter_misc":{"Est. tempo de leitura":"2 minutos"},"schema":{"@context":"https:\/\/schema.org","@graph":[{"@type":"WebSite","@id":"https:\/\/secovipr.com.br\/cascavel\/#website","url":"https:\/\/secovipr.com.br\/cascavel\/","name":"Regional Oeste","description":"Sindicato da Habita\u00e7\u00e3o e Condom\u00ednios do Paran\u00e1","potentialAction":[{"@type":"SearchAction","target":{"@type":"EntryPoint","urlTemplate":"https:\/\/secovipr.com.br\/cascavel\/?s={search_term_string}"},"query-input":"required name=search_term_string"}],"inLanguage":"pt-BR"},{"@type":"WebPage","@id":"https:\/\/secovipr.com.br\/cascavel\/institucional\/fundadores\/#webpage","url":"https:\/\/secovipr.com.br\/cascavel\/institucional\/fundadores\/","name":"Fundadores - Regional Oeste","isPartOf":{"@id":"https:\/\/secovipr.com.br\/cascavel\/#website"},"datePublished":"2022-01-17T14:32:12+00:00","dateModified":"2022-07-15T14:27:36+00:00","breadcrumb":{"@id":"https:\/\/secovipr.com.br\/cascavel\/institucional\/fundadores\/#breadcrumb"},"inLanguage":"pt-BR","potentialAction":[{"@type":"ReadAction","target":["https:\/\/secovipr.com.br\/cascavel\/institucional\/fundadores\/"]}]},{"@type":"BreadcrumbList","@id":"https:\/\/secovipr.com.br\/cascavel\/institucional\/fundadores\/#breadcrumb","itemListElement":[{"@type":"ListItem","position":1,"name":"In\u00edcio","item":"https:\/\/secovipr.com.br\/cascavel\/"},{"@type":"ListItem","position":2,"name":"Institucional","item":"https:\/\/secovipr.com.br\/cascavel\/institucional\/"},{"@type":"ListItem","position":3,"name":"Fundadores"}]}]}},"_links":{"self":[{"href":"https:\/\/secovipr.com.br\/cascavel\/wp-json\/wp\/v2\/pages\/176"}],"collection":[{"href":"https:\/\/secovipr.com.br\/cascavel\/wp-json\/wp\/v2\/pages"}],"about":[{"href":"https:\/\/secovipr.com.br\/cascavel\/wp-json\/wp\/v2\/types\/page"}],"author":[{"embeddable":true,"href":"https:\/\/secovipr.com.br\/cascavel\/wp-json\/wp\/v2\/users\/1"}],"replies":[{"embeddable":true,"href":"https:\/\/secovipr.com.br\/cascavel\/wp-json\/wp\/v2\/comments?post=176"}],"version-history":[{"count":3,"href":"https:\/\/secovipr.com.br\/cascavel\/wp-json\/wp\/v2\/pages\/176\/revisions"}],"predecessor-version":[{"id":384,"href":"https:\/\/secovipr.com.br\/cascavel\/wp-json\/wp\/v2\/pages\/176\/revisions\/384"}],"up":[{"embeddable":true,"href":"https:\/\/secovipr.com.br\/cascavel\/wp-json\/wp\/v2\/pages\/38"}],"wp:attachment":[{"href":"https:\/\/secovipr.com.br\/cascavel\/wp-json\/wp\/v2\/media?parent=176"}],"curies":[{"name":"wp","href":"https:\/\/api.w.org\/{rel}","templated":true}]}}