{"id":171,"date":"2022-01-17T11:28:53","date_gmt":"2022-01-17T14:28:53","guid":{"rendered":"https:\/\/secovipr.com.br\/litoral\/?page_id=171"},"modified":"2022-10-04T15:45:26","modified_gmt":"2022-10-04T18:45:26","slug":"sede-operacional","status":"publish","type":"page","link":"https:\/\/secovipr.com.br\/cascavel\/institucional\/sede-operacional\/","title":{"rendered":"Cidades Abrangentes"},"content":{"rendered":"\n<div class=\"wp-block-image\"><figure class=\"alignright size-full is-resized\"><img loading=\"lazy\" src=\"https:\/\/secovipr.com.br\/litoral\/wp-content\/uploads\/sites\/6\/2022\/01\/258_img.jpg\" alt=\"\" class=\"wp-image-172\" width=\"264\" height=\"440\" srcset=\"https:\/\/secovipr.com.br\/cascavel\/wp-content\/uploads\/sites\/6\/2022\/01\/258_img.jpg 399w, https:\/\/secovipr.com.br\/cascavel\/wp-content\/uploads\/sites\/6\/2022\/01\/258_img-180x300.jpg 180w\" sizes=\"(max-width: 264px) 100vw, 264px\" \/><\/figure><\/div>\n\n\n\n<p>Cidades que a Regional Oeste representa:<\/p>\n\n\n\n<p><\/p>\n\n\n\n<hr class=\"wp-block-separator\" \/>\n\n\n\n<p><\/p>\n\n\n\n<p>Anahy\/PR,<br>Assis Chateaubriand\/PR,<br>Boa Vista da Aparecida\/PR,<br>Braganey\/PR,<br>Cafel\u00e2ndia\/PR,<br>Campo Bonito\/PR,<br>&nbsp;Capit\u00e3o Le\u00f4nidas Marques\/PR,<br>Cascavel\/PR,<br>Catanduvas\/PR,<br>C\u00e9u Azul\/PR,<br>Corb\u00e9lia\/PR,<br>Entre Rios do Oeste\/PR,<br>Formosa do Oeste\/PR,<br>Gua\u00edra\/PR, Ibema\/PR,<br>Iguatu\/PR,<br>Iracema do Oeste\/PR,<br>Jesu\u00edtas\/PR,<br>Lindoeste\/PR,<br>Marechal C\u00e2ndido Rondon\/PR,<br>Marip\u00e1\/PR,<br>Mercedes\/PR,<br>Nova Aurora\/PR,<br>Nova Santa Rosa\/PR,<br>Ouro Verde do Oeste\/PR,<br>Palotina\/PR,<br>Pato Bragado\/PR,<br>Quatro Pontes\/PR,<br>Santa Helena\/PR,<br>Santa L\u00facia\/PR,<br>Santa Tereza do Oeste\/PR,<br>S\u00e3o Jos\u00e9 das Palmeiras\/PR,<br>S\u00e3o Pedro do Igua\u00e7u\/PR,<br>Terra Roxa\/PR, Toledo\/PR,<br>Tr\u00eas Barras do Paran\u00e1\/PR,<br>Tup\u00e3ssi\/PR<br>Vera Cruz do Oeste\/PR.<\/p>\n\n\n\n<hr class=\"wp-block-separator\" \/>\n\n\n\n<p><strong>NOSSO ENDERE\u00c7O:<\/strong><br>Rua Paran\u00e1, 2709, Sala 105, Edificio Dom Pedro &#8211;<br>Centro &#8211; CEP: 85812-011<br>(45) 3225-2560 \/ 99104-2363<br><a href=\"mailto:cascavel@secovipr.com.br\">cascavel@secovipr.com.br<\/a> \/ <a href=\"mailto:atendimentocascavel@secovipr.com.br\">atendimentocascavel@secovipr.com.br<\/a><\/p>\n","protected":false},"excerpt":{"rendered":"<p>Cidades que a Regional Oeste representa: Anahy\/PR,Assis Chateaubriand\/PR,Boa Vista da Aparecida\/PR,Braganey\/PR,Cafel\u00e2ndia\/PR,Campo Bonito\/PR,&nbsp;Capit\u00e3o Le\u00f4nidas Marques\/PR,Cascavel\/PR,Catanduvas\/PR,C\u00e9u Azul\/PR,Corb\u00e9lia\/PR,Entre Rios do Oeste\/PR,Formosa do Oeste\/PR,Gua\u00edra\/PR, Ibema\/PR,Iguatu\/PR,Iracema do Oeste\/PR,Jesu\u00edtas\/PR,Lindoeste\/PR,Marechal C\u00e2ndido Rondon\/PR,Marip\u00e1\/PR,Mercedes\/PR,Nova Aurora\/PR,Nova Santa Rosa\/PR,Ouro Verde do Oeste\/PR,Palotina\/PR,Pato Bragado\/PR,Quatro Pontes\/PR,Santa Helena\/PR,Santa L\u00facia\/PR,Santa Tereza do Oeste\/PR,S\u00e3o Jos\u00e9 das Palmeiras\/PR,S\u00e3o Pedro do Igua\u00e7u\/PR,Terra Roxa\/PR, Toledo\/PR,Tr\u00eas Barras do Paran\u00e1\/PR,Tup\u00e3ssi\/PRVera Cruz do Oeste\/PR. NOSSO ENDERE\u00c7O:Rua Paran\u00e1, [&hellip;]<\/p>\n","protected":false},"author":1,"featured_media":0,"parent":38,"menu_order":0,"comment_status":"closed","ping_status":"closed","template":"","meta":[],"acf":[],"yoast_head":"<!-- This site is optimized with the Yoast SEO plugin v18.1 - https:\/\/yoast.com\/wordpress\/plugins\/seo\/ -->\n<title>Cidades Abrangentes - Regional Oeste<\/title>\n<meta name=\"robots\" content=\"noindex, follow, max-snippet:-1, max-image-preview:large, max-video-preview:-1\" \/>\n<meta property=\"og:locale\" content=\"pt_BR\" \/>\n<meta property=\"og:type\" content=\"article\" \/>\n<meta property=\"og:title\" content=\"Cidades Abrangentes - Regional Oeste\" \/>\n<meta property=\"og:description\" content=\"Cidades que a Regional Oeste representa: Anahy\/PR,Assis Chateaubriand\/PR,Boa Vista da Aparecida\/PR,Braganey\/PR,Cafel\u00e2ndia\/PR,Campo Bonito\/PR,&nbsp;Capit\u00e3o Le\u00f4nidas Marques\/PR,Cascavel\/PR,Catanduvas\/PR,C\u00e9u Azul\/PR,Corb\u00e9lia\/PR,Entre Rios do Oeste\/PR,Formosa do Oeste\/PR,Gua\u00edra\/PR, Ibema\/PR,Iguatu\/PR,Iracema do Oeste\/PR,Jesu\u00edtas\/PR,Lindoeste\/PR,Marechal C\u00e2ndido Rondon\/PR,Marip\u00e1\/PR,Mercedes\/PR,Nova Aurora\/PR,Nova Santa Rosa\/PR,Ouro Verde do Oeste\/PR,Palotina\/PR,Pato Bragado\/PR,Quatro Pontes\/PR,Santa Helena\/PR,Santa L\u00facia\/PR,Santa Tereza do Oeste\/PR,S\u00e3o Jos\u00e9 das Palmeiras\/PR,S\u00e3o Pedro do Igua\u00e7u\/PR,Terra Roxa\/PR, Toledo\/PR,Tr\u00eas Barras do Paran\u00e1\/PR,Tup\u00e3ssi\/PRVera Cruz do Oeste\/PR. NOSSO ENDERE\u00c7O:Rua Paran\u00e1, [&hellip;]\" \/>\n<meta property=\"og:url\" content=\"https:\/\/secovipr.com.br\/cascavel\/institucional\/sede-operacional\/\" \/>\n<meta property=\"og:site_name\" content=\"Regional Oeste\" \/>\n<meta property=\"article:modified_time\" content=\"2022-10-04T18:45:26+00:00\" \/>\n<meta property=\"og:image\" content=\"https:\/\/secovipr.com.br\/litoral\/wp-content\/uploads\/sites\/6\/2022\/01\/258_img.jpg\" \/>\n<meta name=\"twitter:card\" content=\"summary_large_image\" \/>\n<meta name=\"twitter:label1\" content=\"Est. tempo de leitura\" \/>\n\t<meta name=\"twitter:data1\" content=\"1 minuto\" \/>\n<script type=\"application\/ld+json\" class=\"yoast-schema-graph\">{\"@context\":\"https:\/\/schema.org\",\"@graph\":[{\"@type\":\"WebSite\",\"@id\":\"https:\/\/secovipr.com.br\/cascavel\/#website\",\"url\":\"https:\/\/secovipr.com.br\/cascavel\/\",\"name\":\"Regional Oeste\",\"description\":\"Sindicato da Habita\u00e7\u00e3o e Condom\u00ednios do Paran\u00e1\",\"potentialAction\":[{\"@type\":\"SearchAction\",\"target\":{\"@type\":\"EntryPoint\",\"urlTemplate\":\"https:\/\/secovipr.com.br\/cascavel\/?s={search_term_string}\"},\"query-input\":\"required name=search_term_string\"}],\"inLanguage\":\"pt-BR\"},{\"@type\":\"ImageObject\",\"@id\":\"https:\/\/secovipr.com.br\/cascavel\/institucional\/sede-operacional\/#primaryimage\",\"inLanguage\":\"pt-BR\",\"url\":\"https:\/\/secovipr.com.br\/litoral\/wp-content\/uploads\/sites\/6\/2022\/01\/258_img.jpg\",\"contentUrl\":\"https:\/\/secovipr.com.br\/litoral\/wp-content\/uploads\/sites\/6\/2022\/01\/258_img.jpg\"},{\"@type\":\"WebPage\",\"@id\":\"https:\/\/secovipr.com.br\/cascavel\/institucional\/sede-operacional\/#webpage\",\"url\":\"https:\/\/secovipr.com.br\/cascavel\/institucional\/sede-operacional\/\",\"name\":\"Cidades Abrangentes - Regional Oeste\",\"isPartOf\":{\"@id\":\"https:\/\/secovipr.com.br\/cascavel\/#website\"},\"primaryImageOfPage\":{\"@id\":\"https:\/\/secovipr.com.br\/cascavel\/institucional\/sede-operacional\/#primaryimage\"},\"datePublished\":\"2022-01-17T14:28:53+00:00\",\"dateModified\":\"2022-10-04T18:45:26+00:00\",\"breadcrumb\":{\"@id\":\"https:\/\/secovipr.com.br\/cascavel\/institucional\/sede-operacional\/#breadcrumb\"},\"inLanguage\":\"pt-BR\",\"potentialAction\":[{\"@type\":\"ReadAction\",\"target\":[\"https:\/\/secovipr.com.br\/cascavel\/institucional\/sede-operacional\/\"]}]},{\"@type\":\"BreadcrumbList\",\"@id\":\"https:\/\/secovipr.com.br\/cascavel\/institucional\/sede-operacional\/#breadcrumb\",\"itemListElement\":[{\"@type\":\"ListItem\",\"position\":1,\"name\":\"In\u00edcio\",\"item\":\"https:\/\/secovipr.com.br\/cascavel\/\"},{\"@type\":\"ListItem\",\"position\":2,\"name\":\"Institucional\",\"item\":\"https:\/\/secovipr.com.br\/cascavel\/institucional\/\"},{\"@type\":\"ListItem\",\"position\":3,\"name\":\"Cidades Abrangentes\"}]}]}<\/script>\n<!-- \/ Yoast SEO plugin. -->","yoast_head_json":{"title":"Cidades Abrangentes - Regional Oeste","robots":{"index":"noindex","follow":"follow","max-snippet":"max-snippet:-1","max-image-preview":"max-image-preview:large","max-video-preview":"max-video-preview:-1"},"og_locale":"pt_BR","og_type":"article","og_title":"Cidades Abrangentes - Regional Oeste","og_description":"Cidades que a Regional Oeste representa: Anahy\/PR,Assis Chateaubriand\/PR,Boa Vista da Aparecida\/PR,Braganey\/PR,Cafel\u00e2ndia\/PR,Campo Bonito\/PR,&nbsp;Capit\u00e3o Le\u00f4nidas Marques\/PR,Cascavel\/PR,Catanduvas\/PR,C\u00e9u Azul\/PR,Corb\u00e9lia\/PR,Entre Rios do Oeste\/PR,Formosa do Oeste\/PR,Gua\u00edra\/PR, Ibema\/PR,Iguatu\/PR,Iracema do Oeste\/PR,Jesu\u00edtas\/PR,Lindoeste\/PR,Marechal C\u00e2ndido Rondon\/PR,Marip\u00e1\/PR,Mercedes\/PR,Nova Aurora\/PR,Nova Santa Rosa\/PR,Ouro Verde do Oeste\/PR,Palotina\/PR,Pato Bragado\/PR,Quatro Pontes\/PR,Santa Helena\/PR,Santa L\u00facia\/PR,Santa Tereza do Oeste\/PR,S\u00e3o Jos\u00e9 das Palmeiras\/PR,S\u00e3o Pedro do Igua\u00e7u\/PR,Terra Roxa\/PR, Toledo\/PR,Tr\u00eas Barras do Paran\u00e1\/PR,Tup\u00e3ssi\/PRVera Cruz do Oeste\/PR. NOSSO ENDERE\u00c7O:Rua Paran\u00e1, [&hellip;]","og_url":"https:\/\/secovipr.com.br\/cascavel\/institucional\/sede-operacional\/","og_site_name":"Regional Oeste","article_modified_time":"2022-10-04T18:45:26+00:00","og_image":[{"url":"https:\/\/secovipr.com.br\/litoral\/wp-content\/uploads\/sites\/6\/2022\/01\/258_img.jpg"}],"twitter_card":"summary_large_image","twitter_misc":{"Est. tempo de leitura":"1 minuto"},"schema":{"@context":"https:\/\/schema.org","@graph":[{"@type":"WebSite","@id":"https:\/\/secovipr.com.br\/cascavel\/#website","url":"https:\/\/secovipr.com.br\/cascavel\/","name":"Regional Oeste","description":"Sindicato da Habita\u00e7\u00e3o e Condom\u00ednios do Paran\u00e1","potentialAction":[{"@type":"SearchAction","target":{"@type":"EntryPoint","urlTemplate":"https:\/\/secovipr.com.br\/cascavel\/?s={search_term_string}"},"query-input":"required name=search_term_string"}],"inLanguage":"pt-BR"},{"@type":"ImageObject","@id":"https:\/\/secovipr.com.br\/cascavel\/institucional\/sede-operacional\/#primaryimage","inLanguage":"pt-BR","url":"https:\/\/secovipr.com.br\/litoral\/wp-content\/uploads\/sites\/6\/2022\/01\/258_img.jpg","contentUrl":"https:\/\/secovipr.com.br\/litoral\/wp-content\/uploads\/sites\/6\/2022\/01\/258_img.jpg"},{"@type":"WebPage","@id":"https:\/\/secovipr.com.br\/cascavel\/institucional\/sede-operacional\/#webpage","url":"https:\/\/secovipr.com.br\/cascavel\/institucional\/sede-operacional\/","name":"Cidades Abrangentes - Regional Oeste","isPartOf":{"@id":"https:\/\/secovipr.com.br\/cascavel\/#website"},"primaryImageOfPage":{"@id":"https:\/\/secovipr.com.br\/cascavel\/institucional\/sede-operacional\/#primaryimage"},"datePublished":"2022-01-17T14:28:53+00:00","dateModified":"2022-10-04T18:45:26+00:00","breadcrumb":{"@id":"https:\/\/secovipr.com.br\/cascavel\/institucional\/sede-operacional\/#breadcrumb"},"inLanguage":"pt-BR","potentialAction":[{"@type":"ReadAction","target":["https:\/\/secovipr.com.br\/cascavel\/institucional\/sede-operacional\/"]}]},{"@type":"BreadcrumbList","@id":"https:\/\/secovipr.com.br\/cascavel\/institucional\/sede-operacional\/#breadcrumb","itemListElement":[{"@type":"ListItem","position":1,"name":"In\u00edcio","item":"https:\/\/secovipr.com.br\/cascavel\/"},{"@type":"ListItem","position":2,"name":"Institucional","item":"https:\/\/secovipr.com.br\/cascavel\/institucional\/"},{"@type":"ListItem","position":3,"name":"Cidades Abrangentes"}]}]}},"_links":{"self":[{"href":"https:\/\/secovipr.com.br\/cascavel\/wp-json\/wp\/v2\/pages\/171"}],"collection":[{"href":"https:\/\/secovipr.com.br\/cascavel\/wp-json\/wp\/v2\/pages"}],"about":[{"href":"https:\/\/secovipr.com.br\/cascavel\/wp-json\/wp\/v2\/types\/page"}],"author":[{"embeddable":true,"href":"https:\/\/secovipr.com.br\/cascavel\/wp-json\/wp\/v2\/users\/1"}],"replies":[{"embeddable":true,"href":"https:\/\/secovipr.com.br\/cascavel\/wp-json\/wp\/v2\/comments?post=171"}],"version-history":[{"count":6,"href":"https:\/\/secovipr.com.br\/cascavel\/wp-json\/wp\/v2\/pages\/171\/revisions"}],"predecessor-version":[{"id":428,"href":"https:\/\/secovipr.com.br\/cascavel\/wp-json\/wp\/v2\/pages\/171\/revisions\/428"}],"up":[{"embeddable":true,"href":"https:\/\/secovipr.com.br\/cascavel\/wp-json\/wp\/v2\/pages\/38"}],"wp:attachment":[{"href":"https:\/\/secovipr.com.br\/cascavel\/wp-json\/wp\/v2\/media?parent=171"}],"curies":[{"name":"wp","href":"https:\/\/api.w.org\/{rel}","templated":true}]}}