{"id":163,"date":"2022-01-17T10:54:03","date_gmt":"2022-01-17T13:54:03","guid":{"rendered":"https:\/\/secovipr.com.br\/litoral\/?page_id=163"},"modified":"2022-10-04T15:46:18","modified_gmt":"2022-10-04T18:46:18","slug":"diretoria-da-regional","status":"publish","type":"page","link":"https:\/\/secovipr.com.br\/cascavel\/institucional\/diretoria-da-regional\/","title":{"rendered":"Diretoria da regional"},"content":{"rendered":"\n<p class=\"has-text-align-center\"><strong>VICE-PRESIDENTE<\/strong><\/p>\n\n\n\n<p class=\"has-text-align-center\">FATIMA REGINA FERREIRA CANTO BOTELHO<\/p>\n\n\n\n<p class=\"has-text-align-center\"><strong>DIRETOR FINANCEIRO<\/strong><\/p>\n\n\n\n<p class=\"has-text-align-center\">S\u00c9RGIO SCHWIND<\/p>\n\n\n\n<p class=\"has-text-align-center\"><strong>DIRETORA DE LOCA\u00c7\u00c3O E ADMINISTRA\u00c7\u00c3O IMOBILI\u00c1RIA<\/strong><\/p>\n\n\n\n<p class=\"has-text-align-center\">NEUSA TERESA RUBERT<\/p>\n\n\n\n<p class=\"has-text-align-center\"><strong>DIRETOR DE RELA\u00c7\u00d5ES TRABALHISTAS E DE MERCADO<\/strong><\/p>\n\n\n\n<p class=\"has-text-align-center\">VICTOR DANIEL MORETTI<\/p>\n\n\n\n<p class=\"has-text-align-center\"><strong>DIRETORA DE CONDOM\u00cdNIOS<\/strong><\/p>\n\n\n\n<p class=\"has-text-align-center\">JANE ELIETE RODRIGUES DA ROSA LENZI<\/p>\n\n\n\n<p class=\"has-text-align-center\"><strong>DIRETORA DE DESENVOLVIMENTO URBANO<\/strong><\/p>\n\n\n\n<p class=\"has-text-align-center\">FERNANDA ALBERTI<\/p>\n\n\n\n<p class=\"has-text-align-center\"><strong>DIRETOR DE COMUNICA\u00c7\u00c3O, EVENTOS E MARKETING IMOBILI\u00c1RIO<\/strong><\/p>\n\n\n\n<p class=\"has-text-align-center\">LUIZ ANTONIO LANGER<\/p>\n\n\n\n<p class=\"has-text-align-center\"><strong>DIRETOR DE ADMINISTRA\u00c7\u00c3O DE CONDOM\u00cdNIOS<\/strong><\/p>\n\n\n\n<p class=\"has-text-align-center\">MARILEI MARIA GON\u00c7ALVEZ NUNES<\/p>\n","protected":false},"excerpt":{"rendered":"<p>VICE-PRESIDENTE FATIMA REGINA FERREIRA CANTO BOTELHO DIRETOR FINANCEIRO S\u00c9RGIO SCHWIND DIRETORA DE LOCA\u00c7\u00c3O E ADMINISTRA\u00c7\u00c3O IMOBILI\u00c1RIA NEUSA TERESA RUBERT DIRETOR DE RELA\u00c7\u00d5ES TRABALHISTAS E DE MERCADO VICTOR DANIEL MORETTI DIRETORA DE CONDOM\u00cdNIOS JANE ELIETE RODRIGUES DA ROSA LENZI DIRETORA DE DESENVOLVIMENTO URBANO FERNANDA ALBERTI DIRETOR DE COMUNICA\u00c7\u00c3O, EVENTOS E MARKETING IMOBILI\u00c1RIO LUIZ ANTONIO LANGER DIRETOR [&hellip;]<\/p>\n","protected":false},"author":1,"featured_media":0,"parent":38,"menu_order":0,"comment_status":"closed","ping_status":"closed","template":"","meta":[],"acf":[],"yoast_head":"<!-- This site is optimized with the Yoast SEO plugin v18.1 - https:\/\/yoast.com\/wordpress\/plugins\/seo\/ -->\n<title>Diretoria da regional - Regional Oeste<\/title>\n<meta name=\"robots\" content=\"noindex, follow, max-snippet:-1, max-image-preview:large, max-video-preview:-1\" \/>\n<meta property=\"og:locale\" content=\"pt_BR\" \/>\n<meta property=\"og:type\" content=\"article\" \/>\n<meta property=\"og:title\" content=\"Diretoria da regional - Regional Oeste\" \/>\n<meta property=\"og:description\" content=\"VICE-PRESIDENTE FATIMA REGINA FERREIRA CANTO BOTELHO DIRETOR FINANCEIRO S\u00c9RGIO SCHWIND DIRETORA DE LOCA\u00c7\u00c3O E ADMINISTRA\u00c7\u00c3O IMOBILI\u00c1RIA NEUSA TERESA RUBERT DIRETOR DE RELA\u00c7\u00d5ES TRABALHISTAS E DE MERCADO VICTOR DANIEL MORETTI DIRETORA DE CONDOM\u00cdNIOS JANE ELIETE RODRIGUES DA ROSA LENZI DIRETORA DE DESENVOLVIMENTO URBANO FERNANDA ALBERTI DIRETOR DE COMUNICA\u00c7\u00c3O, EVENTOS E MARKETING IMOBILI\u00c1RIO LUIZ ANTONIO LANGER DIRETOR [&hellip;]\" \/>\n<meta property=\"og:url\" content=\"https:\/\/secovipr.com.br\/cascavel\/institucional\/diretoria-da-regional\/\" \/>\n<meta property=\"og:site_name\" content=\"Regional Oeste\" \/>\n<meta property=\"article:modified_time\" content=\"2022-10-04T18:46:18+00:00\" \/>\n<meta name=\"twitter:card\" content=\"summary_large_image\" \/>\n<meta name=\"twitter:label1\" content=\"Est. tempo de leitura\" \/>\n\t<meta name=\"twitter:data1\" content=\"1 minuto\" \/>\n<script type=\"application\/ld+json\" class=\"yoast-schema-graph\">{\"@context\":\"https:\/\/schema.org\",\"@graph\":[{\"@type\":\"WebSite\",\"@id\":\"https:\/\/secovipr.com.br\/cascavel\/#website\",\"url\":\"https:\/\/secovipr.com.br\/cascavel\/\",\"name\":\"Regional Oeste\",\"description\":\"Sindicato da Habita\u00e7\u00e3o e Condom\u00ednios do Paran\u00e1\",\"potentialAction\":[{\"@type\":\"SearchAction\",\"target\":{\"@type\":\"EntryPoint\",\"urlTemplate\":\"https:\/\/secovipr.com.br\/cascavel\/?s={search_term_string}\"},\"query-input\":\"required name=search_term_string\"}],\"inLanguage\":\"pt-BR\"},{\"@type\":\"WebPage\",\"@id\":\"https:\/\/secovipr.com.br\/cascavel\/institucional\/diretoria-da-regional\/#webpage\",\"url\":\"https:\/\/secovipr.com.br\/cascavel\/institucional\/diretoria-da-regional\/\",\"name\":\"Diretoria da regional - Regional Oeste\",\"isPartOf\":{\"@id\":\"https:\/\/secovipr.com.br\/cascavel\/#website\"},\"datePublished\":\"2022-01-17T13:54:03+00:00\",\"dateModified\":\"2022-10-04T18:46:18+00:00\",\"breadcrumb\":{\"@id\":\"https:\/\/secovipr.com.br\/cascavel\/institucional\/diretoria-da-regional\/#breadcrumb\"},\"inLanguage\":\"pt-BR\",\"potentialAction\":[{\"@type\":\"ReadAction\",\"target\":[\"https:\/\/secovipr.com.br\/cascavel\/institucional\/diretoria-da-regional\/\"]}]},{\"@type\":\"BreadcrumbList\",\"@id\":\"https:\/\/secovipr.com.br\/cascavel\/institucional\/diretoria-da-regional\/#breadcrumb\",\"itemListElement\":[{\"@type\":\"ListItem\",\"position\":1,\"name\":\"In\u00edcio\",\"item\":\"https:\/\/secovipr.com.br\/cascavel\/\"},{\"@type\":\"ListItem\",\"position\":2,\"name\":\"Institucional\",\"item\":\"https:\/\/secovipr.com.br\/cascavel\/institucional\/\"},{\"@type\":\"ListItem\",\"position\":3,\"name\":\"Diretoria da regional\"}]}]}<\/script>\n<!-- \/ Yoast SEO plugin. -->","yoast_head_json":{"title":"Diretoria da regional - Regional Oeste","robots":{"index":"noindex","follow":"follow","max-snippet":"max-snippet:-1","max-image-preview":"max-image-preview:large","max-video-preview":"max-video-preview:-1"},"og_locale":"pt_BR","og_type":"article","og_title":"Diretoria da regional - Regional Oeste","og_description":"VICE-PRESIDENTE FATIMA REGINA FERREIRA CANTO BOTELHO DIRETOR FINANCEIRO S\u00c9RGIO SCHWIND DIRETORA DE LOCA\u00c7\u00c3O E ADMINISTRA\u00c7\u00c3O IMOBILI\u00c1RIA NEUSA TERESA RUBERT DIRETOR DE RELA\u00c7\u00d5ES TRABALHISTAS E DE MERCADO VICTOR DANIEL MORETTI DIRETORA DE CONDOM\u00cdNIOS JANE ELIETE RODRIGUES DA ROSA LENZI DIRETORA DE DESENVOLVIMENTO URBANO FERNANDA ALBERTI DIRETOR DE COMUNICA\u00c7\u00c3O, EVENTOS E MARKETING IMOBILI\u00c1RIO LUIZ ANTONIO LANGER DIRETOR [&hellip;]","og_url":"https:\/\/secovipr.com.br\/cascavel\/institucional\/diretoria-da-regional\/","og_site_name":"Regional Oeste","article_modified_time":"2022-10-04T18:46:18+00:00","twitter_card":"summary_large_image","twitter_misc":{"Est. tempo de leitura":"1 minuto"},"schema":{"@context":"https:\/\/schema.org","@graph":[{"@type":"WebSite","@id":"https:\/\/secovipr.com.br\/cascavel\/#website","url":"https:\/\/secovipr.com.br\/cascavel\/","name":"Regional Oeste","description":"Sindicato da Habita\u00e7\u00e3o e Condom\u00ednios do Paran\u00e1","potentialAction":[{"@type":"SearchAction","target":{"@type":"EntryPoint","urlTemplate":"https:\/\/secovipr.com.br\/cascavel\/?s={search_term_string}"},"query-input":"required name=search_term_string"}],"inLanguage":"pt-BR"},{"@type":"WebPage","@id":"https:\/\/secovipr.com.br\/cascavel\/institucional\/diretoria-da-regional\/#webpage","url":"https:\/\/secovipr.com.br\/cascavel\/institucional\/diretoria-da-regional\/","name":"Diretoria da regional - Regional Oeste","isPartOf":{"@id":"https:\/\/secovipr.com.br\/cascavel\/#website"},"datePublished":"2022-01-17T13:54:03+00:00","dateModified":"2022-10-04T18:46:18+00:00","breadcrumb":{"@id":"https:\/\/secovipr.com.br\/cascavel\/institucional\/diretoria-da-regional\/#breadcrumb"},"inLanguage":"pt-BR","potentialAction":[{"@type":"ReadAction","target":["https:\/\/secovipr.com.br\/cascavel\/institucional\/diretoria-da-regional\/"]}]},{"@type":"BreadcrumbList","@id":"https:\/\/secovipr.com.br\/cascavel\/institucional\/diretoria-da-regional\/#breadcrumb","itemListElement":[{"@type":"ListItem","position":1,"name":"In\u00edcio","item":"https:\/\/secovipr.com.br\/cascavel\/"},{"@type":"ListItem","position":2,"name":"Institucional","item":"https:\/\/secovipr.com.br\/cascavel\/institucional\/"},{"@type":"ListItem","position":3,"name":"Diretoria da regional"}]}]}},"_links":{"self":[{"href":"https:\/\/secovipr.com.br\/cascavel\/wp-json\/wp\/v2\/pages\/163"}],"collection":[{"href":"https:\/\/secovipr.com.br\/cascavel\/wp-json\/wp\/v2\/pages"}],"about":[{"href":"https:\/\/secovipr.com.br\/cascavel\/wp-json\/wp\/v2\/types\/page"}],"author":[{"embeddable":true,"href":"https:\/\/secovipr.com.br\/cascavel\/wp-json\/wp\/v2\/users\/1"}],"replies":[{"embeddable":true,"href":"https:\/\/secovipr.com.br\/cascavel\/wp-json\/wp\/v2\/comments?post=163"}],"version-history":[{"count":4,"href":"https:\/\/secovipr.com.br\/cascavel\/wp-json\/wp\/v2\/pages\/163\/revisions"}],"predecessor-version":[{"id":429,"href":"https:\/\/secovipr.com.br\/cascavel\/wp-json\/wp\/v2\/pages\/163\/revisions\/429"}],"up":[{"embeddable":true,"href":"https:\/\/secovipr.com.br\/cascavel\/wp-json\/wp\/v2\/pages\/38"}],"wp:attachment":[{"href":"https:\/\/secovipr.com.br\/cascavel\/wp-json\/wp\/v2\/media?parent=163"}],"curies":[{"name":"wp","href":"https:\/\/api.w.org\/{rel}","templated":true}]}}